{"id":13,"date":"2024-11-27T13:58:49","date_gmt":"2024-11-27T12:58:49","guid":{"rendered":"https:\/\/web.infn.it\/BNCT\/?page_id=13"},"modified":"2025-04-02T12:25:16","modified_gmt":"2025-04-02T10:25:16","slug":"anthem","status":"publish","type":"page","link":"https:\/\/web.infn.it\/BNCT\/anthem\/","title":{"rendered":"PNC &#8211; PNRR &#8211; Anthem"},"content":{"rendered":"\n<div class=\"wp-block-buttons is-content-justification-center is-layout-flex wp-container-core-buttons-is-layout-a89b3969 wp-block-buttons-is-layout-flex\">\n<div class=\"wp-block-button has-custom-width wp-block-button__width-50 has-custom-font-size is-style-fill\" style=\"font-size:0.7rem\"><a class=\"wp-block-button__link has-contrast-2-color has-contrast-3-background-color has-text-color has-background has-link-color has-border-color has-contrast-2-border-color has-text-align-center wp-element-button\" href=\"https:\/\/web.infn.it\/BNCT\/pnc-pnrr-anthem-en\/\" style=\"border-width:1px\">English Version<\/a><\/div>\n<\/div>\n\n\n\n<p class=\"has-text-align-center\"><strong><strong>Anthem \u2013 AdvaNced Technology for Human centrEd Medicine \u00e8 un\u2019Iniziativa finanziata dal Ministero dell\u2019Universit\u00e0 e della Ricerca nell\u2019ambito del Piano Nazionale Complementare (PNC) al PNRR<\/strong> (<a href=\"https:\/\/fondazioneanthem.it\/\">https:\/\/fondazioneanthem.it\/<\/a>)<\/strong>&nbsp;<\/p>\n\n\n\n<p class=\"has-text-align-center\">Anthem, selezionato assieme ad altre tre Iniziative a seguito del bando di cui al Decreto Direttoriale n. 931 del 06-06-2022, ha una durata di 48 mesi, ha ricevuto un finanziamento pari a 123.477.500,47 \u20ac (D.D. n. 1983 del 9-12-2022) ed \u00e8 strutturato come una Fondazione che comprende 23 Enti Nazionali.&nbsp; ANTHEM ha l&#8217;obiettivo di colmare, con l\u2019ausilio di tecnologie e percorsi multidisciplinari e innovativi, il gap esistente nell\u2019assistenza sanitaria dei pazienti fragili e cronici all\u2019interno di specifici territori caratterizzati da patologie orfane di terapie. Si occupa dei seguenti ambiti di ricerca e sviluppo:&nbsp;&nbsp;<\/p>\n\n\n\n<p class=\"has-text-align-center\"><strong>Smart monitoring: Sviluppo di sensori e tecnologie nuove (o il miglioramento di quelle esistenti)<\/strong>\u202fper monitorare pazienti e soggetti fragili, assicurando la raccolta continua e in tempo reale di dati e la loro integrazione con sistemi di monitoraggio ambientale, allo scopo di ridurre la pressione sui centri ospedalieri e di ridurre il divario geografico.&nbsp;<\/p>\n\n\n\n<p class=\"has-text-align-center\"><strong>Prevenzione e diagnosi: Sviluppo di nuove tecnologie e metodologie di Intelligenza Artificiale (AI)<\/strong>\u202fcapaci di migliorare la diagnostica, rendendo le innovazioni scalabili verso il basso e pertanto esportabili in ogni area del paese, cos\u00ec da aumentare la capacit\u00e0 di prevenzione di tutta una serie di patologie, identificando precocemente i primi segni di peggioramento delle condizioni di salute.&nbsp;<\/p>\n\n\n\n<p class=\"has-text-align-center\"><strong>Trattamenti personalizzati: Miglioramento e aumento di percorsi di medicina personalizzata<\/strong>, prevedendo lo sviluppo di trattamenti avanzati per le patologie orfane di cura, come ad esempio alcuni tumori che, una volta diagnosticati, danno ancora una breve aspettativa di vita, o condizioni patologiche croniche, che siano calibrati sulle caratteristiche del paziente (status socio-economico, autonomia, sostegno familiare) e del territorio di residenza.&nbsp;<\/p>\n\n\n\n<p class=\"has-text-align-center\"><strong>Miglioramento tecnologico e trasferibilit\u00e0: Trasferibilit\u00e0 dei miglioramenti&nbsp; tecnologici<\/strong>\u202fconseguiti, assicurando ad esempio la protezione dei dati e la loro interoperabilit\u00e0 con piattaforme tecnologiche nuove o gi\u00e0 esistenti.&nbsp;<\/p>\n\n\n\n<p class=\"has-text-align-center\">Queste tematiche sono trattate all\u2019interno di 4 Spoke di progetto, facenti capo all\u2019Universit\u00e0 di Milano Bicocca che rappresenta l\u2019Hub per la gestione e il coordinamento dell\u2019iniziativa. Ogni Spoke organizza la propria attivit\u00e0 in Pilots con diversi obiettivi.&nbsp;<\/p>\n\n\n\n<p class=\"has-text-align-center\">L\u2019INFN partecipa allo Spoke 4 e la BNCT \u00e8 il topic del Pilot numero 9. L\u2019obiettivo \u00e8 la costruzione di una facility di ricerca e clinica per l\u2019applicazione della Boron Neutron Capture Therapy (BNCT) presso l\u2019Universit\u00e0 della Campania \u201cLuigi Vanvitelli\u201d. A questo progetto partecipano la Sezione di Pavia, i Laboratori Nazionali di Legnaro, i Laboratori Nazionali del Sud, la Sezione di Napoli, la Sezione di Torino. Inoltre ANTHEM ha emesso un Bando a Cascata, avente come tematica la produzione di dati radiobiologici in BNCT (e anche in FLASH Therapy, un altro topic dello Spoke 4), vinto da Universit\u00e0 di Pavia, Universit\u00e0 di Napoli Federico II e CNR-IBSBC. Il progetto si chiama <a href=\"https:\/\/web.infn.it\/BNCT\/it\/gioconda\/\" data-type=\"page\" data-id=\"342\">GIOCONDA<\/a>.&nbsp;<\/p>\n\n\n\n<p class=\"has-text-align-center\">La nuova infrastruttura BNCT si basa sulla tecnologia sviluppata dall&#8217;INFN per produrre un fascio di neutroni ad alto flusso da un acceleratore (RFQ, vedi Fig.1) in grado di generare un fascio di protoni da 5 MeV, 30 mA, accoppiato a un bersaglio di berillio e a un sistema di moderazione e collimazione neutronica (BSA). Questa tecnologia, interamente progettata e realizzata dall&#8217;INFN, sar\u00e0 il cuore di un centro che funger\u00e0 da hub per la ricerca sulla BNCT e per il trattamento dei tumori che hanno una scarsa risposta ad altre terapie come, ad esempio, il Glioblastoma Multiforme.&nbsp;<\/p>\n\n\n\n<p class=\"has-text-align-center\"><\/p>\n\n\n\n<figure class=\"wp-block-image aligncenter size-full has-custom-border\"><img loading=\"lazy\" decoding=\"async\" width=\"1600\" height=\"1200\" src=\"https:\/\/web.infn.it\/BNCT\/wp-content\/uploads\/2025\/01\/rfq-montato.jpg\" alt=\"\" class=\"has-border-color has-contrast-2-border-color wp-image-220\" srcset=\"https:\/\/web.infn.it\/BNCT\/wp-content\/uploads\/2025\/01\/rfq-montato.jpg 1600w, https:\/\/web.infn.it\/BNCT\/wp-content\/uploads\/2025\/01\/rfq-montato-1536x1152.jpg 1536w, https:\/\/web.infn.it\/BNCT\/wp-content\/uploads\/2025\/01\/rfq-montato-300x225.jpg 300w, https:\/\/web.infn.it\/BNCT\/wp-content\/uploads\/2025\/01\/rfq-montato-768x576.jpg 768w, https:\/\/web.infn.it\/BNCT\/wp-content\/uploads\/2025\/01\/rfq-montato-1024x768.jpg 1024w\" sizes=\"auto, (max-width: 1600px) 100vw, 1600px\" \/><\/figure>\n\n\n\n<p class=\"has-text-align-center\"><em>Figura 1: l\u2019acceleratore RFQ montato sul supporto presso i Laboratori nazionali di Legnaro<\/em><\/p>\n\n\n\n<p class=\"has-text-align-center\">L&#8217;Universit\u00e0 della Campania &#8220;L. Vanvitelli&#8221; cura la progettazione dell&#8217;edificio, che ospiter\u00e0 l&#8217;acceleratore e le sale di ricerca e trattamento, nonch\u00e9 i laboratori e le sale per la preparazione dei pazienti. Il progetto dell&#8217;edificio \u00e8 stato realizzato dalla societ\u00e0 Alcotec (<a href=\"https:\/\/alcotec.it\/\">https:\/\/alcotec.it\/<\/a>).&nbsp;&nbsp;<\/p>\n\n\n\n<p class=\"has-text-align-center\">La Figura 2 mostra il rendering del centro, inserito in un&#8217;area dove verranno costruite anche altre installazioni di interesse per la cittadinanza.&nbsp;<\/p>\n\n\n\n<figure class=\"wp-block-image aligncenter size-full has-custom-border\"><img loading=\"lazy\" decoding=\"async\" width=\"450\" height=\"282\" src=\"https:\/\/web.infn.it\/BNCT\/wp-content\/uploads\/2025\/03\/Picture-1.jpg\" alt=\"\" class=\"has-border-color has-contrast-2-border-color wp-image-573\" srcset=\"https:\/\/web.infn.it\/BNCT\/wp-content\/uploads\/2025\/03\/Picture-1.jpg 450w, https:\/\/web.infn.it\/BNCT\/wp-content\/uploads\/2025\/03\/Picture-1-300x188.jpg 300w\" sizes=\"auto, (max-width: 450px) 100vw, 450px\" \/><\/figure>\n\n\n\n<p class=\"has-text-align-center\"><em><em>Figura 2: rendering dell&#8217;installazione BNCT con altre strutture nell&#8217;area.<\/em><\/em><\/p>\n\n\n\n<p class=\"has-text-align-center\">La figura 3 mostra la mappa del centro, comprendente le aree tecniche (per l&#8217;acceleratore e i suoi apparati), la sala di irraggiamento per i pazienti, la sala per la ricerca, le aree per la preparazione dei pazienti, i laboratori e la sala che accoglie i pazienti nella fase di monitoraggio post-irraggiamento.<\/p>\n\n\n\n<figure class=\"wp-block-image aligncenter size-full has-custom-border\"><img loading=\"lazy\" decoding=\"async\" width=\"584\" height=\"280\" src=\"https:\/\/web.infn.it\/BNCT\/wp-content\/uploads\/2025\/03\/Picture-2.png\" alt=\"\" class=\"has-border-color has-contrast-2-border-color wp-image-574\" srcset=\"https:\/\/web.infn.it\/BNCT\/wp-content\/uploads\/2025\/03\/Picture-2.png 584w, https:\/\/web.infn.it\/BNCT\/wp-content\/uploads\/2025\/03\/Picture-2-300x144.png 300w\" sizes=\"auto, (max-width: 584px) 100vw, 584px\" \/><\/figure>\n\n\n\n<p class=\"has-text-align-center\"><em><em>Figura 3: Layout dell&#8217;impianto.<\/em><\/em><\/p>\n\n\n\n<p class=\"has-text-align-center\">La Figura 4 mostra il rendering 3D dell&#8217;edificio con l&#8217;acceleratore e i suoi apparati accessori.<\/p>\n\n\n\n<figure class=\"wp-block-image aligncenter size-full has-custom-border\"><img loading=\"lazy\" decoding=\"async\" width=\"852\" height=\"650\" src=\"https:\/\/web.infn.it\/BNCT\/wp-content\/uploads\/2025\/03\/Picture-3.png\" alt=\"\" class=\"has-border-color has-contrast-2-border-color wp-image-575\" srcset=\"https:\/\/web.infn.it\/BNCT\/wp-content\/uploads\/2025\/03\/Picture-3.png 852w, https:\/\/web.infn.it\/BNCT\/wp-content\/uploads\/2025\/03\/Picture-3-300x229.png 300w, https:\/\/web.infn.it\/BNCT\/wp-content\/uploads\/2025\/03\/Picture-3-768x586.png 768w\" sizes=\"auto, (max-width: 852px) 100vw, 852px\" \/><\/figure>\n\n\n\n<p class=\"has-text-align-center\"><em>Figura 4: Struttura 3D dell&#8217;impianto BNCT con la tecnologia installata<\/em><\/p>\n\n\n\n<p class=\"has-text-align-center\">Grazie alla lunga esperienza di ricerca BNCT svolta in Italia, e con diverse collaborazioni internazionali, l\u2019obiettivo \u00e8 quello di promuovere un\u2019innovazione globale in BNCT, integrando diversi aspetti che normalmente vengono affrontati separatamente. La visione \u00e8 quella di sfruttare in modo pi\u00f9 strutturato le conoscenze generate nella ricerca di base e nello sviluppo tecnologico. La BNCT \u00e8 un campo complesso, in cui l\u2019efficacia del trattamento dipende dall\u2019interazione tra vari fattori, tra cui la qualit\u00e0 fisica del fascio, la risposta radiobiologica del tessuto irraggiato e le specifiche del piano di trattamento.&nbsp;<\/p>\n\n\n\n<p class=\"has-text-align-center\">Particolare attenzione sar\u00e0 data all\u2019implementazione di metodi di dosimetria e microdosimetria pi\u00f9 raffinati, in grado di interpretare e prevedere i risultati clinici ottenuti in studi precedenti, e alla produzione di nuovi dati radiobiologici utili a comprendere meglio la relazione dose-effetto nella BNCT.&nbsp; Modelli e dati saranno integrati nel software di pianificazione del trattamento, che consentir\u00e0 una dosimetria pi\u00f9 personalizzata e precisa.L\u2019aspetto pi\u00f9 importante \u00e8 la volont\u00e0 di affrontare la preparazione degli studi clinici con una prospettiva olistica, integrando la tecnologia per il fascio di neutroni con modalit\u00e0 di valutazione del suo potenziale clinico basata su simulazione di trattamenti, gli studi radiobiologici con la dosimetria computazionale nei pazienti, l\u2019imaging della distribuzione del boro con la pianificazione del trattamento. Una vera innovazione in BNCT potr\u00e0 derivare solo dalla conoscenza prodotta attraverso la ricerca di base e un miglioramento significativo si otterr\u00e0 mettendo a sistema e applicando coerentemente le importanti informazioni acquisite finora, rappresentando un passo significativo verso una nuova realt\u00e0 clinica in Italia.<\/p>\n\n\n\n<p><\/p>\n","protected":false},"excerpt":{"rendered":"<p>Anthem \u2013 AdvaNced Technology for Human centrEd Medicine \u00e8 un\u2019Iniziativa finanziata dal Ministero dell\u2019Universit\u00e0 e della Ricerca nell\u2019ambito del Piano Nazionale Complementare (PNC) al PNRR (https:\/\/fondazioneanthem.it\/)&nbsp; Anthem, selezionato assieme ad altre tre Iniziative a seguito del bando di cui al Decreto Direttoriale n. 931 del 06-06-2022, ha una durata di 48 mesi, ha ricevuto un [&hellip;]<\/p>\n","protected":false},"author":2,"featured_media":102,"parent":0,"menu_order":0,"comment_status":"closed","ping_status":"closed","template":"","meta":{"footnotes":""},"class_list":["post-13","page","type-page","status-publish","has-post-thumbnail","hentry"],"_links":{"self":[{"href":"https:\/\/web.infn.it\/BNCT\/wp-json\/wp\/v2\/pages\/13","targetHints":{"allow":["GET"]}}],"collection":[{"href":"https:\/\/web.infn.it\/BNCT\/wp-json\/wp\/v2\/pages"}],"about":[{"href":"https:\/\/web.infn.it\/BNCT\/wp-json\/wp\/v2\/types\/page"}],"author":[{"embeddable":true,"href":"https:\/\/web.infn.it\/BNCT\/wp-json\/wp\/v2\/users\/2"}],"replies":[{"embeddable":true,"href":"https:\/\/web.infn.it\/BNCT\/wp-json\/wp\/v2\/comments?post=13"}],"version-history":[{"count":11,"href":"https:\/\/web.infn.it\/BNCT\/wp-json\/wp\/v2\/pages\/13\/revisions"}],"predecessor-version":[{"id":591,"href":"https:\/\/web.infn.it\/BNCT\/wp-json\/wp\/v2\/pages\/13\/revisions\/591"}],"wp:featuredmedia":[{"embeddable":true,"href":"https:\/\/web.infn.it\/BNCT\/wp-json\/wp\/v2\/media\/102"}],"wp:attachment":[{"href":"https:\/\/web.infn.it\/BNCT\/wp-json\/wp\/v2\/media?parent=13"}],"curies":[{"name":"wp","href":"https:\/\/api.w.org\/{rel}","templated":true}]}}