{"id":2,"date":"2024-11-27T15:24:26","date_gmt":"2024-11-27T14:24:26","guid":{"rendered":"https:\/\/web.infn.it\/BNCT\/?page_id=2"},"modified":"2025-01-08T18:38:32","modified_gmt":"2025-01-08T17:38:32","slug":"bnct","status":"publish","type":"page","link":"https:\/\/web.infn.it\/BNCT\/bnct\/","title":{"rendered":"Cos&#8217;\u00e8 la BNCT?"},"content":{"rendered":"\n<p class=\"has-text-align-center\">La Boron Neutron Capture Therapy (<strong>BNCT<\/strong>) \u00e8 una radioterapia che avviene in due fasi: la prima consiste nella somministrazione di un farmaco capace di accumulare sufficienti quantit\u00e0 di boro nel tumore, e la seconda nell\u2019irraggiamento del tumore con neutroni di bassa energia. Il boro, nel suo isotopo 10B, ha una sezione d\u2019urto di cattura neutronica molto alta, e ci\u00f2 significa che con probabilit\u00e0 molto alta un neutrone di bassa energia interagisce con l\u2019atomo di 10-Boro emettendo due particelle cariche (nucleo He e nucleo Li). Tali particelle perdono tutta la loro energia in una distanza confrontabile con un diametro cellulare, causando danni non riparabili al DNA della cellula in cui la cattura \u00e8 avvenuta. Il fatto che esistano farmaci in grado di concentrare 10-Boro nel tumore, con un rapporto di concentrazione tra 3 e 5 fra tumore e tessuti sani circostanti, e che il danno resti confinato nella cellula dove avviene la reazione, fa s\u00ec che la BNCT sia <strong>l\u2019unica radioterapia selettiva a livello cellulare<\/strong>. Il danno neutronico in presenza di basse concentrazioni di boro pu\u00f2 essere mantenuto sotto al livello di tolleranza per i tessuti sani, e al tempo stesso si pu\u00f2 somministrare una dose terapeutica al tumore, in presenza di alte concentrazioni di boro.&nbsp; Questa caratteristica rende <strong>la BNCT adatta anche al trattamento di metastasi<\/strong>, in quanto la selettivit\u00e0 terapeutica non \u00e8 dovuta al fascio di neutroni, ma alla micro-localizzazione del boro. Inoltre, la BNCT pu\u00f2 essere utilizzata nel caso di tumori posizionati vicino a tessuti molto radiosensibili, per patologie recidive che sono resistenti ad altre terapie, o per tumori che per loro natura non possono essere operati. Si tratta quindi di una opzione terapeutica che <strong>pu\u00f2 dare risposta a patologie che, con le terapie convenzionali, non possono pi\u00f9 essere trattate<\/strong>.&nbsp;<\/p>\n\n\n\n<p class=\"has-text-align-center\">La BNCT \u00e8 stata applicata in centri in cui era gi\u00e0 disponibile l\u2019unica sorgente di neutroni sufficientemente intensa per questa terapia: un reattore nucleare di ricerca. Tali installazioni sono state modificate per permettere l\u2019irraggiamento di pazienti, in sedute uniche della durata di circa un\u2019ora. Il Giappone \u00e8 leader mondiale dell\u2019applicazione della BNCT, insieme a Finlandia, Taiwan, Cina e Argentina. Molti altri Paesi hanno trattato pazienti (USA, Svezia, Repubblica Ceca, Germania-Olanda), spesso i <em>trials<\/em> clinici si sono interrotti a causa del <em>decommissioning<\/em> dei reattori utilizzati. Oggi la BNCT sta conoscendo una grande espansione grazie a <strong>una importante innovazione<\/strong>, che ha la potenzialit\u00e0 di promuovere questa terapia negli ospedali, dove era certamente impensabile installare un reattore nucleare. Infatti, <strong>oggi sono disponibili acceleratori lineari di protoni, capaci di fornire un fascio neutronico adeguato alla terapia<\/strong>, per reazione nucleare del protone su target di berillio o di litio. Si tratta di macchine semplici, compatte, accettabili socialmente e sostenibili dal punto di vista economico e autorizzativo, e concettualmente molto simili agli acceleratori gi\u00e0 presenti nei reparti di radioterapia convenzionale. La sfida tecnologica era costruire macchine in grado di accelerare protoni con correnti molto alte, dell\u2019ordine di almeno 10 mA. In Giappone la BNCT con acceleratori \u00e8 gi\u00e0 una terapia riconosciuta dal sistema sanitario nazionale. In Cina e Korea del Sud si stanno trattando pazienti in centri analoghi. In Finlandia si sta svolgendo il commissioning di un acceleratore per BNCT, e i primi trattamenti clinici sono previsti per il prossimo anno. Molti altri Paesi stanno investendo in ricerca e tecnologia per sviluppare acceleratori e progettare fasci per pazienti, in Italia ci saranno due centri BNCT che diventeranno operativi nei prossimi anni.&nbsp;<\/p>\n","protected":false},"excerpt":{"rendered":"<p>La Boron Neutron Capture Therapy (BNCT) \u00e8 una radioterapia che avviene in due fasi: la prima consiste nella somministrazione di un farmaco capace di accumulare sufficienti quantit\u00e0 di boro nel tumore, e la seconda nell\u2019irraggiamento del tumore con neutroni di bassa energia. Il boro, nel suo isotopo 10B, ha una sezione d\u2019urto di cattura neutronica [&hellip;]<\/p>\n","protected":false},"author":2,"featured_media":0,"parent":0,"menu_order":0,"comment_status":"closed","ping_status":"open","template":"","meta":{"footnotes":""},"class_list":["post-2","page","type-page","status-publish","hentry"],"_links":{"self":[{"href":"https:\/\/web.infn.it\/BNCT\/wp-json\/wp\/v2\/pages\/2","targetHints":{"allow":["GET"]}}],"collection":[{"href":"https:\/\/web.infn.it\/BNCT\/wp-json\/wp\/v2\/pages"}],"about":[{"href":"https:\/\/web.infn.it\/BNCT\/wp-json\/wp\/v2\/types\/page"}],"author":[{"embeddable":true,"href":"https:\/\/web.infn.it\/BNCT\/wp-json\/wp\/v2\/users\/2"}],"replies":[{"embeddable":true,"href":"https:\/\/web.infn.it\/BNCT\/wp-json\/wp\/v2\/comments?post=2"}],"version-history":[{"count":6,"href":"https:\/\/web.infn.it\/BNCT\/wp-json\/wp\/v2\/pages\/2\/revisions"}],"predecessor-version":[{"id":361,"href":"https:\/\/web.infn.it\/BNCT\/wp-json\/wp\/v2\/pages\/2\/revisions\/361"}],"wp:attachment":[{"href":"https:\/\/web.infn.it\/BNCT\/wp-json\/wp\/v2\/media?parent=2"}],"curies":[{"name":"wp","href":"https:\/\/api.w.org\/{rel}","templated":true}]}}