{"id":342,"date":"2025-01-08T18:15:23","date_gmt":"2025-01-08T17:15:23","guid":{"rendered":"https:\/\/web.infn.it\/BNCT\/?page_id=342"},"modified":"2025-01-08T18:15:23","modified_gmt":"2025-01-08T17:15:23","slug":"gioconda","status":"publish","type":"page","link":"https:\/\/web.infn.it\/BNCT\/gioconda\/","title":{"rendered":"Gioconda"},"content":{"rendered":"\n<p class=\"has-text-align-center\">GIOCONDA (<strong>Understanding the radiobiological effects of BNCT and FLASH therapy<\/strong>)<\/p>\n\n\n\n<p class=\"has-text-align-center\">Gioconda \u00e8 un progetto finanziato dal Bando a Cascata dello Spoke 4 del Progetto ANTHEM. Si prefigge di produrre nuovi dati radiobiologici per la traslazione della terapia FLASH e della BNCT alla clinica. Le tre Unit\u00e0 che participano sono Universit\u00e0 di Pavia (PI Silva Bortolussi), CNR-IBSBC di Cefal\u00f9 (Responsabile di unit\u00e0 Giorgio Russo) e Universit\u00e0 di napoli Federico II (Responsabile di Unit\u00e0 Lorenzo Manti). Per quanto riguarda la BNCT, nel progetto GIOCONDA si svilupperanno nuove sostanze borate basate su nanoparticelle e si caratterizzanno dal punto di vista radiobiologico, usando colture cellulari in 2D (<em>monolayer<\/em>) e strutture 3D (<em>sferoidi<\/em>). In questi modelli radiobiologici si studieranno la distribuzione e la concentrazione del boro a livello cellulare e subcellulare, implementando tecniche di misura avanzate basate sulla autoradiografia neutronica. Inoltre, utilizzando la facility di irraggiamento con neutroni termici del reattore TRIGA Mark II dell\u2019Universit\u00e0 di Pavia, studieremo la relazione dose-risposta biologica in queste colture cellulari e nei costrutti. Per perseguire questi obiettivi si acquisteranno nuovi strumenti, tra cui un microscopio motorizzato per acquisire le immagini della distribuzione del boro e per studiare con maggiore precisione il danno biologico prodotto dal campo misto di radiazione generato dalla BNCT, con particolare riguardo all\u2019effetto della diversa distribuzione del boro a livello subcellulare ottenuta con diversi carrier del boro. L\u2019Unit\u00e0 di ricerca di Napoli si concentrer\u00e0 sulla valutazione dei danni al DNA, la loro complessit\u00e0, persistenza,\u00a0 e la loro capacit\u00e0 di indurre apoptosi e stress ossidativo.\u00a0<\/p>\n","protected":false},"excerpt":{"rendered":"<p>GIOCONDA (Understanding the radiobiological effects of BNCT and FLASH therapy) Gioconda \u00e8 un progetto finanziato dal Bando a Cascata dello Spoke 4 del Progetto ANTHEM. Si prefigge di produrre nuovi dati radiobiologici per la traslazione della terapia FLASH e della BNCT alla clinica. Le tre Unit\u00e0 che participano sono Universit\u00e0 di Pavia (PI Silva Bortolussi), [&hellip;]<\/p>\n","protected":false},"author":2,"featured_media":103,"parent":0,"menu_order":0,"comment_status":"closed","ping_status":"closed","template":"","meta":{"footnotes":""},"class_list":["post-342","page","type-page","status-publish","has-post-thumbnail","hentry"],"_links":{"self":[{"href":"https:\/\/web.infn.it\/BNCT\/wp-json\/wp\/v2\/pages\/342","targetHints":{"allow":["GET"]}}],"collection":[{"href":"https:\/\/web.infn.it\/BNCT\/wp-json\/wp\/v2\/pages"}],"about":[{"href":"https:\/\/web.infn.it\/BNCT\/wp-json\/wp\/v2\/types\/page"}],"author":[{"embeddable":true,"href":"https:\/\/web.infn.it\/BNCT\/wp-json\/wp\/v2\/users\/2"}],"replies":[{"embeddable":true,"href":"https:\/\/web.infn.it\/BNCT\/wp-json\/wp\/v2\/comments?post=342"}],"version-history":[{"count":1,"href":"https:\/\/web.infn.it\/BNCT\/wp-json\/wp\/v2\/pages\/342\/revisions"}],"predecessor-version":[{"id":343,"href":"https:\/\/web.infn.it\/BNCT\/wp-json\/wp\/v2\/pages\/342\/revisions\/343"}],"wp:featuredmedia":[{"embeddable":true,"href":"https:\/\/web.infn.it\/BNCT\/wp-json\/wp\/v2\/media\/103"}],"wp:attachment":[{"href":"https:\/\/web.infn.it\/BNCT\/wp-json\/wp\/v2\/media?parent=342"}],"curies":[{"name":"wp","href":"https:\/\/api.w.org\/{rel}","templated":true}]}}