{"id":345,"date":"2025-01-08T18:22:42","date_gmt":"2025-01-08T17:22:42","guid":{"rendered":"https:\/\/web.infn.it\/BNCT\/?page_id=345"},"modified":"2025-01-08T18:22:42","modified_gmt":"2025-01-08T17:22:42","slug":"among_us","status":"publish","type":"page","link":"https:\/\/web.infn.it\/BNCT\/among_us\/","title":{"rendered":"AMONG_US"},"content":{"rendered":"\n<p class=\"has-text-align-center\">AMONG_US: Accelerators for Medicine: Optimizing Neutron Generation and USe for cancer.<\/p>\n\n\n\n<p class=\"has-text-align-center\">La collaborazione tra il nostro gruppo e il gruppo BNCT che lavora in Cina a Nanjing e Xiamen si \u00e8 consolidata nel secondo progetto finanziato dal Ministero degli Affari Esteri e della Cooperazione Internazionale (MAECI) per il triennio 2024-2026. Si tratta del progetto AMONG_US, acronimo che riassume il titolo: Accelerators for Medicine: Optimizing Neutron Generation and USe for cancer. AMONG_US \u00e8 un Progetto di grande Rilevanza nell\u2019ambito del programma esecutivo&nbsp;per la cooperazione scientifica e tecnologica bilaterale sottoscritto dal&nbsp;<strong>MAECI e dalla National Science Foundation of China (NSFC)<\/strong>&nbsp;.<\/p>\n\n\n\n<p class=\"has-text-align-center\">I partner sono INFN (dal lato Italiano, PI Valerio Vercesi), l\u2019ospedale Xiamen Humanity Hospital, la Nanjing University of Aeronautics and Astronautics e la Company NEUBORON Medtech (dal lato cinese, PI Janji Pan). Gli obiettivi sono consolidare metodi e individuare strategie per migliorare la BNCT con acceleratori. I due Partner usano per la BNCT diverse tecnologie per accelerare i protoni e per convertirli in fasci neutronici. L&#8217;INFN ha progettato e realizzato un acceleratore basato sulla tecnologia Radio Frequency Quadrupole (RFQ), che fornisce un&#8217;elevata corrente protonica (30 mA) e un elevato flusso di neutroni, sfruttando la reazione (p,n) su un target di berillio. In Cina, a Xiamen, \u00e8 gi\u00e0 in funzione un acceleratore elettrostatico di tipo tandem, accoppiato a un target di litio. Attraverso AMONG_US \u00e8 possibile confrontare diverse tecnologie e condividere le competenze dei due gruppi per raggiungere nuove conoscenze e promuovere l&#8217;innovazione. La possibilit\u00e0 di scambiare ricercatori e di trarre profitto dal know-how disponibile nel centro cinese dar\u00e0 impulso alla costruzione del centro ANTHEM in Italia, facilitando l&#8217;ottimizzazione della dinamica di fascio e il trasferimento delle conoscenze radiobiologiche nella pianificazione del trattamento. In sintesi AMONG-US mira a:<\/p>\n\n\n\n<p class=\"has-text-align-center\">1. Sviluppare parte della tecnologia necessaria alla generazione e all&#8217;ottimizzazione delle caratteristiche del fascio neutronico<\/p>\n\n\n\n<p class=\"has-text-align-center\">2. Approfondire la comprensione dell&#8217;effetto biologico dovuto al campo di radiazioni della BNCT<\/p>\n\n\n\n<p class=\"has-text-align-center\">3. Ottimizzare la somministrazione della dose ai pazienti utilizzando anche tecniche di AI<\/p>\n\n\n\n<p class=\"has-text-align-center\">La collaborazione ha organizzato diversi momenti di incontro e scambio, sia in Cina sia in Italia; in queste occasioni \u00e8 stato possibile anche fare il punto sui risultati della sperimentazione clinica che si sta svolgendo a Xiamen, con particolare interesse per i tumori del distretto testa-collo e per il glioblastoma multiforme. Inoltre, componenti del gruppo italiano si sono recati a Xiamen per periodi di ricerca condivisa, che riguardano diversi aspetti della BNCT. Innanzitutto, i partner cinesi hanno grande esperienza nella costruzione del Beam Shaping Assembly (BSA), il complesso di materiali che serve per collimare e moderare il fascio neutronico per ottenere le giuste caratteristiche spettrali e di intensit\u00e0. Grazie allo scambio di know-how, il gruppo italiano ha fatto dei passi avanti per la progettazione del BSA di ANTHEM. Dal punto di vista della radiobiologia, abbiamo avviato un piano di lavoro per produrre dati in vitro riguardo la relazione dose di radiazione \u2013 sopravvivenza cellulare con il fascio di Xiamen. Questi dati sono di grande importanza per esprimere la dose di radiazione assorbita in seguito a trattamento BNCT, in unit\u00e0 fotone-equivalente utilizzando adeguati modelli dosimetrici. La capacit\u00e0 di conoscere con precisione l\u2019effetto della BNCT in funzione della dose permette di migliorare il potere predittivo quando si stabilisce il piano di trattamento per il paziente e si calcola la distribuzione di dose nel tumore e nei tessuti sani circostanti. Migliorare questo aspetto \u00e8 di grande interesse per entrambi i gruppi di ricerca. La produzione di dati radiobiologici non pu\u00f2 prescindere da una precisa conoscenza della concentrazione di boro presente nelle cellule al momento dell\u2019irraggiamento. Il gruppo di Pavia \u00e8 esperto nell\u2019uso della tecnica di autoradiografia neutronica per l\u2019imaging della distribuzione e la misura della concentrazione del boro in campioni biologici. Questo \u00e8 stato un altro argomento affrontato durante una delle ultime visite al centro di Xiamen, che ha permesso di migliorare la tecnica usata in Cina e ottenere risultati robusti e riproducibili. Infine, nella visita di fine 2024, per la prima volta sono state compiute misure microdosimetriche in un fascio clinico di BNCT utilizzando i rivelatori prodotti dal gruppo ANTHEM di Legnaro.&nbsp;<\/p>\n\n\n\n<p class=\"has-text-align-center\"><img loading=\"lazy\" decoding=\"async\" width=\"468\" height=\"209\" src=\"blob:https:\/\/web.infn.it\/da9ce43d-9e27-47e6-9d9a-a40b884c6c36\" alt=\"A group of people posing for a photo\n\nDescription automatically generated\"><br>Foto: Foto di gruppo ufficiale del primo workshop AMONG_US<\/p>\n\n\n\n<p class=\"has-text-align-center\"><img loading=\"lazy\" decoding=\"async\" width=\"468\" height=\"211\" src=\"blob:https:\/\/web.infn.it\/de08f5a6-e4f3-48a2-bdcf-ee02a10fa2e1\" alt=\"A group of men standing in a room\n\nDescription automatically generated\"><br>foto: X. Tang, Y-H. Liu, Y. Mingang, Z. Hu e C. Geng di fronte al cuore del progetto BNCT dell\u2019INFN: l\u2019acceleratore RFQ&nbsp;<\/p>\n\n\n\n<figure class=\"wp-block-image size-full\"><img loading=\"lazy\" decoding=\"async\" width=\"624\" height=\"356\" src=\"https:\/\/web.infn.it\/BNCT\/wp-content\/uploads\/2025\/01\/amongus.png\" alt=\"\" class=\"wp-image-346\" srcset=\"https:\/\/web.infn.it\/BNCT\/wp-content\/uploads\/2025\/01\/amongus.png 624w, https:\/\/web.infn.it\/BNCT\/wp-content\/uploads\/2025\/01\/amongus-300x171.png 300w\" sizes=\"auto, (max-width: 624px) 100vw, 624px\" \/><\/figure>\n\n\n\n<p class=\"has-text-align-center\">Foto: la collaborazione AMONG_US in visita ai Laboratori Nazionali di Legnaro, Dicembre 2023<\/p>\n","protected":false},"excerpt":{"rendered":"<p>AMONG_US: Accelerators for Medicine: Optimizing Neutron Generation and USe for cancer. La collaborazione tra il nostro gruppo e il gruppo BNCT che lavora in Cina a Nanjing e Xiamen si \u00e8 consolidata nel secondo progetto finanziato dal Ministero degli Affari Esteri e della Cooperazione Internazionale (MAECI) per il triennio 2024-2026. Si tratta del progetto AMONG_US, [&hellip;]<\/p>\n","protected":false},"author":2,"featured_media":319,"parent":0,"menu_order":0,"comment_status":"closed","ping_status":"closed","template":"","meta":{"footnotes":""},"class_list":["post-345","page","type-page","status-publish","has-post-thumbnail","hentry"],"_links":{"self":[{"href":"https:\/\/web.infn.it\/BNCT\/wp-json\/wp\/v2\/pages\/345","targetHints":{"allow":["GET"]}}],"collection":[{"href":"https:\/\/web.infn.it\/BNCT\/wp-json\/wp\/v2\/pages"}],"about":[{"href":"https:\/\/web.infn.it\/BNCT\/wp-json\/wp\/v2\/types\/page"}],"author":[{"embeddable":true,"href":"https:\/\/web.infn.it\/BNCT\/wp-json\/wp\/v2\/users\/2"}],"replies":[{"embeddable":true,"href":"https:\/\/web.infn.it\/BNCT\/wp-json\/wp\/v2\/comments?post=345"}],"version-history":[{"count":2,"href":"https:\/\/web.infn.it\/BNCT\/wp-json\/wp\/v2\/pages\/345\/revisions"}],"predecessor-version":[{"id":349,"href":"https:\/\/web.infn.it\/BNCT\/wp-json\/wp\/v2\/pages\/345\/revisions\/349"}],"wp:featuredmedia":[{"embeddable":true,"href":"https:\/\/web.infn.it\/BNCT\/wp-json\/wp\/v2\/media\/319"}],"wp:attachment":[{"href":"https:\/\/web.infn.it\/BNCT\/wp-json\/wp\/v2\/media?parent=345"}],"curies":[{"name":"wp","href":"https:\/\/api.w.org\/{rel}","templated":true}]}}