{"id":522,"date":"2025-02-25T13:22:39","date_gmt":"2025-02-25T12:22:39","guid":{"rendered":"https:\/\/web.infn.it\/BNCT\/?page_id=522"},"modified":"2025-02-25T13:32:19","modified_gmt":"2025-02-25T12:32:19","slug":"transboro","status":"publish","type":"page","link":"https:\/\/web.infn.it\/BNCT\/transboro\/","title":{"rendered":"TRANSBORO"},"content":{"rendered":"\n<p class=\"has-text-align-center\">TRANSBORO &#8211; <em>Nuovi vettori di boro per la terapia a cattura neutronica<\/em> &#8211; \u00e8 un progetto finanziato nell\u2019ambito del Programma\u202fInterreg\u202fItalia-Svizzera 2021-2027 (ID 0200059).&nbsp; Il progetto \u00e8 partito a gennaio 2024, durer\u00e0 30 mesi e i partner sono: Universit\u00e0 del Piemonte Orientale (PI: Luigi Panza), Universit\u00e0 di Pavia (responsabile locale Silva Bortolussi) e le imprese svizzere <a href=\"https:\/\/www.exeris.com\/\">Exeris Bio SA<\/a> e <a href=\"https:\/\/brick42.com\/\">Brick42<\/a>.&nbsp;<\/p>\n\n\n\n<p class=\"has-text-align-center\">La\u202f<strong>Cooperazione territoriale europea (CTE) o Interreg<\/strong>\u202f\u00e8 uno degli strumenti previsti dall\u2019Unione europea per rafforzare la cooperazione tra regioni e paesi all\u2019interno dell\u2019Ue, oltre che tra questi e territori non appartenenti all&#8217;UE. In quanto parte della\u202f<strong>politica di coesione<\/strong>\u202fdell\u2019Unione, la CTE \u00e8 attuata essenzialmente attraverso il sostegno dei fondi Strutturali di investimento europei (fondi SIE). Il 2021-2027 \u00e8 il sesto periodo di programmazione Interreg (Interreg VI). Con un budget di circa 10 miliardi di euro dal bilancio dell\u2019Unione europea,\u202f100\u202fProgrammi Interreg\u202foperano attraverso le frontiere, sia all&#8217;interno che all&#8217;esterno dell&#8217;UE, contribuendo all&#8217;attuazione delle principali priorit\u00e0 della politica di coesione dell&#8217;Unione. La CTE \u00e8 cofinanziata dal\u202fFondo europeo di sviluppo regionale (FESR),\u202fdai\u202fcontributi nazionali\u202fversati dagli Stati aderenti ai singoli programmi e, ove applicabile, da\u202fstrumenti di finanziamento esterno dell&#8217;Unione.&nbsp;<\/p>\n\n\n\n<p class=\"has-text-align-center\">TRANSBORO si inserisce nell\u2019ambito di una&nbsp; collaborazione emergente tra enti italiani e ticinesi per lo sviluppo di nuovi approcci per il trattamento radiologico di malattie oncologiche per le quali le attuali terapie sono insoddisfacenti. L\u2019obiettivo generale del progetto riguarda lo sviluppo di nuovi vettori di boro per la BNCT seguendo due approcci: la formulazione di nanoparticelle borate usando componenti gi\u00e0 approvati per l\u2019uso clinico (in modo da ottenere una nuova formulazione e non una nuova entit\u00e0 chimica, facilitando cos\u00ec un eventuale iter autorizzativo) e la preparazione e valutazione di nuovi composti potenzialmente utilizzabili per questa terapia.&nbsp;&nbsp;<\/p>\n\n\n\n<p class=\"has-text-align-center\">TRANSBORO vanta la partecipazione di aziende che hanno dimostrato interesse per la BNCT, permettendo di implementare una collaborazione che vuole aprire la strada a pi\u00f9 estese cooperazioni transfrontaliere.&nbsp;<\/p>\n\n\n\n<p class=\"has-text-align-center\">Gli output saranno nuove formulazioni, a diverso TRL, che avranno dato risultati promettenti negli studi pre-clinici del progetto e che potranno essere proposti come mediatori della BNCT. La loro caratteristica dovr\u00e0 essere la capacit\u00e0 di trasportare selettivamente grandi quantit\u00e0 di boro nelle cellule tumorali, affinch\u00e9 l\u2019irraggiamento neutronico possa colpire il tumore con un sostanziale risparmio del tessuto sano e in un tempo il pi\u00f9 breve possibile.&nbsp;&nbsp;<\/p>\n\n\n\n<p class=\"has-text-align-center\">&nbsp;\u00c8&nbsp; infine da sottolineare l\u2019aspetto formativo. La tematica in oggetto \u00e8 fortemente inter- e multidisciplinare, permettendo la formazione di ricercatori in grado di padroneggiare competenze in campi diversi e di dialogare con specialisti di varie aree scientifiche.&nbsp;<\/p>\n\n\n\n<p class=\"has-text-align-center\">Le notizie rilevanti sul progetto TRANSBORO saranno pubblicate nel sito dedicato:&nbsp;<\/p>\n\n\n\n<p class=\"has-text-align-center\">Il 19 febbraio presso l\u2019Universit\u00e0 del Piemonte Orientale si \u00e8 svolto il kickoff meeting di TRANSBORO, in cui si sono presentati gli obiettivi, la collaborazione, il piano di comunicazione e si sono gettate le basi per il lavoro del progetto (foto di gruppo).\u00a0\u00a0<\/p>\n\n\n\n<figure class=\"wp-block-image size-large\"><img loading=\"lazy\" decoding=\"async\" width=\"1024\" height=\"576\" src=\"https:\/\/web.infn.it\/BNCT\/wp-content\/uploads\/2025\/02\/foto_gruppo_Transboro-1024x576.jpg\" alt=\"\" class=\"wp-image-523\" srcset=\"https:\/\/web.infn.it\/BNCT\/wp-content\/uploads\/2025\/02\/foto_gruppo_Transboro-1024x576.jpg 1024w, https:\/\/web.infn.it\/BNCT\/wp-content\/uploads\/2025\/02\/foto_gruppo_Transboro-1536x864.jpg 1536w, https:\/\/web.infn.it\/BNCT\/wp-content\/uploads\/2025\/02\/foto_gruppo_Transboro-300x169.jpg 300w, https:\/\/web.infn.it\/BNCT\/wp-content\/uploads\/2025\/02\/foto_gruppo_Transboro-768x432.jpg 768w, https:\/\/web.infn.it\/BNCT\/wp-content\/uploads\/2025\/02\/foto_gruppo_Transboro.jpg 1600w\" sizes=\"auto, (max-width: 1024px) 100vw, 1024px\" \/><\/figure>\n","protected":false},"excerpt":{"rendered":"<p>TRANSBORO &#8211; Nuovi vettori di boro per la terapia a cattura neutronica &#8211; \u00e8 un progetto finanziato nell\u2019ambito del Programma\u202fInterreg\u202fItalia-Svizzera 2021-2027 (ID 0200059).&nbsp; Il progetto \u00e8 partito a gennaio 2024, durer\u00e0 30 mesi e i partner sono: Universit\u00e0 del Piemonte Orientale (PI: Luigi Panza), Universit\u00e0 di Pavia (responsabile locale Silva Bortolussi) e le imprese svizzere [&hellip;]<\/p>\n","protected":false},"author":2,"featured_media":0,"parent":0,"menu_order":0,"comment_status":"closed","ping_status":"closed","template":"","meta":{"footnotes":""},"class_list":["post-522","page","type-page","status-publish","hentry"],"_links":{"self":[{"href":"https:\/\/web.infn.it\/BNCT\/wp-json\/wp\/v2\/pages\/522","targetHints":{"allow":["GET"]}}],"collection":[{"href":"https:\/\/web.infn.it\/BNCT\/wp-json\/wp\/v2\/pages"}],"about":[{"href":"https:\/\/web.infn.it\/BNCT\/wp-json\/wp\/v2\/types\/page"}],"author":[{"embeddable":true,"href":"https:\/\/web.infn.it\/BNCT\/wp-json\/wp\/v2\/users\/2"}],"replies":[{"embeddable":true,"href":"https:\/\/web.infn.it\/BNCT\/wp-json\/wp\/v2\/comments?post=522"}],"version-history":[{"count":2,"href":"https:\/\/web.infn.it\/BNCT\/wp-json\/wp\/v2\/pages\/522\/revisions"}],"predecessor-version":[{"id":534,"href":"https:\/\/web.infn.it\/BNCT\/wp-json\/wp\/v2\/pages\/522\/revisions\/534"}],"wp:attachment":[{"href":"https:\/\/web.infn.it\/BNCT\/wp-json\/wp\/v2\/media?parent=522"}],"curies":[{"name":"wp","href":"https:\/\/api.w.org\/{rel}","templated":true}]}}