{"id":529,"date":"2025-02-25T13:29:53","date_gmt":"2025-02-25T12:29:53","guid":{"rendered":"https:\/\/web.infn.it\/BNCT\/?page_id=529"},"modified":"2025-02-25T13:30:48","modified_gmt":"2025-02-25T12:30:48","slug":"cuia-conicet","status":"publish","type":"page","link":"https:\/\/web.infn.it\/BNCT\/cuia-conicet\/","title":{"rendered":"CUIA-CONICET"},"content":{"rendered":"\n<p class=\"has-text-align-center\">Il Consorzio Universitario Italiano per l\u2019Argentina (CUIA) insieme al Consejo Nacional de Ciencia y Tecnologia (CONICET Argentina) ha finanziato un progetto per la BNCT nel periodo 2023-2025. Il progetto \u00e8 dedicato all\u2019approfondimento delle tecniche di misura del boro nelle cellule usando diversi composti borati (Distribuci\u00f3n y concentraci\u00f3n intracelular de compuestos borrados para el estudio de la dosis-efecto en radioterapia con neutrones). Partecipano il gruppo BNCT di Pavia (PI Silva Bortolussi) e il gruppo di BNCT argentino (PI Agustina M. Portu). Le istituzioni coinvolte sono Universit\u00e0 di Pavia e INFN in Italia, CONICET e Comisi\u00f3n Nacional de Energ\u00eda At\u00f3mica (CNEA) in Argentina.&nbsp; Il progetto sostiene soprattutto la mobilit\u00e0 di ricercator* e dottorand* da Italia a Argentina e viceversa. Infatti, fra le altre, nei primi due anni di attivit\u00e0 il progetto ha coperto le spese di viaggio e soggiorno di Barbara Marcaccio. Barbara \u00e8 attualmente dottoranda in cotutela tra l\u2019Universit\u00e0 di Pavia e l\u2019Universidad Nacional San Mart\u00edn e sta svolgendo una attivit\u00e0 di ricerca per la tesi in cui la misura della concentrazione subcellulare di boro e lo studio delle implicazioni dosimetriche della sua distribuzione sono punti fondamentali.&nbsp;<\/p>\n","protected":false},"excerpt":{"rendered":"<p>Il Consorzio Universitario Italiano per l\u2019Argentina (CUIA) insieme al Consejo Nacional de Ciencia y Tecnologia (CONICET Argentina) ha finanziato un progetto per la BNCT nel periodo 2023-2025. Il progetto \u00e8 dedicato all\u2019approfondimento delle tecniche di misura del boro nelle cellule usando diversi composti borati (Distribuci\u00f3n y concentraci\u00f3n intracelular de compuestos borrados para el estudio de [&hellip;]<\/p>\n","protected":false},"author":2,"featured_media":0,"parent":0,"menu_order":0,"comment_status":"closed","ping_status":"closed","template":"","meta":{"footnotes":""},"class_list":["post-529","page","type-page","status-publish","hentry"],"_links":{"self":[{"href":"https:\/\/web.infn.it\/BNCT\/wp-json\/wp\/v2\/pages\/529","targetHints":{"allow":["GET"]}}],"collection":[{"href":"https:\/\/web.infn.it\/BNCT\/wp-json\/wp\/v2\/pages"}],"about":[{"href":"https:\/\/web.infn.it\/BNCT\/wp-json\/wp\/v2\/types\/page"}],"author":[{"embeddable":true,"href":"https:\/\/web.infn.it\/BNCT\/wp-json\/wp\/v2\/users\/2"}],"replies":[{"embeddable":true,"href":"https:\/\/web.infn.it\/BNCT\/wp-json\/wp\/v2\/comments?post=529"}],"version-history":[{"count":2,"href":"https:\/\/web.infn.it\/BNCT\/wp-json\/wp\/v2\/pages\/529\/revisions"}],"predecessor-version":[{"id":533,"href":"https:\/\/web.infn.it\/BNCT\/wp-json\/wp\/v2\/pages\/529\/revisions\/533"}],"wp:attachment":[{"href":"https:\/\/web.infn.it\/BNCT\/wp-json\/wp\/v2\/media?parent=529"}],"curies":[{"name":"wp","href":"https:\/\/api.w.org\/{rel}","templated":true}]}}