{"id":36,"date":"2025-10-20T14:40:49","date_gmt":"2025-10-20T12:40:49","guid":{"rendered":"https:\/\/web.infn.it\/CUG-dev\/funzioni-propositive\/"},"modified":"2026-02-20T15:54:23","modified_gmt":"2026-02-20T14:54:23","slug":"funzioni-propositive","status":"publish","type":"page","link":"https:\/\/web.infn.it\/CUG\/funzioni-propositive\/","title":{"rendered":"funzioni propositive"},"content":{"rendered":"\t\t<div data-elementor-type=\"wp-page\" data-elementor-id=\"36\" class=\"elementor elementor-36\">\n\t\t\t\t<div class=\"elementor-element elementor-element-05c2db6 e-flex e-con-boxed e-con e-parent\" data-id=\"05c2db6\" data-element_type=\"container\" data-e-type=\"container\">\n\t\t\t\t\t<div class=\"e-con-inner\">\n\t\t\t\t<div class=\"elementor-element elementor-element-9670f20 elementor-widget elementor-widget-heading\" data-id=\"9670f20\" data-element_type=\"widget\" data-e-type=\"widget\" data-widget_type=\"heading.default\">\n\t\t\t\t\t<h2 class=\"elementor-heading-title elementor-size-default\">Funzioni propositive<\/h2>\t\t\t\t<\/div>\n\t\t\t\t\t<\/div>\n\t\t\t\t<\/div>\n\t\t<div class=\"elementor-element elementor-element-6cd3577 e-flex e-con-boxed e-con e-parent\" data-id=\"6cd3577\" data-element_type=\"container\" data-e-type=\"container\">\n\t\t\t\t\t<div class=\"e-con-inner\">\n\t\t\t\t<div class=\"elementor-element elementor-element-6504205 elementor-widget-divider--view-line elementor-widget elementor-widget-divider\" data-id=\"6504205\" data-element_type=\"widget\" data-e-type=\"widget\" data-widget_type=\"divider.default\">\n\t\t\t\t\t\t\t<div class=\"elementor-divider\">\n\t\t\t<span class=\"elementor-divider-separator\">\n\t\t\t\t\t\t<\/span>\n\t\t<\/div>\n\t\t\t\t\t\t<\/div>\n\t\t\t\t\t<\/div>\n\t\t\t\t<\/div>\n\t\t<div class=\"elementor-element elementor-element-9632a75 e-flex e-con-boxed e-con e-parent\" data-id=\"9632a75\" data-element_type=\"container\" data-e-type=\"container\">\n\t\t\t\t\t<div class=\"e-con-inner\">\n\t\t<div class=\"elementor-element elementor-element-bd01125 e-con-full e-flex e-con e-child\" data-id=\"bd01125\" data-element_type=\"container\" data-e-type=\"container\">\n\t\t\t\t<div class=\"elementor-element elementor-element-f6da799 elementor-widget elementor-widget-text-editor\" data-id=\"f6da799\" data-element_type=\"widget\" data-e-type=\"widget\" data-widget_type=\"text-editor.default\">\n\t\t\t\t\t\t\t\t\t<ul><li><a href=\"\/CUG\/monitoraggio\">Monitoraggio<\/a><\/li><li><strong>Funzioni propositive<\/strong><\/li><li><a href=\"\/CUG\/compiti.consultivi\">Compiti consultivi<\/a><\/li><li><a href=\"\/CUG\/attivita-di-verifica\">Attivit\u00e0 di verifica<\/a><\/li><li><a href=\"\/CUG\/formazione\">Formazione e eventi<\/a><\/li><li><a href=\"https:\/\/web.infn.it\/CUG\/partecipazione-a-commissioni\/\">Partecipazione a commissioni<\/a><\/li><li><a href=\"https:\/\/web.infn.it\/CUG\/presentazioni\/\">Presentazioni<\/a><\/li><\/ul>\t\t\t\t\t\t\t\t<\/div>\n\t\t\t\t<\/div>\n\t\t<div class=\"elementor-element elementor-element-f17cc90 e-con-full e-flex e-con e-child\" data-id=\"f17cc90\" data-element_type=\"container\" data-e-type=\"container\">\n\t\t\t\t<div class=\"elementor-element elementor-element-163c9bd elementor-widget elementor-widget-text-editor\" data-id=\"163c9bd\" data-element_type=\"widget\" data-e-type=\"widget\" data-widget_type=\"text-editor.default\">\n\t\t\t\t\t\t\t\t\t<p>I compiti propositivi del Comitato Unico di Garanzia riguardano principalmente la formulazione di proposte per migliorare il benessere organizzativo, promuovere le pari opportunit\u00e0 e prevenire discriminazioni e condotte lesive della dignit\u00e0 delle persone nei luoghi di lavoro. Per questo motivo nel\u00a02024 sono stati costituiti all\u2019interno del CUG dei Gruppi di Lavoro per elaborare bisogni emergenti dal personale e possibili azioni positive.<\/p><p>In particolare il CUG\u00a0ha compiti propositivi su:<\/p><h6><strong>Predisposizione di piani di azioni positive (PTAP)<\/strong><\/h6><p>per favorire l&#8217;uguaglianza sostanziale tra uomini e donne nel lavoro, promuovere politiche di conciliazione vita privata\/lavoro e diffondere la cultura delle pari opportunit\u00e0.\u00a0<\/p><h6><strong>Promozione di iniziative<\/strong><strong>\u00a0<\/strong><\/h6><p>volte ad attuare le direttive europee per l\u2019affermazione sul lavoro della pari dignit\u00e0 delle persone e per attuare politiche di conciliazione vita privata\/lavoro e diffondere la cultura delle pari opportunit\u00e0.\u00a0<\/p><h6><strong>Promozione di azioni, interventi e progetti <\/strong><\/h6><p>per favorire il rispetto della dignit\u00e0 della persona e le condizioni di benessere lavorativo: indagini di clima lavorativo, integrazione dei codici etici e di condotta, idonei a prevenire o rimuovere situazioni di discriminazioni o violenze sessuali, morali o psicologiche.<\/p><h6><strong>Proposte in materia di contrattazione integrativa<\/strong><\/h6><p>su temi che rientrano nelle competenze del CUG.\u00a0<\/p><h6><strong>Proposta di analisi e programmazione di genere (GEP)<\/strong><\/h6><p>per favorire una maggiore equit\u00e0.\u00a0<\/p><h6><strong>Collaborazione con la Consigliera di Fiducia<\/strong><\/h6><p>per promuovere la diffusione di conoscenze ed esperienze sulle pari opportunit\u00e0, nonch\u00e9 di altri elementi informativi, documentali, tecnici e statistici sui problemi della parit\u00e0 e delle pari opportunit\u00e0 e sulle soluzioni adottate da altre amministrazioni o enti<\/p>\t\t\t\t\t\t\t\t<\/div>\n\t\t\t\t<\/div>\n\t\t\t\t\t<\/div>\n\t\t\t\t<\/div>\n\t\t\t\t<\/div>\n\t\t","protected":false},"excerpt":{"rendered":"<p>Funzioni propositive Monitoraggio Funzioni propositive Compiti consultivi Attivit\u00e0 di verifica Formazione e eventi Partecipazione a commissioni Presentazioni I compiti propositivi [&hellip;]<\/p>\n","protected":false},"author":2,"featured_media":0,"parent":0,"menu_order":0,"comment_status":"closed","ping_status":"closed","template":"","meta":{"site-sidebar-layout":"no-sidebar","site-content-layout":"","ast-site-content-layout":"full-width-container","site-content-style":"default","site-sidebar-style":"default","ast-global-header-display":"","ast-banner-title-visibility":"","ast-main-header-display":"","ast-hfb-above-header-display":"","ast-hfb-below-header-display":"","ast-hfb-mobile-header-display":"","site-post-title":"disabled","ast-breadcrumbs-content":"","ast-featured-img":"disabled","footer-sml-layout":"","ast-disable-related-posts":"","theme-transparent-header-meta":"","adv-header-id-meta":"","stick-header-meta":"","header-above-stick-meta":"","header-main-stick-meta":"","header-below-stick-meta":"","astra-migrate-meta-layouts":"default","ast-page-background-enabled":"default","ast-page-background-meta":{"desktop":{"background-color":"var(--ast-global-color-5)","background-image":"","background-repeat":"repeat","background-position":"center center","background-size":"auto","background-attachment":"scroll","background-type":"","background-media":"","overlay-type":"","overlay-color":"","overlay-opacity":"","overlay-gradient":""},"tablet":{"background-color":"","background-image":"","background-repeat":"repeat","background-position":"center center","background-size":"auto","background-attachment":"scroll","background-type":"","background-media":"","overlay-type":"","overlay-color":"","overlay-opacity":"","overlay-gradient":""},"mobile":{"background-color":"","background-image":"","background-repeat":"repeat","background-position":"center center","background-size":"auto","background-attachment":"scroll","background-type":"","background-media":"","overlay-type":"","overlay-color":"","overlay-opacity":"","overlay-gradient":""}},"ast-content-background-meta":{"desktop":{"background-color":"var(--ast-global-color-4)","background-image":"","background-repeat":"repeat","background-position":"center center","background-size":"auto","background-attachment":"scroll","background-type":"","background-media":"","overlay-type":"","overlay-color":"","overlay-opacity":"","overlay-gradient":""},"tablet":{"background-color":"var(--ast-global-color-4)","background-image":"","background-repeat":"repeat","background-position":"center center","background-size":"auto","background-attachment":"scroll","background-type":"","background-media":"","overlay-type":"","overlay-color":"","overlay-opacity":"","overlay-gradient":""},"mobile":{"background-color":"var(--ast-global-color-4)","background-image":"","background-repeat":"repeat","background-position":"center center","background-size":"auto","background-attachment":"scroll","background-type":"","background-media":"","overlay-type":"","overlay-color":"","overlay-opacity":"","overlay-gradient":""}},"footnotes":""},"class_list":["post-36","page","type-page","status-publish","hentry"],"_links":{"self":[{"href":"https:\/\/web.infn.it\/CUG\/wp-json\/wp\/v2\/pages\/36","targetHints":{"allow":["GET"]}}],"collection":[{"href":"https:\/\/web.infn.it\/CUG\/wp-json\/wp\/v2\/pages"}],"about":[{"href":"https:\/\/web.infn.it\/CUG\/wp-json\/wp\/v2\/types\/page"}],"author":[{"embeddable":true,"href":"https:\/\/web.infn.it\/CUG\/wp-json\/wp\/v2\/users\/2"}],"replies":[{"embeddable":true,"href":"https:\/\/web.infn.it\/CUG\/wp-json\/wp\/v2\/comments?post=36"}],"version-history":[{"count":58,"href":"https:\/\/web.infn.it\/CUG\/wp-json\/wp\/v2\/pages\/36\/revisions"}],"predecessor-version":[{"id":2478,"href":"https:\/\/web.infn.it\/CUG\/wp-json\/wp\/v2\/pages\/36\/revisions\/2478"}],"wp:attachment":[{"href":"https:\/\/web.infn.it\/CUG\/wp-json\/wp\/v2\/media?parent=36"}],"curies":[{"name":"wp","href":"https:\/\/api.w.org\/{rel}","templated":true}]}}