{"id":534,"date":"2026-02-26T16:59:22","date_gmt":"2026-02-26T16:59:22","guid":{"rendered":"https:\/\/web.infn.it\/OCRA\/?page_id=534"},"modified":"2026-03-24T14:09:44","modified_gmt":"2026-03-24T14:09:44","slug":"glossario","status":"publish","type":"page","link":"https:\/\/web.infn.it\/OCRA\/approfondimenti-e-attivita-svolte\/in-laboratorio-con-noi\/raccolta-di-materiale-per-docenti\/glossario\/","title":{"rendered":"Glossario"},"content":{"rendered":"<h2>Angolo solido<span style=\"font-size: 16px;\">\u00a0<\/span><\/h2>\n<div class=\"entry-content\">A scuola impariamo che gli angoli si misurano in gradi sessagesimali (simbolo: \u00b0) e che l\u2019angolo giro \u00e8 di 360\u00b0. Nel tempo \u00e8 stata introdotta un\u2019altra unit\u00e0 di misura di angolo: il radiante (simbolo: rad), ossia il rapporto tra la lunghezza dell\u2019arco di circonferenza sotteso dall\u2019angolo in analisi e il raggio della circonferenza stessa. In questo modo, l\u2019angolo retto diventa di \u03c0\/2 radianti e l\u2019angolo giro di 2\u03c0 radianti.<br \/>\nFino ad adesso abbiamo sempre parlato di angoli nel piano. Quando si aggiunge la terza dimensione, le descrizioni rimangono analoghe. Prendiamo, anzich\u00e9 una circonferenza, una sfera. Non avr\u00e0 pi\u00f9 senso parlare di angolo piano, ma di angolo solido, ossia il rapporto tra una regione\u00a0appartenente alla\u00a0superficie di una\u00a0sfera e il\u00a0quadrato del suo\u00a0raggio.\u00a0Anzich\u00e9 un angolo,\u00a0si identifica un cono la cui apertura\u00a0angolare si misura in steradianti (simbolo:\u00a0sr).<br \/>\nNel nostro caso, l\u2019angolo solido \u00e8 utile per identificare i raggi cosmici che arrivano con direzioni interne al cono identificato dal nostro rivelatore, definita come apertura angolare del rivelatore.<\/div>\n<figure id=\"attachment_535\" aria-describedby=\"caption-attachment-535\" style=\"width: 1024px\" class=\"wp-caption alignnone\"><img data-dominant-color=\"f7f6f6\" data-has-transparency=\"false\" style=\"--dominant-color: #f7f6f6;\" loading=\"lazy\" decoding=\"async\" class=\"wp-image-535 size-large not-transparent\" src=\"https:\/\/web.infn.it\/OCRA\/wp-content\/uploads\/2026\/02\/angoli-1024x768.webp\" alt=\"\" width=\"1024\" height=\"768\" srcset=\"https:\/\/web.infn.it\/OCRA\/wp-content\/uploads\/2026\/02\/angoli-1024x768.webp 1024w, https:\/\/web.infn.it\/OCRA\/wp-content\/uploads\/2026\/02\/angoli-300x225.webp 300w, https:\/\/web.infn.it\/OCRA\/wp-content\/uploads\/2026\/02\/angoli-768x576.webp 768w, https:\/\/web.infn.it\/OCRA\/wp-content\/uploads\/2026\/02\/angoli-1440x1080.webp 1440w, https:\/\/web.infn.it\/OCRA\/wp-content\/uploads\/2026\/02\/angoli.webp 1500w\" sizes=\"auto, (max-width: 1024px) 100vw, 1024px\" \/><figcaption id=\"caption-attachment-535\" class=\"wp-caption-text\">Angolo piano, solido, figura con apertura angolare cono rivelatore<\/figcaption><\/figure>\n<p>&nbsp;<\/p>\n<hr \/>\n<h2>Energia (Joule ed elettronvolt)<\/h2>\n<p>La fisica dei raggi cosmici e delle particelle introduce una nuova unit\u00e0 di misura per le energie in gioco, l\u2019elettronvolt (simbolo: eV). Infatti, parlando del campo microscopico, un Joule di energia \u00e8 un valore enorme per il singolo corpuscolo. Basti pensare che un peso da 100 g delle vecchie bilance, lasciato inavvertitamente cadere dal ripiano della cucina (altezza di circa un metro), colpisce il pavimento con un\u2019energia di 1 Joule. L\u2019elettronvolt corrisponde a 1,602\u00a0 10<sup>-19<\/sup>\u00a0J. Per chi ha qualche nozione di elettromagnetismo: l\u2019elettronvolt \u00e8 definito come l\u2019energia posseduta da un elettrone (di carica elettrica 1,602\u00a0 10<sup>-19<\/sup>) accelerato da una differenza di potenziale di 1 Volt. Anche per questa nuova unit\u00e0 di misura valgono le regole di multipli e sottomultipli, ad esempio un\u2019energia di un GeV (giga-elettronvolt) sar\u00e0 un miliardo di elettronvolt (1 GeV = 10<sup>9<\/sup>\u00a0eV). Per avere un\u2019idea dell\u2019ordine di grandezza, immaginiamo che a cadere dal piano della cucina sia una pulce (con una massa di 0.2 milligrammi), ebbene, la sua energia risulterebbe dieci mila volte maggiore di 1 GeV, ossia la milionesima parte di 1 Joule (circa 10<sup>-6<\/sup>\u00a0Joule = 10 TeV = 10000 GeV).<br \/>\nNei raggi cosmici \u00e8 stata osservata l\u2019energia massima misurata per una singola particella, 10<sup>20<\/sup>\u00a0eV, corrispondente all\u2019energia cinetica di una palla da tennis lanciata da un grande campione come Feder o Nadal.<\/p>\n","protected":false},"excerpt":{"rendered":"<p>Angolo solido\u00a0 A scuola impariamo che gli angoli si misurano in gradi sessagesimali (simbolo: \u00b0) e che l\u2019angolo giro \u00e8 di 360\u00b0. Nel tempo \u00e8 stata introdotta un\u2019altra unit\u00e0 di misura di angolo: il radiante (simbolo: rad), ossia il rapporto tra la lunghezza dell\u2019arco di circonferenza sotteso dall\u2019angolo in analisi e il raggio della circonferenza<a class=\"excerpt-read-more\" href=\"https:\/\/web.infn.it\/OCRA\/approfondimenti-e-attivita-svolte\/in-laboratorio-con-noi\/raccolta-di-materiale-per-docenti\/glossario\/\" title=\"ReadGlossario\">&#8230; Read more &raquo;<\/a> [&#8230;]<\/p>\n<p><a class=\"btn btn-secondary amaranto-read-more-link\" href=\"https:\/\/web.infn.it\/OCRA\/approfondimenti-e-attivita-svolte\/in-laboratorio-con-noi\/raccolta-di-materiale-per-docenti\/glossario\/\">Leggi di pi\u00f9&#8230;<span class=\"screen-reader-text\"> from Glossario<\/span><\/a><\/p>\n","protected":false},"author":2,"featured_media":0,"parent":775,"menu_order":7,"comment_status":"closed","ping_status":"closed","template":"","meta":{"_acf_changed":false,"footnotes":""},"class_list":["post-534","page","type-page","status-publish","hentry"],"acf":[],"_links":{"self":[{"href":"https:\/\/web.infn.it\/OCRA\/wp-json\/wp\/v2\/pages\/534","targetHints":{"allow":["GET"]}}],"collection":[{"href":"https:\/\/web.infn.it\/OCRA\/wp-json\/wp\/v2\/pages"}],"about":[{"href":"https:\/\/web.infn.it\/OCRA\/wp-json\/wp\/v2\/types\/page"}],"author":[{"embeddable":true,"href":"https:\/\/web.infn.it\/OCRA\/wp-json\/wp\/v2\/users\/2"}],"replies":[{"embeddable":true,"href":"https:\/\/web.infn.it\/OCRA\/wp-json\/wp\/v2\/comments?post=534"}],"version-history":[{"count":3,"href":"https:\/\/web.infn.it\/OCRA\/wp-json\/wp\/v2\/pages\/534\/revisions"}],"predecessor-version":[{"id":558,"href":"https:\/\/web.infn.it\/OCRA\/wp-json\/wp\/v2\/pages\/534\/revisions\/558"}],"up":[{"embeddable":true,"href":"https:\/\/web.infn.it\/OCRA\/wp-json\/wp\/v2\/pages\/775"}],"wp:attachment":[{"href":"https:\/\/web.infn.it\/OCRA\/wp-json\/wp\/v2\/media?parent=534"}],"curies":[{"name":"wp","href":"https:\/\/api.w.org\/{rel}","templated":true}]}}