{"id":726,"date":"2026-03-23T10:27:32","date_gmt":"2026-03-23T10:27:32","guid":{"rendered":"https:\/\/web.infn.it\/OCRA\/?page_id=726"},"modified":"2026-03-23T10:30:50","modified_gmt":"2026-03-23T10:30:50","slug":"international-cosmic-day-2022","status":"publish","type":"page","link":"https:\/\/web.infn.it\/OCRA\/approfondimenti-e-attivita-svolte\/eventi-e-iniziative-passate\/linternational-cosmic-day-icd\/international-cosmic-day-2022\/","title":{"rendered":"International Cosmic Day 2022"},"content":{"rendered":"<div id=\"pg-829-1\" class=\"panel-grid panel-no-style\" data-style=\"{&quot;background_image_attachment&quot;:false,&quot;background_display&quot;:&quot;tile&quot;,&quot;cell_alignment&quot;:&quot;flex-start&quot;}\" data-ratio=\"1\" data-ratio-direction=\"right\">\n<div id=\"pgc-829-1-0\" class=\"panel-grid-cell\" data-weight=\"1\">\n<div id=\"panel-829-1-0-0\" class=\"so-panel widget widget_sow-editor panel-first-child panel-last-child\" data-index=\"1\" data-style=\"{&quot;background_image_attachment&quot;:false,&quot;background_display&quot;:&quot;tile&quot;}\">\n<div class=\"so-widget-sow-editor so-widget-sow-editor-base\">\n<div class=\"siteorigin-widget-tinymce textwidget\">\n<div id=\"pg-829-0\" class=\"panel-grid panel-no-style\" data-style=\"{&quot;background_image_attachment&quot;:false,&quot;background_display&quot;:&quot;tile&quot;,&quot;cell_alignment&quot;:&quot;flex-start&quot;}\">\n<div id=\"pgc-829-0-0\" class=\"panel-grid-cell\" data-weight=\"1\">\n<div id=\"panel-829-0-0-0\" class=\"so-panel widget widget_sow-editor panel-first-child panel-last-child\" data-index=\"0\" data-style=\"{&quot;background_image_attachment&quot;:false,&quot;background_display&quot;:&quot;tile&quot;}\">\n<div class=\"so-widget-sow-editor so-widget-sow-editor-base\">\n<div class=\"siteorigin-widget-tinymce textwidget\">\n<div id=\"pg-829-0\" class=\"panel-grid panel-no-style\" data-style=\"{&quot;background_image_attachment&quot;:false,&quot;background_display&quot;:&quot;tile&quot;,&quot;cell_alignment&quot;:&quot;flex-start&quot;}\">\n<div id=\"pgc-829-0-0\" class=\"panel-grid-cell\" data-weight=\"1\">\n<div id=\"panel-829-0-0-0\" class=\"so-panel widget widget_sow-editor panel-first-child panel-last-child\" data-index=\"0\" data-style=\"{&quot;background_image_attachment&quot;:false,&quot;background_display&quot;:&quot;tile&quot;}\">\n<div class=\"so-widget-sow-editor so-widget-sow-editor-base\">\n<div class=\"siteorigin-widget-tinymce textwidget\">\n<p>.<\/p>\n<div id=\"gallery-1\" class=\"gallery galleryid-1844 gallery-columns-3 gallery-size-thumbnail\">\n<p>Circa 1000 studenti e studentesse in presenza e circa 2000 online hanno partecipato all\u2019International Cosmic Day 2022 di OCRA.<\/p>\n<p>Gli incontri nelle universit\u00e0 e nei laboratori dell\u2019INFN sono stati organizzati quest\u2019anno dalle Sezioni INFN di Bari, Catania, Cosenza, Ferrara, Firenze, Genova, Lecce, Milano Bicocca, Napoli, Padova, Palermo, Pavia, Perugia, Pisa, Roma I, Roma Tor Vergata, Sassari, Siena, e Trieste, insieme al TIFPA di Trento e ai Laboratori Nazionali dell\u2019INFN di Frascati, Legnaro e del Gran Sasso in collaborazione con il GSSI Gran Sasso Science Institute. Inoltre, all\u2019evento dei LNGS e del GSSI \u00e8 stato possibile partecipare anche in modalit\u00e0 online, per permettere la partecipazione anche a scuole di tutta Italia che non hanno avuto la possibilit\u00e0 di recarsi in una delle sedi in cui si sono svolte le attivit\u00e0 in presenza.<\/p>\n<p>Che cosa sono le particelle cosmiche? Da dove provengono? Che messaggi portano? Come possiamo misurarle? Queste le domande a cui studenti e studentesse delle scuole superiori, in aule universitarie e laboratori di ricerca, hanno cercato di rispondere con esperimenti in prima persona in questa giornata dedicata ai raggi cosmici.<\/p>\n<p>Gli studenti italiani, come altri coetanei all\u2019estero, nel corso della giornata hanno analizzato i dati di un vero e proprio rivelatore di raggi cosmici, lo strumento con cui i ricercatori \u201cvedono\u201d la pioggia di particelle proveniente dal cosmo, i raggi cosmici. Successivamente \u00e8 stato chiesto agli studenti di realizzare un report in inglese sull\u2019esperienza e su quanto ottenuto dai dati che hanno misurato che \u00e8 stato pubblicato online insieme a quelli di studenti che in altre sedi hanno fatto le stesse misure.<\/p>\n<\/div>\n<p>&nbsp;<\/p>\n<\/div>\n<\/div>\n<\/div>\n<\/div>\n<\/div>\n<div id=\"pg-829-1\" class=\"panel-grid panel-no-style\" data-style=\"{&quot;background_image_attachment&quot;:false,&quot;background_display&quot;:&quot;tile&quot;,&quot;cell_alignment&quot;:&quot;flex-start&quot;}\" data-ratio=\"1\" data-ratio-direction=\"right\">\n<div id=\"pgc-829-1-0\" class=\"panel-grid-cell\" data-weight=\"1\">\n<div id=\"panel-829-1-0-0\" class=\"so-panel widget widget_sow-editor panel-first-child panel-last-child\" data-index=\"1\" data-style=\"{&quot;background_image_attachment&quot;:false,&quot;background_display&quot;:&quot;tile&quot;}\">\n<div class=\"so-widget-sow-editor so-widget-sow-editor-base\">\n<div class=\"siteorigin-widget-tinymce textwidget\">\n<h1><strong>Le scuole partecipanti\u00a0<\/strong><\/h1>\n<p><iframe loading=\"lazy\" src=\"https:\/\/www.google.com\/maps\/d\/embed?mid=1EeSinz8z3fLt8U--uz_cGURzPWSIGjU&amp;ehbc=2E312F\" width=\"100%\" height=\"480\" data-mce-fragment=\"1\"><\/iframe><\/p>\n<\/div>\n<\/div>\n<\/div>\n<\/div>\n<\/div>\n<div id=\"pg-829-2\" class=\"panel-grid panel-no-style\" data-style=\"{&quot;background_image_attachment&quot;:false,&quot;background_display&quot;:&quot;tile&quot;,&quot;cell_alignment&quot;:&quot;flex-start&quot;}\" data-ratio=\"1\" data-ratio-direction=\"right\">\n<div id=\"pgc-829-2-0\" class=\"panel-grid-cell\" data-weight=\"1\">\n<div id=\"panel-829-2-0-0\" class=\"so-panel widget widget_sow-editor panel-first-child panel-last-child\" data-index=\"2\" data-style=\"{&quot;background_image_attachment&quot;:false,&quot;background_display&quot;:&quot;tile&quot;}\">\n<div class=\"so-widget-sow-editor so-widget-sow-editor-base\">\n<dl class=\"gallery-item\">\n<dt class=\"gallery-icon landscape\"><a href=\"https:\/\/web.infn.it\/OCRA\/international-cosmic-day\/international-cosmic-day-2022\/img_6044_new\/\"><img loading=\"lazy\" decoding=\"async\" class=\"attachment-thumbnail size-thumbnail\" src=\"https:\/\/web.infn.it\/OCRA\/wp-content\/uploads\/2023\/07\/IMG_6044_new-150x150.png\" alt=\"ICD 2023 - Misure a Catania\" width=\"150\" height=\"150\" aria-describedby=\"gallery-1-1927\" \/><\/a><\/dt>\n<dd id=\"gallery-1-1927\" class=\"wp-caption-text gallery-caption\">Catania<\/dd>\n<\/dl>\n<dl class=\"gallery-item\">\n<dt class=\"gallery-icon landscape\"><a href=\"https:\/\/web.infn.it\/OCRA\/international-cosmic-day\/international-cosmic-day-2022\/img_6073-2\/\"><img loading=\"lazy\" decoding=\"async\" class=\"attachment-thumbnail size-thumbnail\" src=\"https:\/\/web.infn.it\/OCRA\/wp-content\/uploads\/2023\/07\/IMG_6073-150x150.png\" alt=\"Tre studentesse dell'ICD 2023 a Catania\" width=\"150\" height=\"150\" aria-describedby=\"gallery-1-1926\" \/><\/a><\/dt>\n<dd id=\"gallery-1-1926\" class=\"wp-caption-text gallery-caption\">Catania<\/dd>\n<\/dl>\n<dl class=\"gallery-item\">\n<dt class=\"gallery-icon landscape\"><a href=\"https:\/\/web.infn.it\/OCRA\/international-cosmic-day\/international-cosmic-day-2022\/dsc_0338\/\"><img loading=\"lazy\" decoding=\"async\" class=\"attachment-thumbnail size-thumbnail\" src=\"https:\/\/web.infn.it\/OCRA\/wp-content\/uploads\/2023\/07\/DSC_0338-150x150.jpg\" alt=\"Spiegazioni durante l'ICD 2023 di Lecce\" width=\"150\" height=\"150\" aria-describedby=\"gallery-1-1925\" \/><\/a><\/dt>\n<dd id=\"gallery-1-1925\" class=\"wp-caption-text gallery-caption\">Lecce<\/dd>\n<\/dl>\n<dl class=\"gallery-item\">\n<dt class=\"gallery-icon landscape\"><a href=\"https:\/\/web.infn.it\/OCRA\/international-cosmic-day\/international-cosmic-day-2022\/dsc_0340\/\"><img loading=\"lazy\" decoding=\"async\" class=\"attachment-thumbnail size-thumbnail\" src=\"https:\/\/web.infn.it\/OCRA\/wp-content\/uploads\/2023\/07\/DSC_0340-150x150.jpg\" alt=\"Descrizione del rivelatore usato durante l'ICD 2023 a Lecce\" width=\"150\" height=\"150\" aria-describedby=\"gallery-1-1924\" \/><\/a><\/dt>\n<dd id=\"gallery-1-1924\" class=\"wp-caption-text gallery-caption\">Lecce<\/dd>\n<\/dl>\n<dl class=\"gallery-item\">\n<dt class=\"gallery-icon landscape\"><a href=\"https:\/\/web.infn.it\/OCRA\/international-cosmic-day\/international-cosmic-day-2022\/lnl-icd-9\/\"><img loading=\"lazy\" decoding=\"async\" class=\"attachment-thumbnail size-thumbnail\" src=\"https:\/\/web.infn.it\/OCRA\/wp-content\/uploads\/2023\/07\/LNL-ICD-9-150x150.png\" alt=\"Studenti durante le misure dell'ICD di Padova e LNL\" width=\"150\" height=\"150\" aria-describedby=\"gallery-1-1923\" \/><\/a><\/dt>\n<dd id=\"gallery-1-1923\" class=\"wp-caption-text gallery-caption\">Padova-LNL<\/dd>\n<\/dl>\n<dl class=\"gallery-item\">\n<dt class=\"gallery-icon landscape\"><a href=\"https:\/\/web.infn.it\/OCRA\/international-cosmic-day\/international-cosmic-day-2022\/lnl-icd-10\/\"><img loading=\"lazy\" decoding=\"async\" class=\"attachment-thumbnail size-thumbnail\" src=\"https:\/\/web.infn.it\/OCRA\/wp-content\/uploads\/2023\/07\/LNL-ICD-10-150x150.png\" alt=\"Le lastre di scintillatore usate per il telescopio dei muoni a Padova e LNL\" width=\"150\" height=\"150\" aria-describedby=\"gallery-1-1922\" \/><\/a><\/dt>\n<dd id=\"gallery-1-1922\" class=\"wp-caption-text gallery-caption\">Padova-LNL<\/dd>\n<\/dl>\n<dl class=\"gallery-item\">\n<dt class=\"gallery-icon landscape\"><a href=\"https:\/\/web.infn.it\/OCRA\/international-cosmic-day\/international-cosmic-day-2022\/img_20221122_113342\/\"><img loading=\"lazy\" decoding=\"async\" class=\"attachment-thumbnail size-thumbnail\" src=\"https:\/\/web.infn.it\/OCRA\/wp-content\/uploads\/2023\/07\/IMG_20221122_113342-150x150.jpg\" alt=\"Il telescopio per muoni dell'ICD 2023 di Pavia\" width=\"150\" height=\"150\" aria-describedby=\"gallery-1-1921\" \/><\/a><\/dt>\n<dd id=\"gallery-1-1921\" class=\"wp-caption-text gallery-caption\">Pavia<\/dd>\n<\/dl>\n<dl class=\"gallery-item\">\n<dt class=\"gallery-icon landscape\"><a href=\"https:\/\/web.infn.it\/OCRA\/international-cosmic-day\/international-cosmic-day-2022\/btrhdr\/\"><img loading=\"lazy\" decoding=\"async\" class=\"attachment-thumbnail size-thumbnail\" src=\"https:\/\/web.infn.it\/OCRA\/wp-content\/uploads\/2023\/07\/IMG_20221122_142458-150x150.jpg\" alt=\"Introduzione alla tematica dei raggi cosmici durante l'ICD di Sassari\" width=\"150\" height=\"150\" aria-describedby=\"gallery-1-1919\" \/><\/a><\/dt>\n<dd id=\"gallery-1-1919\" class=\"wp-caption-text gallery-caption\">Sassari<\/dd>\n<\/dl>\n<\/div>\n<\/div>\n<\/div>\n<\/div>\n<\/div>\n<\/div>\n<\/div>\n<\/div>\n<\/div>\n<div id=\"pg-829-2\" class=\"panel-grid panel-no-style\" data-style=\"{&quot;background_image_attachment&quot;:false,&quot;background_display&quot;:&quot;tile&quot;,&quot;cell_alignment&quot;:&quot;flex-start&quot;}\" data-ratio=\"1\" data-ratio-direction=\"right\">\n<div id=\"pgc-829-2-0\" class=\"panel-grid-cell\" data-weight=\"1\">\n<div id=\"panel-829-2-0-0\" class=\"so-panel widget widget_sow-editor panel-first-child panel-last-child\" data-index=\"2\" data-style=\"{&quot;background_image_attachment&quot;:false,&quot;background_display&quot;:&quot;tile&quot;}\">\n<div class=\"so-widget-sow-editor so-widget-sow-editor-base\">\n<dl class=\"gallery-item\">\n<dt class=\"gallery-icon landscape\"><a href=\"https:\/\/web.infn.it\/OCRA\/international-cosmic-day\/international-cosmic-day-2022\/whatsapp-image-2022-11-22-at-23-55-22\/\"><img loading=\"lazy\" decoding=\"async\" class=\"attachment-thumbnail size-thumbnail\" src=\"https:\/\/web.infn.it\/OCRA\/wp-content\/uploads\/2023\/07\/WhatsApp-Image-2022-11-22-at-23.55.22-150x150.jpeg\" alt=\"Seminario introduttivo a Trento durante l'ICD 2023\" width=\"150\" height=\"150\" aria-describedby=\"gallery-1-1918\" \/><\/a><\/dt>\n<dd id=\"gallery-1-1918\" class=\"wp-caption-text gallery-caption\">Trento<\/dd>\n<\/dl>\n<\/div>\n<\/div>\n<\/div>\n<\/div>\n<p>&nbsp;<\/p>\n<\/div>\n<\/div>\n<\/div>\n<\/div>\n<\/div>\n","protected":false},"excerpt":{"rendered":"<p>. Circa 1000 studenti e studentesse in presenza e circa 2000 online hanno partecipato all\u2019International Cosmic Day 2022 di OCRA. Gli incontri nelle universit\u00e0 e nei laboratori dell\u2019INFN sono stati organizzati quest\u2019anno dalle Sezioni INFN di Bari, Catania, Cosenza, Ferrara, Firenze, Genova, Lecce, Milano Bicocca, Napoli, Padova, Palermo, Pavia, Perugia, Pisa, Roma I, Roma Tor<a class=\"excerpt-read-more\" href=\"https:\/\/web.infn.it\/OCRA\/approfondimenti-e-attivita-svolte\/eventi-e-iniziative-passate\/linternational-cosmic-day-icd\/international-cosmic-day-2022\/\" title=\"ReadInternational Cosmic Day 2022\">&#8230; Read more &raquo;<\/a> [&#8230;]<\/p>\n<p><a class=\"btn btn-secondary amaranto-read-more-link\" href=\"https:\/\/web.infn.it\/OCRA\/approfondimenti-e-attivita-svolte\/eventi-e-iniziative-passate\/linternational-cosmic-day-icd\/international-cosmic-day-2022\/\">Leggi di pi\u00f9&#8230;<span class=\"screen-reader-text\"> from International Cosmic Day 2022<\/span><\/a><\/p>\n","protected":false},"author":4,"featured_media":0,"parent":420,"menu_order":3,"comment_status":"closed","ping_status":"closed","template":"","meta":{"_acf_changed":false,"footnotes":""},"class_list":["post-726","page","type-page","status-publish","hentry"],"acf":[],"_links":{"self":[{"href":"https:\/\/web.infn.it\/OCRA\/wp-json\/wp\/v2\/pages\/726","targetHints":{"allow":["GET"]}}],"collection":[{"href":"https:\/\/web.infn.it\/OCRA\/wp-json\/wp\/v2\/pages"}],"about":[{"href":"https:\/\/web.infn.it\/OCRA\/wp-json\/wp\/v2\/types\/page"}],"author":[{"embeddable":true,"href":"https:\/\/web.infn.it\/OCRA\/wp-json\/wp\/v2\/users\/4"}],"replies":[{"embeddable":true,"href":"https:\/\/web.infn.it\/OCRA\/wp-json\/wp\/v2\/comments?post=726"}],"version-history":[{"count":3,"href":"https:\/\/web.infn.it\/OCRA\/wp-json\/wp\/v2\/pages\/726\/revisions"}],"predecessor-version":[{"id":730,"href":"https:\/\/web.infn.it\/OCRA\/wp-json\/wp\/v2\/pages\/726\/revisions\/730"}],"up":[{"embeddable":true,"href":"https:\/\/web.infn.it\/OCRA\/wp-json\/wp\/v2\/pages\/420"}],"wp:attachment":[{"href":"https:\/\/web.infn.it\/OCRA\/wp-json\/wp\/v2\/media?parent=726"}],"curies":[{"name":"wp","href":"https:\/\/api.w.org\/{rel}","templated":true}]}}