{"id":2074,"date":"2023-12-25T17:38:19","date_gmt":"2023-12-25T16:38:19","guid":{"rendered":"https:\/\/web.infn.it\/RadioLAB\/home\/"},"modified":"2024-01-02T12:00:15","modified_gmt":"2024-01-02T11:00:15","slug":"home","status":"publish","type":"page","link":"https:\/\/web.infn.it\/RadioLAB\/","title":{"rendered":"Home"},"content":{"rendered":"\n<h6 class=\"wp-block-heading\">IL PROGETTO RADIOLAB<\/h6>\n\n\n\n<div class=\"wp-block-columns is-layout-flex wp-container-core-columns-is-layout-28f84493 wp-block-columns-is-layout-flex\">\n<div class=\"wp-block-column is-layout-flow wp-block-column-is-layout-flow\">\n<div class=\"wp-block-columns is-layout-flex wp-container-core-columns-is-layout-28f84493 wp-block-columns-is-layout-flex\">\n<div class=\"wp-block-column is-layout-flow wp-block-column-is-layout-flow\">\n<h2 class=\"wp-block-heading has-text-align-left\"><mark style=\"background-color:rgba(0, 0, 0, 0);color:#ff8a00\" class=\"has-inline-color\">Chi siamo&#8230;<\/mark><\/h2>\n\n\n\n<p><\/p>\n<\/div>\n\n\n\n<div class=\"wp-block-column is-layout-flow wp-block-column-is-layout-flow\">\n<h2 class=\"wp-block-heading has-text-align-right\"><em><mark style=\"background-color:rgba(0, 0, 0, 0);color:#389fff\" class=\"has-inline-color\">e cosa facciamo<\/mark><\/em><\/h2>\n<\/div>\n<\/div>\n\n\n\n<p class=\"has-text-align-center has-medium-font-size\">Il progetto RADIOLAB si colloca nella attivit\u00e0 di terza missione dell\u2019INFN Istituto Nazionale di Fisica Nucleare.<\/p>\n\n\n\n<div style=\"height:30px\" aria-hidden=\"true\" class=\"wp-block-spacer\"><\/div>\n\n\n\n<p class=\"has-small-font-size\">Nasce con l\u2019obiettivo di fornire all\u2019INFN uno strumento da utilizzare a livello istituzionale per la comunicazione scientifica per quanto riguarda il tema della radioattivit\u00e0. Mira ad avvicinare le nuove generazioni e la popolazione a ci\u00f2 che attiene le radiazioni ionizzanti e alle sue ricadute sulla salute dell\u2019uomo. In esso comunicazione scientifica, didattica e ricerca scientifica si integrano mettendo in atto azioni di orientamento formativo mediante un processo che ricalca le fasi attraverso cui evolve un lavoro di ricerca. La modalit\u00e0 di attuazione porta altres\u00ec alla divulgazione degli argomenti legati alla radioattivit\u00e0 anche fuori dell\u2019ambiente scolastico. La consapevolezza della presenza di una radioattivit\u00e0 ambientale di origine naturale fa s\u00ec che gli studenti, i loro docenti e le loro famiglie prendano confidenza con queste tematiche. La loro partecipazione al progetto permette anche di condurre attivit\u00e0 di monitoring di radon indoor e di radionuclidi nell\u2019ambiente, sia di origine naturale che antropica.<\/p>\n<\/div>\n\n\n\n<div class=\"wp-block-column is-layout-flow wp-block-column-is-layout-flow\">\n<figure class=\"wp-block-image size-large\"><img loading=\"lazy\" decoding=\"async\" width=\"879\" height=\"1024\" src=\"https:\/\/web.infn.it\/RadioLAB\/wp-content\/uploads\/2023\/12\/dall_header-01-copia-879x1024.png\" alt=\"\" class=\"wp-image-2173\" srcset=\"https:\/\/web.infn.it\/RadioLAB\/wp-content\/uploads\/2023\/12\/dall_header-01-copia-879x1024.png 879w, https:\/\/web.infn.it\/RadioLAB\/wp-content\/uploads\/2023\/12\/dall_header-01-copia-257x300.png 257w, https:\/\/web.infn.it\/RadioLAB\/wp-content\/uploads\/2023\/12\/dall_header-01-copia-768x895.png 768w, https:\/\/web.infn.it\/RadioLAB\/wp-content\/uploads\/2023\/12\/dall_header-01-copia-1318x1536.png 1318w, https:\/\/web.infn.it\/RadioLAB\/wp-content\/uploads\/2023\/12\/dall_header-01-copia.png 1575w\" sizes=\"auto, (max-width: 879px) 100vw, 879px\" \/><\/figure>\n<\/div>\n<\/div>\n\n\n\n<div style=\"height:30px\" aria-hidden=\"true\" class=\"wp-block-spacer\"><\/div>\n\n\n\n<div id=\"wp-block-themeisle-blocks-button-group-8c6a379d\" class=\"wp-block-themeisle-blocks-button-group wp-block-buttons align-center-desktop\">\n<div id=\"wp-block-themeisle-blocks-button-dec5cd0d\" class=\"wp-block-themeisle-blocks-button wp-block-button\"><a href=\"https:\/\/web.infn.it\/RadioLAB\/il-progetto\/\" target=\"_blank\" rel=\"noopener noreferrer\" class=\"wp-block-button__link\"><span>SCOPRI DI PI\u00d9<\/span><\/a><\/div>\n<\/div>\n","protected":false},"excerpt":{"rendered":"<p>IL PROGETTO RADIOLAB Chi siamo&#8230; e cosa facciamo Il progetto RADIOLAB si colloca nella attivit\u00e0 di terza missione dell\u2019INFN Istituto Nazionale di Fisica Nucleare. Nasce con l\u2019obiettivo di fornire all\u2019INFN uno strumento da utilizzare a livello istituzionale per la comunicazione scientifica per quanto riguarda il tema della radioattivit\u00e0. Mira ad [&hellip;]<\/p>\n","protected":false},"author":3,"featured_media":2154,"parent":0,"menu_order":0,"comment_status":"closed","ping_status":"closed","template":"","meta":{"om_disable_all_campaigns":false,"_themeisle_gutenberg_block_has_review":false,"footnotes":""},"class_list":["post-2074","page","type-page","status-publish","has-post-thumbnail","hentry"],"_links":{"self":[{"href":"https:\/\/web.infn.it\/RadioLAB\/wp-json\/wp\/v2\/pages\/2074","targetHints":{"allow":["GET"]}}],"collection":[{"href":"https:\/\/web.infn.it\/RadioLAB\/wp-json\/wp\/v2\/pages"}],"about":[{"href":"https:\/\/web.infn.it\/RadioLAB\/wp-json\/wp\/v2\/types\/page"}],"author":[{"embeddable":true,"href":"https:\/\/web.infn.it\/RadioLAB\/wp-json\/wp\/v2\/users\/3"}],"replies":[{"embeddable":true,"href":"https:\/\/web.infn.it\/RadioLAB\/wp-json\/wp\/v2\/comments?post=2074"}],"version-history":[{"count":16,"href":"https:\/\/web.infn.it\/RadioLAB\/wp-json\/wp\/v2\/pages\/2074\/revisions"}],"predecessor-version":[{"id":2486,"href":"https:\/\/web.infn.it\/RadioLAB\/wp-json\/wp\/v2\/pages\/2074\/revisions\/2486"}],"wp:featuredmedia":[{"embeddable":true,"href":"https:\/\/web.infn.it\/RadioLAB\/wp-json\/wp\/v2\/media\/2154"}],"wp:attachment":[{"href":"https:\/\/web.infn.it\/RadioLAB\/wp-json\/wp\/v2\/media?parent=2074"}],"curies":[{"name":"wp","href":"https:\/\/api.w.org\/{rel}","templated":true}]}}