{"id":1172,"date":"2024-12-20T12:05:30","date_gmt":"2024-12-20T11:05:30","guid":{"rendered":"https:\/\/web.infn.it\/SSA\/?page_id=1172"},"modified":"2026-01-16T09:02:06","modified_gmt":"2026-01-16T08:02:06","slug":"mobility-management-car-sharing","status":"publish","type":"page","link":"https:\/\/web.infn.it\/SSA\/mobility-management-car-sharing\/","title":{"rendered":"Mobility Management &#8211; Car Sharing"},"content":{"rendered":"\n<p>Nell\u2019ambito delle attivit\u00e0 svolte dalla comunit\u00e0 dei Mobility Manager dell\u2019INFN, \u00e8 stata attivata una nuova Convenzione con ENILIVE per l\u2019utilizzo della flotta di Car Sharing ENJOY alla tariffa di noleggio scontata del 10% rispetto alle tariffe vigenti.<\/p>\n\n\n\n<p>Il car sharing \u00e8 un&nbsp;<strong>servizio pubblico a pagamento&nbsp;<\/strong>che consiste nell&#8217;utilizzo di un&#8217;automobile in condivisione con altre persone,  attraverso il quale la macchina e il tragitto si condividono con altri utenti. Il car sharing funziona cos\u00ec: si prenota con anticipo anche minimo, si sceglie e si preleva il veicolo in uno dei parcheggi preposti e infine si riconsegna nel medesimo posto.&nbsp;L&#8217;auto pu\u00f2 essere adoperata esclusivamente quando serve, pagando il corrispettivo per il tempo e il consumo effettivi. La prenotazione avviene&nbsp;tramite internet, tramite applicazione dello smartphone oppure presso una postazione.<\/p>\n\n\n\n<p>All&#8217;evidente vantaggio dal punto di vista ambientale, con una&nbsp;<strong>significativa diminuzione dell&#8217;inquinamento<\/strong>, il car sharing affianca anche una&nbsp;<strong>drastica diminuzione dei costi&nbsp;<\/strong>che derivano dalla propriet\u00e0 di un&#8217;auto, da quelli di manutenzione alle tasse;<\/p>\n\n\n\n<p>in secondo luogo,&nbsp;<strong>il car sharing permette spesso di usufruire di un mezzo efficiente<\/strong>, pulito e periodicamente controllato ogni volta che se ne presenti la necessit\u00e0, senza neppure l&#8217;onere di dover pagare il parcheggio, che in molte citt\u00e0 diventa sempre pi\u00f9 caro.<\/p>\n\n\n\n<p><br>Per usufruire della tariffa agevolata occorrer\u00e0 accedere all\u2019<a href=\"https:\/\/play.google.com\/store\/apps\/details?id=com.eni.enjoy&amp;hl=it&amp;pli=1\">app dedicata<\/a> secondo quanto indicato negli allegati \u201c<em>Come iscriversi al servizio Enjoy<\/em>\u201d e \u201c<em>Locandina Enjoy New_INFN<\/em>\u201d, dove viene specificato il codice della convenzione (<strong>CNV1713KIT<\/strong>).<\/p>\n\n\n\n<p><br>Le modalit\u00e0 di prenotazione sono descritte con abbondanza di dettagli negli allegati linkati qui di seguito.<br>La convenzione sar\u00e0 valida fino al <strong>31 dicembre 2026<\/strong>.<\/p>\n\n\n\n<p><\/p>\n\n\n\n<figure class=\"wp-block-table\"><table class=\"has-fixed-layout\"><tbody><tr><td><a href=\"https:\/\/docs.infn.it\/share\/s\/9Ujx5LLhTPaCSlglGm8-Zw\" data-type=\"link\" data-id=\"https:\/\/docs.infn.it\/share\/s\/9Ujx5LLhTPaCSlglGm8-Zw\" target=\"_blank\" rel=\"noreferrer noopener\">Locandina Enjoy New_INFN<\/a><\/td><\/tr><tr><td><a href=\"https:\/\/docs.infn.it\/share\/s\/6umbq8ToQQmubmWXRvV8aA\" data-type=\"link\" data-id=\"https:\/\/docs.infn.it\/share\/s\/6umbq8ToQQmubmWXRvV8aA\" target=\"_blank\" rel=\"noreferrer noopener\">Come iscriversi al servizio Enjoy<\/a><\/td><\/tr><tr><td><a href=\"https:\/\/docs.infn.it\/share\/s\/GRV61T0pQwyyaP5KESTZeg\" target=\"_blank\" rel=\"noreferrer noopener\">Come caricare il codice sconto<\/a><\/td><\/tr><tr><td><a href=\"https:\/\/docs.infn.it\/share\/s\/JMrkAkp7RIKqEYavrn3ZKA\" data-type=\"link\" data-id=\"https:\/\/docs.infn.it\/share\/s\/JMrkAkp7RIKqEYavrn3ZKA\" target=\"_blank\" rel=\"noreferrer noopener\">Come prenotare il veicolo con Car Delivery<\/a><\/td><\/tr><tr><td><a href=\"https:\/\/docs.infn.it\/share\/s\/5B4OqU8nQ0idqFkW-bbhSQ\" data-type=\"link\" data-id=\"https:\/\/docs.infn.it\/share\/s\/5B4OqU8nQ0idqFkW-bbhSQ\" target=\"_blank\" rel=\"noreferrer noopener\">Come prenotare il veicolo SENZA Car Delivery<\/a><\/td><\/tr><tr><td><a href=\"https:\/\/docs.infn.it\/share\/s\/EK2uRCNWRUOTc-gqZXwsPw\" target=\"_blank\" rel=\"noreferrer noopener\">Condizioni generali<\/a><\/td><\/tr><tr><td><a href=\"https:\/\/docs.infn.it\/share\/s\/4wYBwQAdR9i76AZyvC2HjQ\" target=\"_blank\" rel=\"noreferrer noopener\">Regolamento di car sharing<\/a><\/td><\/tr><tr><td><a href=\"https:\/\/docs.infn.it\/share\/s\/NhplCkEoTJW56AIQTu6lKg\" target=\"_blank\" rel=\"noreferrer noopener\">Presentazione Enjoy<\/a><\/td><\/tr><tr><td><a href=\"https:\/\/web.infn.it\/SSA\/referenti-del-sistema-di-mobility-management\/\">Sistema di gestione della mobilit\u00e0 INFN<\/a><\/td><\/tr><tr><td><a href=\"https:\/\/docs.infn.it\/share\/page\/site\/cnpisa\/folder-details?nodeRef=workspace:\/\/SpacesStore\/8912c986-1ed7-4ffe-9145-11b24bdb9058\" target=\"_blank\" rel=\"noreferrer noopener\">Circolare INFN sulla mobilit\u00e0 sostenibile e relativi allegati<\/a><\/td><\/tr><\/tbody><\/table><\/figure>\n\n\n\n<p><\/p>\n","protected":false},"excerpt":{"rendered":"<p>Nell\u2019ambito delle attivit\u00e0 svolte dalla comunit\u00e0 dei Mobility Manager dell\u2019INFN, \u00e8 stata attivata una nuova Convenzione con ENILIVE per l\u2019utilizzo della flotta di Car Sharing ENJOY alla tariffa di noleggio [&hellip;]<\/p>\n","protected":false},"author":2,"featured_media":0,"parent":0,"menu_order":0,"comment_status":"closed","ping_status":"closed","template":"","meta":{"site-sidebar-layout":"default","site-content-layout":"","ast-site-content-layout":"default","site-content-style":"default","site-sidebar-style":"default","ast-global-header-display":"","ast-banner-title-visibility":"","ast-main-header-display":"","ast-hfb-above-header-display":"","ast-hfb-below-header-display":"","ast-hfb-mobile-header-display":"","site-post-title":"","ast-breadcrumbs-content":"","ast-featured-img":"","footer-sml-layout":"","ast-disable-related-posts":"","theme-transparent-header-meta":"","adv-header-id-meta":"","stick-header-meta":"","header-above-stick-meta":"","header-main-stick-meta":"","header-below-stick-meta":"","astra-migrate-meta-layouts":"default","ast-page-background-enabled":"default","ast-page-background-meta":{"desktop":{"background-color":"var(--ast-global-color-5)","background-image":"","background-repeat":"repeat","background-position":"center center","background-size":"auto","background-attachment":"scroll","background-type":"","background-media":"","overlay-type":"","overlay-color":"","overlay-opacity":"","overlay-gradient":""},"tablet":{"background-color":"","background-image":"","background-repeat":"repeat","background-position":"center center","background-size":"auto","background-attachment":"scroll","background-type":"","background-media":"","overlay-type":"","overlay-color":"","overlay-opacity":"","overlay-gradient":""},"mobile":{"background-color":"","background-image":"","background-repeat":"repeat","background-position":"center center","background-size":"auto","background-attachment":"scroll","background-type":"","background-media":"","overlay-type":"","overlay-color":"","overlay-opacity":"","overlay-gradient":""}},"ast-content-background-meta":{"desktop":{"background-color":"var(--ast-global-color-4)","background-image":"","background-repeat":"repeat","background-position":"center center","background-size":"auto","background-attachment":"scroll","background-type":"","background-media":"","overlay-type":"","overlay-color":"","overlay-opacity":"","overlay-gradient":""},"tablet":{"background-color":"var(--ast-global-color-4)","background-image":"","background-repeat":"repeat","background-position":"center center","background-size":"auto","background-attachment":"scroll","background-type":"","background-media":"","overlay-type":"","overlay-color":"","overlay-opacity":"","overlay-gradient":""},"mobile":{"background-color":"var(--ast-global-color-4)","background-image":"","background-repeat":"repeat","background-position":"center center","background-size":"auto","background-attachment":"scroll","background-type":"","background-media":"","overlay-type":"","overlay-color":"","overlay-opacity":"","overlay-gradient":""}},"footnotes":""},"class_list":["post-1172","page","type-page","status-publish","hentry"],"_links":{"self":[{"href":"https:\/\/web.infn.it\/SSA\/wp-json\/wp\/v2\/pages\/1172","targetHints":{"allow":["GET"]}}],"collection":[{"href":"https:\/\/web.infn.it\/SSA\/wp-json\/wp\/v2\/pages"}],"about":[{"href":"https:\/\/web.infn.it\/SSA\/wp-json\/wp\/v2\/types\/page"}],"author":[{"embeddable":true,"href":"https:\/\/web.infn.it\/SSA\/wp-json\/wp\/v2\/users\/2"}],"replies":[{"embeddable":true,"href":"https:\/\/web.infn.it\/SSA\/wp-json\/wp\/v2\/comments?post=1172"}],"version-history":[{"count":6,"href":"https:\/\/web.infn.it\/SSA\/wp-json\/wp\/v2\/pages\/1172\/revisions"}],"predecessor-version":[{"id":1768,"href":"https:\/\/web.infn.it\/SSA\/wp-json\/wp\/v2\/pages\/1172\/revisions\/1768"}],"wp:attachment":[{"href":"https:\/\/web.infn.it\/SSA\/wp-json\/wp\/v2\/media?parent=1172"}],"curies":[{"name":"wp","href":"https:\/\/api.w.org\/{rel}","templated":true}]}}