{"id":529,"date":"2022-09-19T10:42:14","date_gmt":"2022-09-19T08:42:14","guid":{"rendered":"https:\/\/corsowp11.altervista.org\/?page_id=529"},"modified":"2022-09-19T10:42:14","modified_gmt":"2022-09-19T08:42:14","slug":"istruzioni-per-lutilizzo-dei-dpi-contro-il-covid-19","status":"publish","type":"page","link":"https:\/\/web.infn.it\/SSA\/istruzioni-per-lutilizzo-dei-dpi-contro-il-covid-19\/","title":{"rendered":"Istruzioni per l&#8217;utilizzo dei DPI contro il Covid 19"},"content":{"rendered":"<p><strong>ISTRUZIONI PER L&#8217;UTILIZZO\u00a0DEI DPI CONTRO COVID 19\u00a0<\/strong><\/p>\n<p>&nbsp;<\/p>\n<p>Sebbene le misure preventive per ridurre le probabilit\u00e0 di contagio in un luogo di lavoro da COVID-19 (Corona Virus Disease &#8211; anno 2019), siano analoghe a quelle adottate nei confronti della popolazione generale, si richiamano in questo documento indicazioni operative per l&#8217;adozione negli ambienti di lavoro di misure finalizzate al contrasto e al contenimento del COVID-19 tra cui le istruzioni sull&#8217;uso e lo smaltimento di mascherine e guanti<\/p>\n<blockquote>\n<blockquote><p>&nbsp;<\/p><\/blockquote>\n<\/blockquote>\n<p>&nbsp;<\/p>\n<p><strong>\u00a0COME SI INDOSSA CORRETTAMENTE UNA MASCHERINA<\/strong><\/p>\n<p>&nbsp;<\/p>\n<p>L&#8217;art. 16 del Decreto Legge 18\/2020 sancisce che per contenere il diffondersi del virus COVID-19, fino al termine dello stato di emergenza, sull&#8217;intero territorio nazionale, per i lavoratori che nello svolgimento della loro attivit\u00e0 sono oggettivamente impossibilitati a mantenere la distanza interpersonale di un metro, sono considerati dispositivi di protezione individuale (DPI), le mascherine chirurgiche reperibili in commercio.<br \/>\nLe mascherine chirurgiche, quando utilizzate in questo particolare contesto (attivit\u00e0 ad una distanza inferiore al metro da un altro lavoratore), sono da considerarsi monouso e\u00a0<strong>deve essere cambiata se diviene umida, si danneggia o si sporca<\/strong>.<br \/>\nPur tuttavia, visto il contesto psicologico\/emergenziale, \u00e8 comprensibile la richiesta del lavoratore ad essere comunque dotato di mascherina. In tal caso per\u00f2, considerato l&#8217;uso sporadico e il fatto che la mascherina non deve proteggere il collega a distanza inferiore a un metro, l&#8217;uso della mascherina avviene al di fuori dell&#8217;ambito previsto dalla norma, non sar\u00e0 necessario considerarla monouso e si presume possa essere utilizzata per 4\/8 ore o in alternativa pu\u00f2 essere usata una mascherina lavabile, lavata a cura del lavoratore.<\/p>\n<p>&nbsp;<\/p>\n<p><img fetchpriority=\"high\" decoding=\"async\" src=\"https:\/\/web.infn.it\/CNPISA\/images\/indos_masc.jpg\" alt=\"\" width=\"415\" height=\"311\" \/><\/p>\n<div>Indossare correttamente le\u00a0mascherine\u00a0\u00e8 essenziale per non renderle inutili. Dopo essersi lavati accuratamente le mani bisogna controllare che le mascherine siano integre. Quindi toglierle dalla confezione appoggiandola su una superficie pulita.<\/div>\n<p>A quel punto, verificato bene quale \u00e8 il lato che va messo a contatto con viso, la mascherina va presa per gli elastici (o le cordicelle) stando attenti a non toccare la parte anteriore, allacciandola dietro la nuca o dietro le orecchie. Ma sempre verificando che le mascherine siano perfettamente aderenti al viso e che non abbiano vistosi spazi aperti. Infine vanno lavate nuovamente le mani.<\/p>\n<p>&nbsp;<\/p>\n<p><img decoding=\"async\" src=\"https:\/\/web.infn.it\/CNPISA\/images\/togli_masc.jpg\" width=\"415\" height=\"311\" \/><\/p>\n<p>Le mascherine vanno tolte sempre prendendole dai lacci (senza toccare la parte anteriore). Poi vanno buttate nell\u2019indifferenziata e vanno lavate le mani.<\/p>\n<p>&nbsp;<\/p>\n<p><strong>ALCUNE CONSIDERAZIONI IMPORTANTI SULLE MASCHERINE<\/strong><\/p>\n<p>Nell\u2019utilizzare le mascherine vanno tenute in considerazioni alcune cose importanti:<\/p>\n<p>\u2013 La maggioranza delle mascherine in commercio non copre gli occhi, che \u2013 con bocca e naso \u2013 sono uno dei veicoli principali di contagio del Coronavirus;<\/p>\n<p>\u2013 Le mascherine (ma anche i guanti o i fazzolettini di carta) vanno smaltiti tra i rifiuti indifferenziati;\u00a0<strong>Si raccomanda di chiudere adeguatamente i sacchetti, utilizzando guanti monouso, senza comprimerli, utilizzando legacci o nastro adesivo prima di differirli negli appositi contenitori.\u00a0<\/strong><\/p>\n<p><a href=\"https:\/\/web.infn.it\/CNPISA\/Istruzioni%20per%20l'uso%20e%20il%20lavaggio%20delle%20mascherine%20chirurgiche%20lavabili\">Istruzioni per l&#8217;uso e il lavaggio delle mascherine chirurgiche lavabili<\/a><\/p>\n<p>&nbsp;<\/p>\n<p><a href=\"https:\/\/docs.infn.it\/share\/s\/j41hnh91TFyxr9BxsfNa5w\"><img decoding=\"async\" src=\"https:\/\/web.infn.it\/CNPISA\/images\/Miniature\/mascherina.jpg\" width=\"637\" height=\"272\" \/><\/a><\/p>\n<p>&nbsp;<\/p>\n<p><strong>\u00a0<\/strong><\/p>\n<p><strong>COME METTERE CORRETTAMENTE I GUANTI MONOUSO<\/strong><\/p>\n<p>I guanti monouso vanno tolti dalla confezione e poggiati su una superficie pulita (in alternativa pu\u00f2 bastare un fazzoletto di carta). Quindi va preso il primo guanto e indossato, stando attenti a non toccare la\u00a0parte interna mentre lo si indossa. Successivamente, con il guanto indossato, va preso e indossato sull\u2019altra mano il secondo guanto (sempre senza toccare l\u2019interno). Le immagini seguenti spiegano meglio come fare.<\/p>\n<p><strong>La regola di base \u00e8 che i guanti devono essere gettati dopo ogni utilizzo e comunque bisogna evitare il contatto con occhi, naso e bocca quando li si usa e di eventuali oggetti personali (cellulare, chiavi, telefono\u2026che potrebbero rimanere contagiati e diventare veicolo di successiva contaminazione).<\/strong><\/p>\n<p>&nbsp;<\/p>\n<p><strong><img loading=\"lazy\" decoding=\"async\" src=\"https:\/\/web.infn.it\/CNPISA\/images\/metti_guanti.jpg\" alt=\"\" width=\"518\" height=\"406\" \/><\/strong><\/p>\n<p>&nbsp;<\/p>\n<p>Una volta tolto il primo guanto, con la mano libera (e dunque non contaminata) bisogna togliere il secondo dall\u2019interno (stando attenti a non toccare la parte esterna). Successivamente \u00e8 opportuno lavare le mani (nella maniera corretta). Anche qui trovate di seguito un\u2019immagine su come fare (con note in inglese, ma bastano le immagini).<\/p>\n<p>&nbsp;<\/p>\n<p><img loading=\"lazy\" decoding=\"async\" src=\"https:\/\/web.infn.it\/CNPISA\/images\/togli_guanti.jpg\" alt=\"\" width=\"462\" height=\"738\" \/><\/p>\n<p>&nbsp;<\/p>\n<p><a href=\"https:\/\/docs.infn.it\/share\/s\/GsFih9BdTCCemG2sYtsoeg\"><img loading=\"lazy\" decoding=\"async\" src=\"https:\/\/web.infn.it\/CNPISA\/images\/Miniature\/guanti.jpg\" width=\"637\" height=\"272\" \/><\/a><\/p>\n<p>&nbsp;<\/p>\n<p><strong>COME LAVARSI CORRETTAMENTE LE MANI<\/strong><\/p>\n<p>Lavarsi correttamente e frequentemente la mani \u00e8 una delle armi principali che abbiamo contro il virus. Se si \u00e8 fuori casa pu\u00f2 essere utile avere con s\u00e8 un igienizzante idroalcolico: prodotti che consentono di lavarsi le mani senza acqua e senza doverle asciugare. Ma la\u00a0<strong>migliore pratica per evitare il Covid-19 rimane quella di lavarsi le mani con acqua e sapone.<\/strong>\u00a0Ovviamente rispettando le modalit\u00e0 consigliate, che trovate di seguito.<\/p>\n<p><img decoding=\"async\" src=\"https:\/\/web.infn.it\/CNPISA\/images\/lavamani.jpg\" alt=\"\" \/><\/p>\n<p>Per lavarsi correttamente le mani bisogna usare acqua e sapone in quantit\u00e0 adeguata, strofinando prima i palmi e i dorsi, incrociando le dita e intrecciandole, infine opponendo i palmi con le dita racchiuse. Senza dimenticare i pollici. L\u2019operazione deve durare 40-60 secondi. Niente di complicato: l\u2019immagine illustra meglio come fare.<\/p>\n<p>&nbsp;<\/p>\n<p><strong>ALCUNE UTILI\u00a0PRECAUZIONI<\/strong><\/p>\n<p><strong>Cliccando sul video sottostante<\/strong>\u00a0potrete vedere illustrati alcuni semplici accorgimenti da attuare in particolare sul posto di lavoro.<\/p>\n<p>Inoltre \u00e8 possibile consultare documenti e infografiche esplicative sugli argomenti trattati ai link indicati:<\/p>\n<p>INAIL:\u00a0<a href=\"https:\/\/www.inail.it\/cs\/internet\/comunicazione\/multimedia\/video-gallery\/videogallery-tutorial-conoscere-rischio.html\">https:\/\/www.inail.it\/cs\/internet\/comunicazione\/multimedia\/video-gallery\/videogallery-tutorial-conoscere-rischio.html<\/a><\/p>\n<p>Ministero della Sanit\u00e0:\u00a0<a href=\"http:\/\/www.salute.gov.it\/portale\/nuovocoronavirus\/archivioOpuscoliNuovoCoronavirus.jsp\">http:\/\/www.salute.gov.it\/portale\/nuovocoronavirus\/archivioOpuscoliNuovoCoronavirus.jsp<\/a><\/p>\n<p>&nbsp;<\/p>\n<p><a href=\"https:\/\/docs.infn.it\/share\/s\/1zfhNhC5QMiVVEXbqmlFlg\"><img loading=\"lazy\" decoding=\"async\" src=\"https:\/\/web.infn.it\/CNPISA\/images\/video_2.jpg\" width=\"637\" height=\"272\" \/><\/a><\/p>\n<p>&nbsp;<\/p>\n<p><strong>USO DEI DI DPI PER LE SQUADRE DI EMERGENZA<\/strong><\/p>\n<p>Al fine di evitare i rischi di contaminazione biologica negli interventi di primo soccorso, i GEPS saranno forniti anche di occhiali\/visiera di protezione<\/p>\n<p><img decoding=\"async\" src=\"https:\/\/web.infn.it\/CNPISA\/images\/occhiali.jpg\" alt=\"\" \/><\/p>\n<p><strong>I DPI vanno indossati SEMPRE quando si presta assistenza a una persona e in caso di possibile contatto con liquidi biologici (presenza di ferite o ustioni).\u00a0<\/strong><\/p>\n<p>&nbsp;<\/p>\n<p>Dopo aver igienizzato le mani, vanno indossati\u00a0con la seguente successione:<\/p>\n<ol>\n<li>mascherina<\/li>\n<li>occhiali di protezione<\/li>\n<li>guanti monouso<\/li>\n<\/ol>\n<p>e vanno tolti con la seguente successione:<\/p>\n<ol>\n<li>occhiali di protezione<\/li>\n<li>mascherina<\/li>\n<li>guanti monouso<\/li>\n<\/ol>\n<p>&nbsp;<\/p>\n<p>&nbsp;<\/p>\n<p><em>A cura di Roberto Assiro, Giancarlo De Carolis, Francesco Vernocchi, Carmen Mercuri<\/em><\/p>\n","protected":false},"excerpt":{"rendered":"<p>ISTRUZIONI PER L&#8217;UTILIZZO\u00a0DEI DPI CONTRO COVID 19\u00a0 &nbsp; Sebbene le misure preventive per ridurre le probabilit\u00e0 di contagio in un luogo di lavoro da COVID-19 (Corona Virus Disease &#8211; anno [&hellip;]<\/p>\n","protected":false},"author":1,"featured_media":0,"parent":0,"menu_order":0,"comment_status":"closed","ping_status":"closed","template":"","meta":{"site-sidebar-layout":"default","site-content-layout":"","ast-site-content-layout":"default","site-content-style":"default","site-sidebar-style":"default","ast-global-header-display":"","ast-banner-title-visibility":"","ast-main-header-display":"","ast-hfb-above-header-display":"","ast-hfb-below-header-display":"","ast-hfb-mobile-header-display":"","site-post-title":"","ast-breadcrumbs-content":"","ast-featured-img":"","footer-sml-layout":"","ast-disable-related-posts":"","theme-transparent-header-meta":"","adv-header-id-meta":"","stick-header-meta":"","header-above-stick-meta":"","header-main-stick-meta":"","header-below-stick-meta":"","astra-migrate-meta-layouts":"default","ast-page-background-enabled":"default","ast-page-background-meta":{"desktop":{"background-color":"var(--ast-global-color-5)","background-image":"","background-repeat":"repeat","background-position":"center center","background-size":"auto","background-attachment":"scroll","background-type":"","background-media":"","overlay-type":"","overlay-color":"","overlay-opacity":"","overlay-gradient":""},"tablet":{"background-color":"","background-image":"","background-repeat":"repeat","background-position":"center center","background-size":"auto","background-attachment":"scroll","background-type":"","background-media":"","overlay-type":"","overlay-color":"","overlay-opacity":"","overlay-gradient":""},"mobile":{"background-color":"","background-image":"","background-repeat":"repeat","background-position":"center center","background-size":"auto","background-attachment":"scroll","background-type":"","background-media":"","overlay-type":"","overlay-color":"","overlay-opacity":"","overlay-gradient":""}},"ast-content-background-meta":{"desktop":{"background-color":"var(--ast-global-color-4)","background-image":"","background-repeat":"repeat","background-position":"center center","background-size":"auto","background-attachment":"scroll","background-type":"","background-media":"","overlay-type":"","overlay-color":"","overlay-opacity":"","overlay-gradient":""},"tablet":{"background-color":"var(--ast-global-color-4)","background-image":"","background-repeat":"repeat","background-position":"center center","background-size":"auto","background-attachment":"scroll","background-type":"","background-media":"","overlay-type":"","overlay-color":"","overlay-opacity":"","overlay-gradient":""},"mobile":{"background-color":"var(--ast-global-color-4)","background-image":"","background-repeat":"repeat","background-position":"center center","background-size":"auto","background-attachment":"scroll","background-type":"","background-media":"","overlay-type":"","overlay-color":"","overlay-opacity":"","overlay-gradient":""}},"footnotes":""},"class_list":["post-529","page","type-page","status-publish","hentry"],"_links":{"self":[{"href":"https:\/\/web.infn.it\/SSA\/wp-json\/wp\/v2\/pages\/529","targetHints":{"allow":["GET"]}}],"collection":[{"href":"https:\/\/web.infn.it\/SSA\/wp-json\/wp\/v2\/pages"}],"about":[{"href":"https:\/\/web.infn.it\/SSA\/wp-json\/wp\/v2\/types\/page"}],"author":[{"embeddable":true,"href":"https:\/\/web.infn.it\/SSA\/wp-json\/wp\/v2\/users\/1"}],"replies":[{"embeddable":true,"href":"https:\/\/web.infn.it\/SSA\/wp-json\/wp\/v2\/comments?post=529"}],"version-history":[{"count":1,"href":"https:\/\/web.infn.it\/SSA\/wp-json\/wp\/v2\/pages\/529\/revisions"}],"predecessor-version":[{"id":530,"href":"https:\/\/web.infn.it\/SSA\/wp-json\/wp\/v2\/pages\/529\/revisions\/530"}],"wp:attachment":[{"href":"https:\/\/web.infn.it\/SSA\/wp-json\/wp\/v2\/media?parent=529"}],"curies":[{"name":"wp","href":"https:\/\/api.w.org\/{rel}","templated":true}]}}