{"id":443,"date":"2023-11-20T18:59:00","date_gmt":"2023-11-20T18:59:00","guid":{"rendered":"https:\/\/web.infn.it\/TechTransfer\/?page_id=443"},"modified":"2026-03-31T15:49:05","modified_gmt":"2026-03-31T13:49:05","slug":"link-utili","status":"publish","type":"page","link":"https:\/\/web.infn.it\/TechTransfer\/link-utili\/","title":{"rendered":"Reti tematiche"},"content":{"rendered":"<div class=\"wpb-content-wrapper\"><p>[vc_row css_animation=&#8221;&#8221; row_type=&#8221;row&#8221; use_row_as_full_screen_section=&#8221;no&#8221; type=&#8221;full_width&#8221; angled_section=&#8221;no&#8221; text_align=&#8221;left&#8221; background_image_as_pattern=&#8221;without_pattern&#8221;][vc_column offset=&#8221;vc_hidden-sm vc_hidden-xs&#8221;][vc_empty_space][vc_row_inner row_type=&#8221;row&#8221; type=&#8221;full_width&#8221; text_align=&#8221;left&#8221; css_animation=&#8221;&#8221;][vc_column_inner width=&#8221;1\/2&#8243;][vc_empty_space height=&#8221;40px&#8221;][vc_single_image image=&#8221;969&#8243; img_size=&#8221;full&#8221; alignment=&#8221;right&#8221; qode_css_animation=&#8221;&#8221;][vc_empty_space height=&#8221;40px&#8221;][\/vc_column_inner][vc_column_inner width=&#8221;1\/2&#8243; css=&#8221;.vc_custom_1710527675820{padding-right: 100px !important;}&#8221;][vc_empty_space height=&#8221;40px&#8221;][vc_column_text]<\/p>\n<h1>Reti tematiche<\/h1>\n<p>[\/vc_column_text][vc_empty_space height=&#8221;23px&#8221;][vc_column_text]<span class=\"TextRun SCXW121772540 BCX4\" lang=\"IT-IT\" xml:lang=\"IT-IT\" data-contrast=\"auto\"><span class=\"NormalTextRun SCXW121772540 BCX4\">A ciascuna delle aree tecnologiche di interesse per l&#8217;Istituto contribuiscono pi\u00f9 sedi dell&#8217;INFN: le competenze, cos\u00ec come i laboratori e gli strumenti che possono avere un ruolo nel trasferimento tecnologico sono cio\u00e8 distribuiti sul territorio. <\/span><\/span><\/p>\n<p>&nbsp;<\/p>\n<p><span class=\"TextRun SCXW121772540 BCX4\" lang=\"IT-IT\" xml:lang=\"IT-IT\" data-contrast=\"auto\"><span class=\"NormalTextRun SCXW121772540 BCX4\">Le Reti di Competenza nascono come strumento per coordinare e mettere a sistema in modo efficiente ed efficace le competenze relative alle diverse aree tecnologiche, che diventano cos\u00ec riconoscibili a livello nazionale, europeo ed internazionale.\u00a0<\/span><\/span><span class=\"EOP SCXW121772540 BCX4\" data-ccp-props=\"{}\">\u00a0<\/span>[\/vc_column_text][\/vc_column_inner][\/vc_row_inner][\/vc_column][\/vc_row][vc_row css_animation=&#8221;&#8221; row_type=&#8221;row&#8221; use_row_as_full_screen_section=&#8221;no&#8221; type=&#8221;full_width&#8221; angled_section=&#8221;no&#8221; text_align=&#8221;left&#8221; background_image_as_pattern=&#8221;without_pattern&#8221;][vc_column offset=&#8221;vc_hidden-sm vc_hidden-xs&#8221;][vc_empty_space height=&#8221;40px&#8221;][vc_row_inner row_type=&#8221;row&#8221; type=&#8221;full_width&#8221; text_align=&#8221;left&#8221; css_animation=&#8221;&#8221;][vc_column_inner width=&#8221;1\/2&#8243; css=&#8221;.vc_custom_1710242444934{padding-left: 20% !important;}&#8221;][vc_column_text]<\/p>\n<h2 style=\"text-align: right;\">INFN-CHNet<\/h2>\n<p>[\/vc_column_text][vc_empty_space height=&#8221;23px&#8221;][vc_column_text]<\/p>\n<p style=\"text-align: right;\"><span class=\"TextRun SCXW249799459 BCX4\" lang=\"IT-IT\" xml:lang=\"IT-IT\" data-contrast=\"auto\"><span class=\"NormalTextRun SCXW249799459 BCX4\">La<\/span><\/span><span class=\"TrackChangeTextDeletionMarker TrackedChange SCXW249799459 BCX4\"><span class=\"TextRun SCXW249799459 BCX4\" lang=\"IT-IT\" xml:lang=\"IT-IT\" data-contrast=\"auto\"><span class=\"NormalTextRun TrackChangeTextDeletion SCXW249799459 BCX4\">\u00a0<\/span><\/span><\/span><span class=\"TextRun SCXW249799459 BCX4\" lang=\"IT-IT\" xml:lang=\"IT-IT\" data-contrast=\"auto\"><span class=\"NormalTextRun SCXW249799459 BCX4\">Rete di Competenza<\/span><\/span><strong>\u00a0<a class=\"Hyperlink SCXW249799459 BCX4\" href=\"http:\/\/chnet.infn.it\/it\/home-2\/\" target=\"_blank\" rel=\"noreferrer noopener\"><span class=\"TextRun Underlined SCXW249799459 BCX4\" lang=\"IT-IT\" xml:lang=\"IT-IT\" data-contrast=\"none\"><span class=\"NormalTextRun SCXW249799459 BCX4\" data-ccp-charstyle=\"Hyperlink\"><span style=\"text-decoration: underline;\"><span style=\"color: #4196b4; text-decoration: underline;\">INFN-CHNet (Cultural Heritage Network)<\/span><\/span><\/span><\/span><\/a><span class=\"TextRun SCXW249799459 BCX4\" lang=\"IT-IT\" xml:lang=\"IT-IT\" data-contrast=\"auto\"><span class=\"NormalTextRun SpellingErrorV2Themed SCXW249799459 BCX4\">,<\/span><\/span><\/strong><span class=\"TrackChangeTextInsertion TrackedChange SCXW249799459 BCX4\"><span class=\"TextRun SCXW249799459 BCX4\" lang=\"IT-IT\" xml:lang=\"IT-IT\" data-contrast=\"auto\"><span class=\"NormalTextRun SCXW249799459 BCX4\">\u00a0<\/span><\/span><\/span><span class=\"TextRun SCXW249799459 BCX4\" lang=\"IT-IT\" xml:lang=\"IT-IT\" data-contrast=\"auto\"><span class=\"NormalTextRun SCXW249799459 BCX4\">rete di ricerca e<\/span><\/span><span class=\"TrackChangeTextInsertion TrackedChange SCXW249799459 BCX4\"><span class=\"TextRun SCXW249799459 BCX4\" lang=\"IT-IT\" xml:lang=\"IT-IT\" data-contrast=\"auto\"><span class=\"NormalTextRun SCXW249799459 BCX4\">\u00a0<\/span><\/span><\/span><span class=\"TextRun SCXW249799459 BCX4\" lang=\"IT-IT\" xml:lang=\"IT-IT\" data-contrast=\"auto\"><span class=\"NormalTextRun SCXW249799459 BCX4\">infrastruttura distribuita<\/span><\/span><span class=\"TextRun SCXW249799459 BCX4\" lang=\"IT-IT\" xml:lang=\"IT-IT\" data-contrast=\"auto\"><span class=\"NormalTextRun SCXW249799459 BCX4\">\u00a0dedicata alla scienza e alle <strong>tecnologie applicate ai beni culturali. <\/strong><\/span><\/span><\/p>\n<p style=\"text-align: right;\"><span class=\"TextRun SCXW249799459 BCX4\" lang=\"IT-IT\" xml:lang=\"IT-IT\" data-contrast=\"auto\"><span class=\"NormalTextRun SCXW249799459 BCX4\">Nella struttura organizzativa della rete afferiscono &#8211; attraverso accordi specifici su attivit\u00e0 di interesse comune &#8211; anche Universit\u00e0, Enti di Ricerca, Centri di Restauro e Consorzi anche con competenze esclusive di tipo umanistico.<\/span><\/span><\/p>\n<p>[\/vc_column_text][\/vc_column_inner][vc_column_inner width=&#8221;1\/2&#8243;][vc_single_image image=&#8221;966&#8243; img_size=&#8221;full&#8221; qode_css_animation=&#8221;&#8221;][\/vc_column_inner][\/vc_row_inner][\/vc_column][\/vc_row][vc_row css_animation=&#8221;&#8221; row_type=&#8221;row&#8221; use_row_as_full_screen_section=&#8221;no&#8221; type=&#8221;full_width&#8221; angled_section=&#8221;no&#8221; text_align=&#8221;left&#8221; background_image_as_pattern=&#8221;without_pattern&#8221;][vc_column offset=&#8221;vc_hidden-sm vc_hidden-xs&#8221;][vc_empty_space][vc_row_inner row_type=&#8221;row&#8221; type=&#8221;full_width&#8221; text_align=&#8221;left&#8221; css_animation=&#8221;&#8221;][vc_column_inner width=&#8221;1\/2&#8243;][vc_empty_space height=&#8221;40px&#8221;][vc_single_image image=&#8221;1311&#8243; img_size=&#8221;full&#8221; alignment=&#8221;right&#8221; qode_css_animation=&#8221;&#8221;][vc_empty_space height=&#8221;40px&#8221;][\/vc_column_inner][vc_column_inner width=&#8221;1\/2&#8243; css=&#8221;.vc_custom_1710527675820{padding-right: 100px !important;}&#8221;][vc_empty_space height=&#8221;40px&#8221;][vc_column_text]<\/p>\n<h2 style=\"text-align: left;\">INFN Acceleratori<\/h2>\n<p>[\/vc_column_text][vc_empty_space height=&#8221;23px&#8221;][vc_column_text]<span style=\"color: #4196b4;\"><a style=\"color: #4196b4;\" href=\"https:\/\/acceleratori.infn.it\/\" target=\"_blank\" rel=\"noopener\"><span style=\"text-decoration: underline;\"><strong>INFN Acceleratori<\/strong><\/span><\/a><\/span> \u00e8 il comitato che funge da collegamento per la comunit\u00e0 INFN esperta nel campo degli <strong>acceleratori di particelle<\/strong>. Intende stimolare l&#8217;armonizzazione delle competenze e delle attrezzature strumentali dell&#8217;Istituto in questo settore e incoraggiare la partecipazione a bandi a livello regionale, nazionale e internazionale, nonch\u00e9 a svolgere un ruolo consultivo, nel campo degli acceleratori di particelle anche sulle linee strategiche dell&#8217;INFN.[\/vc_column_text][\/vc_column_inner][\/vc_row_inner][\/vc_column][\/vc_row][vc_row css_animation=&#8221;&#8221; row_type=&#8221;row&#8221; use_row_as_full_screen_section=&#8221;no&#8221; type=&#8221;full_width&#8221; angled_section=&#8221;no&#8221; text_align=&#8221;left&#8221; background_image_as_pattern=&#8221;without_pattern&#8221;][vc_column offset=&#8221;vc_hidden-sm vc_hidden-xs&#8221;][vc_empty_space height=&#8221;40px&#8221;][vc_row_inner row_type=&#8221;row&#8221; type=&#8221;full_width&#8221; text_align=&#8221;left&#8221; css_animation=&#8221;&#8221;][vc_column_inner width=&#8221;1\/2&#8243; css=&#8221;.vc_custom_1710242444934{padding-left: 20% !important;}&#8221;][vc_column_text]<\/p>\n<h2 style=\"text-align: right;\">INFN4LS &#8211; INFN for Life Sciences<\/h2>\n<p>[\/vc_column_text][vc_empty_space height=&#8221;23px&#8221;][vc_column_text]<\/p>\n<p style=\"text-align: right;\"><a href=\"https:\/\/web.infn.it\/INFN4LS\" target=\"_blank\" rel=\"noopener\"><span style=\"text-decoration: underline;\"><strong><span style=\"color: #4196b4; text-decoration: underline;\">INFN4LS<\/span><\/strong><\/span><\/a> \u00e8 un comitato che ha lo scopo di promuovere le applicazioni della ricerca e delle tecnologie INFN nel campo delle <strong>scienze della vita<\/strong>. In particolare, si occupa di facilitare le collaborazioni con terze parti (ospedali, enti di ricerca, fondazioni, etc.), funge da raccordo tra la comunit\u00e0 di ricercatori\/tecnologi INFN che opera in questo settore e la dirigenza dell\u2019ente, promuove e segue la partecipazione a bandi nazionali e internazionali. Svolge inoltre un ruolo consultivo, su richiesta del management, e di indirizzo strategico dell\u2019ente in questo settore.<\/p>\n<p>[\/vc_column_text][\/vc_column_inner][vc_column_inner width=&#8221;1\/2&#8243;][vc_single_image image=&#8221;1858&#8243; img_size=&#8221;full&#8221; qode_css_animation=&#8221;&#8221;][\/vc_column_inner][\/vc_row_inner][\/vc_column][\/vc_row][vc_row css_animation=&#8221;&#8221; row_type=&#8221;row&#8221; use_row_as_full_screen_section=&#8221;no&#8221; type=&#8221;full_width&#8221; angled_section=&#8221;no&#8221; text_align=&#8221;left&#8221; background_image_as_pattern=&#8221;without_pattern&#8221;][vc_column offset=&#8221;vc_hidden-sm vc_hidden-xs&#8221;][vc_empty_space][vc_row_inner row_type=&#8221;row&#8221; type=&#8221;full_width&#8221; text_align=&#8221;left&#8221; css_animation=&#8221;&#8221;][vc_column_inner width=&#8221;1\/2&#8243;][vc_empty_space height=&#8221;40px&#8221;][vc_single_image image=&#8221;1860&#8243; img_size=&#8221;full&#8221; alignment=&#8221;right&#8221; qode_css_animation=&#8221;&#8221;][vc_empty_space height=&#8221;40px&#8221;][\/vc_column_inner][vc_column_inner width=&#8221;1\/2&#8243; css=&#8221;.vc_custom_1710527675820{padding-right: 100px !important;}&#8221;][vc_empty_space height=&#8221;40px&#8221;][vc_column_text]<\/p>\n<h2 style=\"text-align: left;\">INFN-E<\/h2>\n<p>[\/vc_column_text][vc_empty_space height=&#8221;23px&#8221;][vc_column_text]Il progetto strategico <a href=\"https:\/\/infn-e.ba.infn.it\/index.php?option=com_content&amp;amp;view=featured&amp;amp;Itemid=101&amp;amp;lang=it\" target=\"_blank\" rel=\"noopener\"><span style=\"text-decoration: underline;\"><strong><span style=\"color: #4196b4; text-decoration: underline;\">INFN-E<\/span><\/strong><\/span><\/a> racchiude competenze e sviluppa applicazioni tecnologiche nell\u2019ambito dell\u2019<strong>energia nucleare<\/strong> e delle problematiche correlate.<br \/>\nLe principali attivit\u00e0 di INFN-E sono orientate su:<\/p>\n<ul>\n<li><strong>Misure e controlli nucleari<\/strong> (sicurezza e sorveglianza depositi di materiali radioattivi e impianti nucleari)<\/li>\n<li>Tecnologie per la <strong>fusione<\/strong><\/li>\n<li>Fisica e impianti innovativi per la <strong>fissione<\/strong><\/li>\n<\/ul>\n<p>[\/vc_column_text][\/vc_column_inner][\/vc_row_inner][\/vc_column][\/vc_row][vc_row css_animation=&#8221;&#8221; row_type=&#8221;row&#8221; use_row_as_full_screen_section=&#8221;no&#8221; type=&#8221;full_width&#8221; angled_section=&#8221;no&#8221; text_align=&#8221;left&#8221; background_image_as_pattern=&#8221;without_pattern&#8221;][vc_column offset=&#8221;vc_hidden-sm vc_hidden-xs&#8221;][vc_empty_space height=&#8221;40px&#8221;][vc_row_inner row_type=&#8221;row&#8221; type=&#8221;full_width&#8221; text_align=&#8221;left&#8221; css_animation=&#8221;&#8221;][vc_column_inner width=&#8221;1\/2&#8243; css=&#8221;.vc_custom_1710242444934{padding-left: 20% !important;}&#8221;][vc_column_text]<\/p>\n<h2 style=\"text-align: right;\">LATINO<\/h2>\n<p>[\/vc_column_text][vc_empty_space height=&#8221;23px&#8221;][vc_column_text]<\/p>\n<p style=\"text-align: right;\"><a href=\"https:\/\/latino.lnf.infn.it\/\" target=\"_blank\" rel=\"noopener\"><span style=\"text-decoration: underline;\"><strong><span style=\"color: #4196b4; text-decoration: underline;\">LATINO<\/span><\/strong><\/span><\/a> \u00e8 un\u2019infrastruttura di ricerca aperta che mette a disposizione delle Imprese e della comunit\u00e0 scientifica le <strong>tecnologie avanzate<\/strong>\u00a0e le competenze sviluppate nell\u2019ambito degli\u00a0<strong>acceleratori di particelle<\/strong>\u00a0per la ricerca,\u00a0<strong>applicazioni<\/strong>\u00a0<strong>mediche<\/strong>\u00a0ed\u00a0<strong>industriali<\/strong>.\u00c8 costituita da\u00a0<strong>quattro laboratori<\/strong>: Radio Frequenza, Misure Magnetiche, Vuoto e Trattamenti Termici, Integrazione, e mette a disposizione <strong>un\u2019ampia gamma di servizi<\/strong> in questi quattro ambiti.<\/p>\n<p>[\/vc_column_text][\/vc_column_inner][vc_column_inner width=&#8221;1\/2&#8243;][vc_single_image image=&#8221;2908&#8243; img_size=&#8221;full&#8221; qode_css_animation=&#8221;&#8221;][\/vc_column_inner][\/vc_row_inner][\/vc_column][\/vc_row][vc_row css_animation=&#8221;&#8221; row_type=&#8221;row&#8221; use_row_as_full_screen_section=&#8221;no&#8221; type=&#8221;full_width&#8221; angled_section=&#8221;no&#8221; text_align=&#8221;left&#8221; background_image_as_pattern=&#8221;without_pattern&#8221;][vc_column offset=&#8221;vc_hidden-sm vc_hidden-xs&#8221;][vc_empty_space height=&#8221;40px&#8221;][\/vc_column][\/vc_row]<\/p>\n<\/div>","protected":false},"excerpt":{"rendered":"<p>[vc_row css_animation=&#8221;&#8221; row_type=&#8221;row&#8221; use_row_as_full_screen_section=&#8221;no&#8221; type=&#8221;full_width&#8221; angled_section=&#8221;no&#8221; text_align=&#8221;left&#8221; background_image_as_pattern=&#8221;without_pattern&#8221;][vc_column offset=&#8221;vc_hidden-sm vc_hidden-xs&#8221;][vc_empty_space][vc_row_inner row_type=&#8221;row&#8221; type=&#8221;full_width&#8221; text_align=&#8221;left&#8221; css_animation=&#8221;&#8221;][vc_column_inner width=&#8221;1\/2&#8243;][vc_empty_space height=&#8221;40px&#8221;][vc_single_image image=&#8221;969&#8243; img_size=&#8221;full&#8221; alignment=&#8221;right&#8221; qode_css_animation=&#8221;&#8221;][vc_empty_space height=&#8221;40px&#8221;][\/vc_column_inner][vc_column_inner width=&#8221;1\/2&#8243; css=&#8221;.vc_custom_1710527675820{padding-right: 100px !important;}&#8221;][vc_empty_space height=&#8221;40px&#8221;][vc_column_text] Reti tematiche [\/vc_column_text][vc_empty_space height=&#8221;23px&#8221;][vc_column_text]A ciascuna delle aree tecnologiche di interesse per l&#8217;Istituto contribuiscono pi\u00f9 sedi dell&#8217;INFN: le competenze, cos\u00ec&#8230;<\/p>\n","protected":false},"author":1,"featured_media":0,"parent":0,"menu_order":0,"comment_status":"closed","ping_status":"closed","template":"full_width.php","meta":{"_acf_changed":false,"footnotes":""},"class_list":["post-443","page","type-page","status-publish","hentry"],"acf":[],"yoast_head":"<!-- This site is optimized with the Yoast SEO plugin v27.4 - https:\/\/yoast.com\/product\/yoast-seo-wordpress\/ -->\n<title>Reti tematiche - TechTransfer INFN<\/title>\n<meta name=\"robots\" content=\"index, follow, max-snippet:-1, max-image-preview:large, max-video-preview:-1\" \/>\n<link rel=\"canonical\" href=\"https:\/\/web.infn.it\/TechTransfer\/link-utili\/\" \/>\n<meta property=\"og:locale\" content=\"it_IT\" \/>\n<meta property=\"og:type\" content=\"article\" \/>\n<meta property=\"og:title\" content=\"Reti tematiche - TechTransfer INFN\" \/>\n<meta property=\"og:description\" content=\"[vc_row css_animation=&#8221;&#8221; row_type=&#8221;row&#8221; use_row_as_full_screen_section=&#8221;no&#8221; type=&#8221;full_width&#8221; angled_section=&#8221;no&#8221; text_align=&#8221;left&#8221; background_image_as_pattern=&#8221;without_pattern&#8221;][vc_column offset=&#8221;vc_hidden-sm vc_hidden-xs&#8221;][vc_empty_space][vc_row_inner row_type=&#8221;row&#8221; type=&#8221;full_width&#8221; text_align=&#8221;left&#8221; css_animation=&#8221;&#8221;][vc_column_inner width=&#8221;1\/2&#8243;][vc_empty_space height=&#8221;40px&#8221;][vc_single_image image=&#8221;969&#8243; img_size=&#8221;full&#8221; alignment=&#8221;right&#8221; qode_css_animation=&#8221;&#8221;][vc_empty_space height=&#8221;40px&#8221;][\/vc_column_inner][vc_column_inner width=&#8221;1\/2&#8243; css=&#8221;.vc_custom_1710527675820{padding-right: 100px !important;}&#8221;][vc_empty_space height=&#8221;40px&#8221;][vc_column_text] Reti tematiche [\/vc_column_text][vc_empty_space height=&#8221;23px&#8221;][vc_column_text]A ciascuna delle aree tecnologiche di interesse per l&#8217;Istituto contribuiscono pi\u00f9 sedi dell&#8217;INFN: le competenze, cos\u00ec...\" \/>\n<meta property=\"og:url\" content=\"https:\/\/web.infn.it\/TechTransfer\/link-utili\/\" \/>\n<meta property=\"og:site_name\" content=\"TechTransfer INFN\" \/>\n<meta property=\"article:publisher\" content=\"https:\/\/www.facebook.com\/IstitutoFisicaNucleare\/\" \/>\n<meta property=\"article:modified_time\" content=\"2026-03-31T13:49:05+00:00\" \/>\n<meta name=\"twitter:card\" content=\"summary_large_image\" \/>\n<meta name=\"twitter:label1\" content=\"Tempo di lettura stimato\" \/>\n\t<meta name=\"twitter:data1\" content=\"3 minuti\" \/>\n<script type=\"application\/ld+json\" class=\"yoast-schema-graph\">{\"@context\":\"https:\\\/\\\/schema.org\",\"@graph\":[{\"@type\":\"WebPage\",\"@id\":\"https:\\\/\\\/web.infn.it\\\/TechTransfer\\\/link-utili\\\/\",\"url\":\"https:\\\/\\\/web.infn.it\\\/TechTransfer\\\/link-utili\\\/\",\"name\":\"Reti tematiche - TechTransfer INFN\",\"isPartOf\":{\"@id\":\"https:\\\/\\\/web.infn.it\\\/TechTransfer\\\/#website\"},\"datePublished\":\"2023-11-20T18:59:00+00:00\",\"dateModified\":\"2026-03-31T13:49:05+00:00\",\"inLanguage\":\"it-IT\",\"potentialAction\":[{\"@type\":\"ReadAction\",\"target\":[\"https:\\\/\\\/web.infn.it\\\/TechTransfer\\\/link-utili\\\/\"]}]},{\"@type\":\"WebSite\",\"@id\":\"https:\\\/\\\/web.infn.it\\\/TechTransfer\\\/#website\",\"url\":\"https:\\\/\\\/web.infn.it\\\/TechTransfer\\\/\",\"name\":\"INFN Trasferimento Tecnologico\",\"description\":\"Trasferimento Tecnologico | Istituto Nazionale Fisica Nucleare\",\"potentialAction\":[{\"@type\":\"SearchAction\",\"target\":{\"@type\":\"EntryPoint\",\"urlTemplate\":\"https:\\\/\\\/web.infn.it\\\/TechTransfer\\\/?s={search_term_string}\"},\"query-input\":{\"@type\":\"PropertyValueSpecification\",\"valueRequired\":true,\"valueName\":\"search_term_string\"}}],\"inLanguage\":\"it-IT\"}]}<\/script>\n<!-- \/ Yoast SEO plugin. -->","yoast_head_json":{"title":"Reti tematiche - TechTransfer INFN","robots":{"index":"index","follow":"follow","max-snippet":"max-snippet:-1","max-image-preview":"max-image-preview:large","max-video-preview":"max-video-preview:-1"},"canonical":"https:\/\/web.infn.it\/TechTransfer\/link-utili\/","og_locale":"it_IT","og_type":"article","og_title":"Reti tematiche - TechTransfer INFN","og_description":"[vc_row css_animation=&#8221;&#8221; row_type=&#8221;row&#8221; use_row_as_full_screen_section=&#8221;no&#8221; type=&#8221;full_width&#8221; angled_section=&#8221;no&#8221; text_align=&#8221;left&#8221; background_image_as_pattern=&#8221;without_pattern&#8221;][vc_column offset=&#8221;vc_hidden-sm vc_hidden-xs&#8221;][vc_empty_space][vc_row_inner row_type=&#8221;row&#8221; type=&#8221;full_width&#8221; text_align=&#8221;left&#8221; css_animation=&#8221;&#8221;][vc_column_inner width=&#8221;1\/2&#8243;][vc_empty_space height=&#8221;40px&#8221;][vc_single_image image=&#8221;969&#8243; img_size=&#8221;full&#8221; alignment=&#8221;right&#8221; qode_css_animation=&#8221;&#8221;][vc_empty_space height=&#8221;40px&#8221;][\/vc_column_inner][vc_column_inner width=&#8221;1\/2&#8243; css=&#8221;.vc_custom_1710527675820{padding-right: 100px !important;}&#8221;][vc_empty_space height=&#8221;40px&#8221;][vc_column_text] Reti tematiche [\/vc_column_text][vc_empty_space height=&#8221;23px&#8221;][vc_column_text]A ciascuna delle aree tecnologiche di interesse per l&#8217;Istituto contribuiscono pi\u00f9 sedi dell&#8217;INFN: le competenze, cos\u00ec...","og_url":"https:\/\/web.infn.it\/TechTransfer\/link-utili\/","og_site_name":"TechTransfer INFN","article_publisher":"https:\/\/www.facebook.com\/IstitutoFisicaNucleare\/","article_modified_time":"2026-03-31T13:49:05+00:00","twitter_card":"summary_large_image","twitter_misc":{"Tempo di lettura stimato":"3 minuti"},"schema":{"@context":"https:\/\/schema.org","@graph":[{"@type":"WebPage","@id":"https:\/\/web.infn.it\/TechTransfer\/link-utili\/","url":"https:\/\/web.infn.it\/TechTransfer\/link-utili\/","name":"Reti tematiche - TechTransfer INFN","isPartOf":{"@id":"https:\/\/web.infn.it\/TechTransfer\/#website"},"datePublished":"2023-11-20T18:59:00+00:00","dateModified":"2026-03-31T13:49:05+00:00","inLanguage":"it-IT","potentialAction":[{"@type":"ReadAction","target":["https:\/\/web.infn.it\/TechTransfer\/link-utili\/"]}]},{"@type":"WebSite","@id":"https:\/\/web.infn.it\/TechTransfer\/#website","url":"https:\/\/web.infn.it\/TechTransfer\/","name":"INFN Trasferimento Tecnologico","description":"Trasferimento Tecnologico | Istituto Nazionale Fisica Nucleare","potentialAction":[{"@type":"SearchAction","target":{"@type":"EntryPoint","urlTemplate":"https:\/\/web.infn.it\/TechTransfer\/?s={search_term_string}"},"query-input":{"@type":"PropertyValueSpecification","valueRequired":true,"valueName":"search_term_string"}}],"inLanguage":"it-IT"}]}},"_links":{"self":[{"href":"https:\/\/web.infn.it\/TechTransfer\/wp-json\/wp\/v2\/pages\/443","targetHints":{"allow":["GET"]}}],"collection":[{"href":"https:\/\/web.infn.it\/TechTransfer\/wp-json\/wp\/v2\/pages"}],"about":[{"href":"https:\/\/web.infn.it\/TechTransfer\/wp-json\/wp\/v2\/types\/page"}],"author":[{"embeddable":true,"href":"https:\/\/web.infn.it\/TechTransfer\/wp-json\/wp\/v2\/users\/1"}],"replies":[{"embeddable":true,"href":"https:\/\/web.infn.it\/TechTransfer\/wp-json\/wp\/v2\/comments?post=443"}],"version-history":[{"count":24,"href":"https:\/\/web.infn.it\/TechTransfer\/wp-json\/wp\/v2\/pages\/443\/revisions"}],"predecessor-version":[{"id":4995,"href":"https:\/\/web.infn.it\/TechTransfer\/wp-json\/wp\/v2\/pages\/443\/revisions\/4995"}],"wp:attachment":[{"href":"https:\/\/web.infn.it\/TechTransfer\/wp-json\/wp\/v2\/media?parent=443"}],"curies":[{"name":"wp","href":"https:\/\/api.w.org\/{rel}","templated":true}]}}