{"id":447,"date":"2023-11-20T18:59:40","date_gmt":"2023-11-20T18:59:40","guid":{"rendered":"https:\/\/web.infn.it\/TechTransfer\/?page_id=447"},"modified":"2026-02-06T12:18:41","modified_gmt":"2026-02-06T11:18:41","slug":"personale-infn","status":"publish","type":"page","link":"https:\/\/web.infn.it\/TechTransfer\/personale-infn\/","title":{"rendered":"Personale INFN"},"content":{"rendered":"<div class=\"wpb-content-wrapper\"><p>[vc_row css_animation=&#8221;&#8221; row_type=&#8221;row&#8221; use_row_as_full_screen_section=&#8221;no&#8221; type=&#8221;grid&#8221; angled_section=&#8221;no&#8221; text_align=&#8221;left&#8221; background_image_as_pattern=&#8221;without_pattern&#8221; z_index=&#8221;&#8221;][vc_column width=&#8221;2\/3&#8243;][vc_empty_space height=&#8221;16px&#8221;][vc_column_text]<\/p>\n<p class=\"p1\"><span class=\"TextRun SCXW74940589 BCX4\" lang=\"IT-IT\" xml:lang=\"IT-IT\" data-contrast=\"auto\"><span class=\"NormalTextRun SCXW74940589 BCX4\" data-ccp-parastyle=\"Normal (Web)\">L\u2019INFN \u00e8 una comunit\u00e0 di circa 6000 persone che svolge attivit\u00e0 di ricerca riconosciuta a livello mondiale attraverso lo sviluppo di tecnologie all&#8217;avanguardia dall\u2019elevata potenzialit\u00e0 d\u2019innovazione. Collaborando con <\/span><span class=\"NormalTextRun AdvancedProofingIssueV2Themed SCXW74940589 BCX4\" data-ccp-parastyle=\"Normal (Web)\">il team dedicato<\/span><span class=\"NormalTextRun SCXW74940589 BCX4\" data-ccp-parastyle=\"Normal (Web)\"> al trasferimento tecnologico dell\u2019INFN potrai individuare il giusto percorso di valorizzazione delle tue idee.<\/span><\/span><span class=\"EOP SCXW74940589 BCX4\" data-ccp-props=\"{&quot;134233117&quot;:true,&quot;134233118&quot;:true,&quot;201341983&quot;:0,&quot;335551550&quot;:6,&quot;335551620&quot;:6,&quot;335559739&quot;:160,&quot;335559740&quot;:240}\">\u00a0<\/span><\/p>\n<p>[\/vc_column_text][vc_empty_space][vc_single_image image=&#8221;1835&#8243; img_size=&#8221;full&#8221; qode_css_animation=&#8221;&#8221;][vc_empty_space][vc_column_text]<\/p>\n<p class=\"p1\"><span class=\"TextRun SCXW175056544 BCX4\" lang=\"IT-IT\" xml:lang=\"IT-IT\" data-contrast=\"auto\"><span class=\"NormalTextRun SCXW175056544 BCX4\" data-ccp-parastyle=\"Normal (Web)\">In questa pagina troverai le informazioni relative alle principali attivit\u00e0 del TT dell&#8217;Istituto e ai servizi di supporto dedicati al personale dipendente e associato.<\/span><\/span><\/p>\n<p>[\/vc_column_text][vc_column_text]Se vuoi saperne di pi\u00f9, puoi consultare la nostra pagina di <a href=\"https:\/\/web.infn.it\/TechTransfer\/media\/materiale-informativo\/\">formazione<\/a>[\/vc_column_text][vc_empty_space][vc_column_text]<\/p>\n<h3>BREVETTI<\/h3>\n<p>&nbsp;<\/p>\n<p>L\u2019INFN supporta il proprio personale nel percorso di identificazione e <a href=\"https:\/\/istnazfisnucl.sharepoint.com\/sites\/TrasferimentoTecnologico\/SitePages\/Brevettare.aspx\"><span style=\"text-decoration: underline;\">tutela delle invenzioni<\/span><\/a> scaturite dalle attivit\u00e0 di ricerca.[\/vc_column_text][vc_empty_space height=&#8221;30px&#8221;][vc_column_text]<\/p>\n<h3>INTERAZIONI CON LE IMPRESE<\/h3>\n<p>&nbsp;<\/p>\n<p>Numerose sono le modalit\u00e0 di <a href=\"https:\/\/istnazfisnucl.sharepoint.com\/sites\/TrasferimentoTecnologico\/SitePages\/Collaborare-con-le-imprese.aspx\"><span style=\"text-decoration: underline;\">collaborazione con le imprese<\/span><\/a>.<\/p>\n<p>Il Servizio di Trasferimento tecnologico individua gli strumenti atti a regolare i rapporti collaborativi e commerciali con imprese e altri Enti pubblici.[\/vc_column_text][vc_empty_space height=&#8221;30px&#8221;][vc_column_text]<\/p>\n<h3>OPPORTUNIT\u00c0 DI FINANZIAMENTO<\/h3>\n<p>&nbsp;<\/p>\n<p>L\u2019INFN identifica, sostiene e <a href=\"https:\/\/istnazfisnucl.sharepoint.com\/sites\/TrasferimentoTecnologico\/SitePages\/Supporto-a-progetti-di-innovazione.aspx\"><span style=\"text-decoration: underline;\">finanzia<\/span><\/a> progetti con un elevato potenziale tecnologico per aumentare la propria maturit\u00e0 nella scala TRL.<\/p>\n<p>L&#8217;INFN partecipa a numerosi progetti di ricerca nazionali e internazionali. Per avere maggiori informazioni sui bandi, sulle modalit\u00e0 di partecipazione, e sul supporto che INFN pu\u00f2 dare, consultate il sito del <a href=\"https:\/\/istnazfisnucl.sharepoint.com\/sites\/INFN_Progetti\" target=\"_blank\" rel=\"noopener\"><span style=\"text-decoration: underline;\">Servizio Progetti<\/span><\/a> (accesso con credenziali INFN)[\/vc_column_text][vc_empty_space height=&#8221;30px&#8221;][vc_column_text]<\/p>\n<h3>SPIN-OFF<\/h3>\n<p>&nbsp;<\/p>\n<p>La creazione di imprese <a href=\"https:\/\/istnazfisnucl.sharepoint.com\/sites\/TrasferimentoTecnologico\/SitePages\/Spin-off.aspx\" target=\"_blank\" rel=\"noopener\"><span style=\"text-decoration: underline;\">spin-off<\/span><\/a> \u00e8 ritenuta dall\u2019INFN una forma privilegiata di valorizzazione delle proprie conoscenze, competenze e tecnologie sviluppate nell\u2019ambito dell\u2019attivit\u00e0 di ricerca.[\/vc_column_text][vc_empty_space][vc_empty_space][\/vc_column][vc_column width=&#8221;1\/3&#8243; css=&#8221;.vc_custom_1700917642963{margin-bottom: 50px !important;}&#8221;][vc_empty_space height=&#8221;16px&#8221;][vc_column_text css=&#8221;.vc_custom_1710589759735{padding-top: 10px !important;padding-right: 10px !important;padding-bottom: 10px !important;padding-left: 10px !important;background-color: #002a48 !important;}&#8221;]<span style=\"text-decoration: underline;\"><span style=\"color: #ffffff;\"><strong>CONTATTI<\/strong><\/span><\/span><\/p>\n<p>&nbsp;<\/p>\n<p><span style=\"color: #ffffff;\">Se sei dipendente o associato INFN e hai bisogno di maggiori informazioni sulle varie attivit\u00e0 del TT<\/span><br \/>\n<span style=\"color: #ffffff;\">\u00a0<\/span><\/p>\n<p><a href=\"mailto:tto@lists.infn.it\"><span style=\"text-decoration: underline;\"><span style=\"color: #9cdef4; text-decoration: underline;\"><strong>CONTATTACI<\/strong><\/span><\/span><\/a>[\/vc_column_text][vc_empty_space height=&#8221;21px&#8221;][vc_column_text css=&#8221;.vc_custom_1713905869716{padding-top: 10px !important;padding-right: 10px !important;padding-bottom: 10px !important;padding-left: 10px !important;background-color: #f3f4f4 !important;}&#8221;]<\/p>\n<h5><strong>CHI SEI<\/strong><\/h5>\n<p>&nbsp;<\/p>\n<p><span style=\"text-decoration: underline;\"><strong><span style=\"color: #4297b4;\"><a style=\"color: #4297b4; text-decoration: underline;\" href=\"https:\/\/web.infn.it\/TechTransfer\/?page_id=445\">Imprese<\/a><\/span><\/strong><\/span><\/p>\n<p><span style=\"color: #000000;\">Personale INFN<\/span><\/p>\n<p><span style=\"text-decoration: underline; color: #4297b4;\"><strong><a style=\"color: #4297b4; text-decoration: underline;\" href=\"https:\/\/web.infn.it\/TechTransfer\/?page_id=449\">Pubblico<\/a><\/strong><\/span><\/p>\n<p><span style=\"text-decoration: underline; color: #4297b4;\"><strong><a style=\"color: #4297b4; text-decoration: underline;\" href=\"https:\/\/web.infn.it\/TechTransfer\/?page_id=451\">Media<\/a><\/strong><\/span>[\/vc_column_text][vc_empty_space height=&#8221;21px&#8221;][vc_single_image image=&#8221;1543&#8243; img_size=&#8221;full&#8221; alignment=&#8221;center&#8221; onclick=&#8221;custom_link&#8221; img_link_target=&#8221;_blank&#8221; qode_css_animation=&#8221;&#8221; link=&#8221;https:\/\/istnazfisnucl.sharepoint.com\/sites\/TrasferimentoTecnologico\/SitePages\/Formazione-in-Pillole-di-TT.aspx&#8221;][vc_column_text css=&#8221;.vc_custom_1757342818499{padding-top: 10px !important;padding-right: 10px !important;padding-bottom: 20px !important;padding-left: 10px !important;background-color: #f3f4f4 !important;}&#8221;]<\/p>\n<h5><strong>FORMAZIONE<\/strong><\/h5>\n<p><a href=\"https:\/\/web.infn.it\/TechTransfer\/?page_id=3466\"><span style=\"text-decoration: underline;\"><span style=\"color: #4297b4; text-decoration: underline;\"><strong>TT in Pillole<\/strong><\/span><\/span><\/a>[\/vc_column_text][vc_empty_space height=&#8221;21px&#8221;][vc_single_image image=&#8221;1695&#8243; img_size=&#8221;full&#8221; alignment=&#8221;center&#8221; onclick=&#8221;custom_link&#8221; img_link_target=&#8221;_blank&#8221; qode_css_animation=&#8221;&#8221; link=&#8221;https:\/\/istnazfisnucl.sharepoint.com\/sites\/TrasferimentoTecnologico&#8221;][vc_column_text css=&#8221;.vc_custom_1715352603047{padding-top: 10px !important;padding-right: 10px !important;padding-bottom: 20px !important;padding-left: 10px !important;background-color: #f3f4f4 !important;}&#8221;]<\/p>\n<h5><strong>ACCESSO INTRANET TT<\/strong><\/h5>\n<p><a href=\"https:\/\/istnazfisnucl.sharepoint.com\/sites\/TrasferimentoTecnologico\"><span style=\"text-decoration: underline;\"><span style=\"color: #4297b4; text-decoration: underline;\"><strong>Accedi<\/strong><\/span><\/span><\/a>[\/vc_column_text][\/vc_column][\/vc_row][vc_row css_animation=&#8221;&#8221; row_type=&#8221;row&#8221; use_row_as_full_screen_section=&#8221;no&#8221; type=&#8221;full_width&#8221; angled_section=&#8221;no&#8221; text_align=&#8221;left&#8221; background_image_as_pattern=&#8221;without_pattern&#8221;][vc_column][vc_empty_space][vc_row_inner row_type=&#8221;row&#8221; type=&#8221;full_width&#8221; text_align=&#8221;left&#8221; css_animation=&#8221;&#8221;][vc_column_inner width=&#8221;1\/4&#8243;]<div class=\"q_image_with_text_over\"><div class=\"shader\" ><\/div><img decoding=\"async\" itemprop=\"image\" src=\"https:\/\/web.infn.it\/TechTransfer\/wp-content\/uploads\/2024\/03\/luci-tecnologiche-generico.jpg\" alt=\"\" \/><div class=\"text\"><table><tr><td><h4 class=\"caption no_icon\" style=\"color: #ffffff;\">Brevettare<\/h4><\/td><\/tr><\/table><table><tr><td><div class=\"desc\"><a href=\"https:\/\/istnazfisnucl.sharepoint.com\/sites\/TrasferimentoTecnologico\/SitePages\/Brevettare.aspx\" target=\"_blank\" rel=\"noopener\"><span style=\"text-decoration: underline;\"><span style=\"color: #4297b4;\"><strong>VAI ALLA SEZIONE<\/strong><\/span><\/span><\/a><\/div><\/td><\/tr><\/table><\/div><\/div>[\/vc_column_inner][vc_column_inner width=&#8221;1\/4&#8243;]<div class=\"q_image_with_text_over\"><div class=\"shader\" ><\/div><img decoding=\"async\" itemprop=\"image\" src=\"https:\/\/web.infn.it\/TechTransfer\/wp-content\/uploads\/2024\/03\/tecnologia-generico.jpg\" alt=\"\" \/><div class=\"text\"><table><tr><td><h4 class=\"caption no_icon\" style=\"color: #ffffff;\">Collaborare con imprese<\/h4><\/td><\/tr><\/table><table><tr><td><div class=\"desc\"><a href=\"https:\/\/istnazfisnucl.sharepoint.com\/sites\/TrasferimentoTecnologico\/SitePages\/Collaborare-con-le-imprese.aspx\" target=\"_blank\" rel=\"noopener\"><span style=\"text-decoration: underline;\"><span style=\"color: #4297b4;\"><strong>VAI ALLA PAGINA<\/strong><\/span><\/span><\/a><\/div><\/td><\/tr><\/table><\/div><\/div>[\/vc_column_inner][vc_column_inner width=&#8221;1\/4&#8243;]<div class=\"q_image_with_text_over\"><div class=\"shader\" ><\/div><img decoding=\"async\" itemprop=\"image\" src=\"https:\/\/web.infn.it\/TechTransfer\/wp-content\/uploads\/2024\/03\/tunnel_generico.jpg\" alt=\"\" \/><div class=\"text\"><table><tr><td><h4 class=\"caption no_icon\" style=\"color: #ffffff;\">Creare imprese Spin-Off<\/h4><\/td><\/tr><\/table><table><tr><td><div class=\"desc\"><a href=\"https:\/\/istnazfisnucl.sharepoint.com\/sites\/TrasferimentoTecnologico\/SitePages\/Spin-off.aspx\" target=\"_blank\" rel=\"noopener\"><span style=\"text-decoration: underline;\"><span style=\"color: #4297b4;\"><strong>VAI ALLA PAGINA<\/strong><\/span><\/span><\/a><\/div><\/td><\/tr><\/table><\/div><\/div>[\/vc_column_inner][vc_column_inner width=&#8221;1\/4&#8243;]<div class=\"q_image_with_text_over\"><div class=\"shader\" ><\/div><img decoding=\"async\" itemprop=\"image\" src=\"https:\/\/web.infn.it\/TechTransfer\/wp-content\/uploads\/2024\/05\/box-finanziamenti.jpg\" alt=\"\" \/><div class=\"text\"><table><tr><td><h4 class=\"caption no_icon\" style=\"color: #ffffff;\">Opportunit\u00e0 di finanziamento<\/h4><\/td><\/tr><\/table><table><tr><td><div class=\"desc\"><a href=\"https:\/\/istnazfisnucl.sharepoint.com\/sites\/TrasferimentoTecnologico\/SitePages\/Supporto-a-progetti-di-innovazione.aspx\" rel=\"noopener\"><span style=\"text-decoration: underline;\"><span style=\"color: #4297b4;\"><strong>VAI ALLA SEZIONE<\/strong><\/span><\/span><\/a><\/div><\/td><\/tr><\/table><\/div><\/div>[\/vc_column_inner][\/vc_row_inner][vc_empty_space][\/vc_column][\/vc_row]<\/p>\n<\/div>","protected":false},"excerpt":{"rendered":"<p>[vc_row css_animation=&#8221;&#8221; row_type=&#8221;row&#8221; use_row_as_full_screen_section=&#8221;no&#8221; type=&#8221;grid&#8221; angled_section=&#8221;no&#8221; text_align=&#8221;left&#8221; background_image_as_pattern=&#8221;without_pattern&#8221; z_index=&#8221;&#8221;][vc_column width=&#8221;2\/3&#8243;][vc_empty_space height=&#8221;16px&#8221;][vc_column_text] L\u2019INFN \u00e8 una comunit\u00e0 di circa 6000 persone che svolge attivit\u00e0 di ricerca riconosciuta a livello mondiale attraverso lo sviluppo di tecnologie all&#8217;avanguardia dall\u2019elevata potenzialit\u00e0 d\u2019innovazione. Collaborando con il team dedicato al trasferimento tecnologico&#8230;<\/p>\n","protected":false},"author":1,"featured_media":0,"parent":0,"menu_order":0,"comment_status":"closed","ping_status":"closed","template":"","meta":{"_acf_changed":false,"footnotes":""},"class_list":["post-447","page","type-page","status-publish","hentry"],"acf":[],"yoast_head":"<!-- This site is optimized with the Yoast SEO plugin v27.4 - https:\/\/yoast.com\/product\/yoast-seo-wordpress\/ -->\n<title>Personale INFN - TechTransfer INFN<\/title>\n<meta name=\"robots\" content=\"index, follow, max-snippet:-1, max-image-preview:large, max-video-preview:-1\" \/>\n<link rel=\"canonical\" href=\"https:\/\/web.infn.it\/TechTransfer\/personale-infn\/\" \/>\n<meta property=\"og:locale\" content=\"it_IT\" \/>\n<meta property=\"og:type\" content=\"article\" \/>\n<meta property=\"og:title\" content=\"Personale INFN - TechTransfer INFN\" \/>\n<meta property=\"og:description\" content=\"[vc_row css_animation=&#8221;&#8221; row_type=&#8221;row&#8221; use_row_as_full_screen_section=&#8221;no&#8221; type=&#8221;grid&#8221; angled_section=&#8221;no&#8221; text_align=&#8221;left&#8221; background_image_as_pattern=&#8221;without_pattern&#8221; z_index=&#8221;&#8221;][vc_column width=&#8221;2\/3&#8243;][vc_empty_space height=&#8221;16px&#8221;][vc_column_text] L\u2019INFN \u00e8 una comunit\u00e0 di circa 6000 persone che svolge attivit\u00e0 di ricerca riconosciuta a livello mondiale attraverso lo sviluppo di tecnologie all&#8217;avanguardia dall\u2019elevata potenzialit\u00e0 d\u2019innovazione. Collaborando con il team dedicato al trasferimento tecnologico...\" \/>\n<meta property=\"og:url\" content=\"https:\/\/web.infn.it\/TechTransfer\/personale-infn\/\" \/>\n<meta property=\"og:site_name\" content=\"TechTransfer INFN\" \/>\n<meta property=\"article:publisher\" content=\"https:\/\/www.facebook.com\/IstitutoFisicaNucleare\/\" \/>\n<meta property=\"article:modified_time\" content=\"2026-02-06T11:18:41+00:00\" \/>\n<meta name=\"twitter:card\" content=\"summary_large_image\" \/>\n<meta name=\"twitter:label1\" content=\"Tempo di lettura stimato\" \/>\n\t<meta name=\"twitter:data1\" content=\"4 minuti\" \/>\n<script type=\"application\/ld+json\" class=\"yoast-schema-graph\">{\"@context\":\"https:\\\/\\\/schema.org\",\"@graph\":[{\"@type\":\"WebPage\",\"@id\":\"https:\\\/\\\/web.infn.it\\\/TechTransfer\\\/personale-infn\\\/\",\"url\":\"https:\\\/\\\/web.infn.it\\\/TechTransfer\\\/personale-infn\\\/\",\"name\":\"Personale INFN - TechTransfer INFN\",\"isPartOf\":{\"@id\":\"https:\\\/\\\/web.infn.it\\\/TechTransfer\\\/#website\"},\"datePublished\":\"2023-11-20T18:59:40+00:00\",\"dateModified\":\"2026-02-06T11:18:41+00:00\",\"inLanguage\":\"it-IT\",\"potentialAction\":[{\"@type\":\"ReadAction\",\"target\":[\"https:\\\/\\\/web.infn.it\\\/TechTransfer\\\/personale-infn\\\/\"]}]},{\"@type\":\"WebSite\",\"@id\":\"https:\\\/\\\/web.infn.it\\\/TechTransfer\\\/#website\",\"url\":\"https:\\\/\\\/web.infn.it\\\/TechTransfer\\\/\",\"name\":\"INFN Trasferimento Tecnologico\",\"description\":\"Trasferimento Tecnologico | Istituto Nazionale Fisica Nucleare\",\"potentialAction\":[{\"@type\":\"SearchAction\",\"target\":{\"@type\":\"EntryPoint\",\"urlTemplate\":\"https:\\\/\\\/web.infn.it\\\/TechTransfer\\\/?s={search_term_string}\"},\"query-input\":{\"@type\":\"PropertyValueSpecification\",\"valueRequired\":true,\"valueName\":\"search_term_string\"}}],\"inLanguage\":\"it-IT\"}]}<\/script>\n<!-- \/ Yoast SEO plugin. -->","yoast_head_json":{"title":"Personale INFN - TechTransfer INFN","robots":{"index":"index","follow":"follow","max-snippet":"max-snippet:-1","max-image-preview":"max-image-preview:large","max-video-preview":"max-video-preview:-1"},"canonical":"https:\/\/web.infn.it\/TechTransfer\/personale-infn\/","og_locale":"it_IT","og_type":"article","og_title":"Personale INFN - TechTransfer INFN","og_description":"[vc_row css_animation=&#8221;&#8221; row_type=&#8221;row&#8221; use_row_as_full_screen_section=&#8221;no&#8221; type=&#8221;grid&#8221; angled_section=&#8221;no&#8221; text_align=&#8221;left&#8221; background_image_as_pattern=&#8221;without_pattern&#8221; z_index=&#8221;&#8221;][vc_column width=&#8221;2\/3&#8243;][vc_empty_space height=&#8221;16px&#8221;][vc_column_text] L\u2019INFN \u00e8 una comunit\u00e0 di circa 6000 persone che svolge attivit\u00e0 di ricerca riconosciuta a livello mondiale attraverso lo sviluppo di tecnologie all&#8217;avanguardia dall\u2019elevata potenzialit\u00e0 d\u2019innovazione. Collaborando con il team dedicato al trasferimento tecnologico...","og_url":"https:\/\/web.infn.it\/TechTransfer\/personale-infn\/","og_site_name":"TechTransfer INFN","article_publisher":"https:\/\/www.facebook.com\/IstitutoFisicaNucleare\/","article_modified_time":"2026-02-06T11:18:41+00:00","twitter_card":"summary_large_image","twitter_misc":{"Tempo di lettura stimato":"4 minuti"},"schema":{"@context":"https:\/\/schema.org","@graph":[{"@type":"WebPage","@id":"https:\/\/web.infn.it\/TechTransfer\/personale-infn\/","url":"https:\/\/web.infn.it\/TechTransfer\/personale-infn\/","name":"Personale INFN - TechTransfer INFN","isPartOf":{"@id":"https:\/\/web.infn.it\/TechTransfer\/#website"},"datePublished":"2023-11-20T18:59:40+00:00","dateModified":"2026-02-06T11:18:41+00:00","inLanguage":"it-IT","potentialAction":[{"@type":"ReadAction","target":["https:\/\/web.infn.it\/TechTransfer\/personale-infn\/"]}]},{"@type":"WebSite","@id":"https:\/\/web.infn.it\/TechTransfer\/#website","url":"https:\/\/web.infn.it\/TechTransfer\/","name":"INFN Trasferimento Tecnologico","description":"Trasferimento Tecnologico | Istituto Nazionale Fisica Nucleare","potentialAction":[{"@type":"SearchAction","target":{"@type":"EntryPoint","urlTemplate":"https:\/\/web.infn.it\/TechTransfer\/?s={search_term_string}"},"query-input":{"@type":"PropertyValueSpecification","valueRequired":true,"valueName":"search_term_string"}}],"inLanguage":"it-IT"}]}},"_links":{"self":[{"href":"https:\/\/web.infn.it\/TechTransfer\/wp-json\/wp\/v2\/pages\/447","targetHints":{"allow":["GET"]}}],"collection":[{"href":"https:\/\/web.infn.it\/TechTransfer\/wp-json\/wp\/v2\/pages"}],"about":[{"href":"https:\/\/web.infn.it\/TechTransfer\/wp-json\/wp\/v2\/types\/page"}],"author":[{"embeddable":true,"href":"https:\/\/web.infn.it\/TechTransfer\/wp-json\/wp\/v2\/users\/1"}],"replies":[{"embeddable":true,"href":"https:\/\/web.infn.it\/TechTransfer\/wp-json\/wp\/v2\/comments?post=447"}],"version-history":[{"count":53,"href":"https:\/\/web.infn.it\/TechTransfer\/wp-json\/wp\/v2\/pages\/447\/revisions"}],"predecessor-version":[{"id":4795,"href":"https:\/\/web.infn.it\/TechTransfer\/wp-json\/wp\/v2\/pages\/447\/revisions\/4795"}],"wp:attachment":[{"href":"https:\/\/web.infn.it\/TechTransfer\/wp-json\/wp\/v2\/media?parent=447"}],"curies":[{"name":"wp","href":"https:\/\/api.w.org\/{rel}","templated":true}]}}