{"id":4830,"date":"2024-02-15T11:29:16","date_gmt":"2024-02-15T10:29:16","guid":{"rendered":"https:\/\/web.infn.it\/acceleratori\/?page_id=4830"},"modified":"2024-12-12T11:41:21","modified_gmt":"2024-12-12T10:41:21","slug":"rete-magneti","status":"publish","type":"page","link":"https:\/\/web.infn.it\/acceleratori\/rete-magneti\/","title":{"rendered":"Rete Magneti"},"content":{"rendered":"\t\t<div data-elementor-type=\"wp-post\" data-elementor-id=\"4830\" class=\"elementor elementor-4830\">\n\t\t\t\t<div class=\"elementor-element elementor-element-79b68a0 e-flex e-con-boxed e-con e-parent\" data-id=\"79b68a0\" data-element_type=\"container\" data-e-type=\"container\" data-settings=\"{&quot;background_background&quot;:&quot;classic&quot;}\">\n\t\t\t\t\t<div class=\"e-con-inner\">\n\t\t<div class=\"elementor-element elementor-element-991f51b e-con-full e-flex e-con e-child\" data-id=\"991f51b\" data-element_type=\"container\" data-e-type=\"container\">\n\t\t\t\t<div class=\"elementor-element elementor-element-61a32d0 elementor-widget elementor-widget-heading\" data-id=\"61a32d0\" data-element_type=\"widget\" data-e-type=\"widget\" data-widget_type=\"heading.default\">\n\t\t\t\t<div class=\"elementor-widget-container\">\n\t\t\t\t\t<h1 class=\"elementor-heading-title elementor-size-default\">Rete Magneti<\/h1>\t\t\t\t<\/div>\n\t\t\t\t<\/div>\n\t\t\t\t<\/div>\n\t\t\t\t\t<\/div>\n\t\t\t\t<\/div>\n\t\t<div class=\"elementor-element elementor-element-6cb933a e-flex e-con-boxed e-con e-parent\" data-id=\"6cb933a\" data-element_type=\"container\" data-e-type=\"container\">\n\t\t\t\t\t<div class=\"e-con-inner\">\n\t\t<div class=\"elementor-element elementor-element-c326114 e-con-full e-flex e-con e-child\" data-id=\"c326114\" data-element_type=\"container\" data-e-type=\"container\">\n\t\t\t\t<div class=\"elementor-element elementor-element-b6f0270 elementor-widget elementor-widget-heading\" data-id=\"b6f0270\" data-element_type=\"widget\" data-e-type=\"widget\" data-widget_type=\"heading.default\">\n\t\t\t\t<div class=\"elementor-widget-container\">\n\t\t\t\t\t<h2 class=\"elementor-heading-title elementor-size-default\">Introduzione alla rete<\/h2>\t\t\t\t<\/div>\n\t\t\t\t<\/div>\n\t\t\t\t<div class=\"elementor-element elementor-element-64549d7 elementor-widget elementor-widget-text-editor\" data-id=\"64549d7\" data-element_type=\"widget\" data-e-type=\"widget\" data-widget_type=\"text-editor.default\">\n\t\t\t\t<div class=\"elementor-widget-container\">\n\t\t\t\t\t\t\t\t\t<p>Da molti anni esiste una realt\u00e0 consolidata di laboratori INFN\u00a0 che si occupano di Magneti Superconduttori e di una serie di Tecnologie Associate. In particolare, l\u2019INFN pu\u00f2 contare su tre laboratori con lunga esperienza nel campo della superconduttivit\u00e0 applicata nei cavi e nei magneti e che gi\u00e0 lavorano in modo parzialmente integrato. Si tratta dei laboratori di Genova, Milano e Napoli\/Salerno. In aggiunta a questi laboratori esistono all\u2019interno dell\u2019INFN svariate realt\u00e0 che si occupano di varie tecnologie legate ai magneti superconduttori, come ad es. i Laboratori di Frascati, i Laboratori di Legnaro e i Laboratori del Sud.<\/p><p>L\u2019idea alla base della rete \u00e8 di unire le competenze che nell\u2019INFN si occupano di magneti superconduttori e di tecnologie associate, creando sinergie e migliorando l\u2019efficienza e l\u2019efficacia delle attivit\u00e0 di ricerca e sviluppo. La rete mira a consolidare le collaborazioni esistenti, promuovere nuove iniziative di ricerca, e facilitare il trasferimento tecnologico e l\u2019applicazione delle scoperte scientifiche in settori industriali e tecnologici.<\/p>\t\t\t\t\t\t\t\t<\/div>\n\t\t\t\t<\/div>\n\t\t\t\t<div class=\"elementor-element elementor-element-a0a1ed5 elementor-widget elementor-widget-heading\" data-id=\"a0a1ed5\" data-element_type=\"widget\" data-e-type=\"widget\" data-widget_type=\"heading.default\">\n\t\t\t\t<div class=\"elementor-widget-container\">\n\t\t\t\t\t<h2 class=\"elementor-heading-title elementor-size-default\">Coordinatore<\/h2>\t\t\t\t<\/div>\n\t\t\t\t<\/div>\n\t\t\t\t<div class=\"elementor-element elementor-element-f557684 elementor-widget elementor-widget-text-editor\" data-id=\"f557684\" data-element_type=\"widget\" data-e-type=\"widget\" data-widget_type=\"text-editor.default\">\n\t\t\t\t<div class=\"elementor-widget-container\">\n\t\t\t\t\t\t\t\t\t<p>Stefania Farinon (Sezione di Genova, INFN)<\/p>\t\t\t\t\t\t\t\t<\/div>\n\t\t\t\t<\/div>\n\t\t\t\t<div class=\"elementor-element elementor-element-437c6b9 elementor-widget elementor-widget-heading\" data-id=\"437c6b9\" data-element_type=\"widget\" data-e-type=\"widget\" data-widget_type=\"heading.default\">\n\t\t\t\t<div class=\"elementor-widget-container\">\n\t\t\t\t\t<h2 class=\"elementor-heading-title elementor-size-default\">Laboratori e persone coinvolte<\/h2>\t\t\t\t<\/div>\n\t\t\t\t<\/div>\n\t\t\t\t<div class=\"elementor-element elementor-element-ad144f3 elementor-widget elementor-widget-text-editor\" data-id=\"ad144f3\" data-element_type=\"widget\" data-e-type=\"widget\" data-widget_type=\"text-editor.default\">\n\t\t\t\t<div class=\"elementor-widget-container\">\n\t\t\t\t\t\t\t\t\t<ul><li>Stefania Farinon (INFN-GE)<\/li><li>Andrea Bersani (INFN-GE)<\/li><li>Alessandra Pampaloni (INFN-GE)<\/li><li>Lucio Rossi (INFN-MI-LASA)<\/li><li>Massimo Sorbi (INFN-MI-LASA)<\/li><li>Marco Statera (INFN-MI-LASA)<\/li><\/ul>\t\t\t\t\t\t\t\t<\/div>\n\t\t\t\t<\/div>\n\t\t\t\t<div class=\"elementor-element elementor-element-5b2fd40 elementor-widget elementor-widget-heading\" data-id=\"5b2fd40\" data-element_type=\"widget\" data-e-type=\"widget\" data-widget_type=\"heading.default\">\n\t\t\t\t<div class=\"elementor-widget-container\">\n\t\t\t\t\t<h2 class=\"elementor-heading-title elementor-size-default\">Obiettivi della rete<\/h2>\t\t\t\t<\/div>\n\t\t\t\t<\/div>\n\t\t\t\t<div class=\"elementor-element elementor-element-b90f779 elementor-widget elementor-widget-text-editor\" data-id=\"b90f779\" data-element_type=\"widget\" data-e-type=\"widget\" data-widget_type=\"text-editor.default\">\n\t\t\t\t<div class=\"elementor-widget-container\">\n\t\t\t\t\t\t\t\t\t<ol><li><strong>Consolidamento delle Competenze<\/strong><\/li><\/ol><ul><li>Unire e coordinare le competenze e le risorse dei vari laboratori INFN che lavorano su magneti superconduttori e tecnologie associate.<\/li><li>Creare una piattaforma comune per la condivisione delle conoscenze e delle migliori pratiche tra i vari laboratori.<\/li><\/ul><ol start=\"2\"><li><strong>Ricerca e Sviluppo Avanzato<\/strong><\/li><\/ol><ul><li>Promuovere progetti di ricerca collaborativi e interdisciplinari mirati all\u2019innovazione nei magneti superconduttori e nelle tecnologie associate.<\/li><\/ul><ol start=\"3\"><li><strong>Formazione e Crescita Professionale<\/strong><\/li><\/ol><ul><li>Organizzare corsi di formazione, workshop e seminari per i ricercatori e il personale tecnico, con l\u2019obiettivo di aggiornare le competenze e promuovere lo scambio di idee.<\/li><li>Supportare la formazione di giovani ricercatori attraverso borse di studio e programmi di dottorato.<\/li><\/ul><ol start=\"4\"><li><strong>Trasferimento Tecnologico e Collaborazione con l\u2019Industria<\/strong><\/li><\/ol><ul><li>Facilitare il trasferimento delle tecnologie sviluppate nei laboratori INFN verso l\u2019industria, promuovendo partnership con aziende del settore.<\/li><li>Identificare e sviluppare applicazioni industriali dei magneti superconduttori in settori come l\u2019energia, la medicina e i trasporti.<\/li><\/ul><ol start=\"5\"><li><strong>Disseminazione dei Risultati<\/strong><\/li><\/ol><ul><li>Pubblicare e diffondere i risultati della ricerca attraverso articoli scientifici, conferenze e altre piattaforme di comunicazione.<\/li><li>Creare una rete di contatti e collaborazioni con altre istituzioni di ricerca nazionali e internazionali.<\/li><\/ul><ol start=\"6\"><li><strong>Innovazione e Sostenibilit\u00e0<\/strong><\/li><\/ol><ul><li>Promuovere lo sviluppo di tecnologie sostenibili e innovative che possano contribuire alla riduzione dell\u2019impatto ambientale.<\/li><li>Integrare considerazioni di sostenibilit\u00e0 nei progetti di ricerca e nelle applicazioni industriali.<\/li><\/ul>\t\t\t\t\t\t\t\t<\/div>\n\t\t\t\t<\/div>\n\t\t\t\t<\/div>\n\t\t\t\t\t<\/div>\n\t\t\t\t<\/div>\n\t\t\t\t<\/div>\n\t\t","protected":false},"excerpt":{"rendered":"<p>Rete Magneti Introduzione alla rete Da molti anni esiste una realt\u00e0 consolidata di laboratori INFN\u00a0 che si occupano di Magneti Superconduttori e di una serie di Tecnologie Associate. In particolare, l\u2019INFN pu\u00f2 contare su tre laboratori con lunga esperienza nel campo della superconduttivit\u00e0 applicata nei cavi e nei magneti e che gi\u00e0 lavorano in modo [&hellip;]<\/p>\n","protected":false},"author":3,"featured_media":0,"parent":0,"menu_order":0,"comment_status":"closed","ping_status":"closed","template":"","meta":{"_acf_changed":false,"site-sidebar-layout":"no-sidebar","site-content-layout":"page-builder","ast-site-content-layout":"full-width-container","site-content-style":"unboxed","site-sidebar-style":"unboxed","ast-global-header-display":"","ast-banner-title-visibility":"","ast-main-header-display":"","ast-hfb-above-header-display":"","ast-hfb-below-header-display":"","ast-hfb-mobile-header-display":"","site-post-title":"disabled","ast-breadcrumbs-content":"","ast-featured-img":"disabled","footer-sml-layout":"","ast-disable-related-posts":"","theme-transparent-header-meta":"enabled","adv-header-id-meta":"","stick-header-meta":"","header-above-stick-meta":"","header-main-stick-meta":"","header-below-stick-meta":"","astra-migrate-meta-layouts":"set","ast-page-background-enabled":"default","ast-page-background-meta":{"desktop":{"background-color":"","background-image":"","background-repeat":"repeat","background-position":"center center","background-size":"auto","background-attachment":"scroll","background-type":"","background-media":"","overlay-type":"","overlay-color":"","overlay-opacity":"","overlay-gradient":""},"tablet":{"background-color":"","background-image":"","background-repeat":"repeat","background-position":"center center","background-size":"auto","background-attachment":"scroll","background-type":"","background-media":"","overlay-type":"","overlay-color":"","overlay-opacity":"","overlay-gradient":""},"mobile":{"background-color":"","background-image":"","background-repeat":"repeat","background-position":"center center","background-size":"auto","background-attachment":"scroll","background-type":"","background-media":"","overlay-type":"","overlay-color":"","overlay-opacity":"","overlay-gradient":""}},"ast-content-background-meta":{"desktop":{"background-color":"var(--ast-global-color-5)","background-image":"","background-repeat":"repeat","background-position":"center center","background-size":"auto","background-attachment":"scroll","background-type":"","background-media":"","overlay-type":"","overlay-color":"","overlay-opacity":"","overlay-gradient":""},"tablet":{"background-color":"var(--ast-global-color-5)","background-image":"","background-repeat":"repeat","background-position":"center center","background-size":"auto","background-attachment":"scroll","background-type":"","background-media":"","overlay-type":"","overlay-color":"","overlay-opacity":"","overlay-gradient":""},"mobile":{"background-color":"var(--ast-global-color-5)","background-image":"","background-repeat":"repeat","background-position":"center center","background-size":"auto","background-attachment":"scroll","background-type":"","background-media":"","overlay-type":"","overlay-color":"","overlay-opacity":"","overlay-gradient":""}},"footnotes":""},"class_list":["post-4830","page","type-page","status-publish","hentry"],"acf":[],"_links":{"self":[{"href":"https:\/\/web.infn.it\/acceleratori\/wp-json\/wp\/v2\/pages\/4830","targetHints":{"allow":["GET"]}}],"collection":[{"href":"https:\/\/web.infn.it\/acceleratori\/wp-json\/wp\/v2\/pages"}],"about":[{"href":"https:\/\/web.infn.it\/acceleratori\/wp-json\/wp\/v2\/types\/page"}],"author":[{"embeddable":true,"href":"https:\/\/web.infn.it\/acceleratori\/wp-json\/wp\/v2\/users\/3"}],"replies":[{"embeddable":true,"href":"https:\/\/web.infn.it\/acceleratori\/wp-json\/wp\/v2\/comments?post=4830"}],"version-history":[{"count":20,"href":"https:\/\/web.infn.it\/acceleratori\/wp-json\/wp\/v2\/pages\/4830\/revisions"}],"predecessor-version":[{"id":6099,"href":"https:\/\/web.infn.it\/acceleratori\/wp-json\/wp\/v2\/pages\/4830\/revisions\/6099"}],"wp:attachment":[{"href":"https:\/\/web.infn.it\/acceleratori\/wp-json\/wp\/v2\/media?parent=4830"}],"curies":[{"name":"wp","href":"https:\/\/api.w.org\/{rel}","templated":true}]}}