{"id":4837,"date":"2024-02-15T11:43:21","date_gmt":"2024-02-15T10:43:21","guid":{"rendered":"https:\/\/web.infn.it\/acceleratori\/?page_id=4837"},"modified":"2024-12-12T11:35:02","modified_gmt":"2024-12-12T10:35:02","slug":"rete-infan","status":"publish","type":"page","link":"https:\/\/web.infn.it\/acceleratori\/rete-infan\/","title":{"rendered":"Rete facilities di irraggiamento &#8211; INFAN"},"content":{"rendered":"\t\t<div data-elementor-type=\"wp-post\" data-elementor-id=\"4837\" class=\"elementor elementor-4837\">\n\t\t\t\t<div class=\"elementor-element elementor-element-79b68a0 e-flex e-con-boxed e-con e-parent\" data-id=\"79b68a0\" data-element_type=\"container\" data-e-type=\"container\" data-settings=\"{&quot;background_background&quot;:&quot;classic&quot;}\">\n\t\t\t\t\t<div class=\"e-con-inner\">\n\t\t<div class=\"elementor-element elementor-element-991f51b e-con-full e-flex e-con e-child\" data-id=\"991f51b\" data-element_type=\"container\" data-e-type=\"container\">\n\t\t\t\t<div class=\"elementor-element elementor-element-61a32d0 elementor-widget elementor-widget-heading\" data-id=\"61a32d0\" data-element_type=\"widget\" data-e-type=\"widget\" data-widget_type=\"heading.default\">\n\t\t\t\t<div class=\"elementor-widget-container\">\n\t\t\t\t\t<h1 class=\"elementor-heading-title elementor-size-default\">Rete Facilities di irraggiamento - INFAN<\/h1>\t\t\t\t<\/div>\n\t\t\t\t<\/div>\n\t\t\t\t<\/div>\n\t\t\t\t\t<\/div>\n\t\t\t\t<\/div>\n\t\t<div class=\"elementor-element elementor-element-6cb933a e-flex e-con-boxed e-con e-parent\" data-id=\"6cb933a\" data-element_type=\"container\" data-e-type=\"container\">\n\t\t\t\t\t<div class=\"e-con-inner\">\n\t\t<div class=\"elementor-element elementor-element-29b5fcf e-flex e-con-boxed e-con e-child\" data-id=\"29b5fcf\" data-element_type=\"container\" data-e-type=\"container\">\n\t\t\t\t\t<div class=\"e-con-inner\">\n\t\t\t\t<div class=\"elementor-element elementor-element-32dda9f elementor-widget elementor-widget-heading\" data-id=\"32dda9f\" data-element_type=\"widget\" data-e-type=\"widget\" data-widget_type=\"heading.default\">\n\t\t\t\t<div class=\"elementor-widget-container\">\n\t\t\t\t\t<h2 class=\"elementor-heading-title elementor-size-default\">Introduzione alla rete<\/h2>\t\t\t\t<\/div>\n\t\t\t\t<\/div>\n\t\t\t\t<div class=\"elementor-element elementor-element-f1ba628 elementor-widget elementor-widget-text-editor\" data-id=\"f1ba628\" data-element_type=\"widget\" data-e-type=\"widget\" data-widget_type=\"text-editor.default\">\n\t\t\t\t<div class=\"elementor-widget-container\">\n\t\t\t\t\t\t\t\t\t<p>La rete INFAN, acronimo di &#8220;Irradiation National Facility Network&#8221;, ha l&#8217;obiettivo di creare una sinergia tra le infrastrutture di irraggiamento dedicate agli utenti presenti sul territorio nazionale e gestite dall&#8217;INFN.<\/p><p>INFAN promuove una stretta collaborazione scientifica, tecnologica e tecnica nella gestione e nel mantenimento delle infrastrutture adibite a strutture per utenti esterni. Tale collaborazione si basa sul rispetto delle competenze e dell&#8217;esperienza di ogni singola realt\u00e0 operativa sul territorio. L&#8217;obiettivo non \u00e8 solo quello di migliorare la gestione e la funzionalit\u00e0 delle strutture, ma anche, e soprattutto, di stabilire un comune denominatore tra tutte le facility dell&#8217;INFN, creando un sistema integrato e armonizzato che possa massimizzare l&#8217;efficienza e la qualit\u00e0 delle facility stesse.<\/p>\t\t\t\t\t\t\t\t<\/div>\n\t\t\t\t<\/div>\n\t\t\t\t<div class=\"elementor-element elementor-element-3e81a33 elementor-widget elementor-widget-heading\" data-id=\"3e81a33\" data-element_type=\"widget\" data-e-type=\"widget\" data-widget_type=\"heading.default\">\n\t\t\t\t<div class=\"elementor-widget-container\">\n\t\t\t\t\t<h2 class=\"elementor-heading-title elementor-size-default\">Coordinatori<\/h2>\t\t\t\t<\/div>\n\t\t\t\t<\/div>\n\t\t<div class=\"elementor-element elementor-element-94efaea e-grid e-con-full e-con e-child\" data-id=\"94efaea\" data-element_type=\"container\" data-e-type=\"container\">\n\t\t\t\t<div class=\"elementor-element elementor-element-e7f8e1b elementor-widget-mobile__width-inherit elementor-position-top elementor-widget elementor-widget-image-box\" data-id=\"e7f8e1b\" data-element_type=\"widget\" data-e-type=\"widget\" data-widget_type=\"image-box.default\">\n\t\t\t\t<div class=\"elementor-widget-container\">\n\t\t\t\t\t<div class=\"elementor-image-box-wrapper\"><figure class=\"elementor-image-box-img\"><img decoding=\"async\" src=\"https:\/\/web.infn.it\/acceleratori\/wp-content\/uploads\/elementor\/thumbs\/petringa-qqk7abioygcenb3wyqrowl2ustpcol7qmumswzfmy0.jpg\" title=\"petringa\" alt=\"petringa\" loading=\"lazy\" \/><\/figure><div class=\"elementor-image-box-content\"><h4 class=\"elementor-image-box-title\">Giada Petringa<\/h4><p class=\"elementor-image-box-description\">INFN-Laboratori Nazionali del Sud<\/p><\/div><\/div>\t\t\t\t<\/div>\n\t\t\t\t<\/div>\n\t\t\t\t<div class=\"elementor-element elementor-element-12e6b97 elementor-widget-mobile__width-inherit elementor-position-top elementor-widget elementor-widget-image-box\" data-id=\"12e6b97\" data-element_type=\"widget\" data-e-type=\"widget\" data-widget_type=\"image-box.default\">\n\t\t\t\t<div class=\"elementor-widget-container\">\n\t\t\t\t\t<div class=\"elementor-image-box-wrapper\"><figure class=\"elementor-image-box-img\"><img decoding=\"async\" src=\"https:\/\/web.infn.it\/acceleratori\/wp-content\/uploads\/elementor\/thumbs\/foggetta-qqk7fxlzru11zgyd6o4hao2yio19nii12mw73h3zs8.png\" title=\"foggetta\" alt=\"foggetta\" loading=\"lazy\" \/><\/figure><div class=\"elementor-image-box-content\"><h4 class=\"elementor-image-box-title\">Luca Foggetta<\/h4><p class=\"elementor-image-box-description\">INFN-Laboratori Nazionali di Frascati<\/p><\/div><\/div>\t\t\t\t<\/div>\n\t\t\t\t<\/div>\n\t\t\t\t<\/div>\n\t\t\t\t<div class=\"elementor-element elementor-element-aa91e74 elementor-widget elementor-widget-heading\" data-id=\"aa91e74\" data-element_type=\"widget\" data-e-type=\"widget\" data-widget_type=\"heading.default\">\n\t\t\t\t<div class=\"elementor-widget-container\">\n\t\t\t\t\t<h2 class=\"elementor-heading-title elementor-size-default\">Laboratori e persone coinvolte<\/h2>\t\t\t\t<\/div>\n\t\t\t\t<\/div>\n\t\t\t\t<div class=\"elementor-element elementor-element-0d5eec0 elementor-widget elementor-widget-text-editor\" data-id=\"0d5eec0\" data-element_type=\"widget\" data-e-type=\"widget\" data-widget_type=\"text-editor.default\">\n\t\t\t\t<div class=\"elementor-widget-container\">\n\t\t\t\t\t\t\t\t\t<ul><li>Giada Petringa ( INFN-LNS)<\/li><li>Luca Foggetta (INFN-LNF)<\/li><li>Luca Bellan (INFN-LNF)<\/li><li>Matthias Junker (INFN-LNGS)<\/li><li>Mirko Massi e Massimo Chiari (Sezione di Firenze, INFN)<\/li><li>Francesdo Tommasino (INFN-TIFPA)<\/li><li>Enrico Verroi (INFN-TIFPA)<\/li><\/ul>\t\t\t\t\t\t\t\t<\/div>\n\t\t\t\t<\/div>\n\t\t\t\t<div class=\"elementor-element elementor-element-45f569a elementor-widget elementor-widget-heading\" data-id=\"45f569a\" data-element_type=\"widget\" data-e-type=\"widget\" data-widget_type=\"heading.default\">\n\t\t\t\t<div class=\"elementor-widget-container\">\n\t\t\t\t\t<h2 class=\"elementor-heading-title elementor-size-default\">Obiettivi della rete<\/h2>\t\t\t\t<\/div>\n\t\t\t\t<\/div>\n\t\t\t\t<div class=\"elementor-element elementor-element-9a4f90a elementor-widget elementor-widget-text-editor\" data-id=\"9a4f90a\" data-element_type=\"widget\" data-e-type=\"widget\" data-widget_type=\"text-editor.default\">\n\t\t\t\t<div class=\"elementor-widget-container\">\n\t\t\t\t\t\t\t\t\t<p>La rete INFAN persegue i seguenti obiettivi:<\/p><ul><li><strong>Creazione di una Rete Interna<\/strong>: Costituire una rete interna all&#8217;INFN che favorisca lo scambio scientifico, tecnologico, tecnico e infrastrutturale tra le varie unit\u00e0. Questo scambio mira a ottenere un mutuo vantaggio operativo, migliorando la sinergia e l&#8217;efficienza delle attivit\u00e0 condotte.<\/li><li><strong>Creazione di una Infrastruttura Generalizzata<\/strong>: Sviluppare un&#8217;infrastruttura generalizzata che si basi su servizi nazionali, includendo informazioni, chiamate a tempo fascio (call) e procedure di accesso alle facility di irraggiamento INFN. Questo sistema \u00e8 pensato per scopi scientifici e di terza missione, rispettando le modalit\u00e0 d&#8217;uso e le consuetudini locali. Le diverse facility locali saranno integrate in un&#8217;unica infrastruttura astratta, rendendo pi\u00f9 agevole e coordinato l&#8217;accesso e l&#8217;utilizzo delle risorse.<\/li><li><strong>Creazione di una sigla all\u2019interno della CSN-V:<\/strong> Istituire una sigla all&#8217;interno della CSN-V per gestire la raccolta di finanziamenti destinati all&#8217;implementazione di soluzioni operative innovative e sperimentali, tra cui rivelatori e infrastrutture hardware e software. Queste risorse saranno di propriet\u00e0 condivisa e ad uso comune, supportando cos\u00ec il potenziamento e la sostenibilit\u00e0 della rete stessa.<\/li><\/ul>\t\t\t\t\t\t\t\t<\/div>\n\t\t\t\t<\/div>\n\t\t\t\t<div class=\"elementor-element elementor-element-338506c elementor-widget elementor-widget-heading\" data-id=\"338506c\" data-element_type=\"widget\" data-e-type=\"widget\" data-widget_type=\"heading.default\">\n\t\t\t\t<div class=\"elementor-widget-container\">\n\t\t\t\t\t<h2 class=\"elementor-heading-title elementor-size-default\">Link utili<\/h2>\t\t\t\t<\/div>\n\t\t\t\t<\/div>\n\t\t\t\t<div class=\"elementor-element elementor-element-a010b5d elementor-widget elementor-widget-text-editor\" data-id=\"a010b5d\" data-element_type=\"widget\" data-e-type=\"widget\" data-widget_type=\"text-editor.default\">\n\t\t\t\t<div class=\"elementor-widget-container\">\n\t\t\t\t\t\t\t\t\t<p><span style=\"color: #0084d6;\"><a style=\"color: #0084d6;\" href=\"https:\/\/btf.lnf.infn.it\">INFN-LNF<\/a>\u00a0<\/span><\/p><p><span style=\"color: #0084d6;\"><a style=\"color: #0084d6;\" href=\"https:\/\/www.lnl.infn.it\/\u200b\">INFN-LNL<\/a>\u00a0<\/span><\/p><p><span style=\"color: #0084d6;\"><a style=\"color: #0084d6;\" href=\"https:\/\/www.lnl.infn.it\/en\/call-for-pac-proposals\/\">INFN-LNL<\/a>\u00a0<\/span><\/p><p><span style=\"color: #0084d6;\"><a style=\"color: #0084d6;\" href=\"https:\/\/l.infn.it\/bellotti\">INFN-LNGS<\/a>\u00a0<\/span><\/p><p><span style=\"color: #0084d6;\"><a style=\"color: #0084d6;\" href=\"https:\/\/web.infn.it\/labec\/en\/elementor-111\/\">INFN-FI-LABEC<\/a>\u00a0<\/span><\/p><p><span style=\"color: #0084d6;\"><a style=\"color: #0084d6;\" href=\"https:\/\/www.tifpa.infn.it\/sc-init\/med-tech\/p-beam-research\/\">INFN-TIFPA<\/a>\u00a0<\/span><\/p>\t\t\t\t\t\t\t\t<\/div>\n\t\t\t\t<\/div>\n\t\t\t\t\t<\/div>\n\t\t\t\t<\/div>\n\t\t\t\t\t<\/div>\n\t\t\t\t<\/div>\n\t\t\t\t<\/div>\n\t\t","protected":false},"excerpt":{"rendered":"<p>Rete Facilities di irraggiamento &#8211; INFAN Introduzione alla rete La rete INFAN, acronimo di &#8220;Irradiation National Facility Network&#8221;, ha l&#8217;obiettivo di creare una sinergia tra le infrastrutture di irraggiamento dedicate agli utenti presenti sul territorio nazionale e gestite dall&#8217;INFN. INFAN promuove una stretta collaborazione scientifica, tecnologica e tecnica nella gestione e nel mantenimento delle infrastrutture [&hellip;]<\/p>\n","protected":false},"author":3,"featured_media":0,"parent":0,"menu_order":0,"comment_status":"closed","ping_status":"closed","template":"","meta":{"_acf_changed":false,"site-sidebar-layout":"no-sidebar","site-content-layout":"page-builder","ast-site-content-layout":"full-width-container","site-content-style":"unboxed","site-sidebar-style":"unboxed","ast-global-header-display":"","ast-banner-title-visibility":"","ast-main-header-display":"","ast-hfb-above-header-display":"","ast-hfb-below-header-display":"","ast-hfb-mobile-header-display":"","site-post-title":"disabled","ast-breadcrumbs-content":"","ast-featured-img":"disabled","footer-sml-layout":"","ast-disable-related-posts":"","theme-transparent-header-meta":"enabled","adv-header-id-meta":"","stick-header-meta":"","header-above-stick-meta":"","header-main-stick-meta":"","header-below-stick-meta":"","astra-migrate-meta-layouts":"set","ast-page-background-enabled":"default","ast-page-background-meta":{"desktop":{"background-color":"","background-image":"","background-repeat":"repeat","background-position":"center center","background-size":"auto","background-attachment":"scroll","background-type":"","background-media":"","overlay-type":"","overlay-color":"","overlay-opacity":"","overlay-gradient":""},"tablet":{"background-color":"","background-image":"","background-repeat":"repeat","background-position":"center center","background-size":"auto","background-attachment":"scroll","background-type":"","background-media":"","overlay-type":"","overlay-color":"","overlay-opacity":"","overlay-gradient":""},"mobile":{"background-color":"","background-image":"","background-repeat":"repeat","background-position":"center center","background-size":"auto","background-attachment":"scroll","background-type":"","background-media":"","overlay-type":"","overlay-color":"","overlay-opacity":"","overlay-gradient":""}},"ast-content-background-meta":{"desktop":{"background-color":"var(--ast-global-color-5)","background-image":"","background-repeat":"repeat","background-position":"center center","background-size":"auto","background-attachment":"scroll","background-type":"","background-media":"","overlay-type":"","overlay-color":"","overlay-opacity":"","overlay-gradient":""},"tablet":{"background-color":"var(--ast-global-color-5)","background-image":"","background-repeat":"repeat","background-position":"center center","background-size":"auto","background-attachment":"scroll","background-type":"","background-media":"","overlay-type":"","overlay-color":"","overlay-opacity":"","overlay-gradient":""},"mobile":{"background-color":"var(--ast-global-color-5)","background-image":"","background-repeat":"repeat","background-position":"center center","background-size":"auto","background-attachment":"scroll","background-type":"","background-media":"","overlay-type":"","overlay-color":"","overlay-opacity":"","overlay-gradient":""}},"footnotes":""},"class_list":["post-4837","page","type-page","status-publish","hentry"],"acf":[],"_links":{"self":[{"href":"https:\/\/web.infn.it\/acceleratori\/wp-json\/wp\/v2\/pages\/4837","targetHints":{"allow":["GET"]}}],"collection":[{"href":"https:\/\/web.infn.it\/acceleratori\/wp-json\/wp\/v2\/pages"}],"about":[{"href":"https:\/\/web.infn.it\/acceleratori\/wp-json\/wp\/v2\/types\/page"}],"author":[{"embeddable":true,"href":"https:\/\/web.infn.it\/acceleratori\/wp-json\/wp\/v2\/users\/3"}],"replies":[{"embeddable":true,"href":"https:\/\/web.infn.it\/acceleratori\/wp-json\/wp\/v2\/comments?post=4837"}],"version-history":[{"count":51,"href":"https:\/\/web.infn.it\/acceleratori\/wp-json\/wp\/v2\/pages\/4837\/revisions"}],"predecessor-version":[{"id":6085,"href":"https:\/\/web.infn.it\/acceleratori\/wp-json\/wp\/v2\/pages\/4837\/revisions\/6085"}],"wp:attachment":[{"href":"https:\/\/web.infn.it\/acceleratori\/wp-json\/wp\/v2\/media?parent=4837"}],"curies":[{"name":"wp","href":"https:\/\/api.w.org\/{rel}","templated":true}]}}