{"id":4871,"date":"2024-02-15T11:51:11","date_gmt":"2024-02-15T10:51:11","guid":{"rendered":"https:\/\/web.infn.it\/acceleratori\/?page_id=4871"},"modified":"2024-05-27T11:32:45","modified_gmt":"2024-05-27T09:32:45","slug":"workshop","status":"publish","type":"page","link":"https:\/\/web.infn.it\/acceleratori\/workshop\/","title":{"rendered":"Workshop e Conferenze"},"content":{"rendered":"\t\t<div data-elementor-type=\"wp-post\" data-elementor-id=\"4871\" class=\"elementor elementor-4871\">\n\t\t\t\t<div class=\"elementor-element elementor-element-79b68a0 e-flex e-con-boxed e-con e-parent\" data-id=\"79b68a0\" data-element_type=\"container\" data-e-type=\"container\" data-settings=\"{&quot;background_background&quot;:&quot;video&quot;,&quot;background_video_link&quot;:&quot;https:\\\/\\\/pandora.infn.it\\\/public\\\/?secure_token=VVNq5719zBNidFKdscRE0xSwAVgitwBo&amp;minisite_session=5747ce&amp;get_action=read_video_data&amp;file=%2FINFN_ACCELERATORI_ENTRO.mp4&quot;,&quot;background_play_on_mobile&quot;:&quot;yes&quot;}\">\n\t\t\t\t\t<div class=\"e-con-inner\">\n\t\t<div class=\"elementor-background-video-container\">\n\t\t\t\t\t\t\t<video class=\"elementor-background-video-hosted\" role=\"presentation\" autoplay muted playsinline loop><\/video>\n\t\t\t\t\t<\/div><div class=\"elementor-element elementor-element-991f51b e-con-full e-flex e-con e-child\" data-id=\"991f51b\" data-element_type=\"container\" data-e-type=\"container\">\n\t\t\t\t<div class=\"elementor-element elementor-element-61a32d0 elementor-widget elementor-widget-heading\" data-id=\"61a32d0\" data-element_type=\"widget\" data-e-type=\"widget\" data-widget_type=\"heading.default\">\n\t\t\t\t<div class=\"elementor-widget-container\">\n\t\t\t\t\t<h1 class=\"elementor-heading-title elementor-size-default\">Workshop e Conferenze<\/h1>\t\t\t\t<\/div>\n\t\t\t\t<\/div>\n\t\t\t\t<\/div>\n\t\t\t\t\t<\/div>\n\t\t\t\t<\/div>\n\t\t<div class=\"elementor-element elementor-element-6cb933a e-flex e-con-boxed e-con e-parent\" data-id=\"6cb933a\" data-element_type=\"container\" data-e-type=\"container\">\n\t\t\t\t\t<div class=\"e-con-inner\">\n\t\t<div class=\"elementor-element elementor-element-e7c22c3 e-con-full e-flex e-con e-child\" data-id=\"e7c22c3\" data-element_type=\"container\" data-e-type=\"container\">\n\t\t<div class=\"elementor-element elementor-element-b405434 e-flex e-con-boxed e-con e-child\" data-id=\"b405434\" data-element_type=\"container\" data-e-type=\"container\">\n\t\t\t\t\t<div class=\"e-con-inner\">\n\t\t\t\t<div class=\"elementor-element elementor-element-0be9025 elementor-widget elementor-widget-heading\" data-id=\"0be9025\" data-element_type=\"widget\" data-e-type=\"widget\" data-widget_type=\"heading.default\">\n\t\t\t\t<div class=\"elementor-widget-container\">\n\t\t\t\t\t<h2 class=\"elementor-heading-title elementor-size-default\">8-11 Lug 2024, LCWS2024, Tokyo<\/h2>\t\t\t\t<\/div>\n\t\t\t\t<\/div>\n\t\t\t\t<div class=\"elementor-element elementor-element-8183a49 elementor-widget elementor-widget-image\" data-id=\"8183a49\" data-element_type=\"widget\" data-e-type=\"widget\" data-widget_type=\"image.default\">\n\t\t\t\t<div class=\"elementor-widget-container\">\n\t\t\t\t\t\t\t\t\t\t\t\t\t\t\t<img fetchpriority=\"high\" decoding=\"async\" width=\"960\" height=\"302\" src=\"https:\/\/web.infn.it\/acceleratori\/wp-content\/uploads\/2024\/05\/logoblue.png\" class=\"attachment-large size-large wp-image-5081\" alt=\"\" srcset=\"https:\/\/web.infn.it\/acceleratori\/wp-content\/uploads\/2024\/05\/logoblue.png 960w, https:\/\/web.infn.it\/acceleratori\/wp-content\/uploads\/2024\/05\/logoblue-300x94.png 300w, https:\/\/web.infn.it\/acceleratori\/wp-content\/uploads\/2024\/05\/logoblue-768x242.png 768w\" sizes=\"(max-width: 960px) 100vw, 960px\" \/>\t\t\t\t\t\t\t\t\t\t\t\t\t\t\t<\/div>\n\t\t\t\t<\/div>\n\t\t\t\t<div class=\"elementor-element elementor-element-2ec4464 elementor-widget elementor-widget-text-editor\" data-id=\"2ec4464\" data-element_type=\"widget\" data-e-type=\"widget\" data-widget_type=\"text-editor.default\">\n\t\t\t\t<div class=\"elementor-widget-container\">\n\t\t\t\t\t\t\t\t\t<p>L&#8217;International Workshop on Future Linear Colliders (LCWS2024) si terr\u00e0 dall&#8217;8 all&#8217;11 luglio 2024 presso l&#8217;Hongo Campus dell&#8217;Universit\u00e0 di Tokyo.<\/p><p>La scadenza per l&#8217;iscrizione anticipata \u00e8 stata prorogata al **31 maggio**.La quota di iscrizione aumenter\u00e0 dopo la scadenza, pertanto si prega di registrarsi entro tale data se si intende partecipare.La scadenza per la presentazione degli abstract \u00e8 gi\u00e0 passata, ma potrebbe essere possibile accettare ulteriori contributi, soprattutto poster.<\/p><p>Sono ancora disponibili alcune esenzioni dalla quota di iscrizione per gli studenti. La domanda di iscrizione \u00e8 ancora aperta e sar\u00e0 presa in considerazione fino a esaurimento posti, quindi vi preghiamo di fare domanda il prima possibile se avete bisogno dell&#8217;esonero.<\/p><p>Per maggiori informazioni, contattare gli organizzatori o i responsabili delle sessioni.<\/p><p><span style=\"color: #0000ff;\"><a style=\"color: #0000ff;\" href=\"https:\/\/agenda.linearcollider.org\/e\/lcws2024\">SITO WEB<\/a><\/span><\/p>\t\t\t\t\t\t\t\t<\/div>\n\t\t\t\t<\/div>\n\t\t\t\t<div class=\"elementor-element elementor-element-c8e847f elementor-widget elementor-widget-heading\" data-id=\"c8e847f\" data-element_type=\"widget\" data-e-type=\"widget\" data-widget_type=\"heading.default\">\n\t\t\t\t<div class=\"elementor-widget-container\">\n\t\t\t\t\t<h2 class=\"elementor-heading-title elementor-size-default\">10-14 Giu 2024, FCC Week 2024, San Francisco<\/h2>\t\t\t\t<\/div>\n\t\t\t\t<\/div>\n\t\t\t\t<div class=\"elementor-element elementor-element-c1d09d3 elementor-widget elementor-widget-image\" data-id=\"c1d09d3\" data-element_type=\"widget\" data-e-type=\"widget\" data-widget_type=\"image.default\">\n\t\t\t\t<div class=\"elementor-widget-container\">\n\t\t\t\t\t\t\t\t\t\t\t\t\t\t\t<img decoding=\"async\" width=\"213\" height=\"300\" src=\"https:\/\/web.infn.it\/acceleratori\/wp-content\/uploads\/2024\/05\/SF2024-Poster-213x300.png\" class=\"attachment-medium size-medium wp-image-5163\" alt=\"\" srcset=\"https:\/\/web.infn.it\/acceleratori\/wp-content\/uploads\/2024\/05\/SF2024-Poster-213x300.png 213w, https:\/\/web.infn.it\/acceleratori\/wp-content\/uploads\/2024\/05\/SF2024-Poster-727x1024.png 727w, https:\/\/web.infn.it\/acceleratori\/wp-content\/uploads\/2024\/05\/SF2024-Poster-768x1081.png 768w, https:\/\/web.infn.it\/acceleratori\/wp-content\/uploads\/2024\/05\/SF2024-Poster-1091x1536.png 1091w, https:\/\/web.infn.it\/acceleratori\/wp-content\/uploads\/2024\/05\/SF2024-Poster-e1719908558146.png 710w\" sizes=\"(max-width: 213px) 100vw, 213px\" \/>\t\t\t\t\t\t\t\t\t\t\t\t\t\t\t<\/div>\n\t\t\t\t<\/div>\n\t\t\t\t<div class=\"elementor-element elementor-element-931f848 elementor-widget elementor-widget-text-editor\" data-id=\"931f848\" data-element_type=\"widget\" data-e-type=\"widget\" data-widget_type=\"text-editor.default\">\n\t\t\t\t<div class=\"elementor-widget-container\">\n\t\t\t\t\t\t\t\t\t<p>Vi invitiamo a partecipare alla Settimana FCC 2024, contribuendo a una revisione completa dei progressi della FCC &#8211; un momento cruciale nel nostro viaggio verso il completamento dello Studio di fattibilit\u00e0 FCC entro il 2025.<\/p><p>Questo importante incontro, organizzato in collaborazione con il progetto H2020 FCCIS finanziato dall&#8217;UE, funge da punto di convergenza per gli esperti internazionali di diversi settori.<\/p><p><span style=\"color: #0000ff;\"><a style=\"color: #0000ff;\" href=\"https:\/\/indico.cern.ch\/event\/1298458\/\">Link INDICO<\/a><\/span><\/p><p>\u00a0<\/p>\t\t\t\t\t\t\t\t<\/div>\n\t\t\t\t<\/div>\n\t\t\t\t<div class=\"elementor-element elementor-element-7c8c105 elementor-widget elementor-widget-heading\" data-id=\"7c8c105\" data-element_type=\"widget\" data-e-type=\"widget\" data-widget_type=\"heading.default\">\n\t\t\t\t<div class=\"elementor-widget-container\">\n\t\t\t\t\t<h2 class=\"elementor-heading-title elementor-size-default\">19-24 Mag, IPAC24, Nashville<\/h2>\t\t\t\t<\/div>\n\t\t\t\t<\/div>\n\t\t\t\t<div class=\"elementor-element elementor-element-630b71d elementor-widget elementor-widget-image\" data-id=\"630b71d\" data-element_type=\"widget\" data-e-type=\"widget\" data-widget_type=\"image.default\">\n\t\t\t\t<div class=\"elementor-widget-container\">\n\t\t\t\t\t\t\t\t\t\t\t\t\t\t\t<img decoding=\"async\" width=\"274\" height=\"300\" src=\"https:\/\/web.infn.it\/acceleratori\/wp-content\/uploads\/2024\/05\/IPAC24_logo_block_brick-274x300.jpeg\" class=\"attachment-medium size-medium wp-image-5164\" alt=\"\" srcset=\"https:\/\/web.infn.it\/acceleratori\/wp-content\/uploads\/2024\/05\/IPAC24_logo_block_brick-274x300.jpeg 274w, https:\/\/web.infn.it\/acceleratori\/wp-content\/uploads\/2024\/05\/IPAC24_logo_block_brick.jpeg 768w\" sizes=\"(max-width: 274px) 100vw, 274px\" \/>\t\t\t\t\t\t\t\t\t\t\t\t\t\t\t<\/div>\n\t\t\t\t<\/div>\n\t\t\t\t<div class=\"elementor-element elementor-element-a2eaa7a elementor-widget elementor-widget-text-editor\" data-id=\"a2eaa7a\" data-element_type=\"widget\" data-e-type=\"widget\" data-widget_type=\"text-editor.default\">\n\t\t\t\t<div class=\"elementor-widget-container\">\n\t\t\t\t\t\t\t\t\t<p>La 15a Conferenza Internazionale sugli Acceleratori di Particelle (IPAC&#8217;24) si terr\u00e0 a Nashville, Tennessee, USA, dal 19 al 24 maggio 2024 presso il Music City Center. All&#8217;IPAC&#8217;24 avrete l&#8217;opportunit\u00e0 di incontrare e interagire con scienziati, ingegneri, studenti e venditori di acceleratori, sperimentando il fascino e l&#8217;ospitalit\u00e0 dell&#8217;ambiente culturalmente vario e amichevole di Music City.<\/p><p>L&#8217;IPAC \u00e8 l&#8217;evento internazionale pi\u00f9 importante per il settore degli acceleratori di particelle a livello mondiale.<\/p><p><span style=\"color: #0000ff;\"><a style=\"color: #0000ff;\" href=\"https:\/\/ipac24.org\/\">Link WORKSHOP<\/a><\/span><\/p>\t\t\t\t\t\t\t\t<\/div>\n\t\t\t\t<\/div>\n\t\t\t\t<div class=\"elementor-element elementor-element-bb7953a elementor-widget elementor-widget-heading\" data-id=\"bb7953a\" data-element_type=\"widget\" data-e-type=\"widget\" data-widget_type=\"heading.default\">\n\t\t\t\t<div class=\"elementor-widget-container\">\n\t\t\t\t\t<h2 class=\"elementor-heading-title elementor-size-default\">16-20 Ott 2023, HG2023, INFN-LNF<\/h2>\t\t\t\t<\/div>\n\t\t\t\t<\/div>\n\t\t\t\t<div class=\"elementor-element elementor-element-3ead03a elementor-widget elementor-widget-image\" data-id=\"3ead03a\" data-element_type=\"widget\" data-e-type=\"widget\" data-widget_type=\"image.default\">\n\t\t\t\t<div class=\"elementor-widget-container\">\n\t\t\t\t\t\t\t\t\t\t\t\t\t\t\t<img loading=\"lazy\" decoding=\"async\" width=\"978\" height=\"210\" src=\"https:\/\/web.infn.it\/acceleratori\/wp-content\/uploads\/2024\/05\/LOGO_HG2023_Latest.png\" class=\"attachment-large size-large wp-image-5161\" alt=\"\" srcset=\"https:\/\/web.infn.it\/acceleratori\/wp-content\/uploads\/2024\/05\/LOGO_HG2023_Latest.png 978w, https:\/\/web.infn.it\/acceleratori\/wp-content\/uploads\/2024\/05\/LOGO_HG2023_Latest-300x64.png 300w, https:\/\/web.infn.it\/acceleratori\/wp-content\/uploads\/2024\/05\/LOGO_HG2023_Latest-768x165.png 768w\" sizes=\"(max-width: 978px) 100vw, 978px\" \/>\t\t\t\t\t\t\t\t\t\t\t\t\t\t\t<\/div>\n\t\t\t\t<\/div>\n\t\t\t\t<div class=\"elementor-element elementor-element-b7cfd04 elementor-widget elementor-widget-text-editor\" data-id=\"b7cfd04\" data-element_type=\"widget\" data-e-type=\"widget\" data-widget_type=\"text-editor.default\">\n\t\t\t\t<div class=\"elementor-widget-container\">\n\t\t\t\t\t\t\t\t\t<p>Siamo lieti di annunciare il 15\u00b0 workshop sulla scienza della ripartizione e la tecnologia ad alto gradiente, HG2023, che si terr\u00e0 in Italia presso i Laboratori Nazionali di Frascati dell&#8217;INFN &#8211; Via Enrico Fermi, 60 &#8211; Frascati (Roma) dal 16 al 20 ottobre 2023.<\/p><p>Il workshop HG comprende rivisitazioni di concetti di base e fondamentali, recenti risultati teorici e sperimentali, progressi nella modellazione e nella comprensione dei fenomeni di breakdown, nuovi concetti di progettazione e innovazione nelle tecniche di produzione, idee e attivit\u00e0 sperimentali verso sorgenti di potenza RF pi\u00f9 potenti ed efficienti, relazioni sui banchi di prova esistenti e progetti per nuovi banchi, e molto altro ancora!<\/p><p><span style=\"color: #0000ff;\"><a style=\"color: #0000ff;\" href=\"https:\/\/agenda.infn.it\/event\/34253\/\">Link INDICO<\/a><\/span><\/p>\t\t\t\t\t\t\t\t<\/div>\n\t\t\t\t<\/div>\n\t\t\t\t<div class=\"elementor-element elementor-element-d1e1731 elementor-widget elementor-widget-heading\" data-id=\"d1e1731\" data-element_type=\"widget\" data-e-type=\"widget\" data-widget_type=\"heading.default\">\n\t\t\t\t<div class=\"elementor-widget-container\">\n\t\t\t\t\t<h2 class=\"elementor-heading-title elementor-size-default\">7-12 Mag 2023, IPAC23, Venezia<\/h2>\t\t\t\t<\/div>\n\t\t\t\t<\/div>\n\t\t\t\t<div class=\"elementor-element elementor-element-c8bf824 elementor-widget elementor-widget-image\" data-id=\"c8bf824\" data-element_type=\"widget\" data-e-type=\"widget\" data-widget_type=\"image.default\">\n\t\t\t\t<div class=\"elementor-widget-container\">\n\t\t\t\t\t\t\t\t\t\t\t\t\t\t\t<img loading=\"lazy\" decoding=\"async\" width=\"300\" height=\"166\" src=\"https:\/\/web.infn.it\/acceleratori\/wp-content\/uploads\/2024\/05\/ipac23_web-300x166.png\" class=\"attachment-medium size-medium wp-image-5077\" alt=\"\" srcset=\"https:\/\/web.infn.it\/acceleratori\/wp-content\/uploads\/2024\/05\/ipac23_web-300x166.png 300w, https:\/\/web.infn.it\/acceleratori\/wp-content\/uploads\/2024\/05\/ipac23_web-1024x565.png 1024w, https:\/\/web.infn.it\/acceleratori\/wp-content\/uploads\/2024\/05\/ipac23_web-768x424.png 768w, https:\/\/web.infn.it\/acceleratori\/wp-content\/uploads\/2024\/05\/ipac23_web.png 1306w\" sizes=\"(max-width: 300px) 100vw, 300px\" \/>\t\t\t\t\t\t\t\t\t\t\t\t\t\t\t<\/div>\n\t\t\t\t<\/div>\n\t\t\t\t<div class=\"elementor-element elementor-element-3bdd2f4 elementor-widget elementor-widget-text-editor\" data-id=\"3bdd2f4\" data-element_type=\"widget\" data-e-type=\"widget\" data-widget_type=\"text-editor.default\">\n\t\t\t\t<div class=\"elementor-widget-container\">\n\t\t\t\t\t\t\t\t\t<p>Siamo lieti di annunciare che la 14a Conferenza Internazionale sugli Acceleratori di Particelle, IPAC&#8217;23, si terr\u00e0 a Venezia, Italia, dal 7 al 12 maggio 2023.<\/p><p>L&#8217;IPAC \u00e8 il principale evento annuale per la comunit\u00e0 mondiale degli acceleratori e per l&#8217;industria, con la presentazione degli ultimi risultati della ricerca e sviluppo sugli acceleratori e dei progressi delle strutture esistenti, pianificate e future.<\/p><p><a style=\"color: #0000ff;\" href=\"https:\/\/www.ipac23.org\/\">Link WORKSHOP<\/a><\/p>\t\t\t\t\t\t\t\t<\/div>\n\t\t\t\t<\/div>\n\t\t\t\t<div class=\"elementor-element elementor-element-d70e5c6 elementor-widget elementor-widget-heading\" data-id=\"d70e5c6\" data-element_type=\"widget\" data-e-type=\"widget\" data-widget_type=\"heading.default\">\n\t\t\t\t<div class=\"elementor-widget-container\">\n\t\t\t\t\t<h2 class=\"elementor-heading-title elementor-size-default\">06-07.2022,     ICHEP 2022, Bologna<\/h2>\t\t\t\t<\/div>\n\t\t\t\t<\/div>\n\t\t\t\t<div class=\"elementor-element elementor-element-f1cd8e3 elementor-widget elementor-widget-image\" data-id=\"f1cd8e3\" data-element_type=\"widget\" data-e-type=\"widget\" data-widget_type=\"image.default\">\n\t\t\t\t<div class=\"elementor-widget-container\">\n\t\t\t\t\t\t\t\t\t\t\t\t\t\t\t<img loading=\"lazy\" decoding=\"async\" width=\"1024\" height=\"192\" src=\"https:\/\/web.infn.it\/acceleratori\/wp-content\/uploads\/2024\/05\/ICHEP22_WEBSITE_BANNER-1-scaled-1-1024x192.jpg\" class=\"attachment-large size-large wp-image-5075\" alt=\"\" srcset=\"https:\/\/web.infn.it\/acceleratori\/wp-content\/uploads\/2024\/05\/ICHEP22_WEBSITE_BANNER-1-scaled-1-1024x192.jpg 1024w, https:\/\/web.infn.it\/acceleratori\/wp-content\/uploads\/2024\/05\/ICHEP22_WEBSITE_BANNER-1-scaled-1-300x56.jpg 300w, https:\/\/web.infn.it\/acceleratori\/wp-content\/uploads\/2024\/05\/ICHEP22_WEBSITE_BANNER-1-scaled-1-768x144.jpg 768w, https:\/\/web.infn.it\/acceleratori\/wp-content\/uploads\/2024\/05\/ICHEP22_WEBSITE_BANNER-1-scaled-1-1536x288.jpg 1536w, https:\/\/web.infn.it\/acceleratori\/wp-content\/uploads\/2024\/05\/ICHEP22_WEBSITE_BANNER-1-scaled-1-2048x384.jpg 2048w\" sizes=\"(max-width: 1024px) 100vw, 1024px\" \/>\t\t\t\t\t\t\t\t\t\t\t\t\t\t\t<\/div>\n\t\t\t\t<\/div>\n\t\t\t\t<div class=\"elementor-element elementor-element-4ac5641 elementor-widget elementor-widget-text-editor\" data-id=\"4ac5641\" data-element_type=\"widget\" data-e-type=\"widget\" data-widget_type=\"text-editor.default\">\n\t\t\t\t<div class=\"elementor-widget-container\">\n\t\t\t\t\t\t\t\t\t<p>ICHEP \u00e8 una serie di conferenze internazionali organizzate dalla commissione C11 dell&#8217;Unione Internazionale di Fisica Pura e Applicata (IUPAP). Si tiene ogni due anni da oltre 50 anni ed \u00e8 la conferenza di riferimento della fisica delle particelle in cui vengono presentati i risultati pi\u00f9 importanti. All&#8217;ICHEP si riuniscono fisici di tutto il mondo per condividere gli ultimi progressi della fisica delle particelle, dell&#8217;astrofisica\/cosmologia e della scienza degli acceleratori e per discutere i piani per le principali strutture future.<\/p><p><span style=\"color: #0000ff;\"><a style=\"color: #0000ff;\" href=\"https:\/\/www.ichep2022.it\/\">Link WORKSHOP<\/a><\/span>\u00a0<\/p>\t\t\t\t\t\t\t\t<\/div>\n\t\t\t\t<\/div>\n\t\t\t\t\t<\/div>\n\t\t\t\t<\/div>\n\t\t\t\t<div class=\"elementor-element elementor-element-03eb437 elementor-widget elementor-widget-heading\" data-id=\"03eb437\" data-element_type=\"widget\" data-e-type=\"widget\" data-widget_type=\"heading.default\">\n\t\t\t\t<div class=\"elementor-widget-container\">\n\t\t\t\t\t<h2 class=\"elementor-heading-title elementor-size-default\">12\u201315 Set 2022, ICFA Advanced Beam Dynamics Workshop, INFN-LNF<\/h2>\t\t\t\t<\/div>\n\t\t\t\t<\/div>\n\t\t\t\t<div class=\"elementor-element elementor-element-9bafb24 elementor-widget elementor-widget-image\" data-id=\"9bafb24\" data-element_type=\"widget\" data-e-type=\"widget\" data-widget_type=\"image.default\">\n\t\t\t\t<div class=\"elementor-widget-container\">\n\t\t\t\t\t\t\t\t\t\t\t\t\t\t\t<img loading=\"lazy\" decoding=\"async\" width=\"855\" height=\"187\" src=\"https:\/\/web.infn.it\/acceleratori\/wp-content\/uploads\/2024\/05\/aaaa.png\" class=\"attachment-large size-large wp-image-5074\" alt=\"\" srcset=\"https:\/\/web.infn.it\/acceleratori\/wp-content\/uploads\/2024\/05\/aaaa.png 855w, https:\/\/web.infn.it\/acceleratori\/wp-content\/uploads\/2024\/05\/aaaa-300x66.png 300w, https:\/\/web.infn.it\/acceleratori\/wp-content\/uploads\/2024\/05\/aaaa-768x168.png 768w\" sizes=\"(max-width: 855px) 100vw, 855px\" \/>\t\t\t\t\t\t\t\t\t\t\t\t\t\t\t<\/div>\n\t\t\t\t<\/div>\n\t\t\t\t<div class=\"elementor-element elementor-element-551920f elementor-widget elementor-widget-text-editor\" data-id=\"551920f\" data-element_type=\"widget\" data-e-type=\"widget\" data-widget_type=\"text-editor.default\">\n\t\t\t\t<div class=\"elementor-widget-container\">\n\t\t\t\t\t\t\t\t\t<p><strong>Il workshop si svolger\u00e0 presso l&#8217;INFN-LNF, Via Enrico Fermi, 54 &#8211; Frascati (Roma, Italia) dal 12 al 15 settembre 2022.<\/strong><\/p><p>I Laboratori Nazionali INFN di Frascati ospitano l&#8217;ICFA Advanced Beam Dynamics Workshop on High Luminosity Circular e+e- Colliders (eeFACT2022).<\/p><p>Il workshop \u00e8 organizzato nel contesto e con il patrocinio del Beam Dynamics Panel dell&#8217;ICFA e dell&#8217;European Network for Accelerator Performance and Concepts (APEC) finanziato dall&#8217;UE\/IFAST.<\/p><p>Scopo di eeFACT2022:<\/p><ul><li>Esaminare e documentare lo stato dell&#8217;arte della progettazione di fabbriche e+e-.<\/li><li>Esaminare e trarre insegnamenti dalla messa in funzione della fase 3 di SuperKEKB.<\/li><li>Catalizzare ulteriori contributi alle attivit\u00e0 di progettazione di SuperKEKB, FCC, CEPC e tau-charm.<\/li><li>Promuovere sinergie e nuove collaborazioni tra le comunit\u00e0, in particolare con sorgenti di luce a bassa emittanza e altri collisori (muoni, lineari, ioni elettronici) e tra i continenti.<\/li><li>Sviluppare congiuntamente nuove soluzioni ai problemi in sospeso.<\/li><\/ul><p><span style=\"color: #0000ff;\"><a style=\"color: #0000ff;\" href=\"https:\/\/agenda.infn.it\/event\/21199\/\">Link WORKSHOP<\/a><\/span>\u00a0<\/p>\t\t\t\t\t\t\t\t<\/div>\n\t\t\t\t<\/div>\n\t\t\t\t<\/div>\n\t\t\t\t\t<\/div>\n\t\t\t\t<\/div>\n\t\t<div class=\"elementor-element elementor-element-caa8769 e-flex e-con-boxed e-con e-parent\" data-id=\"caa8769\" data-element_type=\"container\" data-e-type=\"container\">\n\t\t\t\t\t<div class=\"e-con-inner\">\n\t\t\t\t\t<\/div>\n\t\t\t\t<\/div>\n\t\t\t\t<\/div>\n\t\t","protected":false},"excerpt":{"rendered":"<p>Workshop e Conferenze 8-11 Lug 2024, LCWS2024, Tokyo L&#8217;International Workshop on Future Linear Colliders (LCWS2024) si terr\u00e0 dall&#8217;8 all&#8217;11 luglio 2024 presso l&#8217;Hongo Campus dell&#8217;Universit\u00e0 di Tokyo. La scadenza per l&#8217;iscrizione anticipata \u00e8 stata prorogata al **31 maggio**.La quota di iscrizione aumenter\u00e0 dopo la scadenza, pertanto si prega di registrarsi entro tale data se si [&hellip;]<\/p>\n","protected":false},"author":3,"featured_media":0,"parent":0,"menu_order":0,"comment_status":"closed","ping_status":"closed","template":"","meta":{"_acf_changed":false,"site-sidebar-layout":"no-sidebar","site-content-layout":"page-builder","ast-site-content-layout":"full-width-container","site-content-style":"unboxed","site-sidebar-style":"unboxed","ast-global-header-display":"","ast-banner-title-visibility":"","ast-main-header-display":"","ast-hfb-above-header-display":"","ast-hfb-below-header-display":"","ast-hfb-mobile-header-display":"","site-post-title":"disabled","ast-breadcrumbs-content":"","ast-featured-img":"disabled","footer-sml-layout":"","ast-disable-related-posts":"","theme-transparent-header-meta":"enabled","adv-header-id-meta":"","stick-header-meta":"","header-above-stick-meta":"","header-main-stick-meta":"","header-below-stick-meta":"","astra-migrate-meta-layouts":"set","ast-page-background-enabled":"default","ast-page-background-meta":{"desktop":{"background-color":"","background-image":"","background-repeat":"repeat","background-position":"center center","background-size":"auto","background-attachment":"scroll","background-type":"","background-media":"","overlay-type":"","overlay-color":"","overlay-opacity":"","overlay-gradient":""},"tablet":{"background-color":"","background-image":"","background-repeat":"repeat","background-position":"center center","background-size":"auto","background-attachment":"scroll","background-type":"","background-media":"","overlay-type":"","overlay-color":"","overlay-opacity":"","overlay-gradient":""},"mobile":{"background-color":"","background-image":"","background-repeat":"repeat","background-position":"center center","background-size":"auto","background-attachment":"scroll","background-type":"","background-media":"","overlay-type":"","overlay-color":"","overlay-opacity":"","overlay-gradient":""}},"ast-content-background-meta":{"desktop":{"background-color":"var(--ast-global-color-5)","background-image":"","background-repeat":"repeat","background-position":"center center","background-size":"auto","background-attachment":"scroll","background-type":"","background-media":"","overlay-type":"","overlay-color":"","overlay-opacity":"","overlay-gradient":""},"tablet":{"background-color":"var(--ast-global-color-5)","background-image":"","background-repeat":"repeat","background-position":"center center","background-size":"auto","background-attachment":"scroll","background-type":"","background-media":"","overlay-type":"","overlay-color":"","overlay-opacity":"","overlay-gradient":""},"mobile":{"background-color":"var(--ast-global-color-5)","background-image":"","background-repeat":"repeat","background-position":"center center","background-size":"auto","background-attachment":"scroll","background-type":"","background-media":"","overlay-type":"","overlay-color":"","overlay-opacity":"","overlay-gradient":""}},"footnotes":""},"class_list":["post-4871","page","type-page","status-publish","hentry"],"acf":[],"_links":{"self":[{"href":"https:\/\/web.infn.it\/acceleratori\/wp-json\/wp\/v2\/pages\/4871","targetHints":{"allow":["GET"]}}],"collection":[{"href":"https:\/\/web.infn.it\/acceleratori\/wp-json\/wp\/v2\/pages"}],"about":[{"href":"https:\/\/web.infn.it\/acceleratori\/wp-json\/wp\/v2\/types\/page"}],"author":[{"embeddable":true,"href":"https:\/\/web.infn.it\/acceleratori\/wp-json\/wp\/v2\/users\/3"}],"replies":[{"embeddable":true,"href":"https:\/\/web.infn.it\/acceleratori\/wp-json\/wp\/v2\/comments?post=4871"}],"version-history":[{"count":17,"href":"https:\/\/web.infn.it\/acceleratori\/wp-json\/wp\/v2\/pages\/4871\/revisions"}],"predecessor-version":[{"id":5167,"href":"https:\/\/web.infn.it\/acceleratori\/wp-json\/wp\/v2\/pages\/4871\/revisions\/5167"}],"wp:attachment":[{"href":"https:\/\/web.infn.it\/acceleratori\/wp-json\/wp\/v2\/media?parent=4871"}],"curies":[{"name":"wp","href":"https:\/\/api.w.org\/{rel}","templated":true}]}}