{"id":5950,"date":"2024-11-28T12:23:51","date_gmt":"2024-11-28T11:23:51","guid":{"rendered":"https:\/\/web.infn.it\/acceleratori\/?page_id=5950"},"modified":"2024-12-02T12:55:18","modified_gmt":"2024-12-02T11:55:18","slug":"infn_lns","status":"publish","type":"page","link":"https:\/\/web.infn.it\/acceleratori\/strutture\/infn_lns\/","title":{"rendered":"INFN &#8211; Laboratori Nazionali del Sud"},"content":{"rendered":"\t\t<div data-elementor-type=\"wp-post\" data-elementor-id=\"5950\" class=\"elementor elementor-5950\">\n\t\t\t\t<div class=\"elementor-element elementor-element-79b68a0 e-flex e-con-boxed e-con e-parent\" data-id=\"79b68a0\" data-element_type=\"container\" data-e-type=\"container\" data-settings=\"{&quot;background_background&quot;:&quot;video&quot;,&quot;background_video_link&quot;:&quot;https:\\\/\\\/pandora.infn.it\\\/public\\\/?secure_token=VVNq5719zBNidFKdscRE0xSwAVgitwBo&amp;minisite_session=5747ce&amp;get_action=read_video_data&amp;file=%2FINFN_ACCELERATORI_ENTRO.mp4&quot;,&quot;background_play_on_mobile&quot;:&quot;yes&quot;}\">\n\t\t\t\t\t<div class=\"e-con-inner\">\n\t\t<div class=\"elementor-background-video-container\">\n\t\t\t\t\t\t\t<video class=\"elementor-background-video-hosted\" role=\"presentation\" autoplay muted playsinline loop><\/video>\n\t\t\t\t\t<\/div><div class=\"elementor-element elementor-element-991f51b e-con-full e-flex e-con e-child\" data-id=\"991f51b\" data-element_type=\"container\" data-e-type=\"container\">\n\t\t\t\t<div class=\"elementor-element elementor-element-61a32d0 elementor-widget elementor-widget-heading\" data-id=\"61a32d0\" data-element_type=\"widget\" data-e-type=\"widget\" data-widget_type=\"heading.default\">\n\t\t\t\t<div class=\"elementor-widget-container\">\n\t\t\t\t\t<h1 class=\"elementor-heading-title elementor-size-default\">INFN - Laboratori Nazionali del Sud<\/h1>\t\t\t\t<\/div>\n\t\t\t\t<\/div>\n\t\t\t\t<\/div>\n\t\t\t\t\t<\/div>\n\t\t\t\t<\/div>\n\t\t<div class=\"elementor-element elementor-element-6cb933a e-flex e-con-boxed e-con e-parent\" data-id=\"6cb933a\" data-element_type=\"container\" data-e-type=\"container\">\n\t\t\t\t\t<div class=\"e-con-inner\">\n\t\t<div class=\"elementor-element elementor-element-63ae70c e-con-full e-flex e-con e-child\" data-id=\"63ae70c\" data-element_type=\"container\" data-e-type=\"container\">\n\t\t\t\t<div class=\"elementor-element elementor-element-92b1970 elementor-widget elementor-widget-heading\" data-id=\"92b1970\" data-element_type=\"widget\" data-e-type=\"widget\" data-widget_type=\"heading.default\">\n\t\t\t\t<div class=\"elementor-widget-container\">\n\t\t\t\t\t<h2 class=\"elementor-heading-title elementor-size-default\">Introduzione<\/h2>\t\t\t\t<\/div>\n\t\t\t\t<\/div>\n\t\t\t\t<\/div>\n\t\t<div class=\"elementor-element elementor-element-6088492 e-con-full e-flex e-con e-child\" data-id=\"6088492\" data-element_type=\"container\" data-e-type=\"container\">\n\t\t\t\t<div class=\"elementor-element elementor-element-1696130 elementor-widget elementor-widget-text-editor\" data-id=\"1696130\" data-element_type=\"widget\" data-e-type=\"widget\" data-widget_type=\"text-editor.default\">\n\t\t\t\t<div class=\"elementor-widget-container\">\n\t\t\t\t\t\t\t\t\t<p>I Laboratori Nazionali del Sud (LNS), istituiti nel 1976, sono uno dei quattro laboratori nazionali dell&#8217;Istituto Nazionale di Fisica Nucleare (INFN). Le attivit\u00e0 svolte presso LNS sono focalizzate principalmente alla ricerca di base nei settori della Fisica Nucleare, Astrofisica Nucleare e Particellare, includendo la ricerca applicata, con particolare riguardo alla Fisica degli acceleratori, alla Fisica dei plasmi, alla Fisica nucleare applicata alla medicina, alla biologia e ai beni culturali, nonch\u00e9 al monitoraggio ambientale e delle scorie radioattive.<\/p><p>I LNS dispongono di due acceleratori: un Tandem Van de Graaff avente una tensione massima al terminale di 15 MV e un Ciclotrone Superconduttore (CS) K800, compatto e dotato di bobine superconduttrici che operano a 4,2 K in elio liquido, in grado di generare un campo magnetico fino a 4,8 Tesla. Questi acceleratori permettono di produrre e accelerare fasci di ioni pesanti su un ampio range di massa (dall&#8217;idrogeno al piombo) ed energia (1-80 MeV\/u), consentendo di studiare le propriet\u00e0 della materia nucleare attraverso varie reazioni. Inoltre, con il metodo della frammentazione in volo, \u00e8 possibile produrre fasci di ioni radioattivi. Attualmente \u00e8 in corso un piano di upgrade del CS (progetto POTLNS) che prevede un incremento della potenza di fascio di 2 ordini di grandezza rispetto al valore massimo attuale.<\/p><p>Le ricerche sulla materia nucleare vengono condotte utilizzando grandi apparati di rivelazione come CHIMERA e MAGNEX, oltre a strumentazioni dedicate installate nelle sale sperimentali disegnate per accogliere l\u2019attivit\u00e0 di ricerca svolta da utenti esterni. E\u2019 in fase di costruzione una nuova facility multidisciplinare denominata PANDORA, consistente in una\u00a0 innovativa trappola magnetica per plasmi, con l&#8217;obiettivo principale di misurare i decadimenti radioattivi rilevanti per la nucleosintesi stellare degli elementi chimici.\u00a0 Anche la Fisica Teorica trova ampio spazio in questi ambiti. Nel campo dell\u2019Astrofisica Particellare, i LNS sono parte dell\u2019infrastruttura sottomarina KM3NeT (Cubic Kilometre Neutrino Telescope), dedicata alla rilevazione di neutrini ad alta energia provenienti da sorgenti galattiche ed extragalattiche.<\/p><p>Per quanto riguarda la fisica applicata alla medicina, i LNS collaborano con il Policlinico Universitario di Catania, ospitando CATANA (Centro di Adroterapia e Applicazioni Nucleari Avanzate), una sala dedicata al trattamento dei melanomi e delle patologie oculari che utilizza fasci di protoni generati dal ciclotrone superconduttore.<\/p><p>Presso i LNS inoltre sono operativi altri laboratori: LANDIS\u00a0 (Laboratorio di Analisi Non Distruttive In Situ per i beni culturali), LARA, un laboratorio per la radioattivit\u00e0 ambientale e altri dedicati a studi multidisciplinari, quali fotonica, biologia e chimica. Infine, \u00e8 attualmente in fase di costruzione la facility I-LUCE (INFN-Laser Induced Radiation Production), finanziata da fondi PNRR (Piano Nazionale di Ripresa e Resilienza), che ospiter\u00e0 un laser avente una potenza pari a 350 TW (23 fs), progettato per accelerare ioni ed elettroni mediante la tecnica di accelerazione laser-target. Questa facility sar\u00e0 aperta a ricercatori e utenti esterni per svolgere attivit\u00e0 di ricerca all\u2019avanguardia sui plasmi e sull&#8217;accelerazione laser-plasma.<\/p><p>La sede principale dei LNS si trova in via S. Sofia 62, Catania, dove sono collocati acceleratori, sorgenti di ioni, linee di fascio, apparati sperimentali, laboratori e impianti tecnologici, oltre agli uffici e ai servizi amministrativi. I Laboratori sono, inoltre corredati di altre due sedi distaccate: una al porto di Catania, adibita al montaggio e alla gestione di componenti dell\u2019infrastruttura KM3NeT, e un&#8217;altra a Portopalo di Capo Passero, sede per l&#8217;acquisizione dei dati dai rivelatori sottomarini connessi alla terra tramite cavo elettro-ottico.<\/p>\t\t\t\t\t\t\t\t<\/div>\n\t\t\t\t<\/div>\n\t\t\t\t<div class=\"elementor-element elementor-element-b820ddd elementor-widget elementor-widget-heading\" data-id=\"b820ddd\" data-element_type=\"widget\" data-e-type=\"widget\" data-widget_type=\"heading.default\">\n\t\t\t\t<div class=\"elementor-widget-container\">\n\t\t\t\t\t<h2 class=\"elementor-heading-title elementor-size-default\">Infrastrutture basate su acceleratori:<\/h2>\t\t\t\t<\/div>\n\t\t\t\t<\/div>\n\t\t\t\t<div class=\"elementor-element elementor-element-3188d2c elementor-widget elementor-widget-text-editor\" data-id=\"3188d2c\" data-element_type=\"widget\" data-e-type=\"widget\" data-widget_type=\"text-editor.default\">\n\t\t\t\t<div class=\"elementor-widget-container\">\n\t\t\t\t\t\t\t\t\t<ul><li>CATANA<\/li><li>CHIMERA<\/li><li>MAGNEX<\/li><\/ul>\t\t\t\t\t\t\t\t<\/div>\n\t\t\t\t<\/div>\n\t\t\t\t<div class=\"elementor-element elementor-element-9f89338 elementor-widget elementor-widget-heading\" data-id=\"9f89338\" data-element_type=\"widget\" data-e-type=\"widget\" data-widget_type=\"heading.default\">\n\t\t\t\t<div class=\"elementor-widget-container\">\n\t\t\t\t\t<h2 class=\"elementor-heading-title elementor-size-default\">Progetti Nazionali<\/h2>\t\t\t\t<\/div>\n\t\t\t\t<\/div>\n\t\t\t\t<div class=\"elementor-element elementor-element-9fa85b5 elementor-widget elementor-widget-text-editor\" data-id=\"9fa85b5\" data-element_type=\"widget\" data-e-type=\"widget\" data-widget_type=\"text-editor.default\">\n\t\t\t\t<div class=\"elementor-widget-container\">\n\t\t\t\t\t\t\t\t\t<ul><li>I-LUCE<\/li><li>POTLNS<\/li><\/ul>\t\t\t\t\t\t\t\t<\/div>\n\t\t\t\t<\/div>\n\t\t\t\t<div class=\"elementor-element elementor-element-8d038c3 elementor-widget elementor-widget-heading\" data-id=\"8d038c3\" data-element_type=\"widget\" data-e-type=\"widget\" data-widget_type=\"heading.default\">\n\t\t\t\t<div class=\"elementor-widget-container\">\n\t\t\t\t\t<h2 class=\"elementor-heading-title elementor-size-default\">Progetti PNRR<\/h2>\t\t\t\t<\/div>\n\t\t\t\t<\/div>\n\t\t\t\t<div class=\"elementor-element elementor-element-95fe78f elementor-widget elementor-widget-text-editor\" data-id=\"95fe78f\" data-element_type=\"widget\" data-e-type=\"widget\" data-widget_type=\"text-editor.default\">\n\t\t\t\t<div class=\"elementor-widget-container\">\n\t\t\t\t\t\t\t\t\t<ul><li>ANTHEM<\/li><li>EUAPS<\/li><li>KM3NeT4R<\/li><li>SAMOTHRACE<\/li><li>NQSTI<\/li><\/ul>\t\t\t\t\t\t\t\t<\/div>\n\t\t\t\t<\/div>\n\t\t\t\t<div class=\"elementor-element elementor-element-75c66c0 elementor-widget elementor-widget-heading\" data-id=\"75c66c0\" data-element_type=\"widget\" data-e-type=\"widget\" data-widget_type=\"heading.default\">\n\t\t\t\t<div class=\"elementor-widget-container\">\n\t\t\t\t\t<h2 class=\"elementor-heading-title elementor-size-default\">Progetti\/Collaborazioni Internazionali <\/h2>\t\t\t\t<\/div>\n\t\t\t\t<\/div>\n\t\t\t\t<div class=\"elementor-element elementor-element-2ff94f4 elementor-widget elementor-widget-text-editor\" data-id=\"2ff94f4\" data-element_type=\"widget\" data-e-type=\"widget\" data-widget_type=\"text-editor.default\">\n\t\t\t\t<div class=\"elementor-widget-container\">\n\t\t\t\t\t\t\t\t\t<ul><li>KM3NET<\/li><li>PANDORA<\/li><li>NUMEN<\/li><li>n_TOF<\/li><li>ASFIN<\/li><\/ul>\t\t\t\t\t\t\t\t<\/div>\n\t\t\t\t<\/div>\n\t\t\t\t<div class=\"elementor-element elementor-element-9192d1b elementor-widget elementor-widget-heading\" data-id=\"9192d1b\" data-element_type=\"widget\" data-e-type=\"widget\" data-widget_type=\"heading.default\">\n\t\t\t\t<div class=\"elementor-widget-container\">\n\t\t\t\t\t<h2 class=\"elementor-heading-title elementor-size-default\">Progetti EU<\/h2>\t\t\t\t<\/div>\n\t\t\t\t<\/div>\n\t\t\t\t<div class=\"elementor-element elementor-element-507dc5a elementor-widget elementor-widget-text-editor\" data-id=\"507dc5a\" data-element_type=\"widget\" data-e-type=\"widget\" data-widget_type=\"text-editor.default\">\n\t\t\t\t<div class=\"elementor-widget-container\">\n\t\t\t\t\t\t\t\t\t<ul><li>EUROLABs<\/li><li>PROBONO<\/li><\/ul>\t\t\t\t\t\t\t\t<\/div>\n\t\t\t\t<\/div>\n\t\t\t\t<div class=\"elementor-element elementor-element-877197b elementor-widget elementor-widget-heading\" data-id=\"877197b\" data-element_type=\"widget\" data-e-type=\"widget\" data-widget_type=\"heading.default\">\n\t\t\t\t<div class=\"elementor-widget-container\">\n\t\t\t\t\t<h2 class=\"elementor-heading-title elementor-size-default\">Progetti INFN CSN5<\/h2>\t\t\t\t<\/div>\n\t\t\t\t<\/div>\n\t\t\t\t<div class=\"elementor-element elementor-element-cbe7089 elementor-widget elementor-widget-text-editor\" data-id=\"cbe7089\" data-element_type=\"widget\" data-e-type=\"widget\" data-widget_type=\"text-editor.default\">\n\t\t\t\t<div class=\"elementor-widget-container\">\n\t\t\t\t\t\t\t\t\t<ul><li>FUSION<\/li><li>MICRON<\/li><li>IONS<\/li><li>HSMDIS<\/li><\/ul>\t\t\t\t\t\t\t\t<\/div>\n\t\t\t\t<\/div>\n\t\t\t\t<div class=\"elementor-element elementor-element-34b18ef elementor-widget elementor-widget-heading\" data-id=\"34b18ef\" data-element_type=\"widget\" data-e-type=\"widget\" data-widget_type=\"heading.default\">\n\t\t\t\t<div class=\"elementor-widget-container\">\n\t\t\t\t\t<h2 class=\"elementor-heading-title elementor-size-default\">PRINCIPALI COMPETENZE SPECIFICHE<\/h2>\t\t\t\t<\/div>\n\t\t\t\t<\/div>\n\t\t\t\t<div class=\"elementor-element elementor-element-354a567 elementor-widget elementor-widget-text-editor\" data-id=\"354a567\" data-element_type=\"widget\" data-e-type=\"widget\" data-widget_type=\"text-editor.default\">\n\t\t\t\t<div class=\"elementor-widget-container\">\n\t\t\t\t\t\t\t\t\t<ul><li><ul><li>Progettazione, realizzazione e test di strutture a Radiofrequenza a temperatura ambiente;<\/li><li>Progettazione, realizzazione e caratterizzazione sperimentali di magneti;<\/li><li>Tecnologia dei sistemi da vuoto;<\/li><li>Progettazione, costruzione, realizzazione, installazione, metrologia ed allineamento di componenti meccanici per acceleratori;<\/li><li>Progettazione, costruzione, realizzazione, installazione di Sorgenti Ioniche<\/li><li>Utilizzo di strumentazione a microonde per le linee di iniezione di potenza in cavit\u00e0 RF<\/li><li>Progettazione strutture Acceleranti ad alto gradiente metalliche e dielettriche<\/li><li>Accelerazione di particelle cariche mediante interazione laser-target<\/li><li>Caratterizzazione di apparati RF di potenza<\/li><li>Elettronica analogica low frequency<\/li><li>Low energy\/low intensity e RIBs beam diagnostics<\/li><li>Produzione e trasporto di fasci di protoni per protonterapia<\/li><li>Produzione di fasci radioattivi per frammentazione in-flight<\/li><li>Disegno di ciclotroni ad alta intensit\u00e0<\/li><li>Simulazione di plasma<\/li><li>Simulazione accelerazione ed estrazione di fasci interno dei ciclotroni<\/li><li>Ottimizzazione sistemi complessi mediante algoritmi genetici, predictive optimization e reti neurali<\/li><li>Operazione e conduzione di tandem e ciclotroni<\/li><li>Fusione nucleare a confinamento magnetico e inerziale<\/li><\/ul><\/li><\/ul>\t\t\t\t\t\t\t\t<\/div>\n\t\t\t\t<\/div>\n\t\t\t\t<div class=\"elementor-element elementor-element-b190a0f elementor-widget elementor-widget-text-editor\" data-id=\"b190a0f\" data-element_type=\"widget\" data-e-type=\"widget\" data-widget_type=\"text-editor.default\">\n\t\t\t\t<div class=\"elementor-widget-container\">\n\t\t\t\t\t\t\t\t\t<p><strong>Contact Person:<\/strong> <a href=\"mailto:giada.petringa@lns.infn.it\">Giada.Petringa@lns.infn.it<\/a>, <a href=\"mailto:giuseppe.torrisi@lns.infn.it\">Giuseppe.Torrisi@lns.infn.it<\/a><\/p>\t\t\t\t\t\t\t\t<\/div>\n\t\t\t\t<\/div>\n\t\t\t\t<\/div>\n\t\t\t\t\t<\/div>\n\t\t\t\t<\/div>\n\t\t\t\t<\/div>\n\t\t","protected":false},"excerpt":{"rendered":"<p>INFN &#8211; Laboratori Nazionali del Sud Introduzione I Laboratori Nazionali del Sud (LNS), istituiti nel 1976, sono uno dei quattro laboratori nazionali dell&#8217;Istituto Nazionale di Fisica Nucleare (INFN). Le attivit\u00e0 svolte presso LNS sono focalizzate principalmente alla ricerca di base nei settori della Fisica Nucleare, Astrofisica Nucleare e Particellare, includendo la ricerca applicata, con particolare [&hellip;]<\/p>\n","protected":false},"author":5,"featured_media":0,"parent":4410,"menu_order":0,"comment_status":"closed","ping_status":"closed","template":"","meta":{"_acf_changed":false,"site-sidebar-layout":"no-sidebar","site-content-layout":"page-builder","ast-site-content-layout":"full-width-container","site-content-style":"unboxed","site-sidebar-style":"unboxed","ast-global-header-display":"","ast-banner-title-visibility":"","ast-main-header-display":"","ast-hfb-above-header-display":"","ast-hfb-below-header-display":"","ast-hfb-mobile-header-display":"","site-post-title":"disabled","ast-breadcrumbs-content":"","ast-featured-img":"disabled","footer-sml-layout":"","ast-disable-related-posts":"","theme-transparent-header-meta":"enabled","adv-header-id-meta":"","stick-header-meta":"","header-above-stick-meta":"","header-main-stick-meta":"","header-below-stick-meta":"","astra-migrate-meta-layouts":"set","ast-page-background-enabled":"default","ast-page-background-meta":{"desktop":{"background-color":"","background-image":"","background-repeat":"repeat","background-position":"center center","background-size":"auto","background-attachment":"scroll","background-type":"","background-media":"","overlay-type":"","overlay-color":"","overlay-opacity":"","overlay-gradient":""},"tablet":{"background-color":"","background-image":"","background-repeat":"repeat","background-position":"center center","background-size":"auto","background-attachment":"scroll","background-type":"","background-media":"","overlay-type":"","overlay-color":"","overlay-opacity":"","overlay-gradient":""},"mobile":{"background-color":"","background-image":"","background-repeat":"repeat","background-position":"center center","background-size":"auto","background-attachment":"scroll","background-type":"","background-media":"","overlay-type":"","overlay-color":"","overlay-opacity":"","overlay-gradient":""}},"ast-content-background-meta":{"desktop":{"background-color":"var(--ast-global-color-5)","background-image":"","background-repeat":"repeat","background-position":"center center","background-size":"auto","background-attachment":"scroll","background-type":"","background-media":"","overlay-type":"","overlay-color":"","overlay-opacity":"","overlay-gradient":""},"tablet":{"background-color":"var(--ast-global-color-5)","background-image":"","background-repeat":"repeat","background-position":"center center","background-size":"auto","background-attachment":"scroll","background-type":"","background-media":"","overlay-type":"","overlay-color":"","overlay-opacity":"","overlay-gradient":""},"mobile":{"background-color":"var(--ast-global-color-5)","background-image":"","background-repeat":"repeat","background-position":"center center","background-size":"auto","background-attachment":"scroll","background-type":"","background-media":"","overlay-type":"","overlay-color":"","overlay-opacity":"","overlay-gradient":""}},"footnotes":""},"class_list":["post-5950","page","type-page","status-publish","hentry"],"acf":[],"_links":{"self":[{"href":"https:\/\/web.infn.it\/acceleratori\/wp-json\/wp\/v2\/pages\/5950","targetHints":{"allow":["GET"]}}],"collection":[{"href":"https:\/\/web.infn.it\/acceleratori\/wp-json\/wp\/v2\/pages"}],"about":[{"href":"https:\/\/web.infn.it\/acceleratori\/wp-json\/wp\/v2\/types\/page"}],"author":[{"embeddable":true,"href":"https:\/\/web.infn.it\/acceleratori\/wp-json\/wp\/v2\/users\/5"}],"replies":[{"embeddable":true,"href":"https:\/\/web.infn.it\/acceleratori\/wp-json\/wp\/v2\/comments?post=5950"}],"version-history":[{"count":12,"href":"https:\/\/web.infn.it\/acceleratori\/wp-json\/wp\/v2\/pages\/5950\/revisions"}],"predecessor-version":[{"id":5968,"href":"https:\/\/web.infn.it\/acceleratori\/wp-json\/wp\/v2\/pages\/5950\/revisions\/5968"}],"up":[{"embeddable":true,"href":"https:\/\/web.infn.it\/acceleratori\/wp-json\/wp\/v2\/pages\/4410"}],"wp:attachment":[{"href":"https:\/\/web.infn.it\/acceleratori\/wp-json\/wp\/v2\/media?parent=5950"}],"curies":[{"name":"wp","href":"https:\/\/api.w.org\/{rel}","templated":true}]}}