{"id":1523,"date":"2025-12-16T13:56:08","date_gmt":"2025-12-16T12:56:08","guid":{"rendered":"https:\/\/web.infn.it\/convegnonazionalesirr2026\/?page_id=1523"},"modified":"2025-12-16T13:57:40","modified_gmt":"2025-12-16T12:57:40","slug":"lettera-del-presidente-sirr","status":"publish","type":"page","link":"https:\/\/web.infn.it\/convegnonazionalesirr2026\/lettera-del-presidente-sirr\/","title":{"rendered":"Lettera del Presidente SIRR"},"content":{"rendered":"\t\t<div data-elementor-type=\"wp-page\" data-elementor-id=\"1523\" class=\"elementor elementor-1523\">\n\t\t\t\t<div class=\"elementor-element elementor-element-5ef7019 e-flex e-con-boxed e-con e-parent\" data-id=\"5ef7019\" data-element_type=\"container\" data-e-type=\"container\" data-settings=\"{&quot;background_background&quot;:&quot;classic&quot;}\">\n\t\t\t\t\t<div class=\"e-con-inner\">\n\t\t\t\t<div class=\"elementor-element elementor-element-5810600 elementor-widget elementor-widget-heading\" data-id=\"5810600\" data-element_type=\"widget\" data-e-type=\"widget\" data-widget_type=\"heading.default\">\n\t\t\t\t<div class=\"elementor-widget-container\">\n\t\t\t\t\t<h1 class=\"elementor-heading-title elementor-size-default\">Lettera del Presidente SIRR<\/h1>\t\t\t\t<\/div>\n\t\t\t\t<\/div>\n\t\t\t\t<div class=\"elementor-element elementor-element-de75431 elementor-widget elementor-widget-text-editor\" data-id=\"de75431\" data-element_type=\"widget\" data-e-type=\"widget\" data-widget_type=\"text-editor.default\">\n\t\t\t\t<div class=\"elementor-widget-container\">\n\t\t\t\t\t\t\t\t\t<p>XXII Convegno Nazionale SIRR 2026<\/p>\t\t\t\t\t\t\t\t<\/div>\n\t\t\t\t<\/div>\n\t\t\t\t\t<\/div>\n\t\t\t\t<\/div>\n\t\t<div class=\"elementor-element elementor-element-892fc5f e-grid e-con-boxed e-con e-parent\" data-id=\"892fc5f\" data-element_type=\"container\" data-e-type=\"container\">\n\t\t\t\t\t<div class=\"e-con-inner\">\n\t\t<div class=\"elementor-element elementor-element-ffc8f79 e-con-full e-flex e-con e-child\" data-id=\"ffc8f79\" data-element_type=\"container\" data-e-type=\"container\">\n\t\t\t\t<div class=\"elementor-element elementor-element-5ffc9f4 elementor-widget elementor-widget-text-editor\" data-id=\"5ffc9f4\" data-element_type=\"widget\" data-e-type=\"widget\" data-widget_type=\"text-editor.default\">\n\t\t\t\t<div class=\"elementor-widget-container\">\n\t\t\t\t\t\t\t\t\t<h5><b>Presentazione della Presidente SIRR<\/b><\/h5><p><span style=\"font-weight: 400;\">Care Socie e cari Soci,<\/span><span style=\"font-weight: 400;\"><br \/><\/span><span style=\"font-weight: 400;\">Gentili colleghe e colleghi,<\/span><\/p><p><span style=\"font-weight: 400;\">lo studio delle radiazioni rappresenta un tema di grande rilevanza scientifica e sociale, che tocca ambiti come la fisica, la biologia, la medicina, la radioprotezione e le applicazioni tecnologiche.<\/span><span style=\"font-weight: 400;\"><br \/><\/span><span style=\"font-weight: 400;\">La SIRR \u00e8 una comunit\u00e0 ancora piccola, ma il tema che ci unisce \u00e8 enorme, e per questo \u00e8 fondamentale sostenere la crescita della nostra societ\u00e0, favorire la collaborazione tra ricercatori e valorizzare il lavoro che ciascuno di noi svolge nel campo delle radiazioni.\u00a0<\/span><\/p><p><span style=\"font-weight: 400;\">\u00c8 in questo spirito che vi presento la prossima edizione del Congresso Nazionale SIRR, un momento di incontro e confronto scientifico tra fisici, biologi, medici, chimici e ingegneri. Il congresso si svolger\u00e0 <\/span><b>presso i Laboratori Nazionali di Frascati dell\u2019INFN,<\/b><span style=\"font-weight: 400;\"> una sede prestigiosa resa possibile dal recente <\/span><b>Accordo Quadro tra SIRR e INFN<\/b><span style=\"font-weight: 400;\">, che unisce competenze, infrastrutture e visioni complementari per accelerare ricerca, formazione e trasferimento di conoscenze nel campo delle radiazioni, ionizzanti e non. A fare da cornice al congresso sar\u00e0 inoltre la cittadina di Frascati, una cittadina che incanta per la sua atmosfera serena e per il patrimonio storico e naturalistico dei Castelli Romani. Tra eleganti ville seicentesche, vigneti e scorci panoramici, il territorio offrir\u00e0 una cornice ideale al nostro incontro.<\/span><\/p><p><span style=\"font-weight: 400;\">Il programma scientifico affronter\u00e0 quattro aree principali:<\/span><\/p><ol><li style=\"font-weight: 400;\" aria-level=\"1\"><span style=\"font-weight: 400;\">Radioprotezione: dai contesti convenzionali alle applicazioni spaziali<\/span><\/li><li style=\"font-weight: 400;\" aria-level=\"1\"><span style=\"font-weight: 400;\">Radiazioni e sistemi biologici: meccanismi ed effetti molecolari<\/span><\/li><li style=\"font-weight: 400;\" aria-level=\"1\"><span style=\"font-weight: 400;\">Radiazioni in ambito medico: dalla diagnosi alla terapia<\/span><\/li><li style=\"font-weight: 400;\" aria-level=\"1\"><span style=\"font-weight: 400;\">Nuove frontiere della radioterapia: tecnologie avanzate e prospettive cliniche<\/span><\/li><\/ol><p><span style=\"font-weight: 400;\">L\u2019edizione di quest\u2019anno sar\u00e0 arricchita dalla presenza di invited speaker di altissimo livello scientifico, sia nazionali che internazionali, che offriranno contributi preziosi per approfondire e stimolare nuove collaborazioni. Tra i momenti pi\u00f9 significativi del congresso ci sar\u00e0 la visita guidata al centro INFN di Frascati, con accesso a <\/span><b>DA\u03a6NE<\/b><span style=\"font-weight: 400;\">, uno degli acceleratori di particelle di punta della ricerca italiana.<\/span><span style=\"font-weight: 400;\"><br \/><\/span><span style=\"font-weight: 400;\">Sar\u00e0 inoltre possibile partecipare a una visita <\/span><b>all\u2019Abbazia di San Nilo \u2013 Monastero Esarchico di Santa Maria di Grottaferrata<\/b><span style=\"font-weight: 400;\">, seguita dalla <\/span><b>cena sociale<\/b><span style=\"font-weight: 400;\">, momenti preziosi per consolidare relazioni e favorire lo scambio di idee.<\/span><\/p><p><span style=\"font-weight: 400;\">Particolare attenzione sar\u00e0 dedicata ai giovani ricercatori, dottorandi e specializzandi, che avranno spazi dedicati per presentare i propri contributi e confrontarsi con esperti e colleghi.<\/span><\/p><p><span style=\"font-weight: 400;\">Vi invito dunque a partecipare attivamente, a condividere le vostre esperienze e a contribuire alla crescita della nostra comunit\u00e0 scientifica, un piccolo gruppo con un tema di grande rilevanza per la scienza e la societ\u00e0, facendo di questo congresso un\u2019occasione importante per condividere conoscenze e costruire nuove prospettive nella ricerca sulle radiazioni. Sar\u00e0 un piacere incontrarvi per vivere insieme un congresso ricco di contenuti, stimoli e opportunit\u00e0.<\/span><\/p><p><b>Antonella Sgura<\/b><span style=\"font-weight: 400;\">\u00a0<\/span><\/p><p><span style=\"font-weight: 400;\">Presidente Societ\u00e0 Italiana per le Ricerche sulle Radiazioni (SIRR)<\/span><\/p>\t\t\t\t\t\t\t\t<\/div>\n\t\t\t\t<\/div>\n\t\t\t\t<\/div>\n\t\t\t\t\t<\/div>\n\t\t\t\t<\/div>\n\t\t\t\t<\/div>\n\t\t","protected":false},"excerpt":{"rendered":"<p>Lettera del Presidente SIRR XXII Convegno Nazionale SIRR 2026 Presentazione della Presidente SIRR Care Socie e cari Soci,Gentili colleghe e [&hellip;]<\/p>\n","protected":false},"author":2,"featured_media":0,"parent":0,"menu_order":0,"comment_status":"closed","ping_status":"closed","template":"","meta":{"site-sidebar-layout":"no-sidebar","site-content-layout":"","ast-site-content-layout":"full-width-container","site-content-style":"unboxed","site-sidebar-style":"unboxed","ast-global-header-display":"","ast-banner-title-visibility":"","ast-main-header-display":"","ast-hfb-above-header-display":"","ast-hfb-below-header-display":"","ast-hfb-mobile-header-display":"","site-post-title":"disabled","ast-breadcrumbs-content":"","ast-featured-img":"disabled","footer-sml-layout":"","ast-disable-related-posts":"","theme-transparent-header-meta":"enabled","adv-header-id-meta":"","stick-header-meta":"","header-above-stick-meta":"","header-main-stick-meta":"","header-below-stick-meta":"","astra-migrate-meta-layouts":"default","ast-page-background-enabled":"default","ast-page-background-meta":{"desktop":{"background-color":"var(--ast-global-color-4)","background-image":"","background-repeat":"repeat","background-position":"center center","background-size":"auto","background-attachment":"scroll","background-type":"","background-media":"","overlay-type":"","overlay-color":"","overlay-opacity":"","overlay-gradient":""},"tablet":{"background-color":"","background-image":"","background-repeat":"repeat","background-position":"center center","background-size":"auto","background-attachment":"scroll","background-type":"","background-media":"","overlay-type":"","overlay-color":"","overlay-opacity":"","overlay-gradient":""},"mobile":{"background-color":"","background-image":"","background-repeat":"repeat","background-position":"center center","background-size":"auto","background-attachment":"scroll","background-type":"","background-media":"","overlay-type":"","overlay-color":"","overlay-opacity":"","overlay-gradient":""}},"ast-content-background-meta":{"desktop":{"background-color":"var(--ast-global-color-5)","background-image":"","background-repeat":"repeat","background-position":"center center","background-size":"auto","background-attachment":"scroll","background-type":"","background-media":"","overlay-type":"","overlay-color":"","overlay-opacity":"","overlay-gradient":""},"tablet":{"background-color":"var(--ast-global-color-5)","background-image":"","background-repeat":"repeat","background-position":"center center","background-size":"auto","background-attachment":"scroll","background-type":"","background-media":"","overlay-type":"","overlay-color":"","overlay-opacity":"","overlay-gradient":""},"mobile":{"background-color":"var(--ast-global-color-5)","background-image":"","background-repeat":"repeat","background-position":"center center","background-size":"auto","background-attachment":"scroll","background-type":"","background-media":"","overlay-type":"","overlay-color":"","overlay-opacity":"","overlay-gradient":""}},"footnotes":""},"class_list":["post-1523","page","type-page","status-publish","hentry"],"_links":{"self":[{"href":"https:\/\/web.infn.it\/convegnonazionalesirr2026\/wp-json\/wp\/v2\/pages\/1523","targetHints":{"allow":["GET"]}}],"collection":[{"href":"https:\/\/web.infn.it\/convegnonazionalesirr2026\/wp-json\/wp\/v2\/pages"}],"about":[{"href":"https:\/\/web.infn.it\/convegnonazionalesirr2026\/wp-json\/wp\/v2\/types\/page"}],"author":[{"embeddable":true,"href":"https:\/\/web.infn.it\/convegnonazionalesirr2026\/wp-json\/wp\/v2\/users\/2"}],"replies":[{"embeddable":true,"href":"https:\/\/web.infn.it\/convegnonazionalesirr2026\/wp-json\/wp\/v2\/comments?post=1523"}],"version-history":[{"count":4,"href":"https:\/\/web.infn.it\/convegnonazionalesirr2026\/wp-json\/wp\/v2\/pages\/1523\/revisions"}],"predecessor-version":[{"id":1527,"href":"https:\/\/web.infn.it\/convegnonazionalesirr2026\/wp-json\/wp\/v2\/pages\/1523\/revisions\/1527"}],"wp:attachment":[{"href":"https:\/\/web.infn.it\/convegnonazionalesirr2026\/wp-json\/wp\/v2\/media?parent=1523"}],"curies":[{"name":"wp","href":"https:\/\/api.w.org\/{rel}","templated":true}]}}