{"id":16,"date":"2025-11-06T15:09:53","date_gmt":"2025-11-06T14:09:53","guid":{"rendered":"https:\/\/web.infn.it\/convegnonazionalesirr2026\/about\/"},"modified":"2026-03-24T13:51:25","modified_gmt":"2026-03-24T12:51:25","slug":"come-far-parte-della-sirr","status":"publish","type":"page","link":"https:\/\/web.infn.it\/convegnonazionalesirr2026\/come-far-parte-della-sirr\/","title":{"rendered":"Come far parte della SIRR"},"content":{"rendered":"\t\t<div data-elementor-type=\"wp-page\" data-elementor-id=\"16\" class=\"elementor elementor-16\">\n\t\t\t\t<div class=\"elementor-element elementor-element-5ef7019 e-flex e-con-boxed e-con e-parent\" data-id=\"5ef7019\" data-element_type=\"container\" data-e-type=\"container\" data-settings=\"{&quot;background_background&quot;:&quot;classic&quot;}\">\n\t\t\t\t\t<div class=\"e-con-inner\">\n\t\t\t\t<div class=\"elementor-element elementor-element-5810600 elementor-widget elementor-widget-heading\" data-id=\"5810600\" data-element_type=\"widget\" data-e-type=\"widget\" data-widget_type=\"heading.default\">\n\t\t\t\t<div class=\"elementor-widget-container\">\n\t\t\t\t\t<h1 class=\"elementor-heading-title elementor-size-default\">Come far parte<br>della SIRR<\/h1>\t\t\t\t<\/div>\n\t\t\t\t<\/div>\n\t\t\t\t<div class=\"elementor-element elementor-element-1e31bfd elementor-widget elementor-widget-heading\" data-id=\"1e31bfd\" data-element_type=\"widget\" data-e-type=\"widget\" data-widget_type=\"heading.default\">\n\t\t\t\t<div class=\"elementor-widget-container\">\n\t\t\t\t\t<h1 class=\"elementor-heading-title elementor-size-default\">XXII Convegno Nazionale SIRR 2026<\/h1>\t\t\t\t<\/div>\n\t\t\t\t<\/div>\n\t\t\t\t\t<\/div>\n\t\t\t\t<\/div>\n\t\t<div class=\"elementor-element elementor-element-892fc5f e-grid e-con-boxed e-con e-parent\" data-id=\"892fc5f\" data-element_type=\"container\" data-e-type=\"container\">\n\t\t\t\t\t<div class=\"e-con-inner\">\n\t\t<div class=\"elementor-element elementor-element-ffc8f79 e-con-full e-flex e-con e-child\" data-id=\"ffc8f79\" data-element_type=\"container\" data-e-type=\"container\">\n\t\t\t\t<div class=\"elementor-element elementor-element-5ffc9f4 elementor-widget elementor-widget-text-editor\" data-id=\"5ffc9f4\" data-element_type=\"widget\" data-e-type=\"widget\" data-widget_type=\"text-editor.default\">\n\t\t\t\t<div class=\"elementor-widget-container\">\n\t\t\t\t\t\t\t\t\t<p>La <strong>Societ\u00e0 Italiana per le Ricerche sulle Radiazioni<\/strong>, fondata nel 1983, \u00e8 una comunit\u00e0 dinamica e interdisciplinare che riunisce ricercatori provenienti da diversi ambiti \u2014 tra cui fisica, biologia, chimica, ingegneria e medicina \u2014 con l\u2019obiettivo di promuovere la ricerca di base e applicata nel campo delle radiazioni, sia ionizzanti che non ionizzanti.<\/p><p class=\"zfr3Q CDt4Ke \" dir=\"ltr\"><span class=\"C9DxTc \">Entrare a far parte della SIRR significa aderire a una rete che:<\/span><\/p>\t\t\t\t\t\t\t\t<\/div>\n\t\t\t\t<\/div>\n\t\t\t\t<div class=\"elementor-element elementor-element-8d06306 elementor-icon-list--layout-traditional elementor-list-item-link-full_width elementor-widget elementor-widget-icon-list\" data-id=\"8d06306\" data-element_type=\"widget\" data-e-type=\"widget\" data-widget_type=\"icon-list.default\">\n\t\t\t\t<div class=\"elementor-widget-container\">\n\t\t\t\t\t\t\t<ul class=\"elementor-icon-list-items\">\n\t\t\t\t\t\t\t<li class=\"elementor-icon-list-item\">\n\t\t\t\t\t\t\t\t\t\t\t<span class=\"elementor-icon-list-icon\">\n\t\t\t\t\t\t\t<svg xmlns=\"http:\/\/www.w3.org\/2000\/svg\" xmlns:xlink=\"http:\/\/www.w3.org\/1999\/xlink\" id=\"Livello_1\" x=\"0px\" y=\"0px\" viewBox=\"0 0 19 19.7\" style=\"enable-background:new 0 0 19 19.7;\" xml:space=\"preserve\"><style type=\"text\/css\">\t.st0{fill:#19314D;}<\/style><path class=\"st0\" d=\"M11.7,9c0.5,1.1,0,2.5-1.1,3.1c-1.2,0.5-2.5,0.1-3.1-1.1C7,9.8,7.5,8.5,8.6,7.9S11.2,7.9,11.7,9z\"><\/path><polygon class=\"st0\" points=\"6.1,8 10.3,6 9.8,0 2.3,3.5 \"><\/polygon><polygon class=\"st0\" points=\"13.3,7.4 13.1,12 18.6,14.3 19,6 \"><\/polygon><polygon class=\"st0\" points=\"8.7,14 5.2,11.1 0,13.9 6.7,19.7 \"><\/polygon><\/svg>\t\t\t\t\t\t<\/span>\n\t\t\t\t\t\t\t\t\t\t<span class=\"elementor-icon-list-text\">Favorisce la <b>collaborazione scientifica<\/b> tra istituzioni nazionali e internazionali;<\/span>\n\t\t\t\t\t\t\t\t\t<\/li>\n\t\t\t\t\t\t\t\t<li class=\"elementor-icon-list-item\">\n\t\t\t\t\t\t\t\t\t\t\t<span class=\"elementor-icon-list-icon\">\n\t\t\t\t\t\t\t<svg xmlns=\"http:\/\/www.w3.org\/2000\/svg\" xmlns:xlink=\"http:\/\/www.w3.org\/1999\/xlink\" id=\"Livello_1\" x=\"0px\" y=\"0px\" viewBox=\"0 0 19 19.7\" style=\"enable-background:new 0 0 19 19.7;\" xml:space=\"preserve\"><style type=\"text\/css\">\t.st0{fill:#19314D;}<\/style><path class=\"st0\" d=\"M11.7,9c0.5,1.1,0,2.5-1.1,3.1c-1.2,0.5-2.5,0.1-3.1-1.1C7,9.8,7.5,8.5,8.6,7.9S11.2,7.9,11.7,9z\"><\/path><polygon class=\"st0\" points=\"6.1,8 10.3,6 9.8,0 2.3,3.5 \"><\/polygon><polygon class=\"st0\" points=\"13.3,7.4 13.1,12 18.6,14.3 19,6 \"><\/polygon><polygon class=\"st0\" points=\"8.7,14 5.2,11.1 0,13.9 6.7,19.7 \"><\/polygon><\/svg>\t\t\t\t\t\t<\/span>\n\t\t\t\t\t\t\t\t\t\t<span class=\"elementor-icon-list-text\">Sostiene i <b>giovani ricercatori<\/b> attraverso premi di laurea, borse di studio e contributi per la partecipazione a congressi nazionali e internazionali;<\/span>\n\t\t\t\t\t\t\t\t\t<\/li>\n\t\t\t\t\t\t\t\t<li class=\"elementor-icon-list-item\">\n\t\t\t\t\t\t\t\t\t\t\t<span class=\"elementor-icon-list-icon\">\n\t\t\t\t\t\t\t<svg xmlns=\"http:\/\/www.w3.org\/2000\/svg\" xmlns:xlink=\"http:\/\/www.w3.org\/1999\/xlink\" id=\"Livello_1\" x=\"0px\" y=\"0px\" viewBox=\"0 0 19 19.7\" style=\"enable-background:new 0 0 19 19.7;\" xml:space=\"preserve\"><style type=\"text\/css\">\t.st0{fill:#19314D;}<\/style><path class=\"st0\" d=\"M11.7,9c0.5,1.1,0,2.5-1.1,3.1c-1.2,0.5-2.5,0.1-3.1-1.1C7,9.8,7.5,8.5,8.6,7.9S11.2,7.9,11.7,9z\"><\/path><polygon class=\"st0\" points=\"6.1,8 10.3,6 9.8,0 2.3,3.5 \"><\/polygon><polygon class=\"st0\" points=\"13.3,7.4 13.1,12 18.6,14.3 19,6 \"><\/polygon><polygon class=\"st0\" points=\"8.7,14 5.2,11.1 0,13.9 6.7,19.7 \"><\/polygon><\/svg>\t\t\t\t\t\t<\/span>\n\t\t\t\t\t\t\t\t\t\t<span class=\"elementor-icon-list-text\">Offre <b>opportunit\u00e0 esclusive di presentare il proprio lavoro<\/b> durante le giornate tematiche e i congressi biennali della Societ\u00e0;<\/span>\n\t\t\t\t\t\t\t\t\t<\/li>\n\t\t\t\t\t\t\t\t<li class=\"elementor-icon-list-item\">\n\t\t\t\t\t\t\t\t\t\t\t<span class=\"elementor-icon-list-icon\">\n\t\t\t\t\t\t\t<svg xmlns=\"http:\/\/www.w3.org\/2000\/svg\" xmlns:xlink=\"http:\/\/www.w3.org\/1999\/xlink\" id=\"Livello_1\" x=\"0px\" y=\"0px\" viewBox=\"0 0 19 19.7\" style=\"enable-background:new 0 0 19 19.7;\" xml:space=\"preserve\"><style type=\"text\/css\">\t.st0{fill:#19314D;}<\/style><path class=\"st0\" d=\"M11.7,9c0.5,1.1,0,2.5-1.1,3.1c-1.2,0.5-2.5,0.1-3.1-1.1C7,9.8,7.5,8.5,8.6,7.9S11.2,7.9,11.7,9z\"><\/path><polygon class=\"st0\" points=\"6.1,8 10.3,6 9.8,0 2.3,3.5 \"><\/polygon><polygon class=\"st0\" points=\"13.3,7.4 13.1,12 18.6,14.3 19,6 \"><\/polygon><polygon class=\"st0\" points=\"8.7,14 5.2,11.1 0,13.9 6.7,19.7 \"><\/polygon><\/svg>\t\t\t\t\t\t<\/span>\n\t\t\t\t\t\t\t\t\t\t<span class=\"elementor-icon-list-text\">Garantisce <b>visibilit\u00e0 e crescita professionale<\/b> ai giovani scienziati nel campo della ricerca sulle radiazioni e delle sue applicazioni biomediche, ambientali e tecnologiche;<\/span>\n\t\t\t\t\t\t\t\t\t<\/li>\n\t\t\t\t\t\t\t\t<li class=\"elementor-icon-list-item\">\n\t\t\t\t\t\t\t\t\t\t\t<span class=\"elementor-icon-list-icon\">\n\t\t\t\t\t\t\t<svg xmlns=\"http:\/\/www.w3.org\/2000\/svg\" xmlns:xlink=\"http:\/\/www.w3.org\/1999\/xlink\" id=\"Livello_1\" x=\"0px\" y=\"0px\" viewBox=\"0 0 19 19.7\" style=\"enable-background:new 0 0 19 19.7;\" xml:space=\"preserve\"><style type=\"text\/css\">\t.st0{fill:#19314D;}<\/style><path class=\"st0\" d=\"M11.7,9c0.5,1.1,0,2.5-1.1,3.1c-1.2,0.5-2.5,0.1-3.1-1.1C7,9.8,7.5,8.5,8.6,7.9S11.2,7.9,11.7,9z\"><\/path><polygon class=\"st0\" points=\"6.1,8 10.3,6 9.8,0 2.3,3.5 \"><\/polygon><polygon class=\"st0\" points=\"13.3,7.4 13.1,12 18.6,14.3 19,6 \"><\/polygon><polygon class=\"st0\" points=\"8.7,14 5.2,11.1 0,13.9 6.7,19.7 \"><\/polygon><\/svg>\t\t\t\t\t\t<\/span>\n\t\t\t\t\t\t\t\t\t\t<span class=\"elementor-icon-list-text\">Facilita la partecipazione a eventi nazionali e internazionali.<\/span>\n\t\t\t\t\t\t\t\t\t<\/li>\n\t\t\t\t\t\t<\/ul>\n\t\t\t\t\t\t<\/div>\n\t\t\t\t<\/div>\n\t\t\t\t<div class=\"elementor-element elementor-element-86ab921 elementor-widget elementor-widget-text-editor\" data-id=\"86ab921\" data-element_type=\"widget\" data-e-type=\"widget\" data-widget_type=\"text-editor.default\">\n\t\t\t\t<div class=\"elementor-widget-container\">\n\t\t\t\t\t\t\t\t\t<p>La Societ\u00e0 organizza annualmente giornate tematiche e workshop, che non solo approfondiscono temi di attualit\u00e0 scientifica, ma rappresentano anche un\u2019importante occasione di incontro e networking, favorendo la nascita di gruppi di lavoro interdisciplinari.<\/p><p>Pur essendo una realt\u00e0 scientifica di dimensioni contenute, la SIRR \u00e8 una comunit\u00e0 viva e partecipata, con una struttura democratica: il Consiglio Direttivo viene rinnovato ogni quattro anni, mantenendo un forte coinvolgimento dei centri di ricerca attivi in Italia e all\u2019estero.<\/p><p>Che tu sia studente, giovane ricercatore o professionista esperto, la SIRR rappresenta il luogo ideale per condividere idee, trovare ispirazione e crescere professionalmente nel campo della ricerca sulle radiazioni.<\/p><p><strong>Le iscrizioni sono aperte!<\/strong><\/p><p>Non perdere l\u2019occasione di entrare a far parte di una comunit\u00e0 scientifica collaborativa, impegnata nella promozione dell\u2019innovazione, della formazione e della ricerca di impatto.<\/p><p>Per diventare socio SIRR \u00e8 necessario compilare il <a href=\"https:\/\/drive.google.com\/file\/d\/1tw2mdQ8GNyt_uE4nQBAEskhYIoWPGEFf\/view?usp=drive_link\">modulo di adesione<\/a> e versare la quota associativa annuale.<\/p><p>Le quote di iscrizione sono:<\/p><ul><li><strong>\u20ac20,00<\/strong> per i ricercatori non strutturati;<\/li><li><strong>\u20ac50,00<\/strong> per il personale strutturato.<\/li><\/ul><p>Il modulo compilato deve essere inviato via e-mail all\u2019indirizzo:<br \/><strong><a href=\"mailto:segretariosirr@gmail.com\">segretariosirr@gmail.com<\/a><\/strong><\/p><p>Il pagamento della quota va effettuato tramite bonifico bancario intestato a:<\/p><p><strong>Societ\u00e0 Italiana per le Ricerche sulle Radiazioni<\/strong><br \/><strong>Conto n. 14688<\/strong><br \/><strong>Banca Nazionale del Lavoro, Filiale Roma Casaccia<\/strong><br \/><strong>Via Anguillarese 301, 00123 Roma (Italia)<\/strong><br \/><strong>IBAN: IT19T0100503385000000014688<\/strong><br \/><strong>Causale: Quota associativa \u2013 [Nome e Cognome] \u2013 2026<\/strong><\/p>\t\t\t\t\t\t\t\t<\/div>\n\t\t\t\t<\/div>\n\t\t\t\t<\/div>\n\t\t\t\t\t<\/div>\n\t\t\t\t<\/div>\n\t\t\t\t<\/div>\n\t\t","protected":false},"excerpt":{"rendered":"<p>Come far partedella SIRR XXII Convegno Nazionale SIRR 2026 La Societ\u00e0 Italiana per le Ricerche sulle Radiazioni, fondata nel 1983, [&hellip;]<\/p>\n","protected":false},"author":2,"featured_media":0,"parent":0,"menu_order":0,"comment_status":"closed","ping_status":"closed","template":"","meta":{"site-sidebar-layout":"no-sidebar","site-content-layout":"","ast-site-content-layout":"full-width-container","site-content-style":"unboxed","site-sidebar-style":"unboxed","ast-global-header-display":"","ast-banner-title-visibility":"","ast-main-header-display":"","ast-hfb-above-header-display":"","ast-hfb-below-header-display":"","ast-hfb-mobile-header-display":"","site-post-title":"disabled","ast-breadcrumbs-content":"","ast-featured-img":"disabled","footer-sml-layout":"","ast-disable-related-posts":"","theme-transparent-header-meta":"enabled","adv-header-id-meta":"","stick-header-meta":"","header-above-stick-meta":"","header-main-stick-meta":"","header-below-stick-meta":"","astra-migrate-meta-layouts":"default","ast-page-background-enabled":"default","ast-page-background-meta":{"desktop":{"background-color":"var(--ast-global-color-4)","background-image":"","background-repeat":"repeat","background-position":"center center","background-size":"auto","background-attachment":"scroll","background-type":"","background-media":"","overlay-type":"","overlay-color":"","overlay-opacity":"","overlay-gradient":""},"tablet":{"background-color":"","background-image":"","background-repeat":"repeat","background-position":"center center","background-size":"auto","background-attachment":"scroll","background-type":"","background-media":"","overlay-type":"","overlay-color":"","overlay-opacity":"","overlay-gradient":""},"mobile":{"background-color":"","background-image":"","background-repeat":"repeat","background-position":"center center","background-size":"auto","background-attachment":"scroll","background-type":"","background-media":"","overlay-type":"","overlay-color":"","overlay-opacity":"","overlay-gradient":""}},"ast-content-background-meta":{"desktop":{"background-color":"var(--ast-global-color-5)","background-image":"","background-repeat":"repeat","background-position":"center center","background-size":"auto","background-attachment":"scroll","background-type":"","background-media":"","overlay-type":"","overlay-color":"","overlay-opacity":"","overlay-gradient":""},"tablet":{"background-color":"var(--ast-global-color-5)","background-image":"","background-repeat":"repeat","background-position":"center center","background-size":"auto","background-attachment":"scroll","background-type":"","background-media":"","overlay-type":"","overlay-color":"","overlay-opacity":"","overlay-gradient":""},"mobile":{"background-color":"var(--ast-global-color-5)","background-image":"","background-repeat":"repeat","background-position":"center center","background-size":"auto","background-attachment":"scroll","background-type":"","background-media":"","overlay-type":"","overlay-color":"","overlay-opacity":"","overlay-gradient":""}},"footnotes":""},"class_list":["post-16","page","type-page","status-publish","hentry"],"_links":{"self":[{"href":"https:\/\/web.infn.it\/convegnonazionalesirr2026\/wp-json\/wp\/v2\/pages\/16","targetHints":{"allow":["GET"]}}],"collection":[{"href":"https:\/\/web.infn.it\/convegnonazionalesirr2026\/wp-json\/wp\/v2\/pages"}],"about":[{"href":"https:\/\/web.infn.it\/convegnonazionalesirr2026\/wp-json\/wp\/v2\/types\/page"}],"author":[{"embeddable":true,"href":"https:\/\/web.infn.it\/convegnonazionalesirr2026\/wp-json\/wp\/v2\/users\/2"}],"replies":[{"embeddable":true,"href":"https:\/\/web.infn.it\/convegnonazionalesirr2026\/wp-json\/wp\/v2\/comments?post=16"}],"version-history":[{"count":35,"href":"https:\/\/web.infn.it\/convegnonazionalesirr2026\/wp-json\/wp\/v2\/pages\/16\/revisions"}],"predecessor-version":[{"id":2058,"href":"https:\/\/web.infn.it\/convegnonazionalesirr2026\/wp-json\/wp\/v2\/pages\/16\/revisions\/2058"}],"wp:attachment":[{"href":"https:\/\/web.infn.it\/convegnonazionalesirr2026\/wp-json\/wp\/v2\/media?parent=16"}],"curies":[{"name":"wp","href":"https:\/\/api.w.org\/{rel}","templated":true}]}}