{"id":24,"date":"2026-04-02T17:48:33","date_gmt":"2026-04-02T15:48:33","guid":{"rendered":"https:\/\/web.infn.it\/gamma\/?page_id=24"},"modified":"2026-04-03T23:12:05","modified_gmt":"2026-04-03T21:12:05","slug":"publications","status":"publish","type":"page","link":"https:\/\/web.infn.it\/gamma\/publications\/","title":{"rendered":"Publications"},"content":{"rendered":"\n<h1 class=\"wp-block-heading\">Publications<\/h1>\n\n\n\n<p>We publish the results of our research in leading journals in the field, such as Nature, Physical Review Letters, Physics Letters B, Physical Review C, Nuclear Instruments and Methods in Physics Research (Sections A and B), European Physical Journal,  and Journal of Physics G.<\/p>\n\n\n<!-- NFI pubs shortcode v1.3 | paged=1 -->\n<div class=\"nfi-publications\"><h2 class=\"nfi-year\" style=\"margin:.5rem 0 1rem 0;\">2026<\/h2><div class=\"pub-item\" style=\"margin-bottom:1rem;padding-bottom:1rem;border-bottom:1px solid #ddd;\"><h3 style=\"margin:0 0 .5rem 0;\">Search for Shape Coexistence in Ca Isotopes by ((n_mathrm {th}),(gamma )) Reactions<\/h3><p><strong>Autori:<\/strong> M. Luciani; S. Bottoni; N. Cieplicka-Ory\u0144czak; S. Leoni; B. Fornal; C. Michelagnoli; \u0141. Iskra; M. Jentschel; U. K\u00f6ster; N. M\u0103rginean; R. M\u0103rginean; C. Mihai; P. Mutti; S. Pascu; C.A. Ur<\/p><p><strong>Journal:<\/strong> Acta Physica Polonica B Proceedings Supplement<\/p><p><strong>Anno:<\/strong> 2026<\/p><p><strong>DOI:<\/strong> <a href=\"https:\/\/doi.org\/10.5506\/aphyspolbsupp.19.1-a17\" target=\"_blank\" rel=\"noopener\">https:\/\/doi.org\/10.5506\/aphyspolbsupp.19.1-a17<\/a><\/p><\/div><div class=\"pub-item\" style=\"margin-bottom:1rem;padding-bottom:1rem;border-bottom:1px solid #ddd;\"><h3 style=\"margin:0 0 .5rem 0;\">Installation of a \u03b2-decay station at SPES<\/h3><p><strong>Autori:<\/strong> A. Saltarelli; G. Benzoni; E.R. Gamba; C. Boiano; C. Cialdai; A. Goasduff; N. Marchini; A. Nannini; M. Ottanelli; M. Perri; M. Rocchini; N. Toniolo<\/p><p><strong>Journal:<\/strong> Nuclear Instruments and Methods in Physics Research Section A: Accelerators, Spectrometers, Detectors and Associated Equipment<\/p><p><strong>Anno:<\/strong> 2026<\/p><p><strong>DOI:<\/strong> <a href=\"https:\/\/doi.org\/10.1016\/j.nima.2025.170927\" target=\"_blank\" rel=\"noopener\">https:\/\/doi.org\/10.1016\/j.nima.2025.170927<\/a><\/p><\/div><div class=\"pub-item\" style=\"margin-bottom:1rem;padding-bottom:1rem;border-bottom:1px solid #ddd;\"><h3 style=\"margin:0 0 .5rem 0;\">Spectroscopy of Ne Isotopes Toward the (N = 20) Island of Inversion<\/h3><p><strong>Autori:<\/strong> D. Genna; S. Bottoni; G. Benzoni; K. Wimmer; P. Aguilera; F. Drent; F. Recchia; G. Andreetta; F. Angelini; M. Balogh; J. Bardak; J. Benito; B. Bles; A. Bracco; D. Brugnara; S. Carollo; Z. Chen; L. Corradi; G. Corbari; F.C.L. Crespi; M. del Fabbro; A. Ertoprak; E. Fioretto; F. Galtarossa; A. Giaz; A. Goasduff; B. Gongora Servin; A. Gottardo; A. Gozzelino; A. Jungclaus; T. Kr\u00f6ll; G. Kosir; S. Leoni; M. Luciani; N. Marchini; R. Menegazzo; D. Mengoni; B. Million; G. Montagnoli; R. Nicol\u00e1s del \u00c1lamo; J. Pellumaj; R. P\u00e9rez-Vidal; S. Pigliapoco; E. Pilotto; W. Poklepa; M. Polettini; K. Rezynkina; M. Rocchini; M. Sedlak; A. Stefanini; J.J. Valiente-Dob\u00f3n; J. Vesic; L. Zago; I. Zanon<\/p><p><strong>Journal:<\/strong> Acta Physica Polonica B Proceedings Supplement<\/p><p><strong>Anno:<\/strong> 2026<\/p><p><strong>DOI:<\/strong> <a href=\"https:\/\/doi.org\/10.5506\/aphyspolbsupp.19.1-a16\" target=\"_blank\" rel=\"noopener\">https:\/\/doi.org\/10.5506\/aphyspolbsupp.19.1-a16<\/a><\/p><\/div><div class=\"pub-item\" style=\"margin-bottom:1rem;padding-bottom:1rem;border-bottom:1px solid #ddd;\"><h3 style=\"margin:0 0 .5rem 0;\">Revealing nucleon-nucleon correlation effects through sub-Coulomb transfer reactions in 92Mo+54Fe<\/h3><p><strong>Autori:<\/strong> T. Mijatovi\u0107; S. Szilner; L. Corradi; F. Galtarossa; G. Pollarolo; G. Colucci; E. Fioretto; A. Goasduff; A. Gottardo; D. Jelavi\u0107 Malenica; M. Milin; G. Montagnoli; D. Montanari; N. Soi\u0107; A.M. Stefanini; J.J. Valiente Dob\u00f3n<\/p><p><strong>Journal:<\/strong> Physics Letters B<\/p><p><strong>Anno:<\/strong> 2026<\/p><p><strong>DOI:<\/strong> <a href=\"https:\/\/doi.org\/10.1016\/j.physletb.2025.140085\" target=\"_blank\" rel=\"noopener\">https:\/\/doi.org\/10.1016\/j.physletb.2025.140085<\/a><\/p><\/div><div class=\"pub-item\" style=\"margin-bottom:1rem;padding-bottom:1rem;border-bottom:1px solid #ddd;\"><h3 style=\"margin:0 0 .5rem 0;\">Fusion of 12C+28Si at deep sub-barrier energies<\/h3><p><strong>Autori:<\/strong> A.M. Stefanini; G. Montagnoli; M. Del Fabbro; A. Goasduff; P.A. Aguilera Jorquera; G. Andreetta; F. Angelini; L.V. D\u2019Auria; M. Balogh; D. Bazzacco; J. Benito; G. Benzoni; M.A. Bentley; N. Bez; A. Bonhomme; S. Bottoni; A. Bracco; D. Brugnara; L. Busak; S. Capra; S. Carollo; S. Casans; E. Cl\u00e9ment; P. Cocconi; A. Cogo; G. Colucci; A. Conte; E. Coradin; L. Corradi; S. Courtin; G. Deangelis; J.M. Deltoro; G. Del Piero; R. Depalo; J. Dudouet; A. Ertoprak; E. Fioretto; A. Gadea; F. Galtarossa; A. Gambalonga; A. Giaz; B. Gongora Servin; V. Gonz\u00e1lez; A. Gottardo; A. Gozzelino; G. Harmant; M. Heine; I. Kuti; M. Labiche; S.M. Lenzi; S. Leoni; M. Mazzocco; R. Menegazzo; D. Mengoni; T. Mijatovi\u0107; B. Million; E. Monpribat; A. Nannini; D.R. Napoli; A.E. Navarro-Ant\u00f3n; R. Nicolas Del Alamo; J. Nyberg; S. Paschalis; J. Pellumaj; R.M. P\u00e9rez-Vidal; M. Petri; E. Pilotto; S. Pigliapoco; Z.S. Podolyak; M. Polettini; A. Pullia; L. Ramina; M. Rampazzo; W. Raniero; M. Rebeschini; F. Recchia; P. Reiter; K. Rezynkina; M. Rocchini; D. Rosso; E. Sanchis; M. Scarcioffolo; D. Scarpa; M. \u015eenyi\u011fit; J. Simpson; D. Sohler; O. Stezowski; D. Stramaccioni; S. Szilner; C. Theisen; N. Toniolo; A. Trzcinska; J.J. Valiente Dobon; F. Veronese; J. Vesic; V. Volpe; K. Wimmer; L. Zago; I. Zanon; M. Zieli\u0144ska<\/p><p><strong>Journal:<\/strong> Physics Letters B<\/p><p><strong>Anno:<\/strong> 2026<\/p><p><strong>DOI:<\/strong> <a href=\"https:\/\/doi.org\/10.1016\/j.physletb.2025.140084\" target=\"_blank\" rel=\"noopener\">https:\/\/doi.org\/10.1016\/j.physletb.2025.140084<\/a><\/p><\/div><hr style=\"border:none;border-top:1px solid #eee;margin:1rem 0;\"><h2 class=\"nfi-year\" style=\"margin:.5rem 0 1rem 0;\">2025<\/h2><div class=\"pub-item\" style=\"margin-bottom:1rem;padding-bottom:1rem;border-bottom:1px solid #ddd;\"><h3 style=\"margin:0 0 .5rem 0;\">Deformation and Collectivity in Doubly Magic Pb208<\/h3><p><strong>Autori:<\/strong> J. Henderson; J. Heery; M. Rocchini; M. Siciliano; N. Sensharma; A. D. Ayangeakaa; R. V. F. Janssens; T. M. Kowalewski; Abhishek; P. D. Stevenson; E. Y\u00fcksel; B. A. Brown; T. R. Rodriguez; L. M. Robledo; C. Y. Wu; S. Kisyov; C. M\u00fcller-Gatermann; V. Bildstein; L. Canete; C. M. Campbell; S. Carmichael; M. P. Carpenter; W. N. Catford; P. Copp; C. Cousins; M. Devlin; D. T. Doherty; P. E. Garrett; U. Garg; L. P. Gaffney; K. Hadynska-Klek; D. J. Hartley; S. F. Hicks; H. Jayatissa; S. R. Johnson; D. Kalaydjieva; F. Kondev; D. Lascar; T. Lauritsen; G. Lotay; N. Marchini; M. Matejska-Minda; S. Nandi; A. Nannini; C. O\u2019Shea; S. Pascu; C. J. Paxman; A. Perkoff; E. E. Peters; Zs. Podoly\u00e1k; A. Radich; R. Rathod; B. J. Reed; P. H. Regan; W. Reviol; E. Rubino; R. Russell; D. Seweryniak; J. R. Vanhoy; G. L. Wilson; K. Wrzosek-Lipska; S. W. Yates; I. Zanon<\/p><p><strong>Journal:<\/strong> Physical Review Letters<\/p><p><strong>Anno:<\/strong> 2025<\/p><p><strong>DOI:<\/strong> <a href=\"https:\/\/doi.org\/10.1103\/physrevlett.134.062502\" target=\"_blank\" rel=\"noopener\">https:\/\/doi.org\/10.1103\/physrevlett.134.062502<\/a><\/p><\/div><div class=\"pub-item\" style=\"margin-bottom:1rem;padding-bottom:1rem;border-bottom:1px solid #ddd;\"><h3 style=\"margin:0 0 .5rem 0;\">Investigating the structure of 11B using particle-\u03b3 coincidences<\/h3><p><strong>Autori:<\/strong> S. Bottoni; G. Corbari; S. Leoni; B. Fornal; A. Goasduff; S. Capra; D. Mengoni; E. Albanese; S. Ziliani; G. Benzoni; A.M. S\u00e1nchez-Ben\u00edtez; A. Bracco; D. Brugnara; F. Camera; M. Ciema\u0142a; N. Cieplicka-Ory\u0144czak; F.C.L. Crespi; J.A. Due\u00f1as; A. Gadea; F. Galtarossa; E. Gamba; A. Gottardo; A. Gozzelino; J. Ha; \u0141.W. Iskra; T. Marchi; R. Menegazzo; B. Million; D.R. Napoli; G. Pasqualato; J. Pellumaj; R. P\u00e9rez-Vidal; S. Pigliapoco; M. Polettini; C. Porzio; F. Recchia; K. Rezynkina; J.J. Valiente-D\u00f3bon; O. Wieland; I. Zanon; G. Zhang<\/p><p><strong>Journal:<\/strong> Nuclear Physics A<\/p><p><strong>Anno:<\/strong> 2025<\/p><p><strong>DOI:<\/strong> <a href=\"https:\/\/doi.org\/10.1016\/j.nuclphysa.2025.123138\" target=\"_blank\" rel=\"noopener\">https:\/\/doi.org\/10.1016\/j.nuclphysa.2025.123138<\/a><\/p><\/div><div class=\"pub-item\" style=\"margin-bottom:1rem;padding-bottom:1rem;border-bottom:1px solid #ddd;\"><h3 style=\"margin:0 0 .5rem 0;\">Probing the isospin mixing in the 72Kr compound nucleus via GDR \u03b3 decay<\/h3><p><strong>Autori:<\/strong> Agnese Giaz; Oliver Wieland; Angela Bracco; Franco Camera; Soichiro Aogaki; Dimiter L. Balabanski; Maria Brezeanu; Ruxandra Borcea; Marian Boromiza; Ion Burducea; Stefana Calinescu; Adina Coman; Paul Constantin; Cristian Costache; Micha\u0142 Ciema\u0142a; Gheorghe Ciocan; Cristina Clisu; Fabio C.L. Crespi; Mihai Cuciuc; Anukul Dhal; Irina Dinescu; Nikolay Djourelov; Nicoleta M. Florea; Ioana Gheorghe; Decebal Iancu; Violeta Iancu; David M. Kahl; Maria Kmiecik; Asl\u0131 Ku\u015fo\u011flu; Razvan Lica; Adam Maj; Nicolae M. M\u0103rginean; Raluca M\u0103rginean; Constantin Mihai; Radu E. Mihai; B\u00e9n\u00e9dicte Million; Catalin Neacsu; Dragos Nichita; Cristina R. Ni\u0163\u0103; Haridas Pai; Alfio D. Pappalardo; Teodora Petruse; Adrian Rotaru; Andreea B. Serban; P\u00e4r-Anders S\u00f6derstr\u00f6m; Cristophe O. Sotty; Anamaria Sp\u0103taru; Lucian Stan; Alexandru N. State; Alexandru Stoica; Dmitry A. Testov; Sebastian Toma; Tatiana Tozar; Andrei Turturic\u0103; Gabriel V. Turturic\u0103; Sorin Ujeniuc; Vlad Vasilca; Yi Xu; Fan Zhu<\/p><p><strong>Journal:<\/strong> Physics Letters B<\/p><p><strong>Anno:<\/strong> 2025<\/p><p><strong>DOI:<\/strong> <a href=\"https:\/\/doi.org\/10.1016\/j.physletb.2025.139653\" target=\"_blank\" rel=\"noopener\">https:\/\/doi.org\/10.1016\/j.physletb.2025.139653<\/a><\/p><\/div><div class=\"pub-item\" style=\"margin-bottom:1rem;padding-bottom:1rem;border-bottom:1px solid #ddd;\"><h3 style=\"margin:0 0 .5rem 0;\">Fusion dynamics far below the barrier for 12C + 28Si<\/h3><p><strong>Autori:<\/strong> D. Brugnara; G. Montagnoli; A.M. Stefanini; M. Del Fabbro; P.A. Aguilera Jorquera; G. Andreetta; F. Angelini; M. Balogh; J. Benito; G. Benzoni; A. Bonhomme; S. Bottoni; S. Carollo; G. Colucci; L. Corradi; S. Courtin; R. Depalo; A. Ertoprak; E. Fioretto; F. Galtarossa; A. Goasduff; B. Gongora Servin; A. Gottardo; A. Gozzelino; M. Heine; M. Mazzocco; R. Menegazzo; D. Mengoni; B. Million; E. Monpribat; R. Nicol\u00e1s del \u00c1lamo; J. Pellumaj; R.M. P\u00e9rez Vidal; E. Pilotto; S. Pigliapoco; M. Polettini; F. Recchia; M. Rocchini; K. Rezynkina; D. Stramaccioni; S. Szilner; A. Trzcinska; J.J. Valiente Dobon; L. Zago; I. Zanon<\/p><p><strong>Journal:<\/strong> Nuclear Physics A<\/p><p><strong>Anno:<\/strong> 2025<\/p><p><strong>DOI:<\/strong> <a href=\"https:\/\/doi.org\/10.1016\/j.nuclphysa.2025.123195\" target=\"_blank\" rel=\"noopener\">https:\/\/doi.org\/10.1016\/j.nuclphysa.2025.123195<\/a><\/p><\/div><div class=\"pub-item\" style=\"margin-bottom:1rem;padding-bottom:1rem;border-bottom:1px solid #ddd;\"><h3 style=\"margin:0 0 .5rem 0;\">A Position Sensitive Detector With Real-Time Gamma\/Neutron Discrimination Capability<\/h3><p><strong>Autori:<\/strong> O. Halfon; C. Riboldi; K. Urban; G. Borghi; M. Carminati; F. Bonforte; M. Donetti; M. Pullia; F. Camera; A. Giaz; C. Fiorini<\/p><p><strong>Journal:<\/strong> IEEE Transactions on Nuclear Science<\/p><p><strong>Anno:<\/strong> 2025<\/p><p><strong>DOI:<\/strong> <a href=\"https:\/\/doi.org\/10.1109\/tns.2025.3581712\" target=\"_blank\" rel=\"noopener\">https:\/\/doi.org\/10.1109\/tns.2025.3581712<\/a><\/p><\/div><div class=\"pub-item\" style=\"margin-bottom:1rem;padding-bottom:1rem;border-bottom:1px solid #ddd;\"><h3 style=\"margin:0 0 .5rem 0;\">Triaxiality and shape dynamics in 70Ge<\/h3><p><strong>Autori:<\/strong> T. M. Kowalewski; A. D. Ayangeakaa; N. Sensharma; R. V. F. Janssens; Y. M. Wang; Q. B. Chen; J. M. Allmond; C. M. Campbell; S. Carmichael; M. P. Carpenter; P. Copp; C. Cousins; M. Devlin; U. Garg; C. M\u00fcller-Gatermann; T. J. Gray; D. J. Hartley; J. Heery; J. Henderson; H. Jayatissa; S. R. Johnson; S. P. Kisyov; F. G. Kondev; T. Lauritsen; S. Nandi; R. Rathod; W. Reviol; M. Rocchini; E. Rubino; R. Russell; A. Saracino; D. Seweryniak; M. Siciliano; C. Y. Wu<\/p><p><strong>Journal:<\/strong> Physical Review C<\/p><p><strong>Anno:<\/strong> 2025<\/p><p><strong>DOI:<\/strong> <a href=\"https:\/\/doi.org\/10.1103\/cmks-jst1\" target=\"_blank\" rel=\"noopener\">https:\/\/doi.org\/10.1103\/cmks-jst1<\/a><\/p><\/div><div class=\"pub-item\" style=\"margin-bottom:1rem;padding-bottom:1rem;border-bottom:1px solid #ddd;\"><h3 style=\"margin:0 0 .5rem 0;\">Gamma-Ray Position-of-Interaction Estimation in a Thick Monolithic LaBr3 Detector Using Artificial Neural Networks<\/h3><p><strong>Autori:<\/strong> T. Ferri; F. Rosellini; A. Caracciolo; G. Borghi; M. Carminati; F. Camera; A. Giaz; C. Fiorini<\/p><p><strong>Journal:<\/strong> IEEE Transactions on Radiation and Plasma Medical Sciences<\/p><p><strong>Anno:<\/strong> 2025<\/p><p><strong>DOI:<\/strong> <a href=\"https:\/\/doi.org\/10.1109\/trpms.2024.3492674\" target=\"_blank\" rel=\"noopener\">https:\/\/doi.org\/10.1109\/trpms.2024.3492674<\/a><\/p><\/div><div class=\"pub-item\" style=\"margin-bottom:1rem;padding-bottom:1rem;border-bottom:1px solid #ddd;\"><h3 style=\"margin:0 0 .5rem 0;\">Evidence for triaxial shape coexistence in 74Ge<\/h3><p><strong>Autori:<\/strong> N. Sensharma; A. D. Ayangeakaa; T. M. Kowalewski; R. V. F. Janssens; Y. M. Wang; Q. B. Chen; J. M. Allmond; C. M. Campbell; S. R. Carmichael; M. P. Carpenter; P. Copp; C. Cousins; M. Devlin; U. Garg; C. M\u00fcller-Gatermann; D. J. Hartley; J. Heery; J. Henderson; H. Jayatissa; S. R. Johnson; S. P. Kisyov; F. G. Kondev; T. Lauritsen; S. Nandi; R. Rathod; W. Reviol; M. Rocchini; E. Rubino; R. Russell; A. Saracino; D. Seweryniak; M. Siciliano; C. Y. Wu<\/p><p><strong>Journal:<\/strong> Physical Review C<\/p><p><strong>Anno:<\/strong> 2025<\/p><p><strong>DOI:<\/strong> <a href=\"https:\/\/doi.org\/10.1103\/h839-vb3z\" target=\"_blank\" rel=\"noopener\">https:\/\/doi.org\/10.1103\/h839-vb3z<\/a><\/p><\/div><div class=\"pub-item\" style=\"margin-bottom:1rem;padding-bottom:1rem;border-bottom:1px solid #ddd;\"><h3 style=\"margin:0 0 .5rem 0;\">Approaching 100Sn: Structural evolution in 98,100Cd via lifetime measurements<\/h3><p><strong>Autori:<\/strong> G. Zhang; M. Polettini; D. Mengoni; G. Benzoni; Z. Huang; M. G\u00f3rska; A. Blazhev; L.M. Fraile; A. Gargano; G. De Gregorio; F. Nowacki; G. Aggez; U. Ahmed; O. Aktas; M. Al-Aqeel; B. Alayed; H.M. Albers; A. Algora; S. Alhomaidhi; F. Amjad; C. Appleton; T. Ar\u0131c\u0131; M. Armstrong; B.Q. Arn\u00e9s; A. Astier; M. Balogh; A. Banerjee; D. Bazzacco; J. Benito Garc\u00eca; S. Bottoni; P. Boutachkov; A. Bracco; A. Bruce; D. Brugnara; C. Bruno; F. Camera; B. Cederwall; M. Cicerchia; M.M.R. Chishti; A. Corsi; M.L. Cortes; D. Cox; F.C.L. Crespi; B. Das; T. Davidson; G. de Angelis; T. Dickel; M. Doncel; A. Ertoprak; A. Esmaylzadeh; L. Gaffney; F. Galtarossa; E.R. Gamba; J. Garbe; D. Genna; J. Gerl; A. Goasduff; A. Gottardo; A. Gozzelino; T. Grahn; J. Ha; E. Haettner; O. Hall; L. Harkness-Brennan; H. Heggen; C. Hornung; Y. Hrabar; S.P. Hu; N. Hubbard; K.E. Ide; A. Illana; S. Jazrawi; P.R. John; J. Jolie; C. Jones; D. Joss; D. Judson; V. Karayonchev; E. Kazantseva; R. Kern; G.G. Kiss; L. Knafla; R. Kn\u00f6bel; I. Kojouharov; A. Korgul; W. Korten; P. Koseoglou; D. Kostyleva; T. Kurtukian-Nieto; G. Kosir; N. Kurz; I. Kuti; M. Labiche; S.M. Lenzi; S. Leoni; G.-S. Li; Z. Liu; M. Llanos Exp\u00f3sito; R. Lozeva; J.B. Lu; M. Luoma; G. Mantovani; T. Marchi; M. Mazzocco; R. Menegazzo; T.J. Mertzimekis; M. Mikolajczuk; B. Million; A.K. Mistry; I. Mukha; E. Nacher; D.R. Napoli; B.S. Nara Singh; S.E.A. Orrigo; R.D. Page; P. Papadakis; G. Pasqualato; J. Pellumaj; S. Pelonis; R.M. Per\u00e9z Vidal; C.M. Petrache; J. Petrovic; N. Pietralla; S. Pietri; S. Pigliapoco; Zs. Podoly\u00e1k; C. Porzio; A. Raggio; F. Recchia; P.H. Regan; J.M. R\u00e9gis; P. Reiter; K. Rezynkina; E. Rocco; J. Rodriguez Murias; H. R\u00f6sch; P. Roy; B. Rubio; M. Rudigier; P. Ruotsalainen; E. Sahin; L.G. Sarmiento; M.-M. Satrazani; H. Schaffner; Ch. Scheidenberger; L. Sexton; A. Sharma; M. Siciliano; J. Simpson; J. Smallcombe; P. S\u00f6derstr\u00f6m; D. Sohler; A. Sood; F. Soramel; B.-H. Sun; H.B. Sun; A. Sveiczer; N. Szegedi; Y.K. Tanaka; J.J. Valiente-Dob\u00f3n; P. Vasileiou; J. Vesic; M. von Tresckow; L. Waring; H. Watanabe; H. Weick; V. Werner; J. Wiederhold; O. Wieland; K. Wimmer; H.-J. Wollersheim; P. Woods; J. Wu; A. Yaneva; I. Zanon; J. Zhao; H.Q. Zhang; G.L. Zhang; K.K. Zheng; L.H. Zhu; R. Zidarova; S. Ziliani; A. Zyriliou<\/p><p><strong>Journal:<\/strong> Physics Letters B<\/p><p><strong>Anno:<\/strong> 2025<\/p><p><strong>DOI:<\/strong> <a href=\"https:\/\/doi.org\/10.1016\/j.physletb.2025.139378\" target=\"_blank\" rel=\"noopener\">https:\/\/doi.org\/10.1016\/j.physletb.2025.139378<\/a><\/p><\/div><div class=\"pub-item\" style=\"margin-bottom:1rem;padding-bottom:1rem;border-bottom:1px solid #ddd;\"><h3 style=\"margin:0 0 .5rem 0;\">Abrupt structural transition in exotic molybdenum isotopes unveils an isospin-symmetric island of inversion<\/h3><p><strong>Autori:<\/strong> J. Ha; F. Recchia; S. M. Lenzi; H. Iwasaki; D. D. Dao; F. Nowacki; A. Revel; P. Aguilera; G. de Angelis; J. Ash; D. Bazin; M. A. Bentley; S. Biswas; S. Carollo; M. L. Cortes; R. Elder; R. Escudeiro; P. Farris; A. Gade; T. Ginter; M. Grinder; J. Li; D. R. Napoli; S. Noji; J. Pereira; S. Pigliapoco; A. Pompermaier; A. Poves; K. Rezynkina; A. Sanchez; R. Wadsworth; D. Weisshaar<\/p><p><strong>Journal:<\/strong> Nature Communications<\/p><p><strong>Anno:<\/strong> 2025<\/p><p><strong>DOI:<\/strong> <a href=\"https:\/\/doi.org\/10.1038\/s41467-025-65621-2\" target=\"_blank\" rel=\"noopener\">https:\/\/doi.org\/10.1038\/s41467-025-65621-2<\/a><\/p><\/div><div class=\"pub-item\" style=\"margin-bottom:1rem;padding-bottom:1rem;border-bottom:1px solid #ddd;\"><h3 style=\"margin:0 0 .5rem 0;\">Search for 0+ states in 42Ca<\/h3><p><strong>Anno:<\/strong> 2025<\/p><p><strong>DOI:<\/strong> <a href=\"https:\/\/doi.org\/10.1393\/ncc\/i2025-25200-5\" target=\"_blank\" rel=\"noopener\">https:\/\/doi.org\/10.1393\/ncc\/i2025-25200-5<\/a><\/p><\/div><div class=\"pub-item\" style=\"margin-bottom:1rem;padding-bottom:1rem;border-bottom:1px solid #ddd;\"><h3 style=\"margin:0 0 .5rem 0;\">Investigation of the excited states of 114Sn using the GRIFFIN spectrometer at TRIUMF<\/h3><p><strong>Autori:<\/strong> N.K. Syeda; P. Spagnoletti; C. Andreoiu; C.M. Petrache; D. Annen; R.S. Lubna; V. Vedia; A. Algora; A. Babu; G.C. Ball; S. Bhattacharjee; R. Caballero-Folch; R. Coleman; I. Dillmann; E.G. Fuakye; L.P. Gaffney; F.H. Garcia; A.B. Garnsworthy; P.E. Garrett; C.J. Griffin; G.F. Grinyer; G. Hackman; R. Kanungo; K. Kapoor; A. Laffoley; G. Leckenby; K. Mashtakov; C. Natzke; B. Olaizola; K. Ortner; C. Porzio; M. Rocchini; N. Saei; Y. Saito; M. Satrazani; D. Shah; M. Siciliano; J. Smallcombe; C.E. Svensson; A. Talebitaher; R. Umashankar; S. Valbuena Burbano; J. Williams; F. Wu; D. Yates; T. Zidar<\/p><p><strong>Journal:<\/strong> Nuclear Physics A<\/p><p><strong>Anno:<\/strong> 2025<\/p><p><strong>DOI:<\/strong> <a href=\"https:\/\/doi.org\/10.1016\/j.nuclphysa.2025.123090\" target=\"_blank\" rel=\"noopener\">https:\/\/doi.org\/10.1016\/j.nuclphysa.2025.123090<\/a><\/p><\/div><div class=\"pub-item\" style=\"margin-bottom:1rem;padding-bottom:1rem;border-bottom:1px solid #ddd;\"><h3 style=\"margin:0 0 .5rem 0;\">CTADIR: A 3,4He Cryogenic TArget for DIrect Reactions at low energy<\/h3><p><strong>Autori:<\/strong> M. Sedl\u00e1k; A. Gottardo; R. Pengo; A. Goasduff; I. Zanon; A. Cobo Zarzuelo; M. Balogh; D. Brugnara; G. Andreetta; F. Angelini; R. Nicol\u00e1s del \u00c1lamo; F. Galtarossa; B. G\u00f3ngora Serv\u00edn; T. Gre\u010dn\u00e1rov\u00e1; I. Lombardo; D. Mengoni; J. Pellumaj; S. Pigliapoco; E. Pilotto; F. Recchia; J.J. Valiente-Dob\u00f3n; L. Zago<\/p><p><strong>Journal:<\/strong> Nuclear Instruments and Methods in Physics Research Section A: Accelerators, Spectrometers, Detectors and Associated Equipment<\/p><p><strong>Anno:<\/strong> 2025<\/p><p><strong>DOI:<\/strong> <a href=\"https:\/\/doi.org\/10.1016\/j.nima.2025.170626\" target=\"_blank\" rel=\"noopener\">https:\/\/doi.org\/10.1016\/j.nima.2025.170626<\/a><\/p><\/div><div class=\"pub-item\" style=\"margin-bottom:1rem;padding-bottom:1rem;border-bottom:1px solid #ddd;\"><h3 style=\"margin:0 0 .5rem 0;\">Searching for Shape Coexistence in (^{42})Ca [Searching for Shape Coexistence in \u2074\u00b2Ca]<\/h3><p><strong>Autori:<\/strong> Luciani, M.; Bottoni, S.; Cieplicka-Ory\u0144czak, N.; Leoni, S.; Fornal, B.; Michelagnoli, C.; Iskra, \u0141.W.; Jentschel, M.; K\u00f6ster, U.; M\u0103rginean, N.; M\u0103rginean, R.; Mihai, C.; Mutti, P.; Pascu, S.; Ur, C.A.<\/p><p><strong>Anno:<\/strong> 2025<\/p><p><strong>DOI:<\/strong> <a href=\"https:\/\/doi.org\/10.5506\/aphyspolbsupp.18.2-a18\" target=\"_blank\" rel=\"noopener\">https:\/\/doi.org\/10.5506\/aphyspolbsupp.18.2-a18<\/a><\/p><\/div><div class=\"pub-item\" style=\"margin-bottom:1rem;padding-bottom:1rem;border-bottom:1px solid #ddd;\"><h3 style=\"margin:0 0 .5rem 0;\">Probing Low-energy States in 110Cd Using Coulomb Excitation<\/h3><p><strong>Autori:<\/strong> I.Z. Pi\u0119tka; K. Wrzosek-Lipska; P.E. Garrett; M. Zieli\u0144ska; L. Pr\u00f3chniak; A. Nannini; M. Rocchini; T. Abraham; P. Aguilera; Z.T. Ahmed; J.M. Allmond; F. Angelini; M. Balogh; F.L. Bello Garrote; J. Benito; H. Bidaman; V. Bildstein; D. Brugnara; S. Buck; C. Burbadge; S. Carollo; J. Cederk\u00e4ll; M. Chiari; R. Coleman; G. Colombi; G. Colucci; A. Diaz Varela; D.T. Doherty; S. Dutt; F. Ercolano; A. Ertoprak; R. Escudeiro; F. Galtarossa; A. Goasduff; B. G\u00f3ngora-Serv\u00edn; A. Gottardo; A. Gozzelino; B. Greaves; K. Hady\u0144ska-Kl\u0119k; J. Heery; S.F. Hicks; Z. Huang; D. Hymers; A. Illana; J. Iwanicki; G. Jaworski; B. Jigmeddorj; D. Kalaydjieva; M. Kisieli\u0144ski; R. Kjus; M. Komorowska<\/p><p><strong>Journal:<\/strong> Acta Physica Polonica B Proceedings Supplement<\/p><p><strong>Anno:<\/strong> 2025<\/p><p><strong>DOI:<\/strong> <a href=\"https:\/\/doi.org\/10.5506\/aphyspolbsupp.18.2-a26\" target=\"_blank\" rel=\"noopener\">https:\/\/doi.org\/10.5506\/aphyspolbsupp.18.2-a26<\/a><\/p><\/div><\/div><nav class=\"pagination\" aria-label=\"Paginazione\"><ul class=\"page-numbers\"><li><span class=\"page-numbers current\">1<\/span><\/li><li><a class=\"page-numbers\" href=\"https:\/\/web.infn.it\/gamma\/publications\/probing-low-energy-states-in-110cd-using-coulomb-excitation\/?pubs_page=2\">2<\/a><\/li><li><a class=\"page-numbers\" href=\"https:\/\/web.infn.it\/gamma\/publications\/probing-low-energy-states-in-110cd-using-coulomb-excitation\/?pubs_page=3\">3<\/a><\/li><li><span class=\"page-numbers dots\">&hellip;<\/span><\/li><li><a class=\"page-numbers\" href=\"https:\/\/web.infn.it\/gamma\/publications\/probing-low-energy-states-in-110cd-using-coulomb-excitation\/?pubs_page=37\">37<\/a><\/li><li><a class=\"next page-numbers\" href=\"https:\/\/web.infn.it\/gamma\/publications\/probing-low-energy-states-in-110cd-using-coulomb-excitation\/?pubs_page=2\">&raquo;<\/a><\/li><\/ul><\/nav>\n","protected":false},"excerpt":{"rendered":"<p>Publications We publish the results of our research in leading journals in the field, such as Nature, Physical Review Letters, Physics Letters B, Physical Review C, Nuclear Instruments and Methods in Physics Research (Sections A and B), European Physical Journal, and Journal of Physics G.<\/p>\n","protected":false},"author":2,"featured_media":805,"parent":0,"menu_order":0,"comment_status":"closed","ping_status":"closed","template":"","meta":{"_kad_post_transparent":"","_kad_post_title":"","_kad_post_layout":"","_kad_post_sidebar_id":"","_kad_post_content_style":"","_kad_post_vertical_padding":"","_kad_post_feature":"","_kad_post_feature_position":"","_kad_post_header":false,"_kad_post_footer":false,"_kad_post_classname":"","footnotes":""},"class_list":["post-24","page","type-page","status-publish","has-post-thumbnail","hentry"],"_links":{"self":[{"href":"https:\/\/web.infn.it\/gamma\/wp-json\/wp\/v2\/pages\/24","targetHints":{"allow":["GET"]}}],"collection":[{"href":"https:\/\/web.infn.it\/gamma\/wp-json\/wp\/v2\/pages"}],"about":[{"href":"https:\/\/web.infn.it\/gamma\/wp-json\/wp\/v2\/types\/page"}],"author":[{"embeddable":true,"href":"https:\/\/web.infn.it\/gamma\/wp-json\/wp\/v2\/users\/2"}],"replies":[{"embeddable":true,"href":"https:\/\/web.infn.it\/gamma\/wp-json\/wp\/v2\/comments?post=24"}],"version-history":[{"count":3,"href":"https:\/\/web.infn.it\/gamma\/wp-json\/wp\/v2\/pages\/24\/revisions"}],"predecessor-version":[{"id":942,"href":"https:\/\/web.infn.it\/gamma\/wp-json\/wp\/v2\/pages\/24\/revisions\/942"}],"wp:featuredmedia":[{"embeddable":true,"href":"https:\/\/web.infn.it\/gamma\/wp-json\/wp\/v2\/media\/805"}],"wp:attachment":[{"href":"https:\/\/web.infn.it\/gamma\/wp-json\/wp\/v2\/media?parent=24"}],"curies":[{"name":"wp","href":"https:\/\/api.w.org\/{rel}","templated":true}]}}