{"id":374,"date":"2023-05-04T21:02:43","date_gmt":"2023-05-04T19:02:43","guid":{"rendered":"https:\/\/web.infn.it\/hepscape\/?page_id=374"},"modified":"2026-04-30T17:11:33","modified_gmt":"2026-04-30T15:11:33","slug":"spinoff-del-progetto","status":"publish","type":"page","link":"https:\/\/web.infn.it\/hepscape\/en\/spinoff-del-progetto\/","title":{"rendered":"Spinoff"},"content":{"rendered":"<div class=\"wp-block-group alignwide hepscape-content-page\"><div class=\"wp-block-group__inner-container is-layout-constrained wp-block-group-is-layout-constrained\">\n\n\n<h1 class=\"wp-block-heading has-text-align-center\">Spinoff del progetto<\/h1>\n\n\n\n<p class=\"has-text-align-center\">HEPscape! ha varcato i confini nazionali, arrivando anche in Finlandia grazie alla collaborazione con l\u2019University of Jyv\u00e4skyl\u00e4.<\/p>\n\n\n\n<h2 class=\"wp-block-heading\">HEPscape! in Finlandia<\/h2>\n\n\n\n<p>Il progetto INFN HEPscape! \u00e8 stato tradotto e riprodotto presso l\u2019University of Jyv\u00e4skyl\u00e4, dove un gruppo di dottorandi, dottorande, studenti e studentesse ha adattato l\u2019attivit\u00e0 al proprio contesto locale.<\/p>\n\n\n\n<p>Questa esperienza rappresenta un primo esempio di diffusione internazionale del format HEPscape!, mostrando come l\u2019escape room scientifica possa essere trasferita, reinterpretata e utilizzata anche fuori dall\u2019Italia.<\/p>\n\n\n\n<p>Maggiori dettagli sono disponibili nel menu a tendina dedicato agli spinoff del progetto.<\/p>\n\n\n<\/div><\/div>\n\n\n\n<div style=\"height:100px\" aria-hidden=\"true\" class=\"wp-block-spacer\"><\/div>","protected":false},"excerpt":{"rendered":"<p>Spinoff del progetto HEPscape! ha varcato i confini nazionali, arrivando anche in Finlandia grazie alla collaborazione con l\u2019University of Jyv\u00e4skyl\u00e4. HEPscape! in Finlandia Il progetto INFN HEPscape! \u00e8 stato tradotto e riprodotto presso l\u2019University of Jyv\u00e4skyl\u00e4, dove un gruppo di dottorandi, dottorande, studenti e studentesse ha adattato l\u2019attivit\u00e0 al proprio contesto locale. Questa esperienza rappresenta un primo esempio di diffusione [&hellip;]<\/p>\n","protected":false},"author":2,"featured_media":0,"parent":0,"menu_order":0,"comment_status":"closed","ping_status":"closed","template":"","meta":{"ngg_post_thumbnail":0,"footnotes":""},"class_list":["post-374","page","type-page","status-publish","hentry"],"_links":{"self":[{"href":"https:\/\/web.infn.it\/hepscape\/en\/wp-json\/wp\/v2\/pages\/374","targetHints":{"allow":["GET"]}}],"collection":[{"href":"https:\/\/web.infn.it\/hepscape\/en\/wp-json\/wp\/v2\/pages"}],"about":[{"href":"https:\/\/web.infn.it\/hepscape\/en\/wp-json\/wp\/v2\/types\/page"}],"author":[{"embeddable":true,"href":"https:\/\/web.infn.it\/hepscape\/en\/wp-json\/wp\/v2\/users\/2"}],"replies":[{"embeddable":true,"href":"https:\/\/web.infn.it\/hepscape\/en\/wp-json\/wp\/v2\/comments?post=374"}],"version-history":[{"count":12,"href":"https:\/\/web.infn.it\/hepscape\/en\/wp-json\/wp\/v2\/pages\/374\/revisions"}],"predecessor-version":[{"id":1759,"href":"https:\/\/web.infn.it\/hepscape\/en\/wp-json\/wp\/v2\/pages\/374\/revisions\/1759"}],"wp:attachment":[{"href":"https:\/\/web.infn.it\/hepscape\/en\/wp-json\/wp\/v2\/media?parent=374"}],"curies":[{"name":"wp","href":"https:\/\/api.w.org\/{rel}","templated":true}]}}