{"id":96,"date":"2022-03-21T16:48:59","date_gmt":"2022-03-21T15:48:59","guid":{"rendered":"https:\/\/web.infn.it\/hepscape\/?page_id=96"},"modified":"2026-04-30T17:43:38","modified_gmt":"2026-04-30T15:43:38","slug":"descrizione-del-progetto","status":"publish","type":"page","link":"https:\/\/web.infn.it\/hepscape\/descrizione-del-progetto\/","title":{"rendered":"Il progetto"},"content":{"rendered":"\n<div class=\"wp-block-group alignwide hepscape-content-page\"><div class=\"wp-block-group__inner-container is-layout-constrained wp-block-group-is-layout-constrained\">\n\n\n<h1 class=\"wp-block-heading has-text-align-center\">Il progetto<\/h1>\n\n\n\n<p class=\"has-text-align-center\">HEPscape! \u00e8 un\u2019escape room scientifica dedicata alla fisica delle alte energie, nata per portare il pubblico dentro il mondo del Large Hadron Collider, degli esperimenti del CERN e della ricerca sulle particelle elementari.<\/p>\n\n\n\n<h2 class=\"wp-block-heading\">Introduzione<\/h2>\n\n\n\n<p>HEPscape! \u00e8 stata ideata da quattro ricercatrici dell\u2019Istituto Nazionale di Fisica Nucleare (INFN) di Roma e realizzata con il sostegno dell\u2019INFN e la collaborazione del Dipartimento di Fisica della Sapienza Universit\u00e0 di Roma.<\/p>\n\n\n\n<p>Alcune delle ideatrici fanno parte della collaborazione <a href=\"https:\/\/home.web.cern.ch\/science\/experiments\/cms\" target=\"_blank\" rel=\"noreferrer noopener\"><em>Compact Muon Solenoid<\/em> (CMS)<\/a>, uno dei grandi esperimenti del CERN di Ginevra. Il progetto nasce dal desiderio di avvicinare bambine, bambini, studenti, studentesse e adulti alla fisica delle particelle attraverso un\u2019esperienza coinvolgente e accessibile.<\/p>\n\n\n\n<p>HEPscape! ha viaggiato in Italia per raggiungere un pubblico ampio, andando oltre la possibilit\u00e0, riservata a pochi, di visitare di persona i laboratori del CERN. Dal 2021 ha offerto una forma originale di visita virtuale alle aree sperimentali dell\u2019LHC, unendo gioco, narrazione scientifica e collaborazione.<\/p>\n\n\n\n<h2 class=\"wp-block-heading\">La fisica a LHC<\/h2>\n\n\n\n<p>Al Large Hadron Collider (LHC), protoni e ioni pesanti si scontrano a energie altissime. Le collisioni avvengono al centro di esperimenti come CMS e ricreano, in una regione piccolissima dello spazio, condizioni simili a quelle esistite una frazione di secondo dopo il Big Bang.<\/p>\n\n\n\n<p>In queste collisioni si possono produrre particelle come il bosone di Higgs e si possono cercare nuovi fenomeni fisici, inclusi possibili indizi sulla materia oscura o su nuove strutture dello spazio. Gli esperimenti come CMS sono strumenti fondamentali per verificare le teorie esistenti e cercarne di nuove.<\/p>\n\n\n\n<p>Nel 2012 CMS ha contribuito, insieme ad <a href=\"https:\/\/home.web.cern.ch\/science\/experiments\/atlas\" target=\"_blank\" rel=\"noreferrer noopener\">ATLAS<\/a>, alla scoperta del <a href=\"https:\/\/scienzapertutti.infn.it\/bosone-higgs\" target=\"_blank\" rel=\"noreferrer noopener\">bosone di Higgs<\/a>, previsto teoricamente nel 1964. Il rivelatore CMS \u00e8 composto da circa 100 milioni di elementi sensibili ed \u00e8 uno degli strumenti scientifici pi\u00f9 complessi mai costruiti.<\/p>\n\n\n\n<h2 class=\"wp-block-heading\">Le escape room nell\u2019educazione scientifica<\/h2>\n\n\n\n<p>Una escape room \u00e8 un gioco collaborativo in cui una squadra deve trovare indizi, risolvere enigmi e raggiungere un obiettivo entro un tempo limitato. Questo formato pu\u00f2 essere usato anche per insegnare concetti scientifici in modo attivo, coinvolgente e non frontale.<\/p>\n\n\n\n<p>In HEPscape!, ogni indizio richiede di ragionare su un concetto fisico prima di passare al passo successivo. Il gioco fornisce quindi un feedback immediato e stimola discussione, cooperazione, pensiero critico, creativit\u00e0 e comunicazione.<\/p>\n\n\n\n<h2 class=\"wp-block-heading\">Metodologia<\/h2>\n\n\n\n<p>L\u2019esperienza inizia fuori dalla stanza. I partecipanti vengono accolti nell\u2019area sperimentale da una guida, come accade durante una vera visita a CMS o ATLAS. Prima di entrare, indossano anche un casco di sicurezza, perch\u00e9 stanno per accedere simbolicamente a un\u2019area sperimentale.<\/p>\n\n\n\n<p>Si entra nella sala di HEPscape! attraversando il tunnel di LHC, riprodotto ad alta risoluzione sulla tenda d\u2019ingresso.<\/p>\n\n\n\n<figure class=\"wp-block-image alignwide is-resized\"><img decoding=\"async\" src=\"https:\/\/lh4.googleusercontent.com\/E1HFqglmpgLkQFKXA01hWsAAY5GKnLtmO63pTdmEbcP2beCBBcdAc8HULRsgRPp2pn006yY2TrWihCH8ZzOP_Fd1Or5Lgvwmw5hQRokrj0_F7N08JCbQGmT9gw2aYeWzXTfVlIUU7-Ybj-Gk9lCnNg\" alt=\"Ingresso di HEPscape!\"\/><figcaption class=\"wp-element-caption\">Figura 1. L\u2019ingresso di HEPscape!.<\/figcaption><\/figure>\n\n\n\n<p>All\u2019interno, i partecipanti affrontano un viaggio virtuale a LHC con proiezioni, suoni, luci e sorprese. Ogni elemento della stanza pu\u00f2 essere utile alla soluzione degli indizi. L\u2019esperienza dura circa 40 minuti e ogni gruppo pu\u00f2 essere composto da un massimo di 25 persone.<\/p>\n\n\n\n<p>Il percorso \u00e8 disponibile in tre versioni, adattate all\u2019et\u00e0 dei partecipanti: una per bambine e bambini sotto i 6 anni, una per la fascia 6-12 anni e una per ragazze, ragazzi e adulti.<\/p>\n\n\n\n<figure class=\"wp-block-image alignwide is-resized\"><img decoding=\"async\" src=\"https:\/\/lh6.googleusercontent.com\/VUr-KBWn-MdlZyZLm-6s9CwjwXTmFb36U4JQCdOLXBcb9A8ssgZovJhPKJCYCqWLDrXpdgKzaSqXG-L-55EjqI7bVtcys2bp25XuXc9zTdGaxsQrGplTBmpGHlW7moITkY2WiIPRiB-ZyQTyvI6sFg\" alt=\"Visitatori all\u2019interno di HEPscape!\"\/><figcaption class=\"wp-element-caption\">Figura 2. I visitatori all\u2019interno di HEPscape!.<\/figcaption><\/figure>\n\n\n\n<h2 class=\"wp-block-heading\">Descrizione scientifica<\/h2>\n\n\n\n<p>La prima azione dei partecipanti simula una visita reale a CMS o ATLAS: prendere l\u2019ascensore per scendere nell\u2019area sperimentale sotterranea. La discesa \u00e8 ricreata con proiezioni che mostrano immagini reali girate all\u2019interno di uno dei pozzi di LHC.<\/p>\n\n\n\n<p>Il primo enigma consiste nel capire di quanti metri l\u2019ascensore \u00e8 sceso. La risposta corretta apre il primo lucchetto. Da quel momento, ogni risposta giusta sblocca l\u2019indizio successivo.<\/p>\n\n\n\n<figure class=\"wp-block-image alignwide is-resized\"><img decoding=\"async\" src=\"https:\/\/lh3.googleusercontent.com\/ShuP_5GZCV_Of69o2jEWOK5x1puwVQUgsAvTx29ScBDROWw0adI-elUrd_It9iOBtGJZLLPZ6v29SyqNKxCUWTiFzN9wZ2oCakw5lx5jkyKKInznq4t17BAvLA6EhfyXDtgo4oe_sin2qzluDvCnKA\" alt=\"Primo enigma di HEPscape!\"\/><figcaption class=\"wp-element-caption\">Figura 3. Il primo enigma di HEPscape!.<\/figcaption><\/figure>\n\n\n\n<p>Gli enigmi successivi riguardano il funzionamento dell\u2019acceleratore LHC e il modo in cui il Modello Standard descrive la materia e le particelle elementari.<\/p>\n\n\n\n<figure class=\"wp-block-image alignwide is-resized\"><img decoding=\"async\" src=\"https:\/\/lh3.googleusercontent.com\/PG4_uIRfC-Ljbx2PmXCMXwmgcwUbFtCPu3epg4Td3CV5EwkO3vku8gYjuJ0JBGT4WDFq5Su_YdU3ND7lrMSBJxWdHUuq-iNE2gTRt1gjbrbPtLNx7Sqq92j7TZh1HV-34ZGLkwOBMpr_bV6ZJfQNNQ\" alt=\"Secondo enigma di HEPscape!\"\/><figcaption class=\"wp-element-caption\">Figura 4. Il secondo enigma di HEPscape!.<\/figcaption><\/figure>\n\n\n\n<figure class=\"wp-block-image alignwide is-resized\"><img decoding=\"async\" src=\"https:\/\/lh3.googleusercontent.com\/cIKJCFeXJIVPFAdtc1zPnCopnm87sScUNMnjJep_KUX1_CAQfXWR5sT4KGVjHzFjLLjTEy1uzTt47hbVySSMxzRMo-wb2A9q5eRatxmwGEOTykmTpOnxynLO0Z0Bucqzt7lSn2PnENdIlvkhtakzJw\" alt=\"Terzo enigma di HEPscape!\"\/><figcaption class=\"wp-element-caption\">Figura 5. Il terzo enigma di HEPscape!.<\/figcaption><\/figure>\n\n\n\n<p>Durante il gioco, due dei tre proiettori mostrano video reali della sala di controllo di CMS, girati al CERN con una videocamera a 360 gradi. Nell\u2019ultima parte dell\u2019esperienza, i partecipanti diventano fisici e fisiche delle particelle: analizzano immagini di collisioni reali di CMS e cercano l\u2019evento in cui \u00e8 stato probabilmente prodotto un bosone di Higgs.<\/p>\n\n\n\n<figure class=\"wp-block-image alignwide is-resized\"><img decoding=\"async\" src=\"https:\/\/lh3.googleusercontent.com\/4YpKImSBILSxdTDWpfr5SnclW2PceDMKK3jB8QS4ZoZaDG-uup_mMqt6Q_8WBDH8w6VQjJzHFjeXWpXVIvtyj8MCOusCNOxb1tVoQaT5dbTjFgGq9TsjfxXpuB2Uuklki_LEo1kTlKMjCx6cHM529A\" alt=\"Scoperta del bosone di Higgs a HEPscape!\"\/><figcaption class=\"wp-element-caption\">Figura 6. La scoperta del bosone di Higgs a HEPscape!.<\/figcaption><\/figure>\n\n\n\n<h2 class=\"wp-block-heading\">Descrizione tecnica<\/h2>\n\n\n\n<p>HEPscape! \u00e8 costruita come un ambiente chiuso, pensato per non rivelare in anticipo la stanza ai visitatori. La tenda d\u2019ingresso, con l\u2019immagine del tunnel di LHC, separa l\u2019esterno dall\u2019esperienza.<\/p>\n\n\n\n<p>Tre proiettori di ultima generazione, controllati da un computer tramite videowall, mostrano immagini, video e giochi. Luci LED controllate da remoto guidano i partecipanti nella risoluzione degli indizi. L\u2019intero materiale pu\u00f2 essere trasportato in quattro bagagli di grandi dimensioni ed \u00e8 stato concepito come un kit portatile, montabile in circa due ore da tre persone.<\/p>\n\n\n\n<h2 class=\"wp-block-heading\">Risultati<\/h2>\n\n\n\n<p>HEPscape! \u00e8 stata presentata per la prima volta nel 2021 in due eventi scientifici italiani: la Notte Europea dei Ricercatori a Roma e il Festival della Scienza di Genova. In entrambi i casi, il contributo di studenti universitari e di dottorato \u00e8 stato fondamentale per il successo dell\u2019attivit\u00e0.<\/p>\n\n\n\n<h3 class=\"wp-block-heading\">Social e gradimento<\/h3>\n\n\n\n<p>Per raccontare il progetto e renderlo visibile, HEPscape! ha un <a href=\"https:\/\/www.instagram.com\/hepscape\/\" target=\"_blank\" rel=\"noreferrer noopener\">account Instagram<\/a> gestito anche con il contributo di studenti e studentesse di dottorato. Durante gli eventi vengono raccolti commenti, immagini e valutazioni dei partecipanti.<\/p>\n\n\n\n<p>Per conservare il feedback sull\u2019esperienza \u00e8 stata sviluppata anche un\u2019app di valutazione con poche domande, pensata per essere semplice e utilizzabile anche da bambine, bambini e persone poco abituate alla tecnologia.<\/p>\n\n\n\n<figure class=\"wp-block-image alignwide is-resized\"><img decoding=\"async\" src=\"https:\/\/lh4.googleusercontent.com\/WKm6qarXlUwX-uGMsiVLu9M8M8iSJzNlSe7vMtFgSd-d4dH2qi1XpE5JsHGfFqFzRS28MDb1ItvBhd1QOw4aUUuwWLN713t0FX4bInIZOw8fm07fBHFFJgzOleDL6J2DwJN9qLXJeGHkISWobo92qA\" alt=\"Strumenti social e di valutazione di HEPscape!\"\/><figcaption class=\"wp-element-caption\">Figura 7. Strumenti social e di valutazione di HEPscape!.<\/figcaption><\/figure>\n\n\n\n<h3 class=\"wp-block-heading\">Visitatori e valutazione<\/h3>\n\n\n\n<p>HEPscape! usa simbolicamente il termine \u201crun\u201d, lo stesso utilizzato negli esperimenti di LHC per indicare un periodo di presa dati. Nei primi dieci run, HEPscape! ha raggiunto oltre 5000 visitatori, con una media di circa 100 partecipanti al giorno.<\/p>\n\n\n\n<figure class=\"wp-block-image alignwide size-large is-resized\"><img loading=\"lazy\" decoding=\"async\" width=\"1024\" height=\"383\" src=\"https:\/\/web.infn.it\/hepscape\/wp-content\/uploads\/2024\/01\/InstLumiHEPscapeRMJan2024-1-1024x383.png\" alt=\"\" class=\"wp-image-808\" srcset=\"https:\/\/web.infn.it\/hepscape\/wp-content\/uploads\/2024\/01\/InstLumiHEPscapeRMJan2024-1-1024x383.png 1024w, https:\/\/web.infn.it\/hepscape\/wp-content\/uploads\/2024\/01\/InstLumiHEPscapeRMJan2024-1-300x112.png 300w, https:\/\/web.infn.it\/hepscape\/wp-content\/uploads\/2024\/01\/InstLumiHEPscapeRMJan2024-1-768x287.png 768w, https:\/\/web.infn.it\/hepscape\/wp-content\/uploads\/2024\/01\/InstLumiHEPscapeRMJan2024-1-18x7.png 18w, https:\/\/web.infn.it\/hepscape\/wp-content\/uploads\/2024\/01\/InstLumiHEPscapeRMJan2024-1.png 1045w\" sizes=\"auto, (max-width: 1024px) 100vw, 1024px\" \/><figcaption class=\"wp-element-caption\">Figura 8. Panoramica dei primi dieci run di HEPscape!.<\/figcaption><\/figure>\n\n\n\n<p>La valutazione complessiva \u00e8 molto positiva e conferma il successo dell\u2019esperienza presso pubblici di et\u00e0 diverse.<\/p>\n\n\n\n<figure class=\"wp-block-image alignwide is-resized\"><img decoding=\"async\" src=\"https:\/\/lh5.googleusercontent.com\/BWBmeLUZSWVOhmjO7HL204THgNWpCQ75Di5NyJv822alUCP00wxohxozk7k-9nbeVsG2phzorY7kkqV4KMt-BG_C0dwq-Q1wr_nPDlkN2MzStOTzJQj3iE14Vu5Fn5jGSEBvt8EBM3TcvB9dCQQPcg\" alt=\"Valutazione di HEPscape! da parte del pubblico\"\/><figcaption class=\"wp-element-caption\">Figura 9. Valutazione di HEPscape! da parte del pubblico.<\/figcaption><\/figure>\n\n\n\n<h2 class=\"wp-block-heading\">Conclusioni<\/h2>\n\n\n\n<p>HEPscape! unisce gioco, collaborazione e divulgazione scientifica per rendere accessibile la fisica delle alte energie. Attraverso enigmi, ambientazioni immersive e dati reali degli esperimenti, il progetto permette al pubblico di avvicinarsi alla ricerca sulle particelle in modo diretto, partecipato e memorabile.<\/p>\n\n\n<\/div><\/div>\n\n\n\n<div style=\"height:100px\" aria-hidden=\"true\" class=\"wp-block-spacer\"><\/div>\n\n\n<!-- \/wp:post-content --><\/div>\n<!-- \/wp:post-content --><\/div>\n<!-- \/wp:column --><\/div>\n<!-- \/wp:columns -->","protected":false},"excerpt":{"rendered":"<p>Il progetto HEPscape! \u00e8 un\u2019escape room scientifica dedicata alla fisica delle alte energie, nata per portare il pubblico dentro il mondo del Large Hadron Collider, degli esperimenti del CERN e della ricerca sulle particelle elementari. Introduzione HEPscape! \u00e8 stata ideata da quattro ricercatrici dell\u2019Istituto Nazionale di Fisica Nucleare (INFN) di Roma e realizzata con il sostegno dell\u2019INFN e la collaborazione [&hellip;]<\/p>\n","protected":false},"author":2,"featured_media":0,"parent":0,"menu_order":0,"comment_status":"closed","ping_status":"closed","template":"","meta":{"ngg_post_thumbnail":0,"footnotes":""},"class_list":["post-96","page","type-page","status-publish","hentry"],"_links":{"self":[{"href":"https:\/\/web.infn.it\/hepscape\/wp-json\/wp\/v2\/pages\/96","targetHints":{"allow":["GET"]}}],"collection":[{"href":"https:\/\/web.infn.it\/hepscape\/wp-json\/wp\/v2\/pages"}],"about":[{"href":"https:\/\/web.infn.it\/hepscape\/wp-json\/wp\/v2\/types\/page"}],"author":[{"embeddable":true,"href":"https:\/\/web.infn.it\/hepscape\/wp-json\/wp\/v2\/users\/2"}],"replies":[{"embeddable":true,"href":"https:\/\/web.infn.it\/hepscape\/wp-json\/wp\/v2\/comments?post=96"}],"version-history":[{"count":26,"href":"https:\/\/web.infn.it\/hepscape\/wp-json\/wp\/v2\/pages\/96\/revisions"}],"predecessor-version":[{"id":1780,"href":"https:\/\/web.infn.it\/hepscape\/wp-json\/wp\/v2\/pages\/96\/revisions\/1780"}],"wp:attachment":[{"href":"https:\/\/web.infn.it\/hepscape\/wp-json\/wp\/v2\/media?parent=96"}],"curies":[{"name":"wp","href":"https:\/\/api.w.org\/{rel}","templated":true}]}}