{"id":2332,"date":"2025-10-13T12:32:57","date_gmt":"2025-10-13T10:32:57","guid":{"rendered":"https:\/\/web.infn.it\/incontridifisica\/?page_id=2332"},"modified":"2025-11-14T15:31:39","modified_gmt":"2025-11-14T14:31:39","slug":"lezioni","status":"publish","type":"page","link":"https:\/\/web.infn.it\/incontridifisica\/lezioni\/","title":{"rendered":"Lezioni"},"content":{"rendered":"\t\t<div data-elementor-type=\"wp-page\" data-elementor-id=\"2332\" class=\"elementor elementor-2332\">\n\t\t\t\t<div class=\"elementor-element elementor-element-dcfb448 e-flex e-con-boxed e-con e-parent\" data-id=\"dcfb448\" data-element_type=\"container\" data-e-type=\"container\" data-settings=\"{&quot;background_background&quot;:&quot;classic&quot;}\">\n\t\t\t\t\t<div class=\"e-con-inner\">\n\t\t<div class=\"elementor-element elementor-element-d21b7e0 e-flex e-con-boxed e-con e-child\" data-id=\"d21b7e0\" data-element_type=\"container\" data-e-type=\"container\">\n\t\t\t\t\t<div class=\"e-con-inner\">\n\t\t\t\t<div class=\"elementor-element elementor-element-e9fd9dc elementor-widget elementor-widget-heading\" data-id=\"e9fd9dc\" data-element_type=\"widget\" data-e-type=\"widget\" data-widget_type=\"heading.default\">\n\t\t\t\t<div class=\"elementor-widget-container\">\n\t\t\t\t\t<h1 class=\"elementor-heading-title elementor-size-default\">Lezioni<\/h1>\t\t\t\t<\/div>\n\t\t\t\t<\/div>\n\t\t\t\t\t<\/div>\n\t\t\t\t<\/div>\n\t\t\t\t\t<\/div>\n\t\t\t\t<\/div>\n\t\t<div class=\"elementor-element elementor-element-96fbf94 e-flex e-con-boxed e-con e-parent\" data-id=\"96fbf94\" data-element_type=\"container\" data-e-type=\"container\">\n\t\t\t\t\t<div class=\"e-con-inner\">\n\t\t\t\t<div class=\"elementor-element elementor-element-bab442f e-n-tabs-mobile elementor-widget elementor-widget-n-tabs\" data-id=\"bab442f\" data-element_type=\"widget\" data-e-type=\"widget\" data-settings=\"{&quot;horizontal_scroll&quot;:&quot;disable&quot;}\" data-widget_type=\"nested-tabs.default\">\n\t\t\t\t<div class=\"elementor-widget-container\">\n\t\t\t\t\t\t\t<div class=\"e-n-tabs\" data-widget-number=\"195773487\" aria-label=\"Schede. Apri gli elementi con Invio o Spazio, chiudili con Esc e naviga con i tasti freccia.\">\n\t\t\t<div class=\"e-n-tabs-heading\" role=\"tablist\">\n\t\t\t\t\t<button id=\"e-n-tab-title-1957734871\" data-tab-title-id=\"e-n-tab-title-1957734871\" class=\"e-n-tab-title\" aria-selected=\"true\" data-tab-index=\"1\" role=\"tab\" tabindex=\"0\" aria-controls=\"e-n-tab-content-1957734871\" style=\"--n-tabs-title-order: 1;\">\n\t\t\t\t\t\t<span class=\"e-n-tab-title-text\">\n\t\t\t\tMercoled\u00ec 19 novembre 2025\t\t\t<\/span>\n\t\t<\/button>\n\t\t\t\t<button id=\"e-n-tab-title-1957734872\" data-tab-title-id=\"e-n-tab-title-1957734872\" class=\"e-n-tab-title\" aria-selected=\"false\" data-tab-index=\"2\" role=\"tab\" tabindex=\"-1\" aria-controls=\"e-n-tab-content-1957734872\" style=\"--n-tabs-title-order: 2;\">\n\t\t\t\t\t\t<span class=\"e-n-tab-title-text\">\n\t\t\t\tGioved\u00ec 20 novembre 2025\t\t\t<\/span>\n\t\t<\/button>\n\t\t\t\t<button id=\"e-n-tab-title-1957734873\" data-tab-title-id=\"e-n-tab-title-1957734873\" class=\"e-n-tab-title\" aria-selected=\"false\" data-tab-index=\"3\" role=\"tab\" tabindex=\"-1\" aria-controls=\"e-n-tab-content-1957734873\" style=\"--n-tabs-title-order: 3;\">\n\t\t\t\t\t\t<span class=\"e-n-tab-title-text\">\n\t\t\t\tVenerd\u00ec 21 novembre 2025\t\t\t<\/span>\n\t\t<\/button>\n\t\t\t\t\t<\/div>\n\t\t\t<div class=\"e-n-tabs-content\">\n\t\t\t\t<div id=\"e-n-tab-content-1957734871\" role=\"tabpanel\" aria-labelledby=\"e-n-tab-title-1957734871\" data-tab-index=\"1\" style=\"--n-tabs-title-order: 1;\" class=\"e-active elementor-element elementor-element-b6b4a09 e-con-full e-flex e-con e-child\" data-id=\"b6b4a09\" data-element_type=\"container\" data-e-type=\"container\">\n\t\t\t\t<div class=\"elementor-element elementor-element-318b868 elementor-widget elementor-widget-text-editor\" data-id=\"318b868\" data-element_type=\"widget\" data-e-type=\"widget\" data-widget_type=\"text-editor.default\">\n\t\t\t\t<div class=\"elementor-widget-container\">\n\t\t\t\t\t\t\t\t\t<table width=\"100%\"><tbody><tr><td width=\"15%\">10:10 -11:30<\/td><td><p><strong>Introduzione alla fisica delle particelle elementari: alla frontiera della conoscenza e della tecnologia &#8211; Matteo Palutan (INFN-LNF)<\/strong><\/p><div>Il Modello Standard delle particelle elementari rappresenta ad oggi la migliore comprensione che<\/div><div>abbiamo dei costituenti elementari della materia e delle loro interazioni. Gli ultimi cinquant&#8217;anni sono stati un&#8217;appassionante avventura scientifica, \u00a0i cui risultati hanno posto le basi per una solida verifica sperimentale di questa teoria. Cio&#8217; nonostante, sono moltissime le domande rimaste senza risposta, e che richiedono un salto nella teoria stessa, negli esperimenti e nella tecnologia su cui sono basati. In questo seminario ripercorreremo insieme alcune delle tappe fondamentali di questa costruzione, sottolineandone i successi e gli aspetti incompiuti, dietro i quali si cela forse la rivoluzione scientifica del prossimo futuro.\u00a0<\/div><\/td><\/tr><tr><td>12:10 &#8211; 13:30<\/td><td><p><strong>L&#8217;esperimento ALICE a LHC e il plasma di quark e gluoni &#8211; Chiara Oppedisano (INFN-TO)<\/strong><\/p><p>L\u2019esperimento ALICE (A Large Ion Collider) all\u2019LHC (Large Hadron Collider) del CERN studia le collisioni di adroni &#8211; protoni e nuclei &#8211; accelerati ad energie ultra-relativistiche. In particolare ad ALICE si studiano le collisioni di nuclei contenenti molti neutroni e protoni, ad esempio i nuclei di piombo, per investigare uno stato della materia che era presente nell\u2019Universo primordiale qualche milionesimo di secondo dopo il Big Bang, il<br \/>Quark Gluon Plasma. In questo plasma i quark e i gluoni sono liberi e non confinati a formare gli adroni come nella materia che ci circonda. Quark liberi non esistono in natura, se non per un brevissimo istante nelle collisioni di nuclei ad alte energie. In alcune delle interazioni tra nuclei di piombo non si forma il Quark Gluon Plasma, ma i nuclei interagiscono elettromagneticamente e questo porta a una modifica delle propriet\u00e0 del nucleo di piombo. ALICE ha recentemente misurato la produzione di tallio, mercurio e oro in queste interazioni. Insomma\u2026dal Quark Gluon Plasma all\u2019alchimia in una lezione.<br \/>Tutta questione di interazioni!<\/p><\/td><\/tr><tr><td>14:45 &#8211; 15:30<\/td><td><p><strong>Oltre la barriera: dal tunnel quantistico e il Nobel 2025 alle meraviglie della meccanica quantistica &#8211; Catalina Curceanu (INFN-LNF)<\/strong><\/p><p>Oltre la barriera: dal tunnel quantistico e il Nobel 2025 alle meraviglie della meccanica quantistica.<\/p><p>Nel 2025 il Premio Nobel per la Fisica \u00e8 stato assegnato a John Clarke, Michel H. Devoret e John M. Martinis \u201cper la scoperta del fenomeno di tunnel quantistico macroscopico e della quantizzazione dell\u2019energia in un circuito elettrico\u201d.<\/p><p>A partire da questo risultato di frontiera come filo conduttore andremo a riscoprire le radici, i concetti chiave e le implicazioni pi\u00f9 profonde della meccanica quantistica: dal principio di sovrapposizione, e l\u2019entanglement ai nuovi orizzonti della tecnologia e fisica quantistica.<\/p><p>L\u2019obiettivo \u00e8 duplice: di \u00a0rendere accessibili alcune delle \u00abmeraviglie\u00bb che la fisica quantistica ci offre e che hanno cambiato la nostra visione del mondo e dell\u2019Universo e di stimolare la riflessione su come questi risultati si traducano non solo in applicazioni (computer quantistici, sensori ultra-precisi, comunicazione sicura) ma anche in nuovi interrogativi fondamentali: che cosa significa che il mondo macroscopico obbedisca a leggi \u00abquantistiche\u00bb? Dove sono, se ci sono, \u00a0i limiti della misurazione, dell\u2019osservatore e della realt\u00e0?<\/p><p>Un invito a guardare \u00aboltre la barriera\u00bb (metaforica e fisica) del tunnel quantistico, verso un futuro quantistico, profondamente fertile per la scienza, per la tecnologia e per la cultura.<\/p><\/td><\/tr><tr><td>15:30 &#8211; 17:00<\/td><td><p><strong>La Fisica dell\u2019INFN al Servizio della Medicina &#8211; Vincenzo Patera (Univ. Roma Sapienza)<\/strong><\/p><p>L&#8217;intersezione tra Fisica Nucleare, delle Particelle e la Diagnosi e Terapia Medica rappresenta uno dei campi di maggiore innovazione nella scienza applicata. Sebbene spesso invisibile al paziente, la tecnologia basata sui fenomeni nucleari \u00e8<br \/>una componente cruciale della medicina moderna.<br \/>Questo seminario esplorer\u00e0 il ruolo essenziale e dinamico della fisica nucleare all&#8217;interno del contesto ospedaliero. Affronteremo questioni fondamentali che collegano la ricerca di base alle applicazioni cliniche:<br \/>\u2022 In che modo le radiazioni emesse dai nuclei instabili facilitano la diagnosi di<br \/>patologie complesse?<br \/>\u2022 Qual \u00e8 la funzione dell&#8217;antimateria nei moderni metodi di imaging (come la<br \/>PET)?<br \/>\u2022 Come i decadimenti nucleari e l&#8217;uso di fasci di ioni pesanti (adroterapia) possono essere ingegnerizzati per la cura mirata dei tumori, migliorando l&#8217;efficacia terapeutica e riducendo il danno ai tessuti sani?<br \/>Il colloquium mira a svelare questa connessione scientifica, spesso sottovalutata, tra il mondo della ricerca in fisica fondamentale, dove l\u2019INFN ha un ruolo di primo piano, e l&#8217;infrastruttura clinica, tracciando un percorso che va dal laboratorio di acceleratori all&#8217;erogazione di terapie avanzate nei centri di trattamento oncologico.<\/p><\/td><\/tr><\/tbody><\/table>\t\t\t\t\t\t\t\t<\/div>\n\t\t\t\t<\/div>\n\t\t\t\t<\/div>\n\t\t<div id=\"e-n-tab-content-1957734872\" role=\"tabpanel\" aria-labelledby=\"e-n-tab-title-1957734872\" data-tab-index=\"2\" style=\"--n-tabs-title-order: 2;\" class=\" elementor-element elementor-element-7a740d6 e-con-full e-flex e-con e-child\" data-id=\"7a740d6\" data-element_type=\"container\" data-e-type=\"container\">\n\t\t\t\t<div class=\"elementor-element elementor-element-29e875b elementor-widget elementor-widget-text-editor\" data-id=\"29e875b\" data-element_type=\"widget\" data-e-type=\"widget\" data-widget_type=\"text-editor.default\">\n\t\t\t\t<div class=\"elementor-widget-container\">\n\t\t\t\t\t\t\t\t\t<p>\u00a0<\/p><table style=\"height: 505px;\" width=\"585\"><tbody><tr><td>14:45 &#8211; 16:15<\/td><td><p><strong>Ai confini della fisica: la gravit\u00e0 quantistica &#8211; Giulia Gubitosi (Univ. di Napoli Ferderico II)<\/strong><\/p><p>La nostra attuale comprensione delle leggi fondamentali che governano la natura si basa su due pilastri, costruiti all\u2019inizio del Novecento: la relativit\u00e0 generale, sviluppata da Einstein, che descrive il comportamento dei corpi su larga scala, e la meccanica quantistica, frutto di uno sforzo corale, che descrive il comportamento del mondo microscopico. Queste due teorie sono state sviluppate grazie ai progressi tecnologici di quel periodo: nuovi tipi di osservazioni sperimentali hanno consentito di esplorare i confini delle teorie note ed evidenziarne i limiti, guidando gli scienziati verso la formulazione di teorie adeguate a descrivere i nuovi fenomeni.<\/p><p>Ciascuna delle due teorie \u00e8 adatta a descrivere fenomeni ben distinti: per i corpi macroscopici gli effetti dovuti alla meccanica quantistica sono trascurabili, mentre nel mondo microscopico gli effetti della relativit\u00e0 generale sono trascurabili. Questa complementarit\u00e0 \u00e8 proprio la ragione per cui sappiamo che la relativit\u00e0 generale e la meccanica quantistica hanno dei limiti. Infatti esistono contesti in cui dovemmo applicarle entrambe simultaneamente, per esempio per descrivere i buchi neri o i primi istanti dell\u2019universo, ma ci\u00f2 non \u00e8 possibile, perch\u00e9 le due teorie trattano lo spazio ed il tempo in modi incompatibili.<\/p><p>La ricerca in gravit\u00e0 quantistica esplora i confini della fisica conosciuta, con lo scopo di sviluppare una nuova teoria che possa descrivere i contesti in cui \u00e8 necessario mettere insieme i fenomeni gravitazionali e quelli quantistici. Ci\u00f2 richiede l\u2019impegno sia di fisici teorici, che tentano di comprendere come risolvere le incompatibilit\u00e0 tra la relativit\u00e0 generale e la meccanica quantistica, sia di fisici sperimentali, i quali sono alla ricerca di nuove osservazioni che ci possano guidare nel definire le propriet\u00e0 della nuova teoria.<\/p><p>In questa lezione ripercorreremo la storia della ricerca in gravit\u00e0 quantistica, dalle prime proposte teoriche per riconciliare relativit\u00e0 generale e meccanica quantistica, risalenti oramai a novanta anni fa, ai moderni tentativi di individuare indizi sperimentali che ci possano guidare in questa esplorazione di nuovi territori della fisica.<\/p><\/td><\/tr><tr><td>16:30 &#8211; 18:00<\/td><td><p><strong>Campi elettromagnetici e sistema nervoso: sicuri o non sicuri, questo \u00e8 il dilemma &#8211; Claudia Consales (ENEA)<\/strong><\/p><p>In un mondo in cui siamo sempre pi\u00f9 esposti alle radiazioni elettromagnetiche ci si interroga sempre pi\u00f9 spesso circa la loro interazione con i sistemi biologici e, quindi, la loro eventuale pericolosit\u00e0.<\/p><p>In questa presentazione analizzeremo come i campi elettromagnetici interagiscono con il sistema nervoso, esplorandone non solo i potenziali rischi, ma anche il loro utilizzo sempre maggiore in terapie mediche altamente innovative<\/p><\/td><\/tr><\/tbody><\/table>\t\t\t\t\t\t\t\t<\/div>\n\t\t\t\t<\/div>\n\t\t\t\t<\/div>\n\t\t<div id=\"e-n-tab-content-1957734873\" role=\"tabpanel\" aria-labelledby=\"e-n-tab-title-1957734873\" data-tab-index=\"3\" style=\"--n-tabs-title-order: 3;\" class=\" elementor-element elementor-element-1b5337d e-con-full e-flex e-con e-child\" data-id=\"1b5337d\" data-element_type=\"container\" data-e-type=\"container\">\n\t\t\t\t<div class=\"elementor-element elementor-element-eb8e6de elementor-widget elementor-widget-text-editor\" data-id=\"eb8e6de\" data-element_type=\"widget\" data-e-type=\"widget\" data-widget_type=\"text-editor.default\">\n\t\t\t\t<div class=\"elementor-widget-container\">\n\t\t\t\t\t\t\t\t\t<p>\u00a0<\/p><table width=\"100%\"><tbody><tr><td>09:30 &#8211; 13:30<\/td><td><p><strong>Fisica dell\u2019elettrone: lezione interattiva con attivit\u00e0 dimostrative &#8211; Susanna Bertelli (INFN-LNF)<\/strong><\/p><p>La lezione propone un\u2019esplorazione interattiva delle propriet\u00e0 fondamentali dell\u2019elettrone, con l\u2019obiettivo di offrire una panoramica degli esperimenti chiave che hanno contribuito alla comprensione di questa particella. Verr\u00e0 seguito un approccio storico, volto a contestualizzare le scoperte scientifiche e a valorizzare il contributo di figure emblematiche.<\/p><p>\u00a0<\/p><\/td><\/tr><tr><td>14:45 &#8211; 16:00<\/td><td><p><strong>Le sfide del Quantum Computing<\/strong> <strong>&#8211; Paolo Cremonesi (Politecnico di Milano)<\/strong><\/p><p>Il seminario esplora le attivit\u00e0 di ricerca svolte in Italia e nel mondo per lo sviluppo del calcolo quantistico, mirate a creare computer dalle prestazioni inimmaginabili, capaci di risolvere problemi finora considerati insormontabili. Il seminario ha l&#8217;obiettivo di fornire una visione di alto livello delle tecnologie alla base del Quantum Computing, il suo potenziale e le sue limitazioni.<\/p><\/td><\/tr><\/tbody><\/table>\t\t\t\t\t\t\t\t<\/div>\n\t\t\t\t<\/div>\n\t\t\t\t<\/div>\n\t\t\t\t\t<\/div>\n\t\t<\/div>\n\t\t\t\t\t\t<\/div>\n\t\t\t\t<\/div>\n\t\t\t\t\t<\/div>\n\t\t\t\t<\/div>\n\t\t\t\t<\/div>\n\t\t","protected":false},"excerpt":{"rendered":"<p>Lezioni Mercoled\u00ec 19 novembre 2025 Gioved\u00ec 20 novembre 2025 Venerd\u00ec 21 novembre 2025 10:10 -11:30 Introduzione alla fisica delle particelle elementari: alla frontiera della conoscenza e della tecnologia &#8211; Matteo Palutan (INFN-LNF) Il Modello Standard delle particelle elementari rappresenta ad oggi la migliore comprensione cheabbiamo dei costituenti elementari della materia e delle loro interazioni. Gli [&hellip;]<\/p>\n","protected":false},"author":3,"featured_media":0,"parent":0,"menu_order":0,"comment_status":"closed","ping_status":"closed","template":"","meta":{"site-sidebar-layout":"no-sidebar","site-content-layout":"page-builder","ast-site-content-layout":"full-width-container","site-content-style":"unboxed","site-sidebar-style":"unboxed","ast-global-header-display":"","ast-banner-title-visibility":"","ast-main-header-display":"","ast-hfb-above-header-display":"","ast-hfb-below-header-display":"","ast-hfb-mobile-header-display":"","site-post-title":"disabled","ast-breadcrumbs-content":"","ast-featured-img":"disabled","footer-sml-layout":"","ast-disable-related-posts":"","theme-transparent-header-meta":"enabled","adv-header-id-meta":"","stick-header-meta":"","header-above-stick-meta":"","header-main-stick-meta":"","header-below-stick-meta":"","astra-migrate-meta-layouts":"set","ast-page-background-enabled":"default","ast-page-background-meta":{"desktop":{"background-color":"var(--ast-global-color-4)","background-image":"","background-repeat":"repeat","background-position":"center center","background-size":"auto","background-attachment":"scroll","background-type":"","background-media":"","overlay-type":"","overlay-color":"","overlay-opacity":"","overlay-gradient":""},"tablet":{"background-color":"","background-image":"","background-repeat":"repeat","background-position":"center center","background-size":"auto","background-attachment":"scroll","background-type":"","background-media":"","overlay-type":"","overlay-color":"","overlay-opacity":"","overlay-gradient":""},"mobile":{"background-color":"","background-image":"","background-repeat":"repeat","background-position":"center center","background-size":"auto","background-attachment":"scroll","background-type":"","background-media":"","overlay-type":"","overlay-color":"","overlay-opacity":"","overlay-gradient":""}},"ast-content-background-meta":{"desktop":{"background-color":"var(--ast-global-color-5)","background-image":"","background-repeat":"repeat","background-position":"center center","background-size":"auto","background-attachment":"scroll","background-type":"","background-media":"","overlay-type":"","overlay-color":"","overlay-opacity":"","overlay-gradient":""},"tablet":{"background-color":"var(--ast-global-color-5)","background-image":"","background-repeat":"repeat","background-position":"center center","background-size":"auto","background-attachment":"scroll","background-type":"","background-media":"","overlay-type":"","overlay-color":"","overlay-opacity":"","overlay-gradient":""},"mobile":{"background-color":"var(--ast-global-color-5)","background-image":"","background-repeat":"repeat","background-position":"center center","background-size":"auto","background-attachment":"scroll","background-type":"","background-media":"","overlay-type":"","overlay-color":"","overlay-opacity":"","overlay-gradient":""}},"footnotes":""},"class_list":["post-2332","page","type-page","status-publish","hentry"],"_links":{"self":[{"href":"https:\/\/web.infn.it\/incontridifisica\/wp-json\/wp\/v2\/pages\/2332","targetHints":{"allow":["GET"]}}],"collection":[{"href":"https:\/\/web.infn.it\/incontridifisica\/wp-json\/wp\/v2\/pages"}],"about":[{"href":"https:\/\/web.infn.it\/incontridifisica\/wp-json\/wp\/v2\/types\/page"}],"author":[{"embeddable":true,"href":"https:\/\/web.infn.it\/incontridifisica\/wp-json\/wp\/v2\/users\/3"}],"replies":[{"embeddable":true,"href":"https:\/\/web.infn.it\/incontridifisica\/wp-json\/wp\/v2\/comments?post=2332"}],"version-history":[{"count":37,"href":"https:\/\/web.infn.it\/incontridifisica\/wp-json\/wp\/v2\/pages\/2332\/revisions"}],"predecessor-version":[{"id":2514,"href":"https:\/\/web.infn.it\/incontridifisica\/wp-json\/wp\/v2\/pages\/2332\/revisions\/2514"}],"wp:attachment":[{"href":"https:\/\/web.infn.it\/incontridifisica\/wp-json\/wp\/v2\/media?parent=2332"}],"curies":[{"name":"wp","href":"https:\/\/api.w.org\/{rel}","templated":true}]}}