{"id":1491,"date":"2021-12-01T08:15:50","date_gmt":"2021-12-01T07:15:50","guid":{"rendered":"https:\/\/web.infn.it\/infn-kids\/?page_id=1491"},"modified":"2021-12-01T08:15:50","modified_gmt":"2021-12-01T07:15:50","slug":"1-dicembre","status":"publish","type":"page","link":"https:\/\/web.infn.it\/infn-kids\/sample-page\/aspettando-il-natale-2021\/1-dicembre\/","title":{"rendered":"1 Dicembre"},"content":{"rendered":"\n<figure class=\"wp-block-image alignwide size-large\"><img loading=\"lazy\" decoding=\"async\" width=\"1024\" height=\"109\" src=\"https:\/\/web.infn.it\/infn-kids\/wp-content\/uploads\/2021\/11\/CorniceTemplate5_up-1-1024x109.png\" alt=\"\" class=\"wp-image-1457\" srcset=\"https:\/\/web.infn.it\/infn-kids\/wp-content\/uploads\/2021\/11\/CorniceTemplate5_up-1-1024x109.png 1024w, https:\/\/web.infn.it\/infn-kids\/wp-content\/uploads\/2021\/11\/CorniceTemplate5_up-1-1536x164.png 1536w, https:\/\/web.infn.it\/infn-kids\/wp-content\/uploads\/2021\/11\/CorniceTemplate5_up-1-300x32.png 300w, https:\/\/web.infn.it\/infn-kids\/wp-content\/uploads\/2021\/11\/CorniceTemplate5_up-1-768x82.png 768w, https:\/\/web.infn.it\/infn-kids\/wp-content\/uploads\/2021\/11\/CorniceTemplate5_up-1.png 1914w\" sizes=\"auto, (max-width: 1024px) 100vw, 1024px\" \/><\/figure>\n\n\n\n<h3 class=\"wp-block-heading has-text-align-center has-text-color\" style=\"color:#1c388b\">1 Dicembre<br>Lavoretto &#8211; scopriamo chi \u00e8 Margherita Hack<\/h3>\n\n\n\n<div class=\"wp-block-columns is-layout-flex wp-container-core-columns-is-layout-9d6595d7 wp-block-columns-is-layout-flex\">\n<div class=\"wp-block-column is-layout-flow wp-block-column-is-layout-flow\" style=\"flex-basis:33.33%\">\n<figure class=\"wp-block-image size-large is-resized\"><img loading=\"lazy\" decoding=\"async\" width=\"830\" height=\"1024\" src=\"https:\/\/web.infn.it\/infn-kids\/wp-content\/uploads\/2021\/11\/HackNoCono-830x1024.png\" alt=\"\" class=\"wp-image-1459\" style=\"width:208px;height:256px\" srcset=\"https:\/\/web.infn.it\/infn-kids\/wp-content\/uploads\/2021\/11\/HackNoCono-830x1024.png 830w, https:\/\/web.infn.it\/infn-kids\/wp-content\/uploads\/2021\/11\/HackNoCono-243x300.png 243w, https:\/\/web.infn.it\/infn-kids\/wp-content\/uploads\/2021\/11\/HackNoCono-768x948.png 768w, https:\/\/web.infn.it\/infn-kids\/wp-content\/uploads\/2021\/11\/HackNoCono.png 1111w\" sizes=\"auto, (max-width: 830px) 100vw, 830px\" \/><\/figure>\n<\/div>\n\n\n\n<div class=\"wp-block-column is-layout-flow wp-block-column-is-layout-flow\" style=\"flex-basis:66.66%\">\n<p class=\"has-regular-font-size\">Margherita Hack \u00e8 nata a Firenze nel 1922, in via Cento Stelle. Bello, vero, come nome? Non male per chi poi verr\u00e0 soprannominato la signora delle stelle. Margherita studia al liceo classico e poi, in un periodo non facile (era l\u2019inizio della seconda guerra mondiale), si iscrive a lettere. Ma abbandona subito e si iscrive a fisica, una scelta che non molte ragazze facevano in quel periodo. Non pensate che passasse tutto il suo tempo sui libri: Margherita era una grande atleta, campionessa di salto in alto ai campionati universitari. Proprio durante l\u2019universit\u00e0 comincia a interessarsi alle stelle, o meglio a quello che si chiama spettroscopia stellare, cio\u00e8 allo studio delle radiazioni, luminose e non, emesse dalle stelle. Questi sono segnali molto molto interessanti perch\u00e9 ci permettono di ricavare tante informazioni, come per esempio, la loro distanza dalla terra. Studia anche l\u2019ultravioletto, delle stelle particolari che si chiamano quasar, le galassie lontane. Lavora presso gli osservatori di tutto il mondo, fino a diventare, nel 1964, professoressa ordinaria in astrofisica all\u2019universit\u00e0 di Trieste e quindi direttrice dell\u2019osservatorio astronomico di Trieste, la prima donna che abbia mai avuto un incarico di questo tipo. A Trieste, Margherita insegna e continua le proprie ricerche sulle stelle, ma soprattutto comincia a raccontare, comincia a raccontare a tutti noi la magia delle stelle e dell\u2019universo. Margherita \u00e8 stata una grande divulgatrice oltre ad essere una grande astrofisica ed \u00e8 stata sempre pronta a difendere con entusiasmo le idee in cui credeva.<\/p>\n<\/div>\n<\/div>\n\n\n\n<h4 class=\"wp-block-heading has-text-color\" style=\"color:#1c388b\">Pronti a trasformare il nostro disegno di Margherita in una decorazione per l&#8217;albero di Natale? &nbsp;<\/h4>\n\n\n\n<p style=\"font-size:20px\"><a href=\"https:\/\/web.infn.it\/infn-kids\/wp-content\/uploads\/2021\/11\/Hack.pdf\">Scarica il disegno<\/a>, colora, ritaglia e incolla: la tua prima decorazione per l&#8217;albero di Natale scientifico \u00e8 pronta! E&#8230; per qualche suggerimento, guarda come l&#8217;abbiamo realizzata noi!<\/p>\n\n\n\n<figure class=\"wp-block-image size-large\"><a href=\"https:\/\/youtu.be\/cRlK0w3WHpE\"><img loading=\"lazy\" decoding=\"async\" width=\"1024\" height=\"574\" src=\"https:\/\/web.infn.it\/infn-kids\/wp-content\/uploads\/2024\/06\/MiniaturaYT2-1024x574.png\" alt=\"\" class=\"wp-image-2533\" srcset=\"https:\/\/web.infn.it\/infn-kids\/wp-content\/uploads\/2024\/06\/MiniaturaYT2-1024x574.png 1024w, https:\/\/web.infn.it\/infn-kids\/wp-content\/uploads\/2024\/06\/MiniaturaYT2-300x168.png 300w, https:\/\/web.infn.it\/infn-kids\/wp-content\/uploads\/2024\/06\/MiniaturaYT2-768x430.png 768w, https:\/\/web.infn.it\/infn-kids\/wp-content\/uploads\/2024\/06\/MiniaturaYT2.png 1228w\" sizes=\"auto, (max-width: 1024px) 100vw, 1024px\" \/><\/a><figcaption class=\"wp-element-caption\">Clicca sull&#8217;immagine per aprire YouTube<\/figcaption><\/figure>\n\n\n\n<h4 class=\"wp-block-heading\"><meta charset=\"utf-8\"><a href=\"https:\/\/web.infn.it\/infn-kids\/sample-page\/aspettando-il-natale-2021\/\">Per tornare al calendario<\/a><\/h4>\n\n\n\n<figure class=\"wp-block-image alignwide size-large\"><img loading=\"lazy\" decoding=\"async\" width=\"1024\" height=\"138\" src=\"https:\/\/web.infn.it\/infn-kids\/wp-content\/uploads\/2021\/11\/CorniceTemplate5_bottom-1024x138.png\" alt=\"\" class=\"wp-image-1464\" srcset=\"https:\/\/web.infn.it\/infn-kids\/wp-content\/uploads\/2021\/11\/CorniceTemplate5_bottom-1024x138.png 1024w, https:\/\/web.infn.it\/infn-kids\/wp-content\/uploads\/2021\/11\/CorniceTemplate5_bottom-1536x206.png 1536w, https:\/\/web.infn.it\/infn-kids\/wp-content\/uploads\/2021\/11\/CorniceTemplate5_bottom-300x40.png 300w, https:\/\/web.infn.it\/infn-kids\/wp-content\/uploads\/2021\/11\/CorniceTemplate5_bottom-768x103.png 768w, https:\/\/web.infn.it\/infn-kids\/wp-content\/uploads\/2021\/11\/CorniceTemplate5_bottom.png 1920w\" sizes=\"auto, (max-width: 1024px) 100vw, 1024px\" \/><\/figure>\n","protected":false},"excerpt":{"rendered":"<p>1 DicembreLavoretto &#8211; scopriamo chi \u00e8 Margherita Hack Margherita Hack \u00e8 nata a Firenze nel 1922, in via Cento Stelle. Bello, vero, come nome? Non male per chi poi verr\u00e0 soprannominato la signora delle stelle. Margherita studia al liceo classico e poi, in un periodo non facile (era l\u2019inizio della seconda guerra mondiale), si iscrive &hellip; <\/p>\n<p class=\"link-more\"><a href=\"https:\/\/web.infn.it\/infn-kids\/sample-page\/aspettando-il-natale-2021\/1-dicembre\/\" class=\"more-link\">Continue reading<span class=\"screen-reader-text\"> &#8220;1 Dicembre&#8221;<\/span><\/a><\/p>\n","protected":false},"author":2,"featured_media":1436,"parent":1306,"menu_order":0,"comment_status":"closed","ping_status":"closed","template":"","meta":{"footnotes":""},"class_list":["post-1491","page","type-page","status-publish","has-post-thumbnail","hentry"],"_links":{"self":[{"href":"https:\/\/web.infn.it\/infn-kids\/wp-json\/wp\/v2\/pages\/1491","targetHints":{"allow":["GET"]}}],"collection":[{"href":"https:\/\/web.infn.it\/infn-kids\/wp-json\/wp\/v2\/pages"}],"about":[{"href":"https:\/\/web.infn.it\/infn-kids\/wp-json\/wp\/v2\/types\/page"}],"author":[{"embeddable":true,"href":"https:\/\/web.infn.it\/infn-kids\/wp-json\/wp\/v2\/users\/2"}],"replies":[{"embeddable":true,"href":"https:\/\/web.infn.it\/infn-kids\/wp-json\/wp\/v2\/comments?post=1491"}],"version-history":[{"count":0,"href":"https:\/\/web.infn.it\/infn-kids\/wp-json\/wp\/v2\/pages\/1491\/revisions"}],"up":[{"embeddable":true,"href":"https:\/\/web.infn.it\/infn-kids\/wp-json\/wp\/v2\/pages\/1306"}],"wp:featuredmedia":[{"embeddable":true,"href":"https:\/\/web.infn.it\/infn-kids\/wp-json\/wp\/v2\/media\/1436"}],"wp:attachment":[{"href":"https:\/\/web.infn.it\/infn-kids\/wp-json\/wp\/v2\/media?parent=1491"}],"curies":[{"name":"wp","href":"https:\/\/api.w.org\/{rel}","templated":true}]}}