{"id":1497,"date":"2021-12-02T08:00:00","date_gmt":"2021-12-02T07:00:00","guid":{"rendered":"https:\/\/web.infn.it\/infn-kids\/?page_id=1497"},"modified":"2021-12-02T08:00:00","modified_gmt":"2021-12-02T07:00:00","slug":"2-dicembre","status":"publish","type":"page","link":"https:\/\/web.infn.it\/infn-kids\/sample-page\/aspettando-il-natale-2021\/2-dicembre\/","title":{"rendered":"2 Dicembre"},"content":{"rendered":"\n<figure class=\"wp-block-image alignwide size-large\"><img loading=\"lazy\" decoding=\"async\" width=\"1024\" height=\"109\" src=\"https:\/\/web.infn.it\/infn-kids\/wp-content\/uploads\/2021\/12\/CorniceTemplate2_up-1024x109.png\" alt=\"\" class=\"wp-image-1499\" srcset=\"https:\/\/web.infn.it\/infn-kids\/wp-content\/uploads\/2021\/12\/CorniceTemplate2_up-1024x109.png 1024w, https:\/\/web.infn.it\/infn-kids\/wp-content\/uploads\/2021\/12\/CorniceTemplate2_up-1536x163.png 1536w, https:\/\/web.infn.it\/infn-kids\/wp-content\/uploads\/2021\/12\/CorniceTemplate2_up-300x32.png 300w, https:\/\/web.infn.it\/infn-kids\/wp-content\/uploads\/2021\/12\/CorniceTemplate2_up-768x82.png 768w, https:\/\/web.infn.it\/infn-kids\/wp-content\/uploads\/2021\/12\/CorniceTemplate2_up.png 1920w\" sizes=\"auto, (max-width: 1024px) 100vw, 1024px\" \/><\/figure>\n\n\n\n<h3 class=\"has-text-align-center has-text-color wp-block-heading\" style=\"color:#1c388b\"><meta charset=\"utf-8\">2 Dicembre<br>Curiosit\u00e0 &#8211; perch\u00e9 possiamo pattinare sul ghiaccio?<\/h3>\n\n\n\n<p style=\"font-size:20px\">Vi \u00e8 mai venuta voglia di <strong>pattinare sul ghiaccio<\/strong>? O magari siete gi\u00e0 cos\u00ec abili da potervi esibire in competizioni sportive? In ogni caso non c\u2019\u00e8 periodo migliore di questo&nbsp; per provarci. Durante le festivit\u00e0 invernali, in citt\u00e0 vengono allestite piste ghiacciate per scivolare e volteggiare a ritmo delle canzoni di Natale. Non saranno grandi e famose come quella del Rockfeller Center a New York ma ci si diverte lo stesso. <\/p>\n\n\n\n<h4 class=\"wp-block-heading\">Ma come si riesce a pattinare sul ghiaccio?<\/h4>\n\n\n\n<p style=\"font-size:20px\">Tutto dipende dalla fusione del ghiaccio causata dalla pressione delle lame sotto al peso del pattinatore o della pattinatrice. Il ghiaccio, infatti, non \u00e8 altro che acqua allo stato solido. E come facciamo a passare dallo stato solido allo stato liquido? Un modo \u00e8 alzare la temperatura, un altro modo \u00e8 aumentare la pressione. Ed \u00e8 proprio quello che capita sulle piste da pattinaggio. Il sottile velo di acqua liquida che si forma sotto la pressione della lama permette di scivolare agevolmente e, al pattinatore allenato, di fare magistrali volteggi!&nbsp;<\/p>\n\n\n\n<p style=\"font-size:20px\">Ma attenzione: la temperatura dello strato ghiacciato non deve comunque essere troppo sotto 0\u00b0C perch\u00e9 in questo caso neanche la pressione esercitata dai pattini riuscirebbe a scioglierlo! Pensate che nelle zone polari, dove la temperatura \u00e8 spesso molti gradi sotto lo zero, pattinare sul ghiaccio \u00e8 faticoso tanto quanto camminare e quindi non \u00e8 poi cos\u00ec divertente, non credete?<\/p>\n\n\n\n<h4 class=\"wp-block-heading\"><meta charset=\"utf-8\"><a href=\"https:\/\/web.infn.it\/infn-kids\/sample-page\/aspettando-il-natale-2021\/\">Per tornare al calendario<\/a><\/h4>\n\n\n\n<figure class=\"wp-block-image alignwide size-large\"><img loading=\"lazy\" decoding=\"async\" width=\"1024\" height=\"135\" src=\"https:\/\/web.infn.it\/infn-kids\/wp-content\/uploads\/2021\/12\/CorniceTemplate2_bottom-1024x135.png\" alt=\"\" class=\"wp-image-1500\" srcset=\"https:\/\/web.infn.it\/infn-kids\/wp-content\/uploads\/2021\/12\/CorniceTemplate2_bottom-1024x135.png 1024w, https:\/\/web.infn.it\/infn-kids\/wp-content\/uploads\/2021\/12\/CorniceTemplate2_bottom-1536x202.png 1536w, https:\/\/web.infn.it\/infn-kids\/wp-content\/uploads\/2021\/12\/CorniceTemplate2_bottom-300x39.png 300w, https:\/\/web.infn.it\/infn-kids\/wp-content\/uploads\/2021\/12\/CorniceTemplate2_bottom-768x101.png 768w, https:\/\/web.infn.it\/infn-kids\/wp-content\/uploads\/2021\/12\/CorniceTemplate2_bottom.png 1916w\" sizes=\"auto, (max-width: 1024px) 100vw, 1024px\" \/><\/figure>\n","protected":false},"excerpt":{"rendered":"<p>2 DicembreCuriosit\u00e0 &#8211; perch\u00e9 possiamo pattinare sul ghiaccio? Vi \u00e8 mai venuta voglia di pattinare sul ghiaccio? O magari siete gi\u00e0 cos\u00ec abili da potervi esibire in competizioni sportive? In ogni caso non c\u2019\u00e8 periodo migliore di questo&nbsp; per provarci. Durante le festivit\u00e0 invernali, in citt\u00e0 vengono allestite piste ghiacciate per scivolare e volteggiare a &hellip; <\/p>\n<p class=\"link-more\"><a href=\"https:\/\/web.infn.it\/infn-kids\/sample-page\/aspettando-il-natale-2021\/2-dicembre\/\" class=\"more-link\">Continue reading<span class=\"screen-reader-text\"> &#8220;2 Dicembre&#8221;<\/span><\/a><\/p>\n","protected":false},"author":2,"featured_media":1501,"parent":1306,"menu_order":0,"comment_status":"closed","ping_status":"closed","template":"","meta":{"footnotes":""},"class_list":["post-1497","page","type-page","status-publish","has-post-thumbnail","hentry"],"_links":{"self":[{"href":"https:\/\/web.infn.it\/infn-kids\/wp-json\/wp\/v2\/pages\/1497","targetHints":{"allow":["GET"]}}],"collection":[{"href":"https:\/\/web.infn.it\/infn-kids\/wp-json\/wp\/v2\/pages"}],"about":[{"href":"https:\/\/web.infn.it\/infn-kids\/wp-json\/wp\/v2\/types\/page"}],"author":[{"embeddable":true,"href":"https:\/\/web.infn.it\/infn-kids\/wp-json\/wp\/v2\/users\/2"}],"replies":[{"embeddable":true,"href":"https:\/\/web.infn.it\/infn-kids\/wp-json\/wp\/v2\/comments?post=1497"}],"version-history":[{"count":0,"href":"https:\/\/web.infn.it\/infn-kids\/wp-json\/wp\/v2\/pages\/1497\/revisions"}],"up":[{"embeddable":true,"href":"https:\/\/web.infn.it\/infn-kids\/wp-json\/wp\/v2\/pages\/1306"}],"wp:featuredmedia":[{"embeddable":true,"href":"https:\/\/web.infn.it\/infn-kids\/wp-json\/wp\/v2\/media\/1501"}],"wp:attachment":[{"href":"https:\/\/web.infn.it\/infn-kids\/wp-json\/wp\/v2\/media?parent=1497"}],"curies":[{"name":"wp","href":"https:\/\/api.w.org\/{rel}","templated":true}]}}