{"id":1575,"date":"2021-12-06T07:30:00","date_gmt":"2021-12-06T06:30:00","guid":{"rendered":"https:\/\/web.infn.it\/infn-kids\/?page_id=1575"},"modified":"2021-12-06T07:30:00","modified_gmt":"2021-12-06T06:30:00","slug":"6-dicembre","status":"publish","type":"page","link":"https:\/\/web.infn.it\/infn-kids\/sample-page\/aspettando-il-natale-2021\/6-dicembre\/","title":{"rendered":"6 Dicembre"},"content":{"rendered":"\n<figure class=\"wp-block-image alignwide size-large\"><img loading=\"lazy\" decoding=\"async\" width=\"1024\" height=\"109\" src=\"https:\/\/web.infn.it\/infn-kids\/wp-content\/uploads\/2021\/11\/CorniceTemplate5_up-1-1024x109.png\" alt=\"\" class=\"wp-image-1457\" srcset=\"https:\/\/web.infn.it\/infn-kids\/wp-content\/uploads\/2021\/11\/CorniceTemplate5_up-1-1024x109.png 1024w, https:\/\/web.infn.it\/infn-kids\/wp-content\/uploads\/2021\/11\/CorniceTemplate5_up-1-1536x164.png 1536w, https:\/\/web.infn.it\/infn-kids\/wp-content\/uploads\/2021\/11\/CorniceTemplate5_up-1-300x32.png 300w, https:\/\/web.infn.it\/infn-kids\/wp-content\/uploads\/2021\/11\/CorniceTemplate5_up-1-768x82.png 768w, https:\/\/web.infn.it\/infn-kids\/wp-content\/uploads\/2021\/11\/CorniceTemplate5_up-1.png 1914w\" sizes=\"auto, (max-width: 1024px) 100vw, 1024px\" \/><\/figure>\n\n\n\n<h3 class=\"has-text-align-center has-text-color wp-block-heading\" style=\"color:#1c388b\">6 Dicembre<br>Lavoretto &#8211; scopriamo chi \u00e8 Albert Einstein<\/h3>\n\n\n\n<div class=\"wp-block-columns is-layout-flex wp-container-core-columns-is-layout-9d6595d7 wp-block-columns-is-layout-flex\">\n<div class=\"wp-block-column is-layout-flow wp-block-column-is-layout-flow\" style=\"flex-basis:33.33%\">\n<figure class=\"wp-block-image size-large is-resized\"><a href=\"https:\/\/web.infn.it\/infn-kids\/wp-content\/uploads\/2021\/12\/Einstein_noCono.png\"><img loading=\"lazy\" decoding=\"async\" src=\"https:\/\/web.infn.it\/infn-kids\/wp-content\/uploads\/2021\/12\/Einstein_noCono-653x1024.png\" alt=\"\" class=\"wp-image-1576\" width=\"163\" height=\"256\" srcset=\"https:\/\/web.infn.it\/infn-kids\/wp-content\/uploads\/2021\/12\/Einstein_noCono-653x1024.png 653w, https:\/\/web.infn.it\/infn-kids\/wp-content\/uploads\/2021\/12\/Einstein_noCono-191x300.png 191w, https:\/\/web.infn.it\/infn-kids\/wp-content\/uploads\/2021\/12\/Einstein_noCono-768x1204.png 768w, https:\/\/web.infn.it\/infn-kids\/wp-content\/uploads\/2021\/12\/Einstein_noCono.png 900w\" sizes=\"auto, (max-width: 163px) 100vw, 163px\" \/><\/a><\/figure>\n<\/div>\n\n\n\n<div class=\"wp-block-column is-layout-flow wp-block-column-is-layout-flow\" style=\"flex-basis:66.66%\">\n<p class=\"has-regular-font-size\">Albert Einstein \u00e8 sicuramente, insieme a Newton e Galileo, uno degli scienziati pi\u00f9 famosi di tutti i tempi. La sua Teoria della Relativit\u00e0 ha rivoluzionato il nostro modo di pensare l\u2019universo in cui viviamo. Secondo questa teoria lo scorrere del tempo pu\u00f2 rallentare o accelerare e di conseguenza lo spazio accorciarsi o allungarsi. Ai nostri sensi sembra una cosa impossibile, ma senza tenere conto di questo anche i moderni GPS, quei dispositivi che ci aiutano a trovare il percorso quando andiamo in macchina, non potrebbero funzionare!<\/p>\n\n\n\n<p class=\"has-regular-font-size\">Albert nasce nel 1879 a Ulm, una citt\u00e0 nel sud della Germania, da una famiglia di origine ebraica. Dimostra da subito una grande inclinazione per la matematica e la fisica. Tuttavia, la sua avversione alle rigide regole della Germania militarista, la sua dislessia e la poca memoria rendono&nbsp; tormentata la sua carriera scolastica. Finisce i suoi studi in Svizzera dove ottiene la laurea al Politecnico di Zurigo. Ottiene poi un posto di impiegato all\u2019ufficio brevetti di Berna. Ed \u00e8 proprio in questo periodo che, a 26 anni, pubblica i lavori che rivoluzionano la fisica del tempo. Da quel momento \u00e8 un successo dopo l\u2019altro: insegna a Berna, poi a Praga, vince il premio Nobel e diventa direttore dell\u2019Istituto di Fisica dell\u2019Universit\u00e0 di Berlino dove rimane fino al 1933. In quell\u2019anno, in seguito alle persecuzioni degli Ebrei nella Germania nazista, si trasferisce all\u2019Universit\u00e0 di Princeton negli Stati Uniti dove rimane fino alla morte nel 1956.Descritto di volta in volta come distratto, concentrato sul suo lavoro, spiritoso fino all\u2019 irriverenza (ricordate la foto della linguaccia?) Albert \u00e8&nbsp; considerato come l\u2019immagine stessa della genialit\u00e0. Pacifista convinto, nonostante un iniziale favore alle armi atomiche, sostenitore delle minoranze afro-americane, non fa mai mistero delle sue idee. Si racconta che per le sue idee troppo progressiste sia stato anche sorvegliato dalla polizia federale americana, l\u2019FBI!<\/p>\n<\/div>\n<\/div>\n\n\n\n<p style=\"font-size:20px\"><meta charset=\"utf-8\">Delle sue moltissime frasi celebri ne vogliamo ricordare oggi una in particolare: \u201cNon esistono grandi scoperte n\u00e9 reale progresso finch\u00e9 sulla terra esiste un bambino infelice.\u201d<\/p>\n\n\n\n<h4 class=\"has-text-color wp-block-heading\" style=\"color:#1c388b\">Pronti a trasformare il nostro disegno di Albert in una decorazione per l&#8217;albero di Natale? &nbsp;<\/h4>\n\n\n\n<p style=\"font-size:20px\"><a href=\"https:\/\/web.infn.it\/infn-kids\/wp-content\/uploads\/2021\/12\/Einstein.pdf\">Scarica il disegno<\/a>, colora, ritaglia e incolla: una nuova decorazione per l&#8217;albero di Natale scientifico \u00e8 pronta! <\/p>\n\n\n\n<h4 class=\"wp-block-heading\"><meta charset=\"utf-8\"><a href=\"https:\/\/web.infn.it\/infn-kids\/sample-page\/aspettando-il-natale-2021\/\">Per tornare al calendario<\/a><\/h4>\n\n\n\n<figure class=\"wp-block-image alignwide size-large\"><img loading=\"lazy\" decoding=\"async\" width=\"1024\" height=\"138\" src=\"https:\/\/web.infn.it\/infn-kids\/wp-content\/uploads\/2021\/11\/CorniceTemplate5_bottom-1024x138.png\" alt=\"\" class=\"wp-image-1464\" srcset=\"https:\/\/web.infn.it\/infn-kids\/wp-content\/uploads\/2021\/11\/CorniceTemplate5_bottom-1024x138.png 1024w, https:\/\/web.infn.it\/infn-kids\/wp-content\/uploads\/2021\/11\/CorniceTemplate5_bottom-1536x206.png 1536w, https:\/\/web.infn.it\/infn-kids\/wp-content\/uploads\/2021\/11\/CorniceTemplate5_bottom-300x40.png 300w, https:\/\/web.infn.it\/infn-kids\/wp-content\/uploads\/2021\/11\/CorniceTemplate5_bottom-768x103.png 768w, https:\/\/web.infn.it\/infn-kids\/wp-content\/uploads\/2021\/11\/CorniceTemplate5_bottom.png 1920w\" sizes=\"auto, (max-width: 1024px) 100vw, 1024px\" \/><\/figure>\n","protected":false},"excerpt":{"rendered":"<p>6 DicembreLavoretto &#8211; scopriamo chi \u00e8 Albert Einstein Albert Einstein \u00e8 sicuramente, insieme a Newton e Galileo, uno degli scienziati pi\u00f9 famosi di tutti i tempi. La sua Teoria della Relativit\u00e0 ha rivoluzionato il nostro modo di pensare l\u2019universo in cui viviamo. Secondo questa teoria lo scorrere del tempo pu\u00f2 rallentare o accelerare e di &hellip; <\/p>\n<p class=\"link-more\"><a href=\"https:\/\/web.infn.it\/infn-kids\/sample-page\/aspettando-il-natale-2021\/6-dicembre\/\" class=\"more-link\">Continue reading<span class=\"screen-reader-text\"> &#8220;6 Dicembre&#8221;<\/span><\/a><\/p>\n","protected":false},"author":2,"featured_media":1372,"parent":1306,"menu_order":0,"comment_status":"closed","ping_status":"closed","template":"","meta":{"footnotes":""},"class_list":["post-1575","page","type-page","status-publish","has-post-thumbnail","hentry"],"_links":{"self":[{"href":"https:\/\/web.infn.it\/infn-kids\/wp-json\/wp\/v2\/pages\/1575","targetHints":{"allow":["GET"]}}],"collection":[{"href":"https:\/\/web.infn.it\/infn-kids\/wp-json\/wp\/v2\/pages"}],"about":[{"href":"https:\/\/web.infn.it\/infn-kids\/wp-json\/wp\/v2\/types\/page"}],"author":[{"embeddable":true,"href":"https:\/\/web.infn.it\/infn-kids\/wp-json\/wp\/v2\/users\/2"}],"replies":[{"embeddable":true,"href":"https:\/\/web.infn.it\/infn-kids\/wp-json\/wp\/v2\/comments?post=1575"}],"version-history":[{"count":0,"href":"https:\/\/web.infn.it\/infn-kids\/wp-json\/wp\/v2\/pages\/1575\/revisions"}],"up":[{"embeddable":true,"href":"https:\/\/web.infn.it\/infn-kids\/wp-json\/wp\/v2\/pages\/1306"}],"wp:featuredmedia":[{"embeddable":true,"href":"https:\/\/web.infn.it\/infn-kids\/wp-json\/wp\/v2\/media\/1372"}],"wp:attachment":[{"href":"https:\/\/web.infn.it\/infn-kids\/wp-json\/wp\/v2\/media?parent=1575"}],"curies":[{"name":"wp","href":"https:\/\/api.w.org\/{rel}","templated":true}]}}