{"id":1690,"date":"2021-12-10T07:55:00","date_gmt":"2021-12-10T06:55:00","guid":{"rendered":"https:\/\/web.infn.it\/infn-kids\/?page_id=1690"},"modified":"2021-12-10T07:55:00","modified_gmt":"2021-12-10T06:55:00","slug":"10-dicembre","status":"publish","type":"page","link":"https:\/\/web.infn.it\/infn-kids\/sample-page\/aspettando-il-natale-2021\/10-dicembre\/","title":{"rendered":"10 Dicembre"},"content":{"rendered":"\n<figure class=\"wp-block-image alignwide size-large\"><img loading=\"lazy\" decoding=\"async\" width=\"1024\" height=\"105\" src=\"https:\/\/web.infn.it\/infn-kids\/wp-content\/uploads\/2021\/12\/CorniceTemplate4_up-1024x105.png\" alt=\"\" class=\"wp-image-1538\" srcset=\"https:\/\/web.infn.it\/infn-kids\/wp-content\/uploads\/2021\/12\/CorniceTemplate4_up-1024x105.png 1024w, https:\/\/web.infn.it\/infn-kids\/wp-content\/uploads\/2021\/12\/CorniceTemplate4_up-1536x157.png 1536w, https:\/\/web.infn.it\/infn-kids\/wp-content\/uploads\/2021\/12\/CorniceTemplate4_up-300x31.png 300w, https:\/\/web.infn.it\/infn-kids\/wp-content\/uploads\/2021\/12\/CorniceTemplate4_up-768x78.png 768w, https:\/\/web.infn.it\/infn-kids\/wp-content\/uploads\/2021\/12\/CorniceTemplate4_up.png 1918w\" sizes=\"auto, (max-width: 1024px) 100vw, 1024px\" \/><\/figure>\n\n\n\n<h3 class=\"has-text-align-center has-text-color wp-block-heading\" style=\"color:#1c388b\"><meta charset=\"utf-8\"><meta charset=\"utf-8\">10 Dicembre<br>Curiosit\u00e0 &#8211; ma perch\u00e9 in inverno fa freddo?<\/h3>\n\n\n\n<p style=\"font-size:20px\">Quando pensiamo al periodo delle feste natalizie, immaginiamo la neve che cade e imbianca tutto, noi che la guardiamo al calduccio di casa, magari circondati dalla famiglia e dagli amici dai nostri affetti pi\u00f9 cari, mentre addobbiamo l\u2019albero o scartiamo i regali\u2026 o magari pensiamo a quanto ci divertiamo a lanciare palle di neve e costruire pupazzi ben coperti dal freddo intenso!<\/p>\n\n\n\n<h4 class=\"wp-block-heading\">Ma vi siete mai chiesti perch\u00e9 durante le feste invernali fa cos\u00ec freddo, nonostante la Terra, nel suo moto di rivoluzione, si trovi nel punto pi\u00f9 vicino al Sole?&nbsp;<\/h4>\n\n\n\n<p style=\"font-size:20px\">Tutto dipende dal fatto che l\u2019asse terrestre \u00e8 inclinato di circa 23\u00b0 rispetto al piano dell\u2019orbita del nostro pianeta, che si chiama \u201ceclittica\u201d. Questo fa s\u00ec che, nella nostra area geografica, durante i mesi invernali, i raggi del Sole non arrivino perpendicolarmente ma siano un po\u2019 inclinati, per questo non scaldano l&#8217;atmosfera e la superficie terrestre quanto fanno in estate, quando sono perpendicolari alla superficie terrestre e il riscaldamento risulta massimo. Proprio dal maggiore o minore riscaldamento della Terra dipende l\u2019alternarsi delle stagioni, che sono opposte tra l&#8217;emisfero boreale (settentrionale), dove ci troviamo noi, e quello australe (meridionale). E mentre noi, il giorno di Natale, siamo seduti al calduccio a guardare la neve che cade, in Australia si va in spiaggia a cavalcare le onde dell\u2019oceano sul surf!<\/p>\n\n\n\n<h4 class=\"wp-block-heading\"><meta charset=\"utf-8\"><a href=\"https:\/\/web.infn.it\/infn-kids\/sample-page\/aspettando-il-natale-2021\/\">Per tornare al calendario<\/a><\/h4>\n\n\n\n<figure class=\"wp-block-image alignwide size-large\"><img loading=\"lazy\" decoding=\"async\" width=\"1024\" height=\"134\" src=\"https:\/\/web.infn.it\/infn-kids\/wp-content\/uploads\/2021\/12\/CorniceTemplate4_bottom-1024x134.png\" alt=\"\" class=\"wp-image-1541\" srcset=\"https:\/\/web.infn.it\/infn-kids\/wp-content\/uploads\/2021\/12\/CorniceTemplate4_bottom-1024x134.png 1024w, https:\/\/web.infn.it\/infn-kids\/wp-content\/uploads\/2021\/12\/CorniceTemplate4_bottom-1536x202.png 1536w, https:\/\/web.infn.it\/infn-kids\/wp-content\/uploads\/2021\/12\/CorniceTemplate4_bottom-300x39.png 300w, https:\/\/web.infn.it\/infn-kids\/wp-content\/uploads\/2021\/12\/CorniceTemplate4_bottom-768x101.png 768w, https:\/\/web.infn.it\/infn-kids\/wp-content\/uploads\/2021\/12\/CorniceTemplate4_bottom.png 1920w\" sizes=\"auto, (max-width: 1024px) 100vw, 1024px\" \/><\/figure>\n","protected":false},"excerpt":{"rendered":"<p>10 DicembreCuriosit\u00e0 &#8211; ma perch\u00e9 in inverno fa freddo? Quando pensiamo al periodo delle feste natalizie, immaginiamo la neve che cade e imbianca tutto, noi che la guardiamo al calduccio di casa, magari circondati dalla famiglia e dagli amici dai nostri affetti pi\u00f9 cari, mentre addobbiamo l\u2019albero o scartiamo i regali\u2026 o magari pensiamo a &hellip; <\/p>\n<p class=\"link-more\"><a href=\"https:\/\/web.infn.it\/infn-kids\/sample-page\/aspettando-il-natale-2021\/10-dicembre\/\" class=\"more-link\">Continue reading<span class=\"screen-reader-text\"> &#8220;10 Dicembre&#8221;<\/span><\/a><\/p>\n","protected":false},"author":2,"featured_media":1691,"parent":1306,"menu_order":0,"comment_status":"closed","ping_status":"closed","template":"","meta":{"footnotes":""},"class_list":["post-1690","page","type-page","status-publish","has-post-thumbnail","hentry"],"_links":{"self":[{"href":"https:\/\/web.infn.it\/infn-kids\/wp-json\/wp\/v2\/pages\/1690","targetHints":{"allow":["GET"]}}],"collection":[{"href":"https:\/\/web.infn.it\/infn-kids\/wp-json\/wp\/v2\/pages"}],"about":[{"href":"https:\/\/web.infn.it\/infn-kids\/wp-json\/wp\/v2\/types\/page"}],"author":[{"embeddable":true,"href":"https:\/\/web.infn.it\/infn-kids\/wp-json\/wp\/v2\/users\/2"}],"replies":[{"embeddable":true,"href":"https:\/\/web.infn.it\/infn-kids\/wp-json\/wp\/v2\/comments?post=1690"}],"version-history":[{"count":0,"href":"https:\/\/web.infn.it\/infn-kids\/wp-json\/wp\/v2\/pages\/1690\/revisions"}],"up":[{"embeddable":true,"href":"https:\/\/web.infn.it\/infn-kids\/wp-json\/wp\/v2\/pages\/1306"}],"wp:featuredmedia":[{"embeddable":true,"href":"https:\/\/web.infn.it\/infn-kids\/wp-json\/wp\/v2\/media\/1691"}],"wp:attachment":[{"href":"https:\/\/web.infn.it\/infn-kids\/wp-json\/wp\/v2\/media?parent=1690"}],"curies":[{"name":"wp","href":"https:\/\/api.w.org\/{rel}","templated":true}]}}