{"id":1698,"date":"2021-12-11T07:55:00","date_gmt":"2021-12-11T06:55:00","guid":{"rendered":"https:\/\/web.infn.it\/infn-kids\/?page_id=1698"},"modified":"2021-12-11T07:55:00","modified_gmt":"2021-12-11T06:55:00","slug":"11-dicembre","status":"publish","type":"page","link":"https:\/\/web.infn.it\/infn-kids\/sample-page\/aspettando-il-natale-2021\/11-dicembre\/","title":{"rendered":"11 Dicembre"},"content":{"rendered":"\n<figure class=\"wp-block-image alignwide size-large\"><img loading=\"lazy\" decoding=\"async\" width=\"1024\" height=\"111\" src=\"https:\/\/web.infn.it\/infn-kids\/wp-content\/uploads\/2021\/12\/CorniceTemplate3_up-1024x111.png\" alt=\"\" class=\"wp-image-1564\" srcset=\"https:\/\/web.infn.it\/infn-kids\/wp-content\/uploads\/2021\/12\/CorniceTemplate3_up-1024x111.png 1024w, https:\/\/web.infn.it\/infn-kids\/wp-content\/uploads\/2021\/12\/CorniceTemplate3_up-1536x166.png 1536w, https:\/\/web.infn.it\/infn-kids\/wp-content\/uploads\/2021\/12\/CorniceTemplate3_up-300x33.png 300w, https:\/\/web.infn.it\/infn-kids\/wp-content\/uploads\/2021\/12\/CorniceTemplate3_up-768x83.png 768w, https:\/\/web.infn.it\/infn-kids\/wp-content\/uploads\/2021\/12\/CorniceTemplate3_up.png 1920w\" sizes=\"auto, (max-width: 1024px) 100vw, 1024px\" \/><\/figure>\n\n\n\n<h3 class=\"has-text-align-center has-text-color wp-block-heading\" style=\"color:#1c388b\">11 Dicembre<br>Lavoretto &#8211; scopriamo chi \u00e8 Hedy Lamarr<\/h3>\n\n\n\n<div class=\"wp-block-columns is-layout-flex wp-container-core-columns-is-layout-9d6595d7 wp-block-columns-is-layout-flex\">\n<div class=\"wp-block-column is-layout-flow wp-block-column-is-layout-flow\" style=\"flex-basis:33.33%\">\n<figure class=\"wp-block-image size-large is-resized\"><img loading=\"lazy\" decoding=\"async\" src=\"https:\/\/web.infn.it\/infn-kids\/wp-content\/uploads\/2021\/12\/Lamarr_NoCono-505x1024.png\" alt=\"\" class=\"wp-image-1699\" width=\"126\" height=\"256\" srcset=\"https:\/\/web.infn.it\/infn-kids\/wp-content\/uploads\/2021\/12\/Lamarr_NoCono-505x1024.png 505w, https:\/\/web.infn.it\/infn-kids\/wp-content\/uploads\/2021\/12\/Lamarr_NoCono-148x300.png 148w, https:\/\/web.infn.it\/infn-kids\/wp-content\/uploads\/2021\/12\/Lamarr_NoCono.png 696w\" sizes=\"auto, (max-width: 126px) 100vw, 126px\" \/><\/figure>\n<\/div>\n\n\n\n<div class=\"wp-block-column is-layout-flow wp-block-column-is-layout-flow\" style=\"flex-basis:66.66%\">\n<p style=\"font-size:18px\">Hedy Lamarr \u00e8 una delle scienziate pi\u00f9 singolari mai esistite. Il suo vero nome, Hedwig Kiesler, \u00e8 quasi sconosciuto, ma se state leggendo \u201dAspettando il Natale\u201d sul telefonino o sul tablet, oppure se il navigatore satellitare della macchina dei vostri genitori vi sta guidando verso la giusta destinazione, il merito \u00e8 proprio di questa insolita scienziata.<\/p>\n\n\n\n<p style=\"font-size:18px\">Hedwig nasce a Vienna nel 1914 in una ricca famiglia austriaca. A scuola si fa notare per la sua impressionante intelligenza e, a soli 16 anni, inizia a studiare ingegneria all\u2019universit\u00e0. In quegli anni si manifestano anche le sue doti artistiche che decide di seguire per diventare attrice. Le riesce talmente bene che a vent\u2019anni \u00e8 gi\u00e0 famosa. Sposa uno dei suoi innumerevoli ammiratori, un ricco uomo d\u2019affari che, purtroppo, presto la rende infelice. Fugge cos\u00ec negli Stati Uniti dove il produttore cinematografico Louis B. Mayer la trasforma in Hedy Lamarr, la meravigliosa star degli anni \u201830 di Hollywood. Walt Disney in persona si ispira a lei per disegnare la sua Biancaneve! Ma Hedy non ha dimenticato la scienza e, in piena seconda guerra mondiale,&nbsp; inventa e brevetta un &#8220;sistema di comunicazione segreto&#8221; per rendere non rintracciabili i siluri lanciati dalle navi americane. Tuttavia la Marina Americana scarta il progetto perch\u00e9 di &#8220;difficile realizzazione&#8221; e probabilmente anche perch\u00e9 ideato da una donna.<br>L\u2019invenzione sar\u00e0 riscoperta vent&#8217;anni dopo, negli anni \u201960, e sar\u00e0 la base del funzionamento dei moderni Wi-Fi, Bluetooth e navigatori satellitari!&nbsp;<\/p>\n\n\n\n<p style=\"font-size:18px\">Nel frattempo Hedy continua la sua carriera di attrice, si sposa altre 5 volte, si ritira dalle scene e vive la sua vita sempre fuori dagli schemi.<\/p>\n<\/div>\n<\/div>\n\n\n\n<p style=\"font-size:20px\">Nel 1997, qualche anno prima della sua morte avvenuta nel 2000, <strong>il lavoro di Hedy viene pubblicamente&nbsp; riconosciuto con il premio dell&#8217;Electronic Frontier Foundation<\/strong> assegnatole&nbsp; per il fondamentale contributo al progresso delle telecomunicazioni e dell&#8217;informatica.<\/p>\n\n\n\n<h4 class=\"has-text-color wp-block-heading\" style=\"color:#1c388b\">Pronti a trasformare il nostro disegno di Hedy in una decorazione per l&#8217;albero di Natale?<\/h4>\n\n\n\n<p style=\"font-size:20px\"><a href=\"https:\/\/web.infn.it\/infn-kids\/wp-content\/uploads\/2021\/12\/Lamarr.pdf\">Scarica il disegno<\/a>, colora, ritaglia e incolla: una nuova decorazione per l&#8217;albero di Natale scientifico \u00e8 pronta! <\/p>\n\n\n\n<h4 class=\"wp-block-heading\"><a href=\"https:\/\/web.infn.it\/infn-kids\/sample-page\/aspettando-il-natale-2021\/\">Per tornare al calendario<\/a><\/h4>\n\n\n\n<figure class=\"wp-block-image alignwide size-large\"><img loading=\"lazy\" decoding=\"async\" width=\"1024\" height=\"135\" src=\"https:\/\/web.infn.it\/infn-kids\/wp-content\/uploads\/2021\/12\/CorniceTemplate3_bottom-1024x135.png\" alt=\"\" class=\"wp-image-1567\" srcset=\"https:\/\/web.infn.it\/infn-kids\/wp-content\/uploads\/2021\/12\/CorniceTemplate3_bottom-1024x135.png 1024w, https:\/\/web.infn.it\/infn-kids\/wp-content\/uploads\/2021\/12\/CorniceTemplate3_bottom-1536x203.png 1536w, https:\/\/web.infn.it\/infn-kids\/wp-content\/uploads\/2021\/12\/CorniceTemplate3_bottom-300x40.png 300w, https:\/\/web.infn.it\/infn-kids\/wp-content\/uploads\/2021\/12\/CorniceTemplate3_bottom-768x102.png 768w, https:\/\/web.infn.it\/infn-kids\/wp-content\/uploads\/2021\/12\/CorniceTemplate3_bottom.png 1920w\" sizes=\"auto, (max-width: 1024px) 100vw, 1024px\" \/><\/figure>\n","protected":false},"excerpt":{"rendered":"<p>11 DicembreLavoretto &#8211; scopriamo chi \u00e8 Hedy Lamarr Hedy Lamarr \u00e8 una delle scienziate pi\u00f9 singolari mai esistite. Il suo vero nome, Hedwig Kiesler, \u00e8 quasi sconosciuto, ma se state leggendo \u201dAspettando il Natale\u201d sul telefonino o sul tablet, oppure se il navigatore satellitare della macchina dei vostri genitori vi sta guidando verso la giusta &hellip; <\/p>\n<p class=\"link-more\"><a href=\"https:\/\/web.infn.it\/infn-kids\/sample-page\/aspettando-il-natale-2021\/11-dicembre\/\" class=\"more-link\">Continue reading<span class=\"screen-reader-text\"> &#8220;11 Dicembre&#8221;<\/span><\/a><\/p>\n","protected":false},"author":2,"featured_media":1436,"parent":1306,"menu_order":0,"comment_status":"closed","ping_status":"closed","template":"","meta":{"footnotes":""},"class_list":["post-1698","page","type-page","status-publish","has-post-thumbnail","hentry"],"_links":{"self":[{"href":"https:\/\/web.infn.it\/infn-kids\/wp-json\/wp\/v2\/pages\/1698","targetHints":{"allow":["GET"]}}],"collection":[{"href":"https:\/\/web.infn.it\/infn-kids\/wp-json\/wp\/v2\/pages"}],"about":[{"href":"https:\/\/web.infn.it\/infn-kids\/wp-json\/wp\/v2\/types\/page"}],"author":[{"embeddable":true,"href":"https:\/\/web.infn.it\/infn-kids\/wp-json\/wp\/v2\/users\/2"}],"replies":[{"embeddable":true,"href":"https:\/\/web.infn.it\/infn-kids\/wp-json\/wp\/v2\/comments?post=1698"}],"version-history":[{"count":0,"href":"https:\/\/web.infn.it\/infn-kids\/wp-json\/wp\/v2\/pages\/1698\/revisions"}],"up":[{"embeddable":true,"href":"https:\/\/web.infn.it\/infn-kids\/wp-json\/wp\/v2\/pages\/1306"}],"wp:featuredmedia":[{"embeddable":true,"href":"https:\/\/web.infn.it\/infn-kids\/wp-json\/wp\/v2\/media\/1436"}],"wp:attachment":[{"href":"https:\/\/web.infn.it\/infn-kids\/wp-json\/wp\/v2\/media?parent=1698"}],"curies":[{"name":"wp","href":"https:\/\/api.w.org\/{rel}","templated":true}]}}