{"id":1719,"date":"2021-12-12T07:55:00","date_gmt":"2021-12-12T06:55:00","guid":{"rendered":"https:\/\/web.infn.it\/infn-kids\/?page_id=1719"},"modified":"2021-12-12T07:55:00","modified_gmt":"2021-12-12T06:55:00","slug":"12-dicembre","status":"publish","type":"page","link":"https:\/\/web.infn.it\/infn-kids\/sample-page\/aspettando-il-natale-2021\/12-dicembre\/","title":{"rendered":"12 Dicembre"},"content":{"rendered":"\n<figure class=\"wp-block-image alignwide size-large\"><img loading=\"lazy\" decoding=\"async\" width=\"1024\" height=\"109\" src=\"https:\/\/web.infn.it\/infn-kids\/wp-content\/uploads\/2021\/12\/CorniceTemplate2_up-1024x109.png\" alt=\"\" class=\"wp-image-1499\" srcset=\"https:\/\/web.infn.it\/infn-kids\/wp-content\/uploads\/2021\/12\/CorniceTemplate2_up-1024x109.png 1024w, https:\/\/web.infn.it\/infn-kids\/wp-content\/uploads\/2021\/12\/CorniceTemplate2_up-1536x163.png 1536w, https:\/\/web.infn.it\/infn-kids\/wp-content\/uploads\/2021\/12\/CorniceTemplate2_up-300x32.png 300w, https:\/\/web.infn.it\/infn-kids\/wp-content\/uploads\/2021\/12\/CorniceTemplate2_up-768x82.png 768w, https:\/\/web.infn.it\/infn-kids\/wp-content\/uploads\/2021\/12\/CorniceTemplate2_up.png 1920w\" sizes=\"auto, (max-width: 1024px) 100vw, 1024px\" \/><\/figure>\n\n\n\n<h3 class=\"has-text-align-center has-text-color wp-block-heading\" style=\"color:#1c388b\"><meta charset=\"utf-8\">12 Dicembre<br>Curiosit\u00e0 &#8211; perch\u00e9 si forma l&#8217;aurora boreale?<\/h3>\n\n\n\n<p style=\"font-size:20px\">Nelle lunghe e fredde notti delle zone polari, il periodo delle feste \u00e8 illuminato da un incredibile fenomeno atmosferico: l\u2019aurora boreale! Non trovate anche voi che sia bellissima? Ma com&#8217;\u00e8 possibile che nel cielo si formino queste scie luminose?<\/p>\n\n\n\n<div class=\"wp-block-media-text alignwide is-stacked-on-mobile\" style=\"grid-template-columns:25% auto\"><figure class=\"wp-block-media-text__media\"><img loading=\"lazy\" decoding=\"async\" width=\"150\" height=\"150\" src=\"https:\/\/web.infn.it\/infn-kids\/wp-content\/uploads\/2021\/12\/northern-lights-gb1c3fba43_1280-150x150.jpg\" alt=\"\" class=\"wp-image-1723 size-thumbnail\"\/><\/figure><div class=\"wp-block-media-text__content\">\n<p style=\"font-size:20px\">L\u2019aurora boreale, o &#8211; meglio &#8211; l\u2019aurora polare, &nbsp;\u00e8 il risultato dello scontro tra gli atomi dell\u2019atmosfera terrestre e il vento solare, un flusso di particelle &#8211; principalmente protoni&nbsp; e elettroni &#8211; che viene emesso dal Sole e che arriva sulla&nbsp;Terra dopo aver percorso ben 150 milioni di chilometri circa (in qualche giorno soltanto!). Come molti altri corpi celesti, anche la Terra si comporta in maniera simile a una calamita, generando un suo campo magnetico.<\/p>\n<\/div><\/div>\n\n\n\n<h4 class=\"wp-block-heading\">Quando le particelle emesse dal Sole arrivano vicino alla Terra, proprio a causa di questo campo magnetico, sono&nbsp; attratte verso i poli magnetici della Terra. Qui si scontrano con gli atomi dei gas presenti in atmosfera e il risultato di questi scontri \u00e8 l\u2019emissione di luce, nella maggior parte dei casi, verde, e, pi\u00f9 raramente, rossa o viola.<\/h4>\n\n\n\n<p style=\"font-size:20px\">I poli magnetici della Terra non sono molto distanti dal polo Nord e dal polo Sud geografici e per questo motivo le aurore si manifestano&nbsp; a partire dai circoli polari, dove se ne pu\u00f2 osservare una quasi ogni notte. Ma quando l&#8217;attivit\u00e0 del Sole \u00e8 particolarmente intensa le aurore possono essere osservate anche in luoghi via via pi\u00f9 lontani dai Poli; per esempio, nel nostro emisfero nord, addirittura fino in Scozia!<\/p>\n\n\n\n<p style=\"font-size:20px\">E\u2019 proprio nel nostro emisfero, quello boreale, che\u00a0si parla di \u201caurora boreale\u201d, mentre per l\u2019emisfero sud si usa il termine\u00a0 \u201caurora australe\u201d.\u00a0<\/p>\n\n\n\n<p style=\"font-size:20px\">Una <strong>curiosit\u00e0<\/strong>: la Terra non \u00e8 l\u2019unico pianeta del sistema solare ad avere un\u2019atmosfera e un campo magnetico. Infatti il fenomeno delle aurore \u00e8 stato osservato anche su altri pianeti, come Giove o Saturno!<\/p>\n\n\n\n<h4 class=\"wp-block-heading\"><meta charset=\"utf-8\"><a href=\"https:\/\/web.infn.it\/infn-kids\/sample-page\/aspettando-il-natale-2021\/\">Per tornare al calendario<\/a><\/h4>\n\n\n\n<figure class=\"wp-block-image alignwide size-large\"><img loading=\"lazy\" decoding=\"async\" width=\"1024\" height=\"135\" src=\"https:\/\/web.infn.it\/infn-kids\/wp-content\/uploads\/2021\/12\/CorniceTemplate2_bottom-1024x135.png\" alt=\"\" class=\"wp-image-1500\" srcset=\"https:\/\/web.infn.it\/infn-kids\/wp-content\/uploads\/2021\/12\/CorniceTemplate2_bottom-1024x135.png 1024w, https:\/\/web.infn.it\/infn-kids\/wp-content\/uploads\/2021\/12\/CorniceTemplate2_bottom-1536x202.png 1536w, https:\/\/web.infn.it\/infn-kids\/wp-content\/uploads\/2021\/12\/CorniceTemplate2_bottom-300x39.png 300w, https:\/\/web.infn.it\/infn-kids\/wp-content\/uploads\/2021\/12\/CorniceTemplate2_bottom-768x101.png 768w, https:\/\/web.infn.it\/infn-kids\/wp-content\/uploads\/2021\/12\/CorniceTemplate2_bottom.png 1916w\" sizes=\"auto, (max-width: 1024px) 100vw, 1024px\" \/><\/figure>\n","protected":false},"excerpt":{"rendered":"<p>12 DicembreCuriosit\u00e0 &#8211; perch\u00e9 si forma l&#8217;aurora boreale? Nelle lunghe e fredde notti delle zone polari, il periodo delle feste \u00e8 illuminato da un incredibile fenomeno atmosferico: l\u2019aurora boreale! Non trovate anche voi che sia bellissima? Ma com&#8217;\u00e8 possibile che nel cielo si formino queste scie luminose? L\u2019aurora boreale, o &#8211; meglio &#8211; l\u2019aurora polare, &hellip; <\/p>\n<p class=\"link-more\"><a href=\"https:\/\/web.infn.it\/infn-kids\/sample-page\/aspettando-il-natale-2021\/12-dicembre\/\" class=\"more-link\">Continue reading<span class=\"screen-reader-text\"> &#8220;12 Dicembre&#8221;<\/span><\/a><\/p>\n","protected":false},"author":2,"featured_media":1718,"parent":1306,"menu_order":0,"comment_status":"closed","ping_status":"closed","template":"","meta":{"footnotes":""},"class_list":["post-1719","page","type-page","status-publish","has-post-thumbnail","hentry"],"_links":{"self":[{"href":"https:\/\/web.infn.it\/infn-kids\/wp-json\/wp\/v2\/pages\/1719","targetHints":{"allow":["GET"]}}],"collection":[{"href":"https:\/\/web.infn.it\/infn-kids\/wp-json\/wp\/v2\/pages"}],"about":[{"href":"https:\/\/web.infn.it\/infn-kids\/wp-json\/wp\/v2\/types\/page"}],"author":[{"embeddable":true,"href":"https:\/\/web.infn.it\/infn-kids\/wp-json\/wp\/v2\/users\/2"}],"replies":[{"embeddable":true,"href":"https:\/\/web.infn.it\/infn-kids\/wp-json\/wp\/v2\/comments?post=1719"}],"version-history":[{"count":0,"href":"https:\/\/web.infn.it\/infn-kids\/wp-json\/wp\/v2\/pages\/1719\/revisions"}],"up":[{"embeddable":true,"href":"https:\/\/web.infn.it\/infn-kids\/wp-json\/wp\/v2\/pages\/1306"}],"wp:featuredmedia":[{"embeddable":true,"href":"https:\/\/web.infn.it\/infn-kids\/wp-json\/wp\/v2\/media\/1718"}],"wp:attachment":[{"href":"https:\/\/web.infn.it\/infn-kids\/wp-json\/wp\/v2\/media?parent=1719"}],"curies":[{"name":"wp","href":"https:\/\/api.w.org\/{rel}","templated":true}]}}