{"id":1753,"date":"2021-12-15T07:30:00","date_gmt":"2021-12-15T06:30:00","guid":{"rendered":"https:\/\/web.infn.it\/infn-kids\/?page_id=1753"},"modified":"2021-12-15T07:30:00","modified_gmt":"2021-12-15T06:30:00","slug":"15-dicembre","status":"publish","type":"page","link":"https:\/\/web.infn.it\/infn-kids\/sample-page\/aspettando-il-natale-2021\/15-dicembre\/","title":{"rendered":"15 Dicembre"},"content":{"rendered":"\n<figure class=\"wp-block-image alignwide size-large\"><img loading=\"lazy\" decoding=\"async\" width=\"1024\" height=\"109\" src=\"https:\/\/web.infn.it\/infn-kids\/wp-content\/uploads\/2021\/11\/CorniceTemplate5_up-1-1024x109.png\" alt=\"\" class=\"wp-image-1457\" srcset=\"https:\/\/web.infn.it\/infn-kids\/wp-content\/uploads\/2021\/11\/CorniceTemplate5_up-1-1024x109.png 1024w, https:\/\/web.infn.it\/infn-kids\/wp-content\/uploads\/2021\/11\/CorniceTemplate5_up-1-1536x164.png 1536w, https:\/\/web.infn.it\/infn-kids\/wp-content\/uploads\/2021\/11\/CorniceTemplate5_up-1-300x32.png 300w, https:\/\/web.infn.it\/infn-kids\/wp-content\/uploads\/2021\/11\/CorniceTemplate5_up-1-768x82.png 768w, https:\/\/web.infn.it\/infn-kids\/wp-content\/uploads\/2021\/11\/CorniceTemplate5_up-1.png 1914w\" sizes=\"auto, (max-width: 1024px) 100vw, 1024px\" \/><\/figure>\n\n\n\n<h3 class=\"has-text-align-center has-text-color wp-block-heading\" style=\"color:#1c388b\"><meta charset=\"utf-8\">15 Dicembre<br>Lavoretto &#8211; scopriamo chi \u00e8 Nikola Tesla<\/h3>\n\n\n\n<div class=\"wp-block-columns is-layout-flex wp-container-core-columns-is-layout-9d6595d7 wp-block-columns-is-layout-flex\">\n<div class=\"wp-block-column is-layout-flow wp-block-column-is-layout-flow\" style=\"flex-basis:33.33%\">\n<figure class=\"wp-block-image size-large is-resized\"><img loading=\"lazy\" decoding=\"async\" src=\"https:\/\/web.infn.it\/infn-kids\/wp-content\/uploads\/2021\/12\/TeslaNoCono-619x1024.png\" alt=\"\" class=\"wp-image-1755\" width=\"155\" height=\"256\" srcset=\"https:\/\/web.infn.it\/infn-kids\/wp-content\/uploads\/2021\/12\/TeslaNoCono-619x1024.png 619w, https:\/\/web.infn.it\/infn-kids\/wp-content\/uploads\/2021\/12\/TeslaNoCono-181x300.png 181w, https:\/\/web.infn.it\/infn-kids\/wp-content\/uploads\/2021\/12\/TeslaNoCono-768x1270.png 768w, https:\/\/web.infn.it\/infn-kids\/wp-content\/uploads\/2021\/12\/TeslaNoCono.png 890w\" sizes=\"auto, (max-width: 155px) 100vw, 155px\" \/><\/figure>\n<\/div>\n\n\n\n<div class=\"wp-block-column is-layout-flow wp-block-column-is-layout-flow\" style=\"flex-basis:66.66%\">\n<p style=\"font-size:18px\">Nikola Tesla \u00e8 uno dei pi\u00f9 incredibili scienziati mai esistiti e uno dei pionieri dell\u2019elettromagnetismo. A lui dobbiamo un patrimonio di invenzioni che sono alla base della tecnologia che ancora oggi utilizziamo quotidianamente.&nbsp;<\/p>\n\n\n\n<p style=\"font-size:18px\">Tesla nasce nel 1856 nell\u2019attuale Croazia, allora parte dell\u2019Impero austriaco. Passa la sua giovinezza tra Graz in Austria, Praga, Budapest e Parigi, dove studia ingegneria elettrica, matematica e fisica e dove lavora come ingegnere.<br>A quell\u2019epoca, gli apparecchi elettrici erano alimentati con corrente continua, cio\u00e8 una corrente elettrica che scorre sempre nella stessa direzione, ma Tesla ha un\u2019idea geniale: immagina un motore in cui la direzione della corrente cambia verso ciclicamente. Chiama questa corrente alternata. Si rende anche conto che l\u2019alternarsi della direzione della corrente permette di trasportarla via cavo quasi senza perdite per centinaia di chilometri, al contrario della corrente continua per cui questo era&nbsp; possibile solo per pochi metri. Nel 1884 Nikola si trasferisce negli Stati Uniti, con in mano una lettera di raccomandazione per Thomas Alva Edison, che diventa prima suo collaboratore e poi acerrimo nemico. Quelli negli Stati Uniti non sono anni facili, spesi tra battaglie per ottenere finanziamenti, battaglie legali e alterne fortune per perfezionare la sua intuizione e dimostrarne la validit\u00e0. Considerato dalla societ\u00e0 newyorkese come un \u201cmago dell\u2019elettricit\u00e0\u201d per le sue spettacolari dimostrazioni pubbliche, Tesla si dedica alle ricerche pi\u00f9 innovative: studia quelli che saranno successivamente identificati come raggi X, e riesce, prima di Marconi, a realizzare le prime trasmissioni radio senza fili. Del tutto disinteressato al denaro, muore purtroppo in povert\u00e0 a New York nel 1943.&nbsp;<\/p>\n<\/div>\n<\/div>\n\n\n\n<p style=\"font-size:20px\">Poliglotta e amico di artisti e scrittori, Tesla \u00e8 stato veramente geniale ma anche pieno di manie e per questo ritenuto da alcuni eccentrico se non addirittura un po\u2019 folle. Per tutta la vita, Nikola ha cercato di diffondere l\u2019uso della corrente alternata come mezzo per portare energia a tutti, pensando proprio che il fine ultimo della scienza fosse il miglioramento delle condizioni umane.<\/p>\n\n\n\n<h4 class=\"has-text-color wp-block-heading\" style=\"color:#1c388b\">Pronti a trasformare il nostro disegno di Nikola in una decorazione per l&#8217;albero di Natale?<\/h4>\n\n\n\n<p style=\"font-size:20px\"><a href=\"https:\/\/web.infn.it\/infn-kids\/wp-content\/uploads\/2021\/12\/Tesla.pdf\">Scarica il disegno<\/a>, colora, ritaglia e incolla: una nuova decorazione per l&#8217;albero di Natale scientifico \u00e8 pronta! <\/p>\n\n\n\n<h4 class=\"wp-block-heading\"><a href=\"https:\/\/web.infn.it\/infn-kids\/sample-page\/aspettando-il-natale-2021\/\">Per tornare al calendario<\/a><\/h4>\n\n\n\n<figure class=\"wp-block-image alignwide size-large\"><img loading=\"lazy\" decoding=\"async\" width=\"1024\" height=\"138\" src=\"https:\/\/web.infn.it\/infn-kids\/wp-content\/uploads\/2021\/11\/CorniceTemplate5_bottom-1024x138.png\" alt=\"\" class=\"wp-image-1464\" srcset=\"https:\/\/web.infn.it\/infn-kids\/wp-content\/uploads\/2021\/11\/CorniceTemplate5_bottom-1024x138.png 1024w, https:\/\/web.infn.it\/infn-kids\/wp-content\/uploads\/2021\/11\/CorniceTemplate5_bottom-1536x206.png 1536w, https:\/\/web.infn.it\/infn-kids\/wp-content\/uploads\/2021\/11\/CorniceTemplate5_bottom-300x40.png 300w, https:\/\/web.infn.it\/infn-kids\/wp-content\/uploads\/2021\/11\/CorniceTemplate5_bottom-768x103.png 768w, https:\/\/web.infn.it\/infn-kids\/wp-content\/uploads\/2021\/11\/CorniceTemplate5_bottom.png 1920w\" sizes=\"auto, (max-width: 1024px) 100vw, 1024px\" \/><\/figure>\n","protected":false},"excerpt":{"rendered":"<p>15 DicembreLavoretto &#8211; scopriamo chi \u00e8 Nikola Tesla Nikola Tesla \u00e8 uno dei pi\u00f9 incredibili scienziati mai esistiti e uno dei pionieri dell\u2019elettromagnetismo. A lui dobbiamo un patrimonio di invenzioni che sono alla base della tecnologia che ancora oggi utilizziamo quotidianamente.&nbsp; Tesla nasce nel 1856 nell\u2019attuale Croazia, allora parte dell\u2019Impero austriaco. Passa la sua giovinezza &hellip; <\/p>\n<p class=\"link-more\"><a href=\"https:\/\/web.infn.it\/infn-kids\/sample-page\/aspettando-il-natale-2021\/15-dicembre\/\" class=\"more-link\">Continue reading<span class=\"screen-reader-text\"> &#8220;15 Dicembre&#8221;<\/span><\/a><\/p>\n","protected":false},"author":2,"featured_media":1372,"parent":1306,"menu_order":0,"comment_status":"closed","ping_status":"closed","template":"","meta":{"footnotes":""},"class_list":["post-1753","page","type-page","status-publish","has-post-thumbnail","hentry"],"_links":{"self":[{"href":"https:\/\/web.infn.it\/infn-kids\/wp-json\/wp\/v2\/pages\/1753","targetHints":{"allow":["GET"]}}],"collection":[{"href":"https:\/\/web.infn.it\/infn-kids\/wp-json\/wp\/v2\/pages"}],"about":[{"href":"https:\/\/web.infn.it\/infn-kids\/wp-json\/wp\/v2\/types\/page"}],"author":[{"embeddable":true,"href":"https:\/\/web.infn.it\/infn-kids\/wp-json\/wp\/v2\/users\/2"}],"replies":[{"embeddable":true,"href":"https:\/\/web.infn.it\/infn-kids\/wp-json\/wp\/v2\/comments?post=1753"}],"version-history":[{"count":0,"href":"https:\/\/web.infn.it\/infn-kids\/wp-json\/wp\/v2\/pages\/1753\/revisions"}],"up":[{"embeddable":true,"href":"https:\/\/web.infn.it\/infn-kids\/wp-json\/wp\/v2\/pages\/1306"}],"wp:featuredmedia":[{"embeddable":true,"href":"https:\/\/web.infn.it\/infn-kids\/wp-json\/wp\/v2\/media\/1372"}],"wp:attachment":[{"href":"https:\/\/web.infn.it\/infn-kids\/wp-json\/wp\/v2\/media?parent=1753"}],"curies":[{"name":"wp","href":"https:\/\/api.w.org\/{rel}","templated":true}]}}