{"id":1773,"date":"2021-12-16T07:30:00","date_gmt":"2021-12-16T06:30:00","guid":{"rendered":"https:\/\/web.infn.it\/infn-kids\/?page_id=1773"},"modified":"2021-12-16T07:30:00","modified_gmt":"2021-12-16T06:30:00","slug":"16-dicembre","status":"publish","type":"page","link":"https:\/\/web.infn.it\/infn-kids\/sample-page\/aspettando-il-natale-2021\/16-dicembre\/","title":{"rendered":"16 Dicembre"},"content":{"rendered":"\n<figure class=\"wp-block-image alignwide size-large\"><img loading=\"lazy\" decoding=\"async\" width=\"1024\" height=\"109\" src=\"https:\/\/web.infn.it\/infn-kids\/wp-content\/uploads\/2021\/12\/CorniceTemplate2_up-1024x109.png\" alt=\"\" class=\"wp-image-1499\" srcset=\"https:\/\/web.infn.it\/infn-kids\/wp-content\/uploads\/2021\/12\/CorniceTemplate2_up-1024x109.png 1024w, https:\/\/web.infn.it\/infn-kids\/wp-content\/uploads\/2021\/12\/CorniceTemplate2_up-1536x163.png 1536w, https:\/\/web.infn.it\/infn-kids\/wp-content\/uploads\/2021\/12\/CorniceTemplate2_up-300x32.png 300w, https:\/\/web.infn.it\/infn-kids\/wp-content\/uploads\/2021\/12\/CorniceTemplate2_up-768x82.png 768w, https:\/\/web.infn.it\/infn-kids\/wp-content\/uploads\/2021\/12\/CorniceTemplate2_up.png 1920w\" sizes=\"auto, (max-width: 1024px) 100vw, 1024px\" \/><\/figure>\n\n\n\n<h3 class=\"has-text-align-center has-text-color wp-block-heading\" style=\"color:#1c388b\">16 Dicembre<br>Curiosit\u00e0 &#8211; Scopriamo Giove e&#8230;<\/h3>\n\n\n\n<p style=\"font-size:20px\"><strong>Giove<\/strong> \u00e8 il quinto pianeta del Sistema Solare e il suo volume \u00e8 cos\u00ec grande che potrebbe contenere 1300 pianeti come il nostro. La sua forza di gravit\u00e0 \u00e8 tale che un uomo di 70 Kg su Giove ne peserebbe 185. <\/p>\n\n\n\n<div class=\"wp-block-media-text alignwide is-stacked-on-mobile\" style=\"grid-template-columns:25% auto\"><figure class=\"wp-block-media-text__media\"><img loading=\"lazy\" decoding=\"async\" width=\"150\" height=\"150\" src=\"https:\/\/web.infn.it\/infn-kids\/wp-content\/uploads\/2021\/12\/space-g729fa63e9_1280-150x150.jpg\" alt=\"\" class=\"wp-image-1774 size-thumbnail\"\/><\/figure><div class=\"wp-block-media-text__content\">\n<p style=\"font-size:20px\">Giove \u00e8 ricoperto di nubi di cristalli di ammoniaca ghiacciata e composti del fosforo, del carbonio e dello zolfo. Le nubi si dispongono in fasce orizzontali alternate di vari colori, che si muovono in senso opposto l&#8217;un all&#8217;altra. Esse vengono spinte da venti fortissimi e raggiungono velocit\u00e0 maggiori di 600 chilometri all&#8217;ora! L&#8217;attrito tra le diverse fasce produce dei vortici, che appaiono come macchie ovali. Il pi\u00f9 grande tra questi vortici \u00e8 la grande Macchia Rossa. Si tratta di un&#8217;enorme tempesta nell&#8217;atmosfera di Giove; essa appare come una macchia ellittica di colore rossastro, lunga ben 25.000 chilometri e alta 12.000. La Grande Macchia Rossa \u00e8 ben visibile ed \u00e8 nota da pi\u00f9 di 300 anni, cio\u00e8 da quando Giove \u00e8 stato osservato al telescopio le prime volte. Giove orbita intorno al Sole in quasi 12 anni e un giorno su questa pianeta dura meno di 10 ore.<\/p>\n<\/div><\/div>\n\n\n\n<div class=\"wp-block-columns is-layout-flex wp-container-core-columns-is-layout-9d6595d7 wp-block-columns-is-layout-flex\">\n<div class=\"wp-block-column is-layout-flow wp-block-column-is-layout-flow\" style=\"flex-basis:100%\">\n<h4 class=\"wp-block-heading\">E adesso&#8230; che ne dite di una nuova idea originale per decorare l&#8217;albero di Natale? Vi ricordate il nostro albero di Natale spaziale?<\/h4>\n\n\n\n<p style=\"font-size:20px\">Se volete cimentarvi nella realizzazione della decorazione di Giove, ecco quello di cui avete bisogno: una pallina di polistirolo<br>colla vinilica<br>un piattino<br>colori acrilici giallo, marrone, grigio e bianco<br>un pennello<br>un bastoncino di legno<br>acqua<br>fazzoletti di carta<\/p>\n\n\n\n<p style=\"font-size:20px\">Il procedimento? Seguite Elena sul <a href=\"https:\/\/youtu.be\/0KcXqYSZDa8\">nostro canale YouTube<\/a>!<\/p>\n<\/div>\n<\/div>\n\n\n\n<h4 class=\"wp-block-heading\"><a href=\"https:\/\/web.infn.it\/infn-kids\/sample-page\/aspettando-il-natale-2021\/\">Per tornare al calendario<\/a><\/h4>\n\n\n\n<figure class=\"wp-block-image alignwide size-large\"><img loading=\"lazy\" decoding=\"async\" width=\"1024\" height=\"135\" src=\"https:\/\/web.infn.it\/infn-kids\/wp-content\/uploads\/2021\/12\/CorniceTemplate2_bottom-1024x135.png\" alt=\"\" class=\"wp-image-1500\" srcset=\"https:\/\/web.infn.it\/infn-kids\/wp-content\/uploads\/2021\/12\/CorniceTemplate2_bottom-1024x135.png 1024w, https:\/\/web.infn.it\/infn-kids\/wp-content\/uploads\/2021\/12\/CorniceTemplate2_bottom-1536x202.png 1536w, https:\/\/web.infn.it\/infn-kids\/wp-content\/uploads\/2021\/12\/CorniceTemplate2_bottom-300x39.png 300w, https:\/\/web.infn.it\/infn-kids\/wp-content\/uploads\/2021\/12\/CorniceTemplate2_bottom-768x101.png 768w, https:\/\/web.infn.it\/infn-kids\/wp-content\/uploads\/2021\/12\/CorniceTemplate2_bottom.png 1916w\" sizes=\"auto, (max-width: 1024px) 100vw, 1024px\" \/><\/figure>\n\n\n\n<p><\/p>\n","protected":false},"excerpt":{"rendered":"<p>16 DicembreCuriosit\u00e0 &#8211; Scopriamo Giove e&#8230; Giove \u00e8 il quinto pianeta del Sistema Solare e il suo volume \u00e8 cos\u00ec grande che potrebbe contenere 1300 pianeti come il nostro. La sua forza di gravit\u00e0 \u00e8 tale che un uomo di 70 Kg su Giove ne peserebbe 185. Giove \u00e8 ricoperto di nubi di cristalli di &hellip; <\/p>\n<p class=\"link-more\"><a href=\"https:\/\/web.infn.it\/infn-kids\/sample-page\/aspettando-il-natale-2021\/16-dicembre\/\" class=\"more-link\">Continue reading<span class=\"screen-reader-text\"> &#8220;16 Dicembre&#8221;<\/span><\/a><\/p>\n","protected":false},"author":2,"featured_media":1775,"parent":1306,"menu_order":0,"comment_status":"closed","ping_status":"closed","template":"","meta":{"footnotes":""},"class_list":["post-1773","page","type-page","status-publish","has-post-thumbnail","hentry"],"_links":{"self":[{"href":"https:\/\/web.infn.it\/infn-kids\/wp-json\/wp\/v2\/pages\/1773","targetHints":{"allow":["GET"]}}],"collection":[{"href":"https:\/\/web.infn.it\/infn-kids\/wp-json\/wp\/v2\/pages"}],"about":[{"href":"https:\/\/web.infn.it\/infn-kids\/wp-json\/wp\/v2\/types\/page"}],"author":[{"embeddable":true,"href":"https:\/\/web.infn.it\/infn-kids\/wp-json\/wp\/v2\/users\/2"}],"replies":[{"embeddable":true,"href":"https:\/\/web.infn.it\/infn-kids\/wp-json\/wp\/v2\/comments?post=1773"}],"version-history":[{"count":0,"href":"https:\/\/web.infn.it\/infn-kids\/wp-json\/wp\/v2\/pages\/1773\/revisions"}],"up":[{"embeddable":true,"href":"https:\/\/web.infn.it\/infn-kids\/wp-json\/wp\/v2\/pages\/1306"}],"wp:featuredmedia":[{"embeddable":true,"href":"https:\/\/web.infn.it\/infn-kids\/wp-json\/wp\/v2\/media\/1775"}],"wp:attachment":[{"href":"https:\/\/web.infn.it\/infn-kids\/wp-json\/wp\/v2\/media?parent=1773"}],"curies":[{"name":"wp","href":"https:\/\/api.w.org\/{rel}","templated":true}]}}