{"id":1796,"date":"2021-12-18T07:50:00","date_gmt":"2021-12-18T06:50:00","guid":{"rendered":"https:\/\/web.infn.it\/infn-kids\/?page_id=1796"},"modified":"2021-12-18T07:50:00","modified_gmt":"2021-12-18T06:50:00","slug":"18-dicembre","status":"publish","type":"page","link":"https:\/\/web.infn.it\/infn-kids\/sample-page\/aspettando-il-natale-2021\/18-dicembre\/","title":{"rendered":"18 Dicembre"},"content":{"rendered":"\n<figure class=\"wp-block-image alignwide size-large\"><img loading=\"lazy\" decoding=\"async\" width=\"1024\" height=\"105\" src=\"https:\/\/web.infn.it\/infn-kids\/wp-content\/uploads\/2021\/12\/CorniceTemplate4_up-1024x105.png\" alt=\"\" class=\"wp-image-1538\" srcset=\"https:\/\/web.infn.it\/infn-kids\/wp-content\/uploads\/2021\/12\/CorniceTemplate4_up-1024x105.png 1024w, https:\/\/web.infn.it\/infn-kids\/wp-content\/uploads\/2021\/12\/CorniceTemplate4_up-1536x157.png 1536w, https:\/\/web.infn.it\/infn-kids\/wp-content\/uploads\/2021\/12\/CorniceTemplate4_up-300x31.png 300w, https:\/\/web.infn.it\/infn-kids\/wp-content\/uploads\/2021\/12\/CorniceTemplate4_up-768x78.png 768w, https:\/\/web.infn.it\/infn-kids\/wp-content\/uploads\/2021\/12\/CorniceTemplate4_up.png 1918w\" sizes=\"auto, (max-width: 1024px) 100vw, 1024px\" \/><\/figure>\n\n\n\n<h3 class=\"has-text-align-center has-text-color wp-block-heading\" style=\"color:#1c388b\"><meta charset=\"utf-8\">18 Dicembre<br>Lavoretto &#8211; scopriamo chi \u00e8 Michael Faraday<\/h3>\n\n\n\n<div class=\"wp-block-columns is-layout-flex wp-container-core-columns-is-layout-9d6595d7 wp-block-columns-is-layout-flex\">\n<div class=\"wp-block-column is-layout-flow wp-block-column-is-layout-flow\" style=\"flex-basis:33.33%\">\n<figure class=\"wp-block-image size-large is-resized\"><img loading=\"lazy\" decoding=\"async\" src=\"https:\/\/web.infn.it\/infn-kids\/wp-content\/uploads\/2021\/12\/Faraday_NoCono-880x1024.png\" alt=\"\" class=\"wp-image-1798\" width=\"220\" height=\"256\" srcset=\"https:\/\/web.infn.it\/infn-kids\/wp-content\/uploads\/2021\/12\/Faraday_NoCono-880x1024.png 880w, https:\/\/web.infn.it\/infn-kids\/wp-content\/uploads\/2021\/12\/Faraday_NoCono-258x300.png 258w, https:\/\/web.infn.it\/infn-kids\/wp-content\/uploads\/2021\/12\/Faraday_NoCono-768x894.png 768w, https:\/\/web.infn.it\/infn-kids\/wp-content\/uploads\/2021\/12\/Faraday_NoCono.png 1208w\" sizes=\"auto, (max-width: 220px) 100vw, 220px\" \/><\/figure>\n<\/div>\n\n\n\n<div class=\"wp-block-column is-layout-flow wp-block-column-is-layout-flow\" style=\"flex-basis:66.66%\">\n<p style=\"font-size:18px\">Michael Faraday \u00e8 stato uno dei pi\u00f9 brillanti sperimentatori della storia della scienza, fra i primi a capire la natura dei fenomeni elettrici e magnetici e la loro stretta connessione. \u00c8 stato anche il primo a comprendere che la luce stessa \u00e8 un fenomeno elettromagnetico.&nbsp;<\/p>\n\n\n\n<p style=\"font-size:18px\">Nato nel 1791 da una famiglia semplice&nbsp; che abita nel borgo di Southwark, adesso un quartiere di Londra ,&nbsp; Michael inizia a studiare da solo leggendo i libri che trova nella libreria dove lavora. Si appassiona alla scienza dopo avere letto il capitolo dedicato all\u2019elettricit\u00e0 dell\u2019Enciclopedia Britannica. Comincia cos\u00ec a seguire le lezioni di uno dei pi\u00f9 famosi fisici e chimici inglesi del tempo, Humphry Davy, che, colpito dall\u2019acuta intelligenza di Michael, lo prende come suo assistente. Come suo assistente e valletto personale,&nbsp; Michael accompagna Davy in un lungo viaggio per l\u2019Europa che gli permette di conoscere gli ambienti scientifici pi\u00f9 avanzati dell\u2019epoca e di farsi conoscere.&nbsp;<\/p>\n\n\n\n<p style=\"font-size:18px\">Da questo momento la sua fama cresce in fretta e i suoi brillanti risultati lo portano a diventare membro della Royal Society, direttore di laboratorio e infine professore. Di grande capacit\u00e0 comunicativa, si dedica anche alla diffusione della scienza, convinto che essa debba essere al servizio dell&#8217;umanit\u00e0. \u00c8 proprio Michael a fondare le \u201cChristmas lectures\u201d, seminari sulla scienza che si tengono il giorno di Natale e si rivolgono principalmente a giovani e bambini. Ancora oggi, le Christmas lectures rappresentano un appuntamento che si ripete anno dopo anno, trasmesse alla tv inglese.<\/p>\n\n\n\n<p style=\"font-size:18px\">Faraday muore, semplicemente come era vissuto, nella sua casa di Hampton Court, vicino Londra, nel 1867.<\/p>\n<\/div>\n<\/div>\n\n\n\n<p style=\"font-size:20px\">Una curiosit\u00e0: avete mai provato a spargere un po\u2019 di polvere di ferro e a giocarci con una calamita? Avrete notato che la polvere si distribuisce lungo delle linee (formando magari anche dei bellissimi disegni). Ecco, Faraday \u00e8 stato proprio il primo a studiare questo tipo di fenomeni, intuendo come si pu\u00f2 descrivere l\u2019azione esercitata dalla calamita sulla polvere di ferro, cio\u00e8 come il campo magnetico pu\u00f2 modificare lo spazio.<\/p>\n\n\n\n<h4 class=\"has-text-color wp-block-heading\" style=\"color:#1c388b\">Pronti a trasformare il nostro disegno di Michael in una decorazione per l&#8217;albero di Natale?<\/h4>\n\n\n\n<p style=\"font-size:20px\"><a href=\"https:\/\/web.infn.it\/infn-kids\/wp-content\/uploads\/2021\/12\/Faraday.pdf\">Scarica il disegno<\/a>, colora, ritaglia e incolla: una nuova decorazione per l&#8217;albero di Natale scientifico \u00e8 pronta! <\/p>\n\n\n\n<h4 class=\"wp-block-heading\"><a href=\"https:\/\/web.infn.it\/infn-kids\/sample-page\/aspettando-il-natale-2021\/\">Per tornare al calendario<\/a><\/h4>\n\n\n\n<figure class=\"wp-block-image alignwide size-large\"><img loading=\"lazy\" decoding=\"async\" width=\"1024\" height=\"134\" src=\"https:\/\/web.infn.it\/infn-kids\/wp-content\/uploads\/2021\/12\/CorniceTemplate4_bottom-1024x134.png\" alt=\"\" class=\"wp-image-1541\" srcset=\"https:\/\/web.infn.it\/infn-kids\/wp-content\/uploads\/2021\/12\/CorniceTemplate4_bottom-1024x134.png 1024w, https:\/\/web.infn.it\/infn-kids\/wp-content\/uploads\/2021\/12\/CorniceTemplate4_bottom-1536x202.png 1536w, https:\/\/web.infn.it\/infn-kids\/wp-content\/uploads\/2021\/12\/CorniceTemplate4_bottom-300x39.png 300w, https:\/\/web.infn.it\/infn-kids\/wp-content\/uploads\/2021\/12\/CorniceTemplate4_bottom-768x101.png 768w, https:\/\/web.infn.it\/infn-kids\/wp-content\/uploads\/2021\/12\/CorniceTemplate4_bottom.png 1920w\" sizes=\"auto, (max-width: 1024px) 100vw, 1024px\" \/><\/figure>\n","protected":false},"excerpt":{"rendered":"<p>18 DicembreLavoretto &#8211; scopriamo chi \u00e8 Michael Faraday Michael Faraday \u00e8 stato uno dei pi\u00f9 brillanti sperimentatori della storia della scienza, fra i primi a capire la natura dei fenomeni elettrici e magnetici e la loro stretta connessione. \u00c8 stato anche il primo a comprendere che la luce stessa \u00e8 un fenomeno elettromagnetico.&nbsp; Nato nel &hellip; <\/p>\n<p class=\"link-more\"><a href=\"https:\/\/web.infn.it\/infn-kids\/sample-page\/aspettando-il-natale-2021\/18-dicembre\/\" class=\"more-link\">Continue reading<span class=\"screen-reader-text\"> &#8220;18 Dicembre&#8221;<\/span><\/a><\/p>\n","protected":false},"author":2,"featured_media":1436,"parent":1306,"menu_order":0,"comment_status":"closed","ping_status":"closed","template":"","meta":{"footnotes":""},"class_list":["post-1796","page","type-page","status-publish","has-post-thumbnail","hentry"],"_links":{"self":[{"href":"https:\/\/web.infn.it\/infn-kids\/wp-json\/wp\/v2\/pages\/1796","targetHints":{"allow":["GET"]}}],"collection":[{"href":"https:\/\/web.infn.it\/infn-kids\/wp-json\/wp\/v2\/pages"}],"about":[{"href":"https:\/\/web.infn.it\/infn-kids\/wp-json\/wp\/v2\/types\/page"}],"author":[{"embeddable":true,"href":"https:\/\/web.infn.it\/infn-kids\/wp-json\/wp\/v2\/users\/2"}],"replies":[{"embeddable":true,"href":"https:\/\/web.infn.it\/infn-kids\/wp-json\/wp\/v2\/comments?post=1796"}],"version-history":[{"count":0,"href":"https:\/\/web.infn.it\/infn-kids\/wp-json\/wp\/v2\/pages\/1796\/revisions"}],"up":[{"embeddable":true,"href":"https:\/\/web.infn.it\/infn-kids\/wp-json\/wp\/v2\/pages\/1306"}],"wp:featuredmedia":[{"embeddable":true,"href":"https:\/\/web.infn.it\/infn-kids\/wp-json\/wp\/v2\/media\/1436"}],"wp:attachment":[{"href":"https:\/\/web.infn.it\/infn-kids\/wp-json\/wp\/v2\/media?parent=1796"}],"curies":[{"name":"wp","href":"https:\/\/api.w.org\/{rel}","templated":true}]}}