{"id":1816,"date":"2021-12-20T07:30:00","date_gmt":"2021-12-20T06:30:00","guid":{"rendered":"https:\/\/web.infn.it\/infn-kids\/?page_id=1816"},"modified":"2021-12-20T07:30:00","modified_gmt":"2021-12-20T06:30:00","slug":"20-dicembre","status":"publish","type":"page","link":"https:\/\/web.infn.it\/infn-kids\/sample-page\/aspettando-il-natale-2021\/20-dicembre\/","title":{"rendered":"20 Dicembre"},"content":{"rendered":"\n<figure class=\"wp-block-image alignwide size-large\"><img loading=\"lazy\" decoding=\"async\" width=\"1024\" height=\"111\" src=\"https:\/\/web.infn.it\/infn-kids\/wp-content\/uploads\/2021\/12\/CorniceTemplate3_up-1024x111.png\" alt=\"\" class=\"wp-image-1564\" srcset=\"https:\/\/web.infn.it\/infn-kids\/wp-content\/uploads\/2021\/12\/CorniceTemplate3_up-1024x111.png 1024w, https:\/\/web.infn.it\/infn-kids\/wp-content\/uploads\/2021\/12\/CorniceTemplate3_up-1536x166.png 1536w, https:\/\/web.infn.it\/infn-kids\/wp-content\/uploads\/2021\/12\/CorniceTemplate3_up-300x33.png 300w, https:\/\/web.infn.it\/infn-kids\/wp-content\/uploads\/2021\/12\/CorniceTemplate3_up-768x83.png 768w, https:\/\/web.infn.it\/infn-kids\/wp-content\/uploads\/2021\/12\/CorniceTemplate3_up.png 1920w\" sizes=\"auto, (max-width: 1024px) 100vw, 1024px\" \/><\/figure>\n\n\n\n<h3 class=\"has-text-align-center has-text-color wp-block-heading\" style=\"color:#1c388b\">20 Dicembre<br>Lavoretto &#8211; scopriamo chi \u00e8 Isaac Newton<\/h3>\n\n\n\n<div class=\"wp-block-columns is-layout-flex wp-container-core-columns-is-layout-9d6595d7 wp-block-columns-is-layout-flex\">\n<div class=\"wp-block-column is-layout-flow wp-block-column-is-layout-flow\" style=\"flex-basis:33.33%\">\n<figure class=\"wp-block-image size-large is-resized\"><img loading=\"lazy\" decoding=\"async\" src=\"https:\/\/web.infn.it\/infn-kids\/wp-content\/uploads\/2021\/12\/Newton_NoCono-513x1024.png\" alt=\"\" class=\"wp-image-1818\" width=\"128\" height=\"256\" srcset=\"https:\/\/web.infn.it\/infn-kids\/wp-content\/uploads\/2021\/12\/Newton_NoCono-513x1024.png 513w, https:\/\/web.infn.it\/infn-kids\/wp-content\/uploads\/2021\/12\/Newton_NoCono-150x300.png 150w, https:\/\/web.infn.it\/infn-kids\/wp-content\/uploads\/2021\/12\/Newton_NoCono.png 712w\" sizes=\"auto, (max-width: 128px) 100vw, 128px\" \/><\/figure>\n<\/div>\n\n\n\n<div class=\"wp-block-column is-layout-flow wp-block-column-is-layout-flow\" style=\"flex-basis:66.66%\">\n<p style=\"font-size:18px\">Isaac Newton \u00e8 sicuramente uno dei pi\u00f9 grandi e famosi personaggi della scienza. <strong>\u00c8<\/strong> considerato il \u201cpap\u00e0\u201d di quella che oggi conosciamo come \u201cFisica classica\u201d. A partire dalle idee di Galileo Galilei, infatti, studi\u00f2 il moto dei corpi e cap\u00ec come questi si attraggono a causa delle loro masse arrivando a enunciare la Legge di gravitazione universale. Newton studi\u00f2 anche i fenomeni luminosi. Scopr\u00ec che la luce bianca, come quella del Sole, \u00e8 composta in realt\u00e0 da molti colori: scoperta che gli permise di spiegare il fenomeno degli arcobaleni. Ebbe anche un\u2019altra grande intuizione: che la luce possa essere formata da minuscole particelle, teoria che sar\u00e0 ripresa e confermata ben due secoli dopo!<\/p>\n\n\n\n<p style=\"font-size:18px\">Isaac nasce in un piccolo villaggio inglese nel 1642. Purtroppo non ha un\u2019infanzia felice: il padre muore prima della sua nascita, la madre si risposa e il patrigno lo manda a vivere con i nonni a cui non riesce ad affezionarsi. A 12 anni viene mandato in collegio, ma, nonostante queste difficolt\u00e0, a 18 inizia l\u2019universit\u00e0 a Cambridge e a soli 27 anni diventa professore&nbsp; di matematica in quella stessa universit\u00e0. Isaac ha una personalit\u00e0 complessa: solitario e scontroso, a volte&nbsp; vendicativo, geniale ma anche pieno di manie. Durante gli anni del collegio, abita a casa di un farmacista e stringe amicizia con la figlia Catherine. <strong>\u00c8<\/strong> una delle sue poche amiche e per divertirla le costruisce piccoli giochi meccanici e una casa per le bambole.&nbsp;<\/p>\n\n\n\n<p style=\"font-size:18px\">Quando muore, nel 1727, viene sepolto con grandi onori nell&#8217;abbazia di Westminster accanto ai re e alle regine d\u2019Inghilterra.<\/p>\n<\/div>\n<\/div>\n\n\n\n<p style=\"font-size:20px\">Una delle storie pi\u00f9 raccontate sulla vita di Newton \u00e8 il famoso aneddoto della mela che lo port\u00f2 a elaborare la teoria della gravitazione.<strong> <\/strong>\u00c8 lui stesso a raccontarlo: mentre osservava un melo, che ancora oggi si trova nella sua tenuta di campagna, cadde un frutto, e questo lo fece riflettere su come gli oggetti siano attratti dalla Terra.<\/p>\n\n\n\n<h4 class=\"has-text-color wp-block-heading\" style=\"color:#1c388b\">Pronti a trasformare il nostro disegno di Isaac in una decorazione per l&#8217;albero di Natale?<\/h4>\n\n\n\n<p style=\"font-size:20px\"><a href=\"https:\/\/web.infn.it\/infn-kids\/wp-content\/uploads\/2021\/12\/Newton.pdf\">Scarica il disegno<\/a>, colora, ritaglia e incolla: una nuova decorazione per l&#8217;albero di Natale scientifico \u00e8 pronta! <\/p>\n\n\n\n<h4 class=\"wp-block-heading\"><a href=\"https:\/\/web.infn.it\/infn-kids\/sample-page\/aspettando-il-natale-2021\/\">Per tornare al calendario<\/a><\/h4>\n\n\n\n<figure class=\"wp-block-image alignwide size-large\"><img loading=\"lazy\" decoding=\"async\" width=\"1024\" height=\"135\" src=\"https:\/\/web.infn.it\/infn-kids\/wp-content\/uploads\/2021\/12\/CorniceTemplate3_bottom-1024x135.png\" alt=\"\" class=\"wp-image-1567\" srcset=\"https:\/\/web.infn.it\/infn-kids\/wp-content\/uploads\/2021\/12\/CorniceTemplate3_bottom-1024x135.png 1024w, https:\/\/web.infn.it\/infn-kids\/wp-content\/uploads\/2021\/12\/CorniceTemplate3_bottom-1536x203.png 1536w, https:\/\/web.infn.it\/infn-kids\/wp-content\/uploads\/2021\/12\/CorniceTemplate3_bottom-300x40.png 300w, https:\/\/web.infn.it\/infn-kids\/wp-content\/uploads\/2021\/12\/CorniceTemplate3_bottom-768x102.png 768w, https:\/\/web.infn.it\/infn-kids\/wp-content\/uploads\/2021\/12\/CorniceTemplate3_bottom.png 1920w\" sizes=\"auto, (max-width: 1024px) 100vw, 1024px\" \/><\/figure>\n","protected":false},"excerpt":{"rendered":"<p>20 DicembreLavoretto &#8211; scopriamo chi \u00e8 Isaac Newton Isaac Newton \u00e8 sicuramente uno dei pi\u00f9 grandi e famosi personaggi della scienza. \u00c8 considerato il \u201cpap\u00e0\u201d di quella che oggi conosciamo come \u201cFisica classica\u201d. A partire dalle idee di Galileo Galilei, infatti, studi\u00f2 il moto dei corpi e cap\u00ec come questi si attraggono a causa delle &hellip; <\/p>\n<p class=\"link-more\"><a href=\"https:\/\/web.infn.it\/infn-kids\/sample-page\/aspettando-il-natale-2021\/20-dicembre\/\" class=\"more-link\">Continue reading<span class=\"screen-reader-text\"> &#8220;20 Dicembre&#8221;<\/span><\/a><\/p>\n","protected":false},"author":2,"featured_media":1372,"parent":1306,"menu_order":0,"comment_status":"closed","ping_status":"closed","template":"","meta":{"footnotes":""},"class_list":["post-1816","page","type-page","status-publish","has-post-thumbnail","hentry"],"_links":{"self":[{"href":"https:\/\/web.infn.it\/infn-kids\/wp-json\/wp\/v2\/pages\/1816","targetHints":{"allow":["GET"]}}],"collection":[{"href":"https:\/\/web.infn.it\/infn-kids\/wp-json\/wp\/v2\/pages"}],"about":[{"href":"https:\/\/web.infn.it\/infn-kids\/wp-json\/wp\/v2\/types\/page"}],"author":[{"embeddable":true,"href":"https:\/\/web.infn.it\/infn-kids\/wp-json\/wp\/v2\/users\/2"}],"replies":[{"embeddable":true,"href":"https:\/\/web.infn.it\/infn-kids\/wp-json\/wp\/v2\/comments?post=1816"}],"version-history":[{"count":0,"href":"https:\/\/web.infn.it\/infn-kids\/wp-json\/wp\/v2\/pages\/1816\/revisions"}],"up":[{"embeddable":true,"href":"https:\/\/web.infn.it\/infn-kids\/wp-json\/wp\/v2\/pages\/1306"}],"wp:featuredmedia":[{"embeddable":true,"href":"https:\/\/web.infn.it\/infn-kids\/wp-json\/wp\/v2\/media\/1372"}],"wp:attachment":[{"href":"https:\/\/web.infn.it\/infn-kids\/wp-json\/wp\/v2\/media?parent=1816"}],"curies":[{"name":"wp","href":"https:\/\/api.w.org\/{rel}","templated":true}]}}