{"id":1831,"date":"2021-12-21T07:30:00","date_gmt":"2021-12-21T06:30:00","guid":{"rendered":"https:\/\/web.infn.it\/infn-kids\/?page_id=1831"},"modified":"2021-12-21T07:30:00","modified_gmt":"2021-12-21T06:30:00","slug":"21-dicembre","status":"publish","type":"page","link":"https:\/\/web.infn.it\/infn-kids\/sample-page\/aspettando-il-natale-2021\/21-dicembre\/","title":{"rendered":"21 Dicembre"},"content":{"rendered":"\n<figure class=\"wp-block-image alignwide size-large\"><img loading=\"lazy\" decoding=\"async\" width=\"1024\" height=\"109\" src=\"https:\/\/web.infn.it\/infn-kids\/wp-content\/uploads\/2021\/12\/CorniceTemplate2_up-1024x109.png\" alt=\"\" class=\"wp-image-1499\" srcset=\"https:\/\/web.infn.it\/infn-kids\/wp-content\/uploads\/2021\/12\/CorniceTemplate2_up-1024x109.png 1024w, https:\/\/web.infn.it\/infn-kids\/wp-content\/uploads\/2021\/12\/CorniceTemplate2_up-1536x163.png 1536w, https:\/\/web.infn.it\/infn-kids\/wp-content\/uploads\/2021\/12\/CorniceTemplate2_up-300x32.png 300w, https:\/\/web.infn.it\/infn-kids\/wp-content\/uploads\/2021\/12\/CorniceTemplate2_up-768x82.png 768w, https:\/\/web.infn.it\/infn-kids\/wp-content\/uploads\/2021\/12\/CorniceTemplate2_up.png 1920w\" sizes=\"auto, (max-width: 1024px) 100vw, 1024px\" \/><\/figure>\n\n\n\n<h3 class=\"has-text-align-center has-text-color wp-block-heading\" style=\"color:#1c388b\">21 Dicembre<br>Curiosit\u00e0 &#8211; il solstizio d&#8217;inverno<\/h3>\n\n\n\n<p style=\"font-size:20px\">Mancano ormai pochi giorni a Natale, la festa pi\u00f9 attesa dell\u2019anno\u2026ma anche oggi, 21 dicembre, si celebra un avvenimento speciale: il <strong>solstizio d\u2019inverno<\/strong>. Questo significa che a mezzogiorno il Sole raggiunge la sua minima altezza rispetto all\u2019orizzonte e di conseguenza il numero di&nbsp;ore di luce raggiunge il minimo annuale, mentre la notte \u00e8 la pi\u00f9 lunga dell\u2019anno.<\/p>\n\n\n\n<h4 class=\"wp-block-heading\">Ma perch\u00e9 a mezzogiorno il sole raggiunge diverse altezze a seconda del periodo dell\u2019anno?&nbsp;<\/h4>\n\n\n\n<p style=\"font-size:20px\">Tutto dipende dall\u2019inclinazione di circa 23\u00b0 dell\u2019asse di rotazione della Terra rispetto al piano della sua orbita intorno al Sole, chiamato eclittica. Se non ci fosse questa inclinazione, i raggi del sole avrebbero sempre la stessa inclinazione rispetto al suolo, ed esisterebbe, quindi, una sola stagione. Anche la durata delle ore di luce non cambierebbe durante tutto il corso dell\u2019anno. Invece, il fatto che la Terra sia inclinata rispetto alla sua orbita intorno al Sole fa s\u00ec che quando nell\u2019emisfero nord \u00e8 inverno, il Sole si trovi pi\u00f9 in basso rispetto all\u2019Equatore, quindi le ore di luce diminuiscono, i suoi raggi sono pi\u00f9 inclinati e fa pi\u00f9 freddo. Il solstizio d\u2019inverno, avviene nel momento in cui il Sole&nbsp; raggiunge il punto pi\u00f9 basso sotto l\u2019Equatore. Quest\u2019anno il solstizio cade proprio il 21 dicembre, quando in Italia saranno le 16:59. Dopo il solstizio d&#8217;inverno il Sole inizia lentamente a risalire, e le giornate nell&#8217;emisfero nord si allungano di nuovo fino a raggiungere la durata massima nel giorno del solstizio d\u2019estate.<\/p>\n\n\n\n<p style=\"font-size:20px\">Ormai avrete gi\u00e0 capito che nell\u2019emisfero sud accade esattamente il contrario e questa notte in Australia \u00e8 la pi\u00f9 corta dell\u2019anno e d\u00e0 l\u2019inizio alla stagione estiva.&nbsp;<\/p>\n\n\n\n<p style=\"font-size:20px\">A proposito\u2026 \u00e8 proprio l\u2019altezza del Sole rispetto all\u2019orizzonte che determina l\u2019inclinazione dei suoi raggi: pi\u00f9 il sole \u00e8 alto pi\u00f9 i raggi sono perpendicolari e pi\u00f9 riscaldano, pi\u00f9 \u00e8 basso pi\u00f9 i raggi sono inclinati e meno riscaldano. Proprio per questo, come vi abbiamo raccontato <a href=\"https:\/\/web.infn.it\/infn-kids\/sample-page\/aspettando-il-natale-2021\/10-dicembre\/\">qualche giorno fa<\/a>, l\u2019inverno \u00e8 freddo e l\u2019estate \u00e8 calda.<\/p>\n\n\n\n<h4 class=\"wp-block-heading\"><meta charset=\"utf-8\"><a href=\"https:\/\/web.infn.it\/infn-kids\/sample-page\/aspettando-il-natale-2021\/\">Per tornare al calendario<\/a><\/h4>\n\n\n\n<figure class=\"wp-block-image alignwide size-large\"><img loading=\"lazy\" decoding=\"async\" width=\"1024\" height=\"135\" src=\"https:\/\/web.infn.it\/infn-kids\/wp-content\/uploads\/2021\/12\/CorniceTemplate2_bottom-1024x135.png\" alt=\"\" class=\"wp-image-1500\" srcset=\"https:\/\/web.infn.it\/infn-kids\/wp-content\/uploads\/2021\/12\/CorniceTemplate2_bottom-1024x135.png 1024w, https:\/\/web.infn.it\/infn-kids\/wp-content\/uploads\/2021\/12\/CorniceTemplate2_bottom-1536x202.png 1536w, https:\/\/web.infn.it\/infn-kids\/wp-content\/uploads\/2021\/12\/CorniceTemplate2_bottom-300x39.png 300w, https:\/\/web.infn.it\/infn-kids\/wp-content\/uploads\/2021\/12\/CorniceTemplate2_bottom-768x101.png 768w, https:\/\/web.infn.it\/infn-kids\/wp-content\/uploads\/2021\/12\/CorniceTemplate2_bottom.png 1916w\" sizes=\"auto, (max-width: 1024px) 100vw, 1024px\" \/><\/figure>\n","protected":false},"excerpt":{"rendered":"<p>21 DicembreCuriosit\u00e0 &#8211; il solstizio d&#8217;inverno Mancano ormai pochi giorni a Natale, la festa pi\u00f9 attesa dell\u2019anno\u2026ma anche oggi, 21 dicembre, si celebra un avvenimento speciale: il solstizio d\u2019inverno. Questo significa che a mezzogiorno il Sole raggiunge la sua minima altezza rispetto all\u2019orizzonte e di conseguenza il numero di&nbsp;ore di luce raggiunge il minimo annuale, &hellip; <\/p>\n<p class=\"link-more\"><a href=\"https:\/\/web.infn.it\/infn-kids\/sample-page\/aspettando-il-natale-2021\/21-dicembre\/\" class=\"more-link\">Continue reading<span class=\"screen-reader-text\"> &#8220;21 Dicembre&#8221;<\/span><\/a><\/p>\n","protected":false},"author":2,"featured_media":1830,"parent":1306,"menu_order":0,"comment_status":"closed","ping_status":"closed","template":"","meta":{"footnotes":""},"class_list":["post-1831","page","type-page","status-publish","has-post-thumbnail","hentry"],"_links":{"self":[{"href":"https:\/\/web.infn.it\/infn-kids\/wp-json\/wp\/v2\/pages\/1831","targetHints":{"allow":["GET"]}}],"collection":[{"href":"https:\/\/web.infn.it\/infn-kids\/wp-json\/wp\/v2\/pages"}],"about":[{"href":"https:\/\/web.infn.it\/infn-kids\/wp-json\/wp\/v2\/types\/page"}],"author":[{"embeddable":true,"href":"https:\/\/web.infn.it\/infn-kids\/wp-json\/wp\/v2\/users\/2"}],"replies":[{"embeddable":true,"href":"https:\/\/web.infn.it\/infn-kids\/wp-json\/wp\/v2\/comments?post=1831"}],"version-history":[{"count":0,"href":"https:\/\/web.infn.it\/infn-kids\/wp-json\/wp\/v2\/pages\/1831\/revisions"}],"up":[{"embeddable":true,"href":"https:\/\/web.infn.it\/infn-kids\/wp-json\/wp\/v2\/pages\/1306"}],"wp:featuredmedia":[{"embeddable":true,"href":"https:\/\/web.infn.it\/infn-kids\/wp-json\/wp\/v2\/media\/1830"}],"wp:attachment":[{"href":"https:\/\/web.infn.it\/infn-kids\/wp-json\/wp\/v2\/media?parent=1831"}],"curies":[{"name":"wp","href":"https:\/\/api.w.org\/{rel}","templated":true}]}}