{"id":1839,"date":"2021-12-22T07:40:00","date_gmt":"2021-12-22T06:40:00","guid":{"rendered":"https:\/\/web.infn.it\/infn-kids\/?page_id=1839"},"modified":"2021-12-22T07:40:00","modified_gmt":"2021-12-22T06:40:00","slug":"22-dicembre","status":"publish","type":"page","link":"https:\/\/web.infn.it\/infn-kids\/sample-page\/aspettando-il-natale-2021\/22-dicembre\/","title":{"rendered":"22 Dicembre"},"content":{"rendered":"\n<figure class=\"wp-block-image alignwide size-large\"><img loading=\"lazy\" decoding=\"async\" width=\"1024\" height=\"105\" src=\"https:\/\/web.infn.it\/infn-kids\/wp-content\/uploads\/2021\/12\/CorniceTemplate4_up-1024x105.png\" alt=\"\" class=\"wp-image-1538\" srcset=\"https:\/\/web.infn.it\/infn-kids\/wp-content\/uploads\/2021\/12\/CorniceTemplate4_up-1024x105.png 1024w, https:\/\/web.infn.it\/infn-kids\/wp-content\/uploads\/2021\/12\/CorniceTemplate4_up-1536x157.png 1536w, https:\/\/web.infn.it\/infn-kids\/wp-content\/uploads\/2021\/12\/CorniceTemplate4_up-300x31.png 300w, https:\/\/web.infn.it\/infn-kids\/wp-content\/uploads\/2021\/12\/CorniceTemplate4_up-768x78.png 768w, https:\/\/web.infn.it\/infn-kids\/wp-content\/uploads\/2021\/12\/CorniceTemplate4_up.png 1918w\" sizes=\"auto, (max-width: 1024px) 100vw, 1024px\" \/><\/figure>\n\n\n\n<h3 class=\"wp-block-heading has-text-align-center has-text-color\" style=\"color:#1c388b\">22 Dicembre<br>Quiz &#8211; perch\u00e9 lo spumante fa il botto?<\/h3>\n\n\n\n<p style=\"font-size:20px\">Ancora una sfida del nostro concorso associato ad Aspettando il Natale 2021! <\/p>\n\n\n\n<hr class=\"wp-block-separator has-alpha-channel-opacity has-text-color has-background\" id=\"block-c01479e3-b86e-4827-b147-7a2fe3e2bf57\"\/>\n\n\n\n<p class=\"has-text-color\" style=\"color:#446c24;font-size:20px\">Facciamo un bel brindisi per festeggiare il pranzo di Natale! Ma vi siete mai chiesti come mai quando apriamo una bottiglia di spumante il tappo salta via e fa un gran botto?<\/p>\n\n\n\n<p class=\"has-text-color\" style=\"color:#446c24;font-size:20px\">a) perch\u00e9 c\u2019\u00e8 tanto gas compresso nella bottiglia<br>b) perch\u00e9 \u00e8 molto freddo<br>c) perch\u00e9 il tappo \u00e8 di sughero e ben incastrato<br>d) perch\u00e9 la bottiglia \u00e8 di vetro spesso<\/p>\n\n\n\n<hr class=\"wp-block-separator has-alpha-channel-opacity has-text-color has-background\" id=\"block-c01479e3-b86e-4827-b147-7a2fe3e2bf57\"\/>\n\n\n\n<p style=\"font-size:20px\">Avete qualche idea?&nbsp;Ormai manca pochissimo a Natale ma continuate a seguirci per partecipare al concorso&nbsp;di Aspettando il&nbsp;Natale&nbsp;2021&nbsp;e vincere favolosi premi!&nbsp; Ci saranno altre sfide? Per le risposte, non preoccupatevi, avete tempo per inviarci le vostre mail fino al <strong>30 dicembre<\/strong>.<a href=\"https:\/\/web.infn.it\/infn-kids\/wp-content\/uploads\/2021\/12\/RegolamentoNatale2021.pdf\">&nbsp;Cliccate qui<\/a> per scoprire le regole&nbsp;per partecipare! E se vi siete persi le altre sfide&#8230; sfogliate di nuovo il nostro calendario!<\/p>\n\n\n\n<p id=\"block-454ff6a2-3ee9-49de-980a-3cb5afeab63a\" style=\"font-size:20px\"><meta charset=\"utf-8\"><em>Aggiornamento del 30 Dicembre 2021<\/em>: ormai il nostro concorso di Natale \u00e8 terminato&#8230; Curiosi di scoprire se avete risposto correttamente? <a href=\"https:\/\/web.infn.it\/infn-kids\/?p=1862\">Cliccate qua<\/a>. <br>E&#8230; grazie per aver giocato insieme a noi!<\/p>\n\n\n\n<h4 class=\"wp-block-heading\" id=\"block-32ee31f2-0849-42c5-aa57-9ab077ee9e99\"><a href=\"https:\/\/web.infn.it\/infn-kids\/sample-page\/aspettando-il-natale-2021\/\">Per tornare al calendario<\/a><\/h4>\n\n\n\n<figure class=\"wp-block-image alignwide size-large\"><img loading=\"lazy\" decoding=\"async\" width=\"1024\" height=\"134\" src=\"https:\/\/web.infn.it\/infn-kids\/wp-content\/uploads\/2021\/12\/CorniceTemplate4_bottom-1024x134.png\" alt=\"\" class=\"wp-image-1541\" srcset=\"https:\/\/web.infn.it\/infn-kids\/wp-content\/uploads\/2021\/12\/CorniceTemplate4_bottom-1024x134.png 1024w, https:\/\/web.infn.it\/infn-kids\/wp-content\/uploads\/2021\/12\/CorniceTemplate4_bottom-1536x202.png 1536w, https:\/\/web.infn.it\/infn-kids\/wp-content\/uploads\/2021\/12\/CorniceTemplate4_bottom-300x39.png 300w, https:\/\/web.infn.it\/infn-kids\/wp-content\/uploads\/2021\/12\/CorniceTemplate4_bottom-768x101.png 768w, https:\/\/web.infn.it\/infn-kids\/wp-content\/uploads\/2021\/12\/CorniceTemplate4_bottom.png 1920w\" sizes=\"auto, (max-width: 1024px) 100vw, 1024px\" \/><\/figure>\n","protected":false},"excerpt":{"rendered":"<p>22 DicembreQuiz &#8211; perch\u00e9 lo spumante fa il botto? Ancora una sfida del nostro concorso associato ad Aspettando il Natale 2021! Facciamo un bel brindisi per festeggiare il pranzo di Natale! Ma vi siete mai chiesti come mai quando apriamo una bottiglia di spumante il tappo salta via e fa un gran botto? a) perch\u00e9 &hellip; <\/p>\n<p class=\"link-more\"><a href=\"https:\/\/web.infn.it\/infn-kids\/sample-page\/aspettando-il-natale-2021\/22-dicembre\/\" class=\"more-link\">Continue reading<span class=\"screen-reader-text\"> &#8220;22 Dicembre&#8221;<\/span><\/a><\/p>\n","protected":false},"author":2,"featured_media":1841,"parent":1306,"menu_order":0,"comment_status":"closed","ping_status":"closed","template":"","meta":{"footnotes":""},"class_list":["post-1839","page","type-page","status-publish","has-post-thumbnail","hentry"],"_links":{"self":[{"href":"https:\/\/web.infn.it\/infn-kids\/wp-json\/wp\/v2\/pages\/1839","targetHints":{"allow":["GET"]}}],"collection":[{"href":"https:\/\/web.infn.it\/infn-kids\/wp-json\/wp\/v2\/pages"}],"about":[{"href":"https:\/\/web.infn.it\/infn-kids\/wp-json\/wp\/v2\/types\/page"}],"author":[{"embeddable":true,"href":"https:\/\/web.infn.it\/infn-kids\/wp-json\/wp\/v2\/users\/2"}],"replies":[{"embeddable":true,"href":"https:\/\/web.infn.it\/infn-kids\/wp-json\/wp\/v2\/comments?post=1839"}],"version-history":[{"count":0,"href":"https:\/\/web.infn.it\/infn-kids\/wp-json\/wp\/v2\/pages\/1839\/revisions"}],"up":[{"embeddable":true,"href":"https:\/\/web.infn.it\/infn-kids\/wp-json\/wp\/v2\/pages\/1306"}],"wp:featuredmedia":[{"embeddable":true,"href":"https:\/\/web.infn.it\/infn-kids\/wp-json\/wp\/v2\/media\/1841"}],"wp:attachment":[{"href":"https:\/\/web.infn.it\/infn-kids\/wp-json\/wp\/v2\/media?parent=1839"}],"curies":[{"name":"wp","href":"https:\/\/api.w.org\/{rel}","templated":true}]}}