{"id":1850,"date":"2021-12-23T07:45:00","date_gmt":"2021-12-23T06:45:00","guid":{"rendered":"https:\/\/web.infn.it\/infn-kids\/?page_id=1850"},"modified":"2021-12-23T07:45:00","modified_gmt":"2021-12-23T06:45:00","slug":"23-dicembre","status":"publish","type":"page","link":"https:\/\/web.infn.it\/infn-kids\/sample-page\/aspettando-il-natale-2021\/23-dicembre\/","title":{"rendered":"23 Dicembre"},"content":{"rendered":"\n<figure class=\"wp-block-image alignwide size-large\"><img loading=\"lazy\" decoding=\"async\" width=\"1024\" height=\"109\" src=\"https:\/\/web.infn.it\/infn-kids\/wp-content\/uploads\/2021\/11\/CorniceTemplate5_up-1-1024x109.png\" alt=\"\" class=\"wp-image-1457\" srcset=\"https:\/\/web.infn.it\/infn-kids\/wp-content\/uploads\/2021\/11\/CorniceTemplate5_up-1-1024x109.png 1024w, https:\/\/web.infn.it\/infn-kids\/wp-content\/uploads\/2021\/11\/CorniceTemplate5_up-1-1536x164.png 1536w, https:\/\/web.infn.it\/infn-kids\/wp-content\/uploads\/2021\/11\/CorniceTemplate5_up-1-300x32.png 300w, https:\/\/web.infn.it\/infn-kids\/wp-content\/uploads\/2021\/11\/CorniceTemplate5_up-1-768x82.png 768w, https:\/\/web.infn.it\/infn-kids\/wp-content\/uploads\/2021\/11\/CorniceTemplate5_up-1.png 1914w\" sizes=\"auto, (max-width: 1024px) 100vw, 1024px\" \/><\/figure>\n\n\n\n<h3 class=\"has-text-align-center has-text-color wp-block-heading\" style=\"color:#1c388b\">23 Dicembre<br>Curiosit\u00e0 &#8211; ma&#8230; Babbo Natale quanto tempo ha per consegnare i regali?<\/h3>\n\n\n\n<p style=\"font-size:20px\">Ormai ci siamo quasi: tra due giorni sar\u00e0 Natale! In Lapponia, nella neve del circolo polare artico, Babbo Natale sta facendo gli ultimi preparativi: ormai la partenza \u00e8 imminente e tutto deve essere pronto per la consegna dei doni a tutti i bambini del mondo!<\/p>\n\n\n\n<h4 class=\"wp-block-heading\">Ma avete mai pensato a quanto tempo ha a disposizione Babbo Natale per completare le sue consegne? Tutta la notte, direte voi! E avete ragione: ma quanto dura la notte di Babbo Natale?<\/h4>\n\n\n\n<p style=\"font-size:20px\">Sappiamo che la Terra ruota su s\u00e9 stessa in 24 ore e che durante il giorno il Sole cambia la sua posizione rispetto al nostro orizzonte: la mattina sorge, poi la sera tramonta e scende la notte. \u00c8 proprio la posizione del Sole rispetto all\u2019orizzonte a indicare l\u2019ora, che, quindi, non \u00e8 mai la stessa in tutti i posti del nostro pianeta. Per avere un riferimento comune, si divide la superficie sferica della Terra in 24 &#8220;spicchi&#8221; uguali, ognuno per ogni ora del giorno, e si considera che nei luoghi all\u2019interno dello stesso spicchio l\u2019ora del giorno \u00e8 la stessa per tutti. Per esempio, tra Roma e le lontane isole Svalbard, che si trovano quasi al Polo Nord, non c\u2019\u00e8 differenza di orario, mentre quando a Roma \u00e8 pomeriggio a Tokyo \u00e8 notte e a New York \u00e8 mattina.<\/p>\n\n\n\n<p style=\"font-size:20px\">Proprio sfruttando i fusi orari, Babbo Natale fa durare la sua notte 24 ore\u2026 Anzi, in realt\u00e0 un po\u2019 di pi\u00f9 perch\u00e9 riesce anche a sfruttare il fatto che il numero di ore di buio e quelle di luce non sono uguali in tutto il mondo (per esempio in questo periodo nel nostro emisfero la notte \u00e8 pi\u00f9 lunga rispetto a quella dell\u2019emisfero sud).<\/p>\n\n\n\n<p style=\"font-size:20px\">Il trucco di Babbo Natale \u00e8 muoversi con la notte da est verso ovest, proprio secondo il movimento del Sole: inizia la consegna dei doni in Russia, all\u2019estremo oriente, e la finisce a ovest, nella selvaggia Alaska. Se siete curiosi di seguire il suo viaggio potete usare uno strumento che ogni anno lo segue in tempo reale, si chiama \u201cSanta Tracker\u201d: <a href=\"https:\/\/santatracker.google.com\/\">https:\/\/santatracker.google.com\/<\/a>. <\/p>\n\n\n\n<p style=\"font-size:20px\">Ma, attenzione! <strong>Quando vedete che sta per arrivare vicino a casa vostra andate subito a dormire\u2026 Babbo Natale non pu\u00f2 essere disturbato quando lavora<\/strong> (ma se gli lascerete un biscotto, lo manger\u00e0 volentieri)!<\/p>\n\n\n\n<h4 class=\"wp-block-heading\"><meta charset=\"utf-8\"><meta charset=\"utf-8\"><a href=\"https:\/\/web.infn.it\/infn-kids\/sample-page\/aspettando-il-natale-2021\/\">Per tornare al calendario<\/a><\/h4>\n\n\n\n<figure class=\"wp-block-image alignwide size-large\"><img loading=\"lazy\" decoding=\"async\" width=\"1024\" height=\"138\" src=\"https:\/\/web.infn.it\/infn-kids\/wp-content\/uploads\/2021\/11\/CorniceTemplate5_bottom-1024x138.png\" alt=\"\" class=\"wp-image-1464\" srcset=\"https:\/\/web.infn.it\/infn-kids\/wp-content\/uploads\/2021\/11\/CorniceTemplate5_bottom-1024x138.png 1024w, https:\/\/web.infn.it\/infn-kids\/wp-content\/uploads\/2021\/11\/CorniceTemplate5_bottom-1536x206.png 1536w, https:\/\/web.infn.it\/infn-kids\/wp-content\/uploads\/2021\/11\/CorniceTemplate5_bottom-300x40.png 300w, https:\/\/web.infn.it\/infn-kids\/wp-content\/uploads\/2021\/11\/CorniceTemplate5_bottom-768x103.png 768w, https:\/\/web.infn.it\/infn-kids\/wp-content\/uploads\/2021\/11\/CorniceTemplate5_bottom.png 1920w\" sizes=\"auto, (max-width: 1024px) 100vw, 1024px\" \/><\/figure>\n","protected":false},"excerpt":{"rendered":"<p>23 DicembreCuriosit\u00e0 &#8211; ma&#8230; Babbo Natale quanto tempo ha per consegnare i regali? Ormai ci siamo quasi: tra due giorni sar\u00e0 Natale! In Lapponia, nella neve del circolo polare artico, Babbo Natale sta facendo gli ultimi preparativi: ormai la partenza \u00e8 imminente e tutto deve essere pronto per la consegna dei doni a tutti i &hellip; <\/p>\n<p class=\"link-more\"><a href=\"https:\/\/web.infn.it\/infn-kids\/sample-page\/aspettando-il-natale-2021\/23-dicembre\/\" class=\"more-link\">Continue reading<span class=\"screen-reader-text\"> &#8220;23 Dicembre&#8221;<\/span><\/a><\/p>\n","protected":false},"author":2,"featured_media":1851,"parent":1306,"menu_order":0,"comment_status":"closed","ping_status":"closed","template":"","meta":{"footnotes":""},"class_list":["post-1850","page","type-page","status-publish","has-post-thumbnail","hentry"],"_links":{"self":[{"href":"https:\/\/web.infn.it\/infn-kids\/wp-json\/wp\/v2\/pages\/1850","targetHints":{"allow":["GET"]}}],"collection":[{"href":"https:\/\/web.infn.it\/infn-kids\/wp-json\/wp\/v2\/pages"}],"about":[{"href":"https:\/\/web.infn.it\/infn-kids\/wp-json\/wp\/v2\/types\/page"}],"author":[{"embeddable":true,"href":"https:\/\/web.infn.it\/infn-kids\/wp-json\/wp\/v2\/users\/2"}],"replies":[{"embeddable":true,"href":"https:\/\/web.infn.it\/infn-kids\/wp-json\/wp\/v2\/comments?post=1850"}],"version-history":[{"count":0,"href":"https:\/\/web.infn.it\/infn-kids\/wp-json\/wp\/v2\/pages\/1850\/revisions"}],"up":[{"embeddable":true,"href":"https:\/\/web.infn.it\/infn-kids\/wp-json\/wp\/v2\/pages\/1306"}],"wp:featuredmedia":[{"embeddable":true,"href":"https:\/\/web.infn.it\/infn-kids\/wp-json\/wp\/v2\/media\/1851"}],"wp:attachment":[{"href":"https:\/\/web.infn.it\/infn-kids\/wp-json\/wp\/v2\/media?parent=1850"}],"curies":[{"name":"wp","href":"https:\/\/api.w.org\/{rel}","templated":true}]}}