{"id":2014,"date":"2022-06-29T14:46:10","date_gmt":"2022-06-29T12:46:10","guid":{"rendered":"https:\/\/web.infn.it\/infn-kids\/?page_id=2014"},"modified":"2025-05-28T15:35:39","modified_gmt":"2025-05-28T13:35:39","slug":"summer-camp-2022","status":"publish","type":"page","link":"https:\/\/web.infn.it\/infn-kids\/racconti-di-fisica-e-scienza\/summer-camp-2022\/","title":{"rendered":"Summer Camp 2022"},"content":{"rendered":"\n<div class=\"wp-block-columns is-layout-flex wp-container-core-columns-is-layout-9d6595d7 wp-block-columns-is-layout-flex\">\n<div class=\"wp-block-column is-layout-flow wp-block-column-is-layout-flow\" style=\"flex-basis:33.33%\">\n<figure class=\"wp-block-image size-large\"><img loading=\"lazy\" decoding=\"async\" width=\"1024\" height=\"726\" src=\"https:\/\/web.infn.it\/infn-kids\/wp-content\/uploads\/2022\/06\/PHOTO-2022-06-23-18-13-40-1024x726.jpg\" alt=\"\" class=\"wp-image-2009\" srcset=\"https:\/\/web.infn.it\/infn-kids\/wp-content\/uploads\/2022\/06\/PHOTO-2022-06-23-18-13-40-1024x726.jpg 1024w, https:\/\/web.infn.it\/infn-kids\/wp-content\/uploads\/2022\/06\/PHOTO-2022-06-23-18-13-40-1536x1089.jpg 1536w, https:\/\/web.infn.it\/infn-kids\/wp-content\/uploads\/2022\/06\/PHOTO-2022-06-23-18-13-40-300x213.jpg 300w, https:\/\/web.infn.it\/infn-kids\/wp-content\/uploads\/2022\/06\/PHOTO-2022-06-23-18-13-40-768x544.jpg 768w, https:\/\/web.infn.it\/infn-kids\/wp-content\/uploads\/2022\/06\/PHOTO-2022-06-23-18-13-40.jpg 1552w\" sizes=\"auto, (max-width: 1024px) 100vw, 1024px\" \/><\/figure>\n<\/div>\n\n\n\n<div class=\"wp-block-column is-layout-flow wp-block-column-is-layout-flow\" style=\"flex-basis:66.66%\">\n<p class=\"has-medium-font-size\">Anche questo anno, torna il summer camp di INFN Kids! Tre giorni, dal 4 luglio al 6 luglio 2022, alla scoperta di massa, energia e&#8230; del famoso bosone di Higgs! S\u00ec, ma&#8230; cosa sar\u00e0 davvero questo bosone???<\/p>\n<\/div>\n<\/div>\n\n\n\n<p style=\"font-size:20px\">Tutti gli incontri sono visibili sul nostro canale YouTube e sulla nostra pagina Facebook, a partire dalle 10:30 di ogni giorno del Summer Camp: <a href=\"https:\/\/www.youtube.com\/c\/infnkids\">https:\/\/www.youtube.com\/c\/infnkids<\/a><br><a href=\"https:\/\/www.facebook.com\/INFNKids\/\">https:\/\/www.facebook.com\/INFNKids\/<\/a><\/p>\n\n\n\n<div class=\"wp-block-columns is-layout-flex wp-container-core-columns-is-layout-9d6595d7 wp-block-columns-is-layout-flex\">\n<div class=\"wp-block-column is-layout-flow wp-block-column-is-layout-flow\">\n<h4 class=\"wp-block-heading has-text-color\" style=\"color:#1c388b\">4 Luglio 2022<\/h4>\n\n\n\n<p>Cosa sono le particelle elementari? Che cos&#8217;\u00e8 il Bosone di Higgs e perch\u00e9 \u00e8 cos\u00ec importante? Dove e come \u00e8 stato scoperto? <br>In collegamento dal CERN di Ginevra, dall&#8217;INFN di Catania e di Roma e dal Visitor Centre dei Laboratori Nazionali di Frascati<\/p>\n<\/div>\n\n\n\n<div class=\"wp-block-column is-vertically-aligned-center is-layout-flow wp-block-column-is-layout-flow\">\n<hr class=\"wp-block-separator has-alpha-channel-opacity is-style-default\"\/>\n<\/div>\n\n\n\n<div class=\"wp-block-column is-layout-flow wp-block-column-is-layout-flow\">\n<h4 class=\"wp-block-heading has-text-color\" style=\"color:#1c388b\">5 Luglio 2022<\/h4>\n\n\n\n<p>Che cos&#8217;\u00e8 la massa e come si misura? Qual \u00e8 la differenza tra massa e peso? Perch\u00e9 la massa si converte in energia e viceversa? In collegamento da INFN Firenze, dai Laboratori Nazionali del Sud  e dai Laboratori Nazionali di Frascati <\/p>\n<\/div>\n\n\n\n<div class=\"wp-block-column is-vertically-aligned-center is-layout-flow wp-block-column-is-layout-flow\">\n<hr class=\"wp-block-separator aligncenter has-alpha-channel-opacity is-style-default\"\/>\n<\/div>\n\n\n\n<div class=\"wp-block-column is-layout-flow wp-block-column-is-layout-flow\">\n<h4 class=\"wp-block-heading has-text-color\" style=\"color:#1c388b\">6 Luglio 2022<\/h4>\n\n\n\n<p>Che cos&#8217;\u00e8 l&#8217;energia? Quante forme di energia esistono? In collegamento dall&#8217;INFN di Ferrara e dai Laboratori Nazionali di Legnaro.<\/p>\n<\/div>\n<\/div>\n","protected":false},"excerpt":{"rendered":"<p>Anche questo anno, torna il summer camp di INFN Kids! Tre giorni, dal 4 luglio al 6 luglio 2022, alla scoperta di massa, energia e&#8230; del famoso bosone di Higgs! S\u00ec, ma&#8230; cosa sar\u00e0 davvero questo bosone??? Tutti gli incontri sono visibili sul nostro canale YouTube e sulla nostra pagina Facebook, a partire dalle 10:30 &hellip; <\/p>\n<p class=\"link-more\"><a href=\"https:\/\/web.infn.it\/infn-kids\/racconti-di-fisica-e-scienza\/summer-camp-2022\/\" class=\"more-link\">Continue reading<span class=\"screen-reader-text\"> &#8220;Summer Camp 2022&#8221;<\/span><\/a><\/p>\n","protected":false},"author":2,"featured_media":0,"parent":965,"menu_order":0,"comment_status":"closed","ping_status":"closed","template":"","meta":{"footnotes":""},"class_list":["post-2014","page","type-page","status-publish","hentry"],"_links":{"self":[{"href":"https:\/\/web.infn.it\/infn-kids\/wp-json\/wp\/v2\/pages\/2014","targetHints":{"allow":["GET"]}}],"collection":[{"href":"https:\/\/web.infn.it\/infn-kids\/wp-json\/wp\/v2\/pages"}],"about":[{"href":"https:\/\/web.infn.it\/infn-kids\/wp-json\/wp\/v2\/types\/page"}],"author":[{"embeddable":true,"href":"https:\/\/web.infn.it\/infn-kids\/wp-json\/wp\/v2\/users\/2"}],"replies":[{"embeddable":true,"href":"https:\/\/web.infn.it\/infn-kids\/wp-json\/wp\/v2\/comments?post=2014"}],"version-history":[{"count":3,"href":"https:\/\/web.infn.it\/infn-kids\/wp-json\/wp\/v2\/pages\/2014\/revisions"}],"predecessor-version":[{"id":2897,"href":"https:\/\/web.infn.it\/infn-kids\/wp-json\/wp\/v2\/pages\/2014\/revisions\/2897"}],"up":[{"embeddable":true,"href":"https:\/\/web.infn.it\/infn-kids\/wp-json\/wp\/v2\/pages\/965"}],"wp:attachment":[{"href":"https:\/\/web.infn.it\/infn-kids\/wp-json\/wp\/v2\/media?parent=2014"}],"curies":[{"name":"wp","href":"https:\/\/api.w.org\/{rel}","templated":true}]}}