{"id":2067,"date":"2022-11-23T13:26:51","date_gmt":"2022-11-23T12:26:51","guid":{"rendered":"https:\/\/web.infn.it\/infn-kids\/?page_id=2067"},"modified":"2022-11-23T13:26:51","modified_gmt":"2022-11-23T12:26:51","slug":"particelle-di-natale","status":"publish","type":"page","link":"https:\/\/web.infn.it\/infn-kids\/particelle-di-natale\/","title":{"rendered":"Particelle di Natale!"},"content":{"rendered":"\n<h3 class=\"wp-block-heading has-text-color\" style=\"color:#00115e\">Inizia il mese di Dicembre e con Dicembre inizia&#8230; il Natale di INFN Kids! <\/h3>\n\n\n\n<p style=\"font-size:20px\">Quattro appuntamenti nelle settimane che precedono il 25 Dicembre per scoprire segreti e curiosit\u00e0 delle principali componenti della materia che ci circonda, giocare con feltro, ago e filo, e partecipare al nostro concorso 2022. <\/p>\n\n\n\n<p style=\"font-size:20px\">Pronti per iniziare? Scoprite il video sul nostro canale YouTube, rispondete alle domande pubblicate sotto e inviateci le vostre risposte a <a href=\"mailto:infn-kids@lists.infn.it\">infn-kids@lists.infn.it<\/a>. Per tutti i dettagli sul regolamento del concorso 2022, cliccate <a href=\"https:\/\/web.infn.it\/infn-kids\/wp-content\/uploads\/2022\/12\/Regolamento-concorso.pdf\">qua<\/a>. <\/p>\n\n\n\n<figure class=\"wp-block-image size-large\"><img loading=\"lazy\" decoding=\"async\" width=\"1024\" height=\"194\" src=\"https:\/\/web.infn.it\/infn-kids\/wp-content\/uploads\/2022\/12\/BannerPaginaWeb2-1024x194.png\" alt=\"\" class=\"wp-image-2077\" srcset=\"https:\/\/web.infn.it\/infn-kids\/wp-content\/uploads\/2022\/12\/BannerPaginaWeb2-1024x194.png 1024w, https:\/\/web.infn.it\/infn-kids\/wp-content\/uploads\/2022\/12\/BannerPaginaWeb2-300x57.png 300w, https:\/\/web.infn.it\/infn-kids\/wp-content\/uploads\/2022\/12\/BannerPaginaWeb2-768x146.png 768w, https:\/\/web.infn.it\/infn-kids\/wp-content\/uploads\/2022\/12\/BannerPaginaWeb2.png 1272w\" sizes=\"auto, (max-width: 1024px) 100vw, 1024px\" \/><\/figure>\n\n\n\n<h4 class=\"wp-block-heading has-text-color\" style=\"color:#00115e\">2 dicembre 2022 &#8211; Il protone!<\/h4>\n\n\n\n<div class=\"wp-block-columns is-layout-flex wp-container-core-columns-is-layout-9d6595d7 wp-block-columns-is-layout-flex\">\n<div class=\"wp-block-column is-layout-flow wp-block-column-is-layout-flow\">\n<p style=\"font-size:20px\">Pronti per realizzare il protone, uno dei principali componenti dell&#8217;atomo? <br>Vi serviranno: feltro colorato (pi\u00f9 colori), forbici, scotch, pennarello nero, un grosso ago, filo colorato (e tutto quello che pensate possa essere utile per abbellire la vostra decorazione natalizia).<br>Cliccando <a href=\"https:\/\/web.infn.it\/infn-kids\/wp-content\/uploads\/2022\/12\/CartaModelloProtone.png\">qua<\/a> potete scaricare lo schema da stampare e ritagliare per guidarvi per il taglio del feltro.<\/p>\n<\/div>\n\n\n\n<div class=\"wp-block-column is-layout-flow wp-block-column-is-layout-flow\">\n<figure class=\"wp-block-image size-large\"><a href=\"https:\/\/youtu.be\/1_A6J4twWTM\"><img loading=\"lazy\" decoding=\"async\" width=\"1024\" height=\"573\" src=\"https:\/\/web.infn.it\/infn-kids\/wp-content\/uploads\/2024\/06\/CopertinaYT_Protone-1024x573.png\" alt=\"\" class=\"wp-image-2503\" srcset=\"https:\/\/web.infn.it\/infn-kids\/wp-content\/uploads\/2024\/06\/CopertinaYT_Protone-1024x573.png 1024w, https:\/\/web.infn.it\/infn-kids\/wp-content\/uploads\/2024\/06\/CopertinaYT_Protone-1536x860.png 1536w, https:\/\/web.infn.it\/infn-kids\/wp-content\/uploads\/2024\/06\/CopertinaYT_Protone-2048x1147.png 2048w, https:\/\/web.infn.it\/infn-kids\/wp-content\/uploads\/2024\/06\/CopertinaYT_Protone-300x168.png 300w, https:\/\/web.infn.it\/infn-kids\/wp-content\/uploads\/2024\/06\/CopertinaYT_Protone-768x430.png 768w\" sizes=\"auto, (max-width: 1024px) 100vw, 1024px\" \/><\/a><figcaption class=\"wp-element-caption\">Clicca per aprire YouTube<\/figcaption><\/figure>\n<\/div>\n<\/div>\n\n\n\n<p style=\"font-size:20px\">Ed ora&#8230; pronti per il nostro quiz sul protone?<\/p>\n\n\n\n<ul class=\"wp-block-list\" style=\"font-size:20px\">\n<li><em><strong>Domanda P.1<\/strong> <\/em><br>Cosa significa il mio nome, protone?<br>a) Il pi\u00f9 importante<br>b) Il pi\u00f9 pesante<br>c) Il primo<\/li>\n\n\n\n<li><strong><em>Domanda P.2<\/em><\/strong><br>Se avvicino un protone ad un elettrone, che ha carica opposta alla sua, lo attrae. Cosa succede se avvicino un protone ad un altro protone?<br>a) Non succede nulla, rimane fermo dov\u2019\u00e8<br>b) Viene respinto<br>c) Viene attratto<\/li>\n\n\n\n<li><strong><em>Domanda P.3<\/em><\/strong><br>In fisica atomica, un protone \u00e8 come un mattoncino perch\u00e9&#8230;<br>a) Aggiungendo un protone alla volta posso costruire tutti gli elementi dell\u2019universo<br>b) Ha un tipico colore marroncino, se guardato al microscopio<br>c) Ha tante forme e dimensioni, di tanti colori differenti<\/li>\n\n\n\n<li><strong><em>Domanda P.4<\/em><\/strong><br>Rispetto ad una formica ( circa 1 cm cio\u00e8 0,01 metri), quanto \u00e8 pi\u00f9 piccolo?<br>a) 10 Milioni di volte pi\u00f9 piccolo, \u00e8 grande un miliardesimo di metro<br>b) 10 Miliardi di volte pi\u00f9 piccolo, \u00e8 grande un millesimo di miliardesimo di metro<br>c) 10 Mila Miliardi di volte pi\u00f9 piccolo, \u00e8 grande un milionesimo di miliardesimo di metro<\/li>\n<\/ul>\n\n\n\n<h4 class=\"wp-block-heading has-text-color\" style=\"color:#00115e\">9 dicembre 2022 &#8211; Il neutrone!<\/h4>\n\n\n\n<div class=\"wp-block-columns is-layout-flex wp-container-core-columns-is-layout-9d6595d7 wp-block-columns-is-layout-flex\">\n<div class=\"wp-block-column is-layout-flow wp-block-column-is-layout-flow\">\n<p style=\"font-size:20px\">E&#8217; il momento di trasformare il neutrone in una nuova decorazione natalizia.<br>Anche oggi, vi serviranno: feltro colorato (pi\u00f9 colori), forbici, scotch, pennarello nero, un grosso ago, filo colorato (e tutto quello che pensate possa essere utile!).<br>Cliccando <a href=\"https:\/\/web.infn.it\/infn-kids\/wp-content\/uploads\/2022\/12\/CartaModelloNeutrone.png\">qua<\/a> potete scaricare lo schema da stampare e ritagliare per guidarvi per il taglio del feltro.<\/p>\n<\/div>\n\n\n\n<div class=\"wp-block-column is-layout-flow wp-block-column-is-layout-flow\">\n<figure class=\"wp-block-image size-large\"><a href=\"https:\/\/youtu.be\/Pis87qLJaAY\"><img loading=\"lazy\" decoding=\"async\" width=\"1024\" height=\"573\" src=\"https:\/\/web.infn.it\/infn-kids\/wp-content\/uploads\/2024\/06\/CopertinaYT_Neutrone-1024x573.png\" alt=\"\" class=\"wp-image-2504\" srcset=\"https:\/\/web.infn.it\/infn-kids\/wp-content\/uploads\/2024\/06\/CopertinaYT_Neutrone-1024x573.png 1024w, https:\/\/web.infn.it\/infn-kids\/wp-content\/uploads\/2024\/06\/CopertinaYT_Neutrone-1536x860.png 1536w, https:\/\/web.infn.it\/infn-kids\/wp-content\/uploads\/2024\/06\/CopertinaYT_Neutrone-2048x1147.png 2048w, https:\/\/web.infn.it\/infn-kids\/wp-content\/uploads\/2024\/06\/CopertinaYT_Neutrone-300x168.png 300w, https:\/\/web.infn.it\/infn-kids\/wp-content\/uploads\/2024\/06\/CopertinaYT_Neutrone-768x430.png 768w\" sizes=\"auto, (max-width: 1024px) 100vw, 1024px\" \/><\/a><figcaption class=\"wp-element-caption\">Clicca per aprire YouTube<\/figcaption><\/figure>\n<\/div>\n<\/div>\n\n\n\n<p style=\"font-size:20px\">Ed ecco le domande sul neutrone per poter partecipare al nostro concorso. <\/p>\n\n\n\n<ul class=\"wp-block-list\" style=\"font-size:20px\">\n<li><em><strong>Domanda N.1<\/strong> <\/em><br>Il neutrone si chiama cos\u00ec perch\u00e9:<br>a) Non ha nessun colore, \u00e8 grigio<br>b) A differenza del protone, non ha carica elettrica<br>c) Non interagisce attraverso l\u2019interazione forte<\/li>\n\n\n\n<li><em>Domanda N.2<\/em><br>Il neutrone si trova:<br>a) Dentro il nucleo dell\u2019atomo, come il protone<br>b) Attorno al nucleo dell\u2019atomo, come l\u2019elettrone<br>c) Attorno al nucleo dell\u2019atomo, come il protone<\/li>\n\n\n\n<li><em>Domanda N.3<\/em><br>Il neutrone:<br>a) \u201cVive\u201d solo 15 minuti fuori dal nucleo<br>b) Decade in un elettrone ed un neutrino, se lasciato libero<br>c) Ha massa doppia rispetto al protone<\/li>\n\n\n\n<li><em>Domanda N.4<\/em><br>Qual \u00e8 la funzione del neutrone nell\u2019atomo?<br>a) Respingere gli elettroni che cadrebbero sul nucleo perch\u00e9 attratti dai protoni<br>b) Tenere uniti i protoni nel nucleo, che vorrebbero allontanarsi perch\u00e9 hanno tutti la stessa carica<br>c) Respingere i protoni nel nucleo, che vorrebbero avvicinarsi perch\u00e9 hanno tutti la stessa carica<\/li>\n<\/ul>\n\n\n\n<h4 class=\"wp-block-heading has-text-color\" style=\"color:#00115e\">16 dicembre 2022 &#8211; L&#8217;elettrone!<\/h4>\n\n\n\n<div class=\"wp-block-columns is-layout-flex wp-container-core-columns-is-layout-9d6595d7 wp-block-columns-is-layout-flex\">\n<div class=\"wp-block-column is-layout-flow wp-block-column-is-layout-flow\">\n<p style=\"font-size:20px\">Ecco a voi l&#8217;elettrone, uno dei costituenti principali dell&#8217;atomo e una delle particelle elementari del modello standard. Prendete feltro, colla a caldo, ago e filo e trasformate questa minuscola particella in una fantastica decorazione. Potrete utilizzare anche pennarelli a inchiostro acrilico (non dimenticate di farli asciugare prima di utilizzare la decorazione!). <br>Per guidarvi nel taglio dei pezzetti di feltro, <a href=\"https:\/\/web.infn.it\/infn-kids\/wp-content\/uploads\/2022\/12\/CartaModelloElettrone.png\">qua<\/a> potete scaricare lo schema in carta da stampare e ritagliare. <\/p>\n<\/div>\n\n\n\n<div class=\"wp-block-column is-layout-flow wp-block-column-is-layout-flow\">\n<figure class=\"wp-block-image size-large\"><a href=\"https:\/\/youtu.be\/UGPD8K3Zej8\"><img loading=\"lazy\" decoding=\"async\" width=\"1024\" height=\"573\" src=\"https:\/\/web.infn.it\/infn-kids\/wp-content\/uploads\/2024\/06\/CopertinaYT_Elettrone-1024x573.png\" alt=\"\" class=\"wp-image-2505\" srcset=\"https:\/\/web.infn.it\/infn-kids\/wp-content\/uploads\/2024\/06\/CopertinaYT_Elettrone-1024x573.png 1024w, https:\/\/web.infn.it\/infn-kids\/wp-content\/uploads\/2024\/06\/CopertinaYT_Elettrone-1536x860.png 1536w, https:\/\/web.infn.it\/infn-kids\/wp-content\/uploads\/2024\/06\/CopertinaYT_Elettrone-2048x1147.png 2048w, https:\/\/web.infn.it\/infn-kids\/wp-content\/uploads\/2024\/06\/CopertinaYT_Elettrone-300x168.png 300w, https:\/\/web.infn.it\/infn-kids\/wp-content\/uploads\/2024\/06\/CopertinaYT_Elettrone-768x430.png 768w\" sizes=\"auto, (max-width: 1024px) 100vw, 1024px\" \/><\/a><figcaption class=\"wp-element-caption\">Clicca per aprire YouTube<\/figcaption><\/figure>\n<\/div>\n<\/div>\n\n\n\n<p style=\"font-size:20px\">Ecco le domande sull&#8217;elettrone per poter partecipare al nostro concorso. <\/p>\n\n\n\n<ul class=\"wp-block-list\" style=\"font-size:20px\">\n<li><em><strong>Domanda E.1<\/strong> <\/em><br>Dove si trova l\u2019elettrone?<br>a) Nell\u2019atomo, dentro il nucleo, insieme al protone<br>b) Nell\u2019atomo, attorno al nucleo, attirato dal protone<br>c) Nell\u2019atomo, attorno al nucleo, respinto dal neutrone<\/li>\n\n\n\n<li><em>Domanda E.2<\/em><br>Quanto \u201cpesa\u201d un elettrone?<br>a) \u00e8 circa 2000 volte pi\u00f9 pesante dell\u2019atomo di idrogeno<br>b) \u00e8 circa 2000 volte pi\u00f9 leggero dell\u2019atomo di idrogeno<br>c) \u00e8 circa met\u00e0 dell\u2019atomo di idrogeno<\/li>\n\n\n\n<li><em>Domanda E.3<\/em><br>Perch\u00e9 prendiamo la \u201cscossa\u201d toccando un pomello metallico?<br>a) Perch\u00e9 alcuni materiali sono naturalmente carichi e dobbiamo fare attenzioni a toccarli<br>b) Perch\u00e9 anche in materiali neutri c\u2019\u00e8 uno spostamento di cariche elettriche dal pomello al nostro corpo<br>c) Non \u00e8 mai possibile prendere la scossa toccando un pomello metallico<\/li>\n\n\n\n<li><em>Domanda E.4<\/em><br>A differenza della coppia protone-elettrone, la coppia elettrone-neutrone:<br>a) Si respinge<br>b) Si attrae<br>c) Non succede nulla<\/li>\n<\/ul>\n\n\n\n<h4 class=\"wp-block-heading has-text-color\" style=\"color:#00115e\">23 dicembre 2022 <\/h4>\n\n\n\n<div class=\"wp-block-columns is-layout-flex wp-container-core-columns-is-layout-9d6595d7 wp-block-columns-is-layout-flex\">\n<div class=\"wp-block-column is-layout-flow wp-block-column-is-layout-flow\">\n<p style=\"font-size:20px\">Per l&#8217;ultimo appuntamento di Particelle di Natale realizzeremo&#8230; il fotone! Dal video, possiamo scoprire i suoi segreti e, nel frattempo, giocare con feltro, colla, ago e filo per realizzare una nuova decorazione per l&#8217;albero di Natale. <br>Per guidarvi nel taglio dei pezzetti di feltro, <a href=\"https:\/\/web.infn.it\/infn-kids\/wp-content\/uploads\/2022\/12\/CartaModelloFotone.png\">qua<\/a> potete scaricare lo schema in carta da stampare e ritagliare. <\/p>\n<\/div>\n\n\n\n<div class=\"wp-block-column is-layout-flow wp-block-column-is-layout-flow\">\n<figure class=\"wp-block-image size-large\"><a href=\"https:\/\/youtu.be\/Ctolqc5cgj4\"><img loading=\"lazy\" decoding=\"async\" width=\"1024\" height=\"573\" src=\"https:\/\/web.infn.it\/infn-kids\/wp-content\/uploads\/2024\/06\/CopertinaYT_Fotone-1024x573.png\" alt=\"\" class=\"wp-image-2506\" srcset=\"https:\/\/web.infn.it\/infn-kids\/wp-content\/uploads\/2024\/06\/CopertinaYT_Fotone-1024x573.png 1024w, https:\/\/web.infn.it\/infn-kids\/wp-content\/uploads\/2024\/06\/CopertinaYT_Fotone-1536x860.png 1536w, https:\/\/web.infn.it\/infn-kids\/wp-content\/uploads\/2024\/06\/CopertinaYT_Fotone-2048x1147.png 2048w, https:\/\/web.infn.it\/infn-kids\/wp-content\/uploads\/2024\/06\/CopertinaYT_Fotone-300x168.png 300w, https:\/\/web.infn.it\/infn-kids\/wp-content\/uploads\/2024\/06\/CopertinaYT_Fotone-768x430.png 768w\" sizes=\"auto, (max-width: 1024px) 100vw, 1024px\" \/><\/a><figcaption class=\"wp-element-caption\">Clicca per aprire YouTube<\/figcaption><\/figure>\n<\/div>\n<\/div>\n\n\n\n<p style=\"font-size:20px\">Ecco il nostro quiz sul fotone per poter partecipare al concorso. <\/p>\n\n\n\n<ul class=\"wp-block-list\" style=\"font-size:20px\">\n<li><em><strong>Domanda F.1<\/strong> <\/em><br>Da cosa deriva il nome della particella fotone?<br>a) Dal greco antico \u201cPhos\u201d, che significa luce<br>b) Dal tedesco antico \u201cFost\u201d, che significa veloce<br>c) Dal greco antico \u201cOnos\u201d, che significa particella<\/li>\n\n\n\n<li><em>Domanda F.2<\/em><br>La luce si comporta:<br>a) Solamente come una particella<br>b) Solamente come un\u2019onda<br>c) Possiede caratteristiche comuni ad entrambe, ha una doppia natura<\/li>\n\n\n\n<li><em>Domanda F.3<\/em><br>Perch\u00e9 \u00e8 importante Newton, se parliamo di luce?<br>a) Fu il primo a capire che la luce era un\u2019onda<br>b) Fu il primo a scomporre la luce con un prisma<br>c) Fu il primo a studiare i raggi X<\/li>\n\n\n\n<li><em>Domanda F.4<\/em><br>I fotoni compongono:<br>a) Solo la luce visibile, ma non i raggi X e le microonde<br>b) Solo i raggi X e le microonde, ma non la luce visibile<br>c) Tutto lo spettro elettromagnetico, quindi sia la luce visibile, ma anche i raggi X e le microonde<\/li>\n<\/ul>\n\n\n\n<figure class=\"wp-block-image size-large\"><img loading=\"lazy\" decoding=\"async\" width=\"1024\" height=\"194\" src=\"https:\/\/web.infn.it\/infn-kids\/wp-content\/uploads\/2022\/12\/BannerPaginaWeb2_riflessa-1024x194.png\" alt=\"\" class=\"wp-image-2080\" srcset=\"https:\/\/web.infn.it\/infn-kids\/wp-content\/uploads\/2022\/12\/BannerPaginaWeb2_riflessa-1024x194.png 1024w, https:\/\/web.infn.it\/infn-kids\/wp-content\/uploads\/2022\/12\/BannerPaginaWeb2_riflessa-300x57.png 300w, https:\/\/web.infn.it\/infn-kids\/wp-content\/uploads\/2022\/12\/BannerPaginaWeb2_riflessa-768x146.png 768w, https:\/\/web.infn.it\/infn-kids\/wp-content\/uploads\/2022\/12\/BannerPaginaWeb2_riflessa.png 1272w\" sizes=\"auto, (max-width: 1024px) 100vw, 1024px\" \/><\/figure>\n","protected":false},"excerpt":{"rendered":"<p>Inizia il mese di Dicembre e con Dicembre inizia&#8230; il Natale di INFN Kids! Quattro appuntamenti nelle settimane che precedono il 25 Dicembre per scoprire segreti e curiosit\u00e0 delle principali componenti della materia che ci circonda, giocare con feltro, ago e filo, e partecipare al nostro concorso 2022. Pronti per iniziare? Scoprite il video sul &hellip; <\/p>\n<p class=\"link-more\"><a href=\"https:\/\/web.infn.it\/infn-kids\/particelle-di-natale\/\" class=\"more-link\">Continue reading<span class=\"screen-reader-text\"> &#8220;Particelle di Natale!&#8221;<\/span><\/a><\/p>\n","protected":false},"author":2,"featured_media":2068,"parent":0,"menu_order":0,"comment_status":"closed","ping_status":"closed","template":"","meta":{"footnotes":""},"class_list":["post-2067","page","type-page","status-publish","has-post-thumbnail","hentry"],"_links":{"self":[{"href":"https:\/\/web.infn.it\/infn-kids\/wp-json\/wp\/v2\/pages\/2067","targetHints":{"allow":["GET"]}}],"collection":[{"href":"https:\/\/web.infn.it\/infn-kids\/wp-json\/wp\/v2\/pages"}],"about":[{"href":"https:\/\/web.infn.it\/infn-kids\/wp-json\/wp\/v2\/types\/page"}],"author":[{"embeddable":true,"href":"https:\/\/web.infn.it\/infn-kids\/wp-json\/wp\/v2\/users\/2"}],"replies":[{"embeddable":true,"href":"https:\/\/web.infn.it\/infn-kids\/wp-json\/wp\/v2\/comments?post=2067"}],"version-history":[{"count":1,"href":"https:\/\/web.infn.it\/infn-kids\/wp-json\/wp\/v2\/pages\/2067\/revisions"}],"predecessor-version":[{"id":2951,"href":"https:\/\/web.infn.it\/infn-kids\/wp-json\/wp\/v2\/pages\/2067\/revisions\/2951"}],"wp:featuredmedia":[{"embeddable":true,"href":"https:\/\/web.infn.it\/infn-kids\/wp-json\/wp\/v2\/media\/2068"}],"wp:attachment":[{"href":"https:\/\/web.infn.it\/infn-kids\/wp-json\/wp\/v2\/media?parent=2067"}],"curies":[{"name":"wp","href":"https:\/\/api.w.org\/{rel}","templated":true}]}}