{"id":2671,"date":"2020-04-30T18:47:29","date_gmt":"2020-04-30T16:47:29","guid":{"rendered":"http:\/\/web.infn.it\/infn-kids\/?page_id=3"},"modified":"2020-04-30T18:47:29","modified_gmt":"2020-04-30T16:47:29","slug":"privacy-policy-2","status":"publish","type":"page","link":"https:\/\/web.infn.it\/infn-kids\/privacy-policy-2\/","title":{"rendered":"Privacy Policy"},"content":{"rendered":"\n<p>(<em>versione 1\/9\/2021<\/em>)<\/p>\n\n\n\n<h3 class=\"wp-block-heading has-text-color has-link-color wp-elements-92d3080f006711666e1b8a27bcaf400c\" style=\"color:#02066a\">1. Perch\u00e9 questa informativa<\/h3>\n\n\n\n<p>Ai sensi del Regolamento UE 2016\/679 (<strong>Regolamento<\/strong> nel seguito) e del Decreto Legislativo 30 giugno 2003, n. 196 e s.m.i, questa informativa descrive le modalit\u00e0 di trattamento dei dati personali degli utenti che consultano le pagine web e ne utilizzano gli eventuali servizi all&#8217;indirizzo: <strong>https:\/\/web.infn.it\/infn-kids<\/strong>. <\/p>\n\n\n\n<p>\u00c8 rivolta a chi interagisce con i siti sopra elencati e non con altri, eventualmente raggiunti tramite link l\u00ec presenti, ma riferiti a risorse esterne.<\/p>\n\n\n\n<h3 class=\"wp-block-heading has-text-color has-link-color wp-elements-afbf419d1b16cc4208a06709367937c3\" style=\"color:#02066a\">2. Il titolare del trattamento<\/h3>\n\n\n\n<p>Istituto Nazionale di Fisica Nucleare (INFN)<br>Via E. Fermi n. 54, Frascati (Roma)<br>email: <a href=\"mailto:presidenza@presid.infn.it\"><strong>presidenza@presid.infn.it<\/strong><\/a><br>PEC: <a href=\"mailto:amm.ne.centrale@pec.infn.it\"><strong>amm.ne.centrale@pec.infn.it<\/strong><\/a><\/p>\n\n\n\n<h3 class=\"wp-block-heading has-text-color has-link-color wp-elements-2ddc2b8a4ed4af20ca6750ff91e6892d\" style=\"color:#02066a\">3. Il responsabile della protezione dei dati<\/h3>\n\n\n\n<p>Il Responsabile per la protezione dei dati \u00e8 raggiungibile all\u2019indirizzo email <a href=\"mailto:dpo@infn.it\"><strong>dpo@infn.it<\/strong><\/a><\/p>\n\n\n\n<h3 class=\"wp-block-heading has-text-color has-link-color wp-elements-577cd33dd2eea8d1bd5fe969db4cbe11\" style=\"color:#02066a\">4. Il trattamento dei dati personali via web<\/h3>\n\n\n\n<p>I dati personali indicati in questa pagina sono trattati dall\u2019INFN per il raggiungimento dei propri fini istituzionali, tra cui quello di promuovere e provvedere alla formazione scientifica e alla diffusione della cultura nei settori istituzionali, sempre comunque nell\u2019esecuzione dei propri compiti di interesse pubblico o connessi all\u2019esercizio di pubblici poteri.<\/p>\n\n\n\n<p>Per trattamento si intendono tutte le operazioni o complesso di operazioni riguardanti la raccolta, registrazione, organizzazione, conservazione, consultazione, elaborazione, modificazione, selezione, estrazione, raffronto, utilizzo, interconnessione, blocco, comunicazione, cancellazione e distruzione dei dati.<\/p>\n\n\n\n<p>I dati trattati attraverso l\u2019utilizzo delle pagine web dell\u2019Istituto sono dei tipi sotto specificati.<\/p>\n\n\n\n<h3 class=\"wp-block-heading has-text-color has-link-color wp-elements-6631e114338e6456e7e758b87d2985bc\" style=\"color:#02066a\">5. Tipi di dati trattati<\/h3>\n\n\n\n<h4 class=\"wp-block-heading has-text-color has-link-color wp-elements-457d84d023032c7257091df1746348b7\" style=\"color:#02066a\">5.1 Dati di navigazione<\/h4>\n\n\n\n<p>I sistemi informatici e le procedure software preposte al funzionamento di questo sito web acquisiscono, nel corso del loro normale esercizio, alcuni dati personali la cui trasmissione \u00e8 implicita nell\u2019uso dei protocolli di comunicazione di Internet. In questa categoria rientrano: gli indirizzi IP dell\u2019utente, il tipo di browser utilizzato, gli indirizzi dei siti web dai quali \u00e8 stato effettuato l\u2019accesso, le pagine visitate all\u2019interno del sito, l\u2019orario d\u2019accesso, il codice numerico indicante lo stato della risposta data dal server e altri parametri relativi al sistema operativo e all\u2019ambiente informatico dell\u2019utente.<\/p>\n\n\n\n<p>Questi dati, necessari alla fruizione dei servizi web, sono utilizzati per ricavare informazioni statistiche anonime sull\u2019uso del sito e per controllarne il corretto funzionamento. Gli stessi potrebbero essere utilizzati per l\u2019accertamento di responsabilit\u00e0 in caso di compimento di reati informatici o di atti di danneggiamento del sito. Salva questa eventualit\u00e0, non sono conservati oltre il tempo necessario all\u2019esecuzione delle verifiche volte a garantire la sicurezza del sistema, pari al massimo a 30 giorni.<\/p>\n\n\n\n<h4 class=\"wp-block-heading has-text-color has-link-color wp-elements-d45e8a4f86efb21241caaeb1d427d7d4\" style=\"color:#02066a\">5.2. Dati comunicati dall\u2019utente<\/h4>\n\n\n\n<p>Sono tutti quei dati personali forniti dall\u2019utente durante la navigazione nel sito, ad esempio registrandosi, accedendo ad un\u2019area riservata o a un servizio.<\/p>\n\n\n\n<p>I trattamenti posti in essere per queste finalit\u00e0 sono effettuati con lo specifico consenso fornito dall\u2019utente e i dati vengono conservati per la sola durata dell\u2019attivit\u00e0 richiesta. Specifiche informative possono essere pubblicate per l\u2019erogazione di determinate attivit\u00e0.<\/p>\n\n\n\n<p>L\u2019invio facoltativo, esplicito e volontario di posta elettronica agli indirizzi indicati su questo sito comporta la successiva acquisizione dell\u2019indirizzo del mittente, necessario per rispondere alle richieste, nonch\u00e9 degli eventuali altri dati personali inseriti nella missiva.<\/p>\n\n\n\n<p>\u00c8 escluso il trattamento di dati sensibili o giudiziari che, se eventualmente forniti dall\u2019utente, saranno cancellati.<\/p>\n\n\n\n<h4 class=\"wp-block-heading has-text-color has-link-color wp-elements-ee242ced2102df6f996949541da60ed2\" style=\"color:#02066a\">5.3 C<em>ookie<\/em> utilizzati<\/h4>\n\n\n\n<p>I <em>cookie<\/em> sono stringhe archiviate nel computer dell\u2019utente dai siti web visitati o da altri a questi collegati (\u201cterze parti\u201d).<\/p>\n\n\n\n<h5 class=\"wp-block-heading has-text-color has-link-color wp-elements-3feff7c9cdb5fe9c4bd464100d086e10\" style=\"color:#02066a\">5.3.1 <em>Cookie<\/em> di funzionalit\u00e0<\/h5>\n\n\n\n<p>Sono utilizzati cookie di funzionalit\u00e0 per consentire la navigazione del sito.<\/p>\n\n\n\n<p>Questo sito web utilizza la Privacy Suite per WordPress di Complianz per raccogliere e registrare il consenso basato su browser e dispositivi. Per questa funzionalit\u00e0, il tuo indirizzo IP viene anonimizzato e conservato nel nostro database.\u00a0Questo servizio non tratta alcuna informazione personale identificabile e non condivide alcun dato con il fornitore del servizio.\u00a0Per ulteriori informazioni, vedere la\u00a0<a href=\"https:\/\/complianz.io\/legal\/privacy-statement\/\">Dichiarazione sulla Privacy<\/a>\u00a0di Complianz.<\/p>\n\n\n\n<h5 class=\"wp-block-heading has-text-color has-link-color wp-elements-c0f765423dfbd800729c4c8041f66bf9\" style=\"color:#02066a\">5.3.2 <em>Cookie<\/em> analitici (statistiche)<\/h5>\n\n\n\n<p>Questo sito utilizza cookie analitici, utilizzati dal gestore del sito per raccogliere informazioni sul numero degli utenti e sulle modalit\u00e0 delle visite.<\/p>\n\n\n\n<p>I dati sono elaborati localmente e non vengono utilizzati per prendere decisioni di tipo commerciale. <\/p>\n\n\n\n<h5 class=\"wp-block-heading has-text-color has-link-color wp-elements-771654bb030da32691541c0a34817dde\" style=\"color:#02066a\">5.3.4 <em>Cookie<\/em> di profilazione (pubblicit\u00e0)<\/h5>\n\n\n\n<p>Il sistema fa uso, all\u2019interno di alcune pagine, di funzionalit\u00e0 (<em>widget<\/em>) e\/o <em>cookie<\/em> di profilazione di terze parti. Lo scopo \u00e8 quello di valutare l\u2019efficacia delle attivit\u00e0 di comunicazione istituzionale e fornire visibilit\u00e0 ad attivit\u00e0 istituzionali e contenuti su temi di interesse pubblico e sociale.<\/p>\n\n\n\n<p>Il loro uso deve essere esplicitamente autorizzato dall\u2019utente.<\/p>\n\n\n\n<p>In particolare si fa ricorso a:<\/p>\n\n\n\n<ul class=\"wp-block-list\">\n<li>servizi che permettono di effettuare interazioni con social network o altre piattaforme esterne.<\/li>\n<\/ul>\n\n\n\n<p>L\u2019accesso al sito dopo essersi autenticati con il proprio account alle piattaforme di cui sopra, potrebbe consentire ai loro gestori l\u2019acquisizione di alcune informazioni personali dell\u2019utente. La gestione delle informazioni raccolte \u00e8 descritta nelle relative informative, cui si prega di fare riferimento.<\/p>\n\n\n\n<p>Si riportano qui di seguito gli indirizzi delle diverse informative e delle modalit\u00e0 per la gestione dei <em>cookie<\/em>:<\/p>\n\n\n\n<ul class=\"wp-block-list\">\n<li>Google: : <a href=\"https:\/\/policies.google.com\/technologies\/cookies?hl=it\"><em>In che modo Google utilizza i cookie<\/em><\/a> e <a href=\"https:\/\/policies.google.com\/privacy?hl=it\"><em>Norme sulla privacy<\/em><\/a><\/li>\n\n\n\n<li>YouTube: <a href=\"https:\/\/consent.youtube.com\/dl?continue=https:\/\/www.youtube.com\/watch?v%3DOWdF-WFOpRU&amp;gl=IT&amp;hl=it&amp;pc=yt&amp;uxe=23983172&amp;src=1\"><em>Impostazioni di personalizzazione e cookie<\/em><\/a><\/li>\n\n\n\n<li>Facebook: : <a href=\"https:\/\/www.facebook.com\/policies\/cookies\/\"><em>Cookie e altre tecnologie di memorizzazione<\/em><\/a> e <a href=\"https:\/\/www.facebook.com\/privacy\/explanation\"><em>Normativa sui dati<\/em><\/a><\/li>\n\n\n\n<li>Spreaker: <a href=\"https:\/\/www.spreaker.com\/privacy\"><em>Politica sulla riservatezza<\/em><\/a><\/li>\n\n\n\n<li>Spotify Podcast: <em><a href=\"https:\/\/www.spotify.com\/it\/legal\/cookies-policy\/\">Informativa sui cookie<\/a><\/em> e <a href=\"https:\/\/www.spotify.com\/it\/safetyandprivacy\/personal-data-collected\">Sicurezza e Centro sulla privacy<\/a><\/li>\n<\/ul>\n\n\n\n<h5 class=\"wp-block-heading has-text-color has-link-color wp-elements-49e2167ecd26724f501ca78d1837120d\" style=\"color:#02066a\">5.3.6 Cancellazione dei <em>cookie<\/em> gi\u00e0 memorizzati<\/h5>\n\n\n\n<p>La revoca dell\u2019autorizzazione all\u2019uso di <em>cookie<\/em> di terze parti non comporta la cancellazione di quelli eventualmente gi\u00e0 presenti sul browser dell\u2019utente. Per la loro eliminazione \u00e8 necessario selezionare la specifica opzione presente tra le impostazioni sulla privacy del browser (di solito indicata come: \u201cCancella dati navigazione\u201d).<\/p>\n\n\n\n<h3 class=\"wp-block-heading has-text-color has-link-color wp-elements-cfaa18d55af527db1be38aeaddd157f2\" style=\"color:#02066a\">6. Comunicazione e diffusione<\/h3>\n\n\n\n<p>I dati possono essere comunicati dal Titolare nello svolgimento delle proprie attivit\u00e0 e per erogare i propri servizi, a:<\/p>\n\n\n\n<ul class=\"wp-block-list\">\n<li>Pubbliche Amministrazioni;<\/li>\n\n\n\n<li>Fornitori di servizi tecnici, <em>hosting provider<\/em> e <em>cloud service provider<\/em>;<\/li>\n\n\n\n<li>Autorit\u00e0 Giudiziaria.<\/li>\n<\/ul>\n\n\n\n<p>I dati raccolti non saranno oggetto di diffusione o comunicazione a terzi, se non nei casi previsti dalla informativa e dalla legge e, comunque, con le modalit\u00e0 da queste consentite. I dati potranno venire a conoscenza del personale dell\u2019Istituto, nell\u2019ambito delle rispettive funzioni e in conformit\u00e0 alle istruzioni ricevute, soltanto per il conseguimento delle finalit\u00e0 indicate in questa informativa.<\/p>\n\n\n\n<p>I destinatari sono nominati, se necessario, Responsabili del trattamento da parte del Titolare, cui pu\u00f2 essere richiesto il loro elenco aggiornato. Questi ultimi, in base al contratto stipulato, sono tenuti a utilizzare i dati personali esclusivamente per le finalit\u00e0 indicate dal Titolare, a non conservarli oltre la durata indicata n\u00e9 a trasmetterli a terzi senza la sua esplicita autorizzazione.<\/p>\n\n\n\n<p>I dati personali forniti dagli utenti che inoltrano richieste di informazioni e suggerimenti sono utilizzati al solo fine di eseguire il servizio o la prestazione richiesta e sono eventualmente comunicati ad altre aree all\u2019interno dell\u2019Istituto o ad altri soggetti pubblici o privati nel solo caso in cui ci\u00f2 sia necessario per completare la richiesta.<\/p>\n\n\n\n<p>I dati non sono trasferiti a paesi extra UE.<\/p>\n\n\n\n<h3 class=\"wp-block-heading has-text-color has-link-color wp-elements-01a927cc6f60d33d137a4ca3abc5114f\" style=\"color:#02066a\">7. Modalit\u00e0 di trattamento<\/h3>\n\n\n\n<p>Il trattamento dei dati personali&nbsp; viene effettuato prevalentemente utilizzando procedure e supporti elettronici e in modo lecito, corretto, pertinente, limitato a quanto necessario al raggiungimento delle finalit\u00e0 del trattamento, per il solo tempo necessario a conseguire gli scopi per cui sono stati raccolti e comunque in conformit\u00e0 ai principi indicati nell\u2019art. 5 del Regolamento.<\/p>\n\n\n\n<p>Specifiche misure di sicurezza sono osservate per prevenire la perdita dei dati, usi illeciti o non corretti e accessi non autorizzati.<\/p>\n\n\n\n<h3 class=\"wp-block-heading has-text-color has-link-color wp-elements-8e6afb8a070f716a2c4905d651011d6e\" style=\"color:#02066a\">8. Luogo di trattamento dei dati<\/h3>\n\n\n\n<p>I trattamenti di dati personali connessi ai servizi web di questo sito hanno luogo presso le strutture dell\u2019INFN e sono curati solo da personale tecnico dell\u2019ufficio incaricato del trattamento, oppure dai Responsabili designati dal Titolare che operano all\u2019interno dell\u2019unione europea.<\/p>\n\n\n\n<h3 class=\"wp-block-heading has-text-color has-link-color wp-elements-12553c09e41b0869186401f33636cbbc\" style=\"color:#02066a\">9. Diritti degli interessati<\/h3>\n\n\n\n<p>Gli interessati hanno il diritto di chiedere al Titolare l\u2019accesso ai dati personali e la rettifica o la cancellazione degli stessi o la limitazione del trattamento che li riguarda o di opporsi al trattamento&nbsp; secondo quanto previsto dagli artt. 15 e seguenti del Regolamento. L\u2019apposita istanza deve essere presentata contattando il Responsabile della protezione dei dati all\u2019indirizzo sopra indicato.<\/p>\n\n\n\n<p>Gli interessati hanno anche il diritto di proporre reclamo al Garante per la protezione dei dati personali o di adire le opportune sedi giudiziarie (artt. 77 e 79 del Regolamento).<\/p>\n\n\n\n<h3 class=\"wp-block-heading has-text-color has-link-color wp-elements-73703442bacfd6feacffa940e868ff9d\" style=\"color:#02066a\">10. Aggiornamento<\/h3>\n\n\n\n<p>Questa informativa \u00e8 soggetta ad aggiornamenti in ottemperanza alla normativa nazionale e comunitaria in materia, si invita quindi a consultarla periodicamente.<\/p>\n\n\n\n<p>Nel caso di mancata accettazione delle modifiche apportate a questa informativa, l\u2019utente pu\u00f2 richiedere al Titolare la cancellazione dei propri dati personali.<\/p>\n\n\n\n<p>Salvo quanto diversamente specificato, la <em>privacy policy<\/em> pubblicata sul sito continua ad applicarsi al trattamento dei dati personali raccolti sino al momento della sua sostituzione.<\/p>\n","protected":false},"excerpt":{"rendered":"<p>(versione 1\/9\/2021) 1. Perch\u00e9 questa informativa Ai sensi del Regolamento UE 2016\/679 (Regolamento nel seguito) e del Decreto Legislativo 30 giugno 2003, n. 196 e s.m.i, questa informativa descrive le modalit\u00e0 di trattamento dei dati personali degli utenti che consultano le pagine web e ne utilizzano gli eventuali servizi all&#8217;indirizzo: https:\/\/web.infn.it\/infn-kids. \u00c8 rivolta a chi &hellip; <\/p>\n<p class=\"link-more\"><a href=\"https:\/\/web.infn.it\/infn-kids\/privacy-policy-2\/\" class=\"more-link\">Continue reading<span class=\"screen-reader-text\"> &#8220;Privacy Policy&#8221;<\/span><\/a><\/p>\n","protected":false},"author":2,"featured_media":0,"parent":0,"menu_order":0,"comment_status":"closed","ping_status":"open","template":"","meta":{"footnotes":""},"class_list":["post-2671","page","type-page","status-publish","hentry"],"_links":{"self":[{"href":"https:\/\/web.infn.it\/infn-kids\/wp-json\/wp\/v2\/pages\/2671","targetHints":{"allow":["GET"]}}],"collection":[{"href":"https:\/\/web.infn.it\/infn-kids\/wp-json\/wp\/v2\/pages"}],"about":[{"href":"https:\/\/web.infn.it\/infn-kids\/wp-json\/wp\/v2\/types\/page"}],"author":[{"embeddable":true,"href":"https:\/\/web.infn.it\/infn-kids\/wp-json\/wp\/v2\/users\/2"}],"replies":[{"embeddable":true,"href":"https:\/\/web.infn.it\/infn-kids\/wp-json\/wp\/v2\/comments?post=2671"}],"version-history":[{"count":0,"href":"https:\/\/web.infn.it\/infn-kids\/wp-json\/wp\/v2\/pages\/2671\/revisions"}],"wp:attachment":[{"href":"https:\/\/web.infn.it\/infn-kids\/wp-json\/wp\/v2\/media?parent=2671"}],"curies":[{"name":"wp","href":"https:\/\/api.w.org\/{rel}","templated":true}]}}