{"id":2676,"date":"2020-06-22T06:55:23","date_gmt":"2020-06-22T04:55:23","guid":{"rendered":"https:\/\/themepalacedemo.com\/kids-education-pro\/?page_id=182"},"modified":"2025-05-28T15:41:06","modified_gmt":"2025-05-28T13:41:06","slug":"summer-camp2020","status":"publish","type":"page","link":"https:\/\/web.infn.it\/infn-kids\/racconti-di-fisica-e-scienza\/summer-camp2020\/","title":{"rendered":"Summer Camp 2020"},"content":{"rendered":"\n<p style=\"font-size:20px\"><strong>Da luned\u00ec 6 a venerd\u00ec 10 luglio 2020<\/strong> segui &#8220;<strong>Le mie GigaNano vacanze estive<\/strong>&#8221; , il campo estivo online che ti guider\u00e0 nell&#8217;esplorazione del <strong>macro<\/strong> e del <strong>microcosmo<\/strong>. <br>Ti aspettiamo con racconti affascinanti sul mondo che ci circonda, per scoprire per esempio come sono fatte le stelle o realizzare un Universo fatto di frutta! Ogni giorno realizzeremo insieme semplici esperienze per imparare la fisica divertendoci.  <\/p>\n\n\n\n<p style=\"font-size:20px\">Tutti gli incontri sono trasmessi sul canale YouTube dei Laboratori Nazionali di Frascati: <strong>youtube.com\/user\/INFNLNF<\/strong>.<\/p>\n\n\n\n<p style=\"font-size:20px\">Saranno ospiti d\u2019eccezione <strong>DJ<\/strong>, <strong>Krud<\/strong>, <strong>Lella<\/strong> e <strong>Lallo<\/strong>, i simpatici amici di <span style=\"color:#1c388b\" class=\"has-inline-color\"><strong>Rai Radio Kids<\/strong><\/span>, che ogni giorno introdurranno questo nostro viaggio.<\/p>\n\n\n\n<h4 class=\"wp-block-heading\">I seminari sono interattivi: leggi sotto gli argomenti e i materiali da trovare, insieme ai tuoi genitori, per realizzare con noi tanti divertenti esperimenti!<\/h4>\n\n\n\n<h2 class=\"wp-block-heading\">Guarda il programma<\/h2>\n\n\n<div class=\"wp-block-image\">\n<figure class=\"aligncenter size-large\"><a href=\"https:\/\/web.infn.it\/infn-kids\/wp-content\/uploads\/2020\/07\/PROGRAMMA_030720.png\"><img loading=\"lazy\" decoding=\"async\" width=\"1024\" height=\"436\" src=\"https:\/\/web.infn.it\/infn-kids\/wp-content\/uploads\/2020\/07\/PROGRAMMA_030720-1024x436.png\" alt=\"\" class=\"wp-image-699\" srcset=\"https:\/\/web.infn.it\/infn-kids\/wp-content\/uploads\/2020\/07\/PROGRAMMA_030720-1024x436.png 1024w, https:\/\/web.infn.it\/infn-kids\/wp-content\/uploads\/2020\/07\/PROGRAMMA_030720-1536x655.png 1536w, https:\/\/web.infn.it\/infn-kids\/wp-content\/uploads\/2020\/07\/PROGRAMMA_030720-300x128.png 300w, https:\/\/web.infn.it\/infn-kids\/wp-content\/uploads\/2020\/07\/PROGRAMMA_030720-768x327.png 768w, https:\/\/web.infn.it\/infn-kids\/wp-content\/uploads\/2020\/07\/PROGRAMMA_030720.png 2032w\" sizes=\"auto, (max-width: 1024px) 100vw, 1024px\" \/><\/a><\/figure>\n<\/div>\n\n\n<div class=\"wp-block-columns is-layout-flex wp-container-core-columns-is-layout-9d6595d7 wp-block-columns-is-layout-flex\">\n<div class=\"wp-block-column is-layout-flow wp-block-column-is-layout-flow\" style=\"flex-basis:25%\"><\/div>\n\n\n\n<div class=\"wp-block-column is-layout-flow wp-block-column-is-layout-flow\" style=\"flex-basis:50%\">\n<div class=\"wp-block-buttons is-layout-flex wp-block-buttons-is-layout-flex\">\n<div class=\"wp-block-button is-style-outline is-style-outline--1\"><a class=\"wp-block-button__link wp-element-button\" href=\"https:\/\/web.infn.it\/infn-kids\/wp-content\/uploads\/2020\/07\/PROGRAMMA_030720.pdf\" target=\"_blank\" rel=\"noreferrer noopener\">Clicca qui per scaricare il programma in pdf<\/a><\/div>\n<\/div>\n<\/div>\n\n\n\n<div class=\"wp-block-column is-layout-flow wp-block-column-is-layout-flow\" style=\"flex-basis:25%\"><\/div>\n<\/div>\n\n\n\n<div class=\"wp-block-columns is-layout-flex wp-container-core-columns-is-layout-9d6595d7 wp-block-columns-is-layout-flex\">\n<div class=\"wp-block-column is-layout-flow wp-block-column-is-layout-flow\" style=\"flex-basis:25%\"><\/div>\n\n\n\n<div class=\"wp-block-column is-layout-flow wp-block-column-is-layout-flow\" style=\"flex-basis:50%\">\n<p class=\"has-drop-cap\"><strong><span style=\"color:#1c388b\" class=\"has-inline-color\"><a href=\"https:\/\/www.youtube.com\/watch?v=Crwy5YCxbbg\">ESPLORANDO L&#8217;UNIVERSO<\/a><\/span><\/strong><br><strong>Ilaria Balossino e Giulio Mezzadri<br><\/strong>Luned\u00ec 6 luglio 2020, 10:00-10:30<\/p>\n\n\n\n<p><strong>Racconto\/gioco<\/strong><br><em>Esploriamo l\u2019universo tutti assieme come esploreremmo un nuovo gioco in scatola, arrivato per il nostro compleanno.&nbsp;<br>Apriamo la scatola UNIVERSO e scopriamo i personaggi principali e alcune regole del gioco!&nbsp;<br>La scatola conterr\u00e0 elementi grafici per raccontare con assonanze e somiglianze da cosa \u00e8 composto l\u2019universo con rimandi al quotidiano.&nbsp;<br>Si parler\u00e0 di pianeti, stelle e galassie cercando di passare attraverso elementi famosi, Sole, Terra, Via Lattea, buchi neri.<\/em><\/p>\n\n\n\n<p class=\"has-drop-cap\"><strong><span style=\"color:#1c388b\" class=\"has-inline-color\"><a href=\"https:\/\/www.youtube.com\/watch?v=qoInAT1SwSQ\">IL RUMORE DEL BIG BANG<\/a><\/span><br>Massimo Corradi<\/strong><br>Luned\u00ec 6 luglio 2020, 10:40-11:10 <\/p>\n\n\n\n<p><strong>Racconto <\/strong><br><em>Cercheremo insieme di rispondere a tutte queste domande: Cos&#8217;\u00e8 una galassia ? Ci sono altre galassie oltre la nostra? Quante sono e quanto sono lontane da noi? Dove erano tantissimi anni fa? Possiamo sentire il rumore prodotto dal Big Bang ?<\/em><\/p>\n\n\n\n<p class=\"has-drop-cap\"><strong><span style=\"color:#1c388b\" class=\"has-inline-color\"><a href=\"https:\/\/www.youtube.com\/watch?v=6FD2lHvZprQ&amp;list=PLRuUrPCVPFIr_ufRqOzNuYb0hudzmQXxy&amp;index=5&amp;t=0s\">COME SONO FATTE LE STELLE<\/a><\/span><\/strong><br><strong>Pia Astone\/Cristiano Palomba<br><\/strong>Marted\u00ec 7 luglio 2020, 10:00-10:30 <\/p>\n\n\n\n<p><strong>Racconto\/gioco<\/strong><br><em>Si parte\u2026 con un pizzico di polvere di fata e armati di tanta curiosit\u00e0 faremo insieme un piccolo viaggio alla scoperta del magico mondo delle stelle. Si inizia con il Sole, ovviamente, per spostarci poi su Proxima Centauri a 4 anni luce dalla Terra e continuare verso la Stella Polare e poi via verso distanze sempre maggiori.<br>Nel nostro viaggio, scopriremo che esistono stelle molto diverse dal Sole e diverse fra loro e che, anche se esse nascono, vivono e muoiono, in fondo la loro non \u00e8 mai una vera fine\u2026 Portate con voi fogli e tanti pennarelli ! Le stelle hanno colori e dimensioni molto diverse fra loro e la vostra sfida sar\u00e0 fare un bel disegno dove ne dovrete evidenziare le caratteristiche principali !<\/em><\/p>\n\n\n\n<p class=\"has-drop-cap\"><mark style=\"background-color:rgba(0, 0, 0, 0);color:#1c388b\" class=\"has-inline-color\"><strong><a href=\"https:\/\/www.youtube.com\/watch?v=9ycqg4RUi0Y&amp;list=PLRuUrPCVPFIr_ufRqOzNuYb0hudzmQXxy&amp;index=6&amp;t=0s\">GIOCHIAMO CON LA LUCE<\/a><\/strong><\/mark><br><strong>Chiara Oppedisano<br><\/strong>Marted\u00ec 7 luglio, 10:40-11:10               <strong> <\/strong> <\/p>\n\n\n\n<div class=\"wp-block-group\"><div class=\"wp-block-group__inner-container is-layout-flow wp-block-group-is-layout-flow\">\n<p><strong>Esperimenti<\/strong><br><em>Esploriamo insieme la luce e le sue principali caratteristiche attraverso tanti esperimenti. I<\/em>&nbsp;<em>materiali occorrenti sono:<\/em> <\/p>\n\n\n\n<ul class=\"wp-block-list\">\n<li><em>bicchiere o contenitore trasparente <\/em><\/li>\n\n\n\n<li><em>cannucce o matite o bacchette cinesi <\/em><\/li>\n\n\n\n<li><em>cartoncini o fogli spessi (dimensioni circa quanto una manina) con disegnato un pesce o un razzo o una freccia o una lucertola&#8230;o qualsiasi cosa che abbia un&#8217;asimmetria (destra\/sinistra o alto\/basso)<\/em>.<\/li>\n<\/ul>\n<\/div><\/div>\n\n\n\n<p class=\"has-drop-cap\"><mark style=\"background-color:rgba(0, 0, 0, 0);color:#1c388b\" class=\"has-inline-color\"><strong><a href=\"https:\/\/www.youtube.com\/watch?v=SgCqPYfObl8&amp;list=PLRuUrPCVPFIr_ufRqOzNuYb0hudzmQXxy&amp;index=7&amp;t=0s\">FRUTTA SPAZIALE<\/a><\/strong><\/mark><br><strong>Alessia Embriaco<\/strong><br>Mercoled\u00ec 8 luglio, 10:00-10:30<\/p>\n\n\n\n<p><strong>Racconto\/gioco<\/strong><br><em>Che cosa hanno in comune il Sistema Solare e la frutta? Esploreremo insieme i pianeti e scopriremo quanto sono diversi tra loro. Per farlo utilizzeremo la frutta e realizzeremo una macedonia &#8220;spaziale&#8221;.&nbsp;<\/em><br><em>Realizza la tua macedonia spaziale, inviaci la foto e gusta il tuo Sistema Solare.<\/em><\/p>\n\n\n\n<p class=\"has-drop-cap\"><strong><span style=\"color:#1c388b\" class=\"has-inline-color\"><a href=\"https:\/\/www.youtube.com\/watch?v=5xQ9ZSZApKM&amp;list=PLRuUrPCVPFIr_ufRqOzNuYb0hudzmQXxy&amp;index=8&amp;t=0s\">TURISTA SPAZIALE<\/a><\/span><\/strong><br>Marco Cinausero<br>Mercoled\u00ec 8 luglio, 10:40-11:10<\/p>\n\n\n\n<p><strong>Racconto<\/strong><br><em>Turisti nello spazio? Ebbene s\u00ec, in questo racconto vi parleremo dei viaggi nello spazio e della possibilit\u00e0 di andare a visitare i pianeti \u201cnostri vicini di casa\u201d del Sistema Solare. Scopriremo insieme se esistono altri pianeti fuori dal Sistema Solare e se possono essere abitati dall&#8217;uomo.<\/em><\/p>\n\n\n\n<p class=\"has-drop-cap\"><mark style=\"background-color:rgba(0, 0, 0, 0);color:#1c388b\" class=\"has-inline-color\"><strong><a href=\"https:\/\/www.youtube.com\/watch?v=0wBkX5H7eFo&amp;list=PLRuUrPCVPFIr_ufRqOzNuYb0hudzmQXxy&amp;index=9&amp;t=0s\">GRAVITANDO<\/a><\/strong><\/mark><br>Giulia De Bonis<br>Gioved\u00ec 9 luglio, 10:00-10:30<br><\/p>\n\n\n\n<p><strong>Racconto<\/strong><br><em>Cosa hanno in comune una biglia che rotola oltre il bordo del tavolo, un bambino che cade dalla bicicletta e il movimento dei pianeti nel sistema solare? E perch\u00e9 \u00e8 importante trovare gli elementi in comune e ricercare i principi &#8220;universali&#8221; che mettono ordine nella complessit\u00e0 dei fenomeni e che rendono simili il sistema solare e il giardino di casa? Preparatevi a lanciare oggetti, ma soprattutto reggetevi forte e attenti a non cadere!<\/em><\/p>\n\n\n\n<p class=\"has-drop-cap\"><strong><span style=\"color:#1c388b\" class=\"has-inline-color\">ARIA, VUOTO &amp; ACQUA<\/span><\/strong><br>Susanna Bertelli e Danilo Domenici<br>Gioved\u00ec 9 luglio, 10:40-11:10<\/p>\n\n\n\n<p><strong>Esperimenti<\/strong><br><em>Aria e acqua sono due elementi essenziali per la vita sulla Terr<\/em>a.<em> Attraverso tanti esperimenti scopriremo insieme alcune loro caratteristiche.<\/em> <em>I materiali occorrenti sono:<\/em><\/p>\n\n\n\n<ul class=\"wp-block-list\">\n<li><em>fogli di carta A4<\/em><\/li>\n\n\n\n<li><em>pallina ping pong e asciugacapelli<\/em><\/li>\n\n\n\n<li><em>1 bottiglia grande di plastica e vaschetta di plastica<\/em> <\/li>\n\n\n\n<li><em>sacchetto di plastica trasparente e matita<\/em><\/li>\n\n\n\n<li><em>barattolo grande di vetro, barattolo piccolo di vetro, 2 elastici e 2 palloncini<\/em><\/li>\n\n\n\n<li><em>2 vaschette di plastica trasparente, 2 coloranti alimentari, 2 cannucce, 2 bottigliette di plastica e 2 palloncini<\/em>, <em>ghiaccio e acqua calda<\/em><\/li>\n<\/ul>\n\n\n\n<p><\/p>\n\n\n\n<p class=\"has-drop-cap\"><strong><span style=\"color:#1c388b\" class=\"has-inline-color\"><a href=\"https:\/\/www.youtube.com\/watch?v=nyBTpL9TEy4&amp;list=PLRuUrPCVPFIr_ufRqOzNuYb0hudzmQXxy&amp;index=10&amp;t=0s\">DALLE MOLECOLE AGLI ATOMI<\/a><\/span><\/strong><br><strong>Mariaelena Fedi e Lucia Liccioli<\/strong><br>Venerd\u00ec 10 luglio, 10:00-10:30<\/p>\n\n\n\n<p><strong>Racconto\/gioco<\/strong><br><em>Scopriamo insieme che cosa c\u2019\u00e8 dentro l\u2019acqua e l\u2019aria? Come tutti i materiali che ci circondano, sono fatte di piccoli mattoni chiamati molecole. E come sono fatte le molecole? Dentro, ci sono mattoncini ancora pi\u00f9 piccoli: gli atomi!<br>Pronti con palline, plastilina, sapone e fil di ferro? Giocheremo a combinare e scombinare diversi atomi per vedere quali molecole sono presenti dentro acqua e aria, e costruiremo un piccolo modello dell\u2019atomo pi\u00f9 semplice che possiamo trovare, l\u2019atomo di idrogeno.<\/em><br><em>I materiali occorrenti sono:<br>&#8211; un piatto <br>&#8211; soluzione saponosa per bolle<\/em><br>&#8211; <em>una forchetta (o una piccola bacchetta)<br>&#8211; un bicchiere<br>&#8211; fil di ferro<br>&#8211; pasta modellabile<\/em><\/p>\n\n\n\n<p class=\"has-drop-cap\"><strong><span style=\"color:#1c388b\" class=\"has-inline-color\"><a href=\"https:\/\/www.youtube.com\/watch?v=f1l1HsLLbNU&amp;list=PLRuUrPCVPFIr_ufRqOzNuYb0hudzmQXxy&amp;index=11&amp;t=0s\">IL LUNA PARK DELLE PARTICELLE<\/a><\/span><\/strong><br>Marco Delmastro<br>Venerd\u00ec 10 luglio 2020, 10:40-11:10<\/p>\n\n\n\n<p><strong>Racconto<\/strong><br><em>Tutte queste particelle invisibili come facciamo a studiarle? In questo racconto vi porteremo nel meraviglioso mondo degli acceleratori di particelle&#8230;ebbene s\u00ec dei &#8220;Luna Park&#8221; in cui gli scienziati  producono, scoprono e investigano le particelle per capire come \u00e8 fatta la materia che compone l&#8217;Universo.<\/em> <em>I materiali occorrenti sono:<\/em><\/p>\n\n\n\n<ul class=\"wp-block-list\">\n<li>2 matite<\/li>\n\n\n\n<li>1 pila 9 V<\/li>\n\n\n\n<li>bicchiere<\/li>\n\n\n\n<li>acqua e sale<\/li>\n<\/ul>\n<\/div>\n\n\n\n<div class=\"wp-block-column is-layout-flow wp-block-column-is-layout-flow\" style=\"flex-basis:25%\"><\/div>\n<\/div>\n\n\n\n<h4 class=\"wp-block-heading\">Raccontaci come \u00e8 andato il tuo esperimento, o realizza un elaborato ad esso ispirato. Puoi scriverci oppure mandarci un <span style=\"color:#1c388b\" class=\"has-inline-color\">disegno<\/span>, una <span style=\"color:#1c388b\" class=\"has-inline-color\">foto<\/span>, un <span style=\"color:#1c388b\" class=\"has-inline-color\">video<\/span>. E non preoccuparti di come \u00e8 andata! Gli scienziati lo sanno bene&#8230; non tutte le ciambelle riescono col buco cos\u00ec come non tutti gli esperimenti si risolvono al primo colpo! Questo \u00e8 proprio il bello della scienza e, a volte, \u00e8 proprio provando e riprovando che si fanno le pi\u00f9 grandi scoperte!<\/h4>\n\n\n\n<p style=\"font-size:20px\">Segui i nostri video e raccontaci se ti sei divertito oppure no a questo link: <\/p>\n\n\n\n<p style=\"font-size:20px\"><a href=\"https:\/\/forms.lnf.infn.it\/view.php?id=173928\">https:\/\/forms.lnf.infn.it\/view.php?id=173928<\/a><\/p>\n\n\n\n<p><\/p>\n\n\n\n<p style=\"font-size:20px\"><i>Hai una domanda per noi? <\/i><br><i>Scrivi una email a <\/i><a style=\"font-style: italic;\" href=\"mailto:infn-kids@lists.infn.it\">infn-kids@lists.infn.it<\/a><em>. Le ricercatrici e i ricercatori di INFN-Kids ti risponderanno al pi\u00f9 presto!<\/em><\/p>\n\n\n\n<p><\/p>\n","protected":false},"excerpt":{"rendered":"<p>Da luned\u00ec 6 a venerd\u00ec 10 luglio 2020 segui &#8220;Le mie GigaNano vacanze estive&#8221; , il campo estivo online che ti guider\u00e0 nell&#8217;esplorazione del macro e del microcosmo. Ti aspettiamo con racconti affascinanti sul mondo che ci circonda, per scoprire per esempio come sono fatte le stelle o realizzare un Universo fatto di frutta! Ogni &hellip; <\/p>\n<p class=\"link-more\"><a href=\"https:\/\/web.infn.it\/infn-kids\/racconti-di-fisica-e-scienza\/summer-camp2020\/\" class=\"more-link\">Continue reading<span class=\"screen-reader-text\"> &#8220;Summer Camp 2020&#8221;<\/span><\/a><\/p>\n","protected":false},"author":2,"featured_media":0,"parent":965,"menu_order":0,"comment_status":"closed","ping_status":"closed","template":"","meta":{"footnotes":""},"class_list":["post-2676","page","type-page","status-publish","hentry"],"_links":{"self":[{"href":"https:\/\/web.infn.it\/infn-kids\/wp-json\/wp\/v2\/pages\/2676","targetHints":{"allow":["GET"]}}],"collection":[{"href":"https:\/\/web.infn.it\/infn-kids\/wp-json\/wp\/v2\/pages"}],"about":[{"href":"https:\/\/web.infn.it\/infn-kids\/wp-json\/wp\/v2\/types\/page"}],"author":[{"embeddable":true,"href":"https:\/\/web.infn.it\/infn-kids\/wp-json\/wp\/v2\/users\/2"}],"replies":[{"embeddable":true,"href":"https:\/\/web.infn.it\/infn-kids\/wp-json\/wp\/v2\/comments?post=2676"}],"version-history":[{"count":1,"href":"https:\/\/web.infn.it\/infn-kids\/wp-json\/wp\/v2\/pages\/2676\/revisions"}],"predecessor-version":[{"id":2901,"href":"https:\/\/web.infn.it\/infn-kids\/wp-json\/wp\/v2\/pages\/2676\/revisions\/2901"}],"up":[{"embeddable":true,"href":"https:\/\/web.infn.it\/infn-kids\/wp-json\/wp\/v2\/pages\/965"}],"wp:attachment":[{"href":"https:\/\/web.infn.it\/infn-kids\/wp-json\/wp\/v2\/media?parent=2676"}],"curies":[{"name":"wp","href":"https:\/\/api.w.org\/{rel}","templated":true}]}}