{"id":3293,"date":"2026-03-18T09:36:30","date_gmt":"2026-03-18T08:36:30","guid":{"rendered":"https:\/\/web.infn.it\/infn-kids\/?page_id=3293"},"modified":"2026-03-19T12:40:09","modified_gmt":"2026-03-19T11:40:09","slug":"fumetti-e-giochi-con-la-fisica","status":"publish","type":"page","link":"https:\/\/web.infn.it\/infn-kids\/fumetti-e-giochi-con-la-fisica\/","title":{"rendered":"Fumetti e giochi con la fisica"},"content":{"rendered":"\n<div class=\"wp-block-media-text is-stacked-on-mobile\" style=\"grid-template-columns:31% auto\"><figure class=\"wp-block-media-text__media\"><img loading=\"lazy\" decoding=\"async\" width=\"1024\" height=\"768\" src=\"https:\/\/web.infn.it\/infn-kids\/wp-content\/uploads\/2020\/06\/P1050882-scaled-1-1024x768.jpg\" alt=\"\" class=\"wp-image-367 size-full\" srcset=\"https:\/\/web.infn.it\/infn-kids\/wp-content\/uploads\/2020\/06\/P1050882-scaled-1-1024x768.jpg 1024w, https:\/\/web.infn.it\/infn-kids\/wp-content\/uploads\/2020\/06\/P1050882-scaled-1-1536x1152.jpg 1536w, https:\/\/web.infn.it\/infn-kids\/wp-content\/uploads\/2020\/06\/P1050882-scaled-1-2048x1536.jpg 2048w, https:\/\/web.infn.it\/infn-kids\/wp-content\/uploads\/2020\/06\/P1050882-scaled-1-300x225.jpg 300w, https:\/\/web.infn.it\/infn-kids\/wp-content\/uploads\/2020\/06\/P1050882-scaled-1-768x576.jpg 768w\" sizes=\"auto, (max-width: 1024px) 100vw, 1024px\" \/><\/figure><div class=\"wp-block-media-text__content\">\n<h2 class=\"wp-block-heading\">Chi ha detto che la fisica \u00e8 noiosa?<br>Possiamo scoprire come \u00e8 fatta la materia che ci circonda anche giocando!<\/h2>\n\n\n\n<p class=\"has-medium-font-size\">Fumetti, giochi e attivit\u00e0 DIY per scoprire quali sono i mattoncini fondamentali della materia e i processi fisici.<\/p>\n<\/div><\/div>\n\n\n\n<hr class=\"wp-block-separator has-text-color has-alpha-channel-opacity has-background\" style=\"background-color:#1c388b;color:#1c388b\"\/>\n\n\n\n<h2 class=\"wp-block-heading\">I fumetti di Leo&amp;Alice<\/h2>\n\n\n\n<div class=\"wp-block-columns is-layout-flex wp-container-core-columns-is-layout-9d6595d7 wp-block-columns-is-layout-flex\">\n<div class=\"wp-block-column is-layout-flow wp-block-column-is-layout-flow\">\n<h3 class=\"wp-block-heading\">Leo, Alice e la serie del modello standard<\/h3>\n\n\n\n<p class=\"has-medium-font-size\">Leo e Alice sono due ragazzi incredibilmente curiosi, sempre pronti a nuove avventure e a scoprire i segreti della materia. E non dimenticate&#8230; per farlo hanno bisogno del vostro aiuto!<\/p>\n\n\n\n<div class=\"wp-block-columns is-layout-flex wp-container-core-columns-is-layout-9d6595d7 wp-block-columns-is-layout-flex\">\n<div class=\"wp-block-column is-layout-flow wp-block-column-is-layout-flow\">\n<h4 class=\"wp-block-heading has-text-align-center has-text-color has-link-color wp-elements-cad7d935aa1d2c4e0b3c8f18b45bac0e\" style=\"color:#1c388b\">La storia di un bicchiere d&#8217;acqua<\/h4>\n\n\n<div class=\"wp-block-image\">\n<figure class=\"aligncenter size-full is-resized\"><a href=\"https:\/\/web.infn.it\/infn-kids\/giochi\/la-storia-di-un-bicchiere-dacqua\/\"><img loading=\"lazy\" decoding=\"async\" width=\"693\" height=\"984\" src=\"https:\/\/web.infn.it\/infn-kids\/wp-content\/uploads\/2026\/03\/CopertinaBicchiereAcqua.png\" alt=\"\" class=\"wp-image-3296\" style=\"aspect-ratio:0.7042853126631592;width:192px;height:auto\" srcset=\"https:\/\/web.infn.it\/infn-kids\/wp-content\/uploads\/2026\/03\/CopertinaBicchiereAcqua.png 693w, https:\/\/web.infn.it\/infn-kids\/wp-content\/uploads\/2026\/03\/CopertinaBicchiereAcqua-211x300.png 211w\" sizes=\"auto, (max-width: 693px) 100vw, 693px\" \/><\/a><\/figure>\n<\/div>\n\n\n<p class=\"has-medium-font-size\">Scopri insieme a noi quali sono i mattoncini con cui \u00e8 costruita una molecola di acqua, da quello che vediamo ad occhio nudo alle pi\u00f9 piccole particelle della natura che si possono vedere solo con i pi\u00f9 grandi acceleratori mai costruiti.<\/p>\n\n\n\n<div class=\"wp-block-buttons is-layout-flex wp-block-buttons-is-layout-flex\">\n<div class=\"wp-block-button is-style-outline is-style-outline--1\"><a class=\"wp-block-button__link wp-element-button\" href=\"https:\/\/web.infn.it\/infn-kids\/giochi\/la-storia-di-un-bicchiere-dacqua\/\">Leggi e gioca con noi<\/a><\/div>\n<\/div>\n<\/div>\n\n\n\n<div class=\"wp-block-column is-layout-flow wp-block-column-is-layout-flow\">\n<h4 class=\"wp-block-heading has-text-align-center has-text-color has-link-color wp-elements-4b32500cd960625eef6d35a5d41ca14c\" style=\"color:#e548dd\">Una fotonica avventura<\/h4>\n\n\n<div class=\"wp-block-image\">\n<figure class=\"aligncenter size-large is-resized\"><a href=\"https:\/\/web.infn.it\/infn-kids\/giochi\/una-fotonica-avventura-episodio-1\/\"><img loading=\"lazy\" decoding=\"async\" width=\"721\" height=\"1024\" src=\"https:\/\/web.infn.it\/infn-kids\/wp-content\/uploads\/2026\/03\/Copertina_colore-721x1024.png\" alt=\"\" class=\"wp-image-3297\" style=\"aspect-ratio:0.7041156394298334;width:191px;height:auto\" srcset=\"https:\/\/web.infn.it\/infn-kids\/wp-content\/uploads\/2026\/03\/Copertina_colore-721x1024.png 721w, https:\/\/web.infn.it\/infn-kids\/wp-content\/uploads\/2026\/03\/Copertina_colore-1081x1536.png 1081w, https:\/\/web.infn.it\/infn-kids\/wp-content\/uploads\/2026\/03\/Copertina_colore-1442x2048.png 1442w, https:\/\/web.infn.it\/infn-kids\/wp-content\/uploads\/2026\/03\/Copertina_colore-211x300.png 211w, https:\/\/web.infn.it\/infn-kids\/wp-content\/uploads\/2026\/03\/Copertina_colore-768x1091.png 768w, https:\/\/web.infn.it\/infn-kids\/wp-content\/uploads\/2026\/03\/Copertina_colore-scaled.png 1802w\" sizes=\"auto, (max-width: 721px) 100vw, 721px\" \/><\/a><\/figure>\n<\/div>\n\n\n<p class=\"has-medium-font-size\">Leo e Alice sono di nuovo insieme e stavolta si imbattono in un nuovo amico, leggero e velocissimo, che li guider\u00e0 alla scoperta di nuove particelle, di nuovi mattoncini della materia che possiamo trovare intorno a noi.<\/p>\n\n\n\n<div class=\"wp-block-buttons is-layout-flex wp-block-buttons-is-layout-flex\">\n<div class=\"wp-block-button is-style-outline is-style-outline--2\"><a class=\"wp-block-button__link wp-element-button\" href=\"https:\/\/web.infn.it\/infn-kids\/giochi\/una-fotonica-avventura-episodio-1\/\">Leggi e gioca con noi<\/a><\/div>\n<\/div>\n<\/div>\n\n\n\n<div class=\"wp-block-column is-layout-flow wp-block-column-is-layout-flow\">\n<h4 class=\"wp-block-heading has-text-align-center has-text-color has-link-color wp-elements-5c0e4ba8e725b417694a6f62a2e6a8d2\" style=\"color:#5d8f13\">Una spedizione vulcanica<\/h4>\n\n\n<div class=\"wp-block-image\">\n<figure class=\"aligncenter size-full is-resized\"><a href=\"https:\/\/web.infn.it\/infn-kids\/giochi\/una-spedizione-vulcanica-episodio-1\/\"><img loading=\"lazy\" decoding=\"async\" width=\"693\" height=\"984\" src=\"https:\/\/web.infn.it\/infn-kids\/wp-content\/uploads\/2026\/03\/CopertinaETNA.png\" alt=\"\" class=\"wp-image-3299\" style=\"aspect-ratio:0.7042853126631592;width:190px;height:auto\" srcset=\"https:\/\/web.infn.it\/infn-kids\/wp-content\/uploads\/2026\/03\/CopertinaETNA.png 693w, https:\/\/web.infn.it\/infn-kids\/wp-content\/uploads\/2026\/03\/CopertinaETNA-211x300.png 211w\" sizes=\"auto, (max-width: 693px) 100vw, 693px\" \/><\/a><\/figure>\n<\/div>\n\n\n<p class=\"has-medium-font-size\">La passione di Leo e Alice per i minerali e la geologia li porter\u00e0 in un viaggio lontano, ancora a bordo della loro mitica mongolfiera. Curiosi di scoprire dove sono diretti e chi incontreranno stavolta?<\/p>\n\n\n\n<div class=\"wp-block-buttons is-layout-flex wp-block-buttons-is-layout-flex\">\n<div class=\"wp-block-button is-style-outline is-style-outline--3\"><a class=\"wp-block-button__link wp-element-button\" href=\"https:\/\/web.infn.it\/infn-kids\/giochi\/una-spedizione-vulcanica-episodio-1\/\">Leggi e gioca con noi<\/a><\/div>\n<\/div>\n<\/div>\n<\/div>\n<\/div>\n<\/div>\n\n\n\n<div class=\"wp-block-columns is-layout-flex wp-container-core-columns-is-layout-9d6595d7 wp-block-columns-is-layout-flex\">\n<div class=\"wp-block-column is-layout-flow wp-block-column-is-layout-flow\">\n<h4 class=\"wp-block-heading has-text-align-center has-text-color has-link-color wp-elements-dc8dbd452db10ee6d2e11026887f01ff\" style=\"color:#e548dd\">Leo, Alice e la gita a sorpresa<\/h4>\n\n\n<div class=\"wp-block-image\">\n<figure class=\"aligncenter size-large is-resized\"><a href=\"https:\/\/web.infn.it\/infn-kids\/giochi\/leo-alice-e-la-gita-a-sorpresa\/\"><img loading=\"lazy\" decoding=\"async\" width=\"721\" height=\"1024\" src=\"https:\/\/web.infn.it\/infn-kids\/wp-content\/uploads\/2026\/03\/CopertinaLunaPark-721x1024.png\" alt=\"\" class=\"wp-image-3301\" style=\"aspect-ratio:0.7041156394298334;width:194px;height:auto\" srcset=\"https:\/\/web.infn.it\/infn-kids\/wp-content\/uploads\/2026\/03\/CopertinaLunaPark-721x1024.png 721w, https:\/\/web.infn.it\/infn-kids\/wp-content\/uploads\/2026\/03\/CopertinaLunaPark-1081x1536.png 1081w, https:\/\/web.infn.it\/infn-kids\/wp-content\/uploads\/2026\/03\/CopertinaLunaPark-1442x2048.png 1442w, https:\/\/web.infn.it\/infn-kids\/wp-content\/uploads\/2026\/03\/CopertinaLunaPark-211x300.png 211w, https:\/\/web.infn.it\/infn-kids\/wp-content\/uploads\/2026\/03\/CopertinaLunaPark-768x1091.png 768w, https:\/\/web.infn.it\/infn-kids\/wp-content\/uploads\/2026\/03\/CopertinaLunaPark-scaled.png 1802w\" sizes=\"auto, (max-width: 721px) 100vw, 721px\" \/><\/a><\/figure>\n<\/div>\n\n\n<p class=\"has-medium-font-size\">Elettrone \u00e8 andato a trovare Leo e Alice e ha portato loro una sorpresa: un biglietto per una destinazione misteriosa\u2026<br>La scopriamo insieme?<\/p>\n\n\n\n<div class=\"wp-block-buttons is-layout-flex wp-block-buttons-is-layout-flex\">\n<div class=\"wp-block-button is-style-outline is-style-outline--4\"><a class=\"wp-block-button__link wp-element-button\" href=\"https:\/\/web.infn.it\/infn-kids\/giochi\/leo-alice-e-la-gita-a-sorpresa\/\">Leggi e gioca con noi<\/a><\/div>\n<\/div>\n<\/div>\n\n\n\n<div class=\"wp-block-column is-layout-flow wp-block-column-is-layout-flow\">\n<h4 class=\"wp-block-heading has-text-align-center has-text-color has-link-color wp-elements-cdaf2bd0ba0a5b8639fa86981491551f\" style=\"color:#5d8f13\">Leo e Alice alla scoperta dei sapori<\/h4>\n\n\n<div class=\"wp-block-image\">\n<figure class=\"aligncenter size-full is-resized\"><a href=\"https:\/\/web.infn.it\/infn-kids\/giochi\/leo-e-alice-alla-scoperta-dei-sapori\/\"><img loading=\"lazy\" decoding=\"async\" width=\"693\" height=\"984\" src=\"https:\/\/web.infn.it\/infn-kids\/wp-content\/uploads\/2026\/03\/CopertinaOsteriaSapori.png\" alt=\"\" class=\"wp-image-3302\" style=\"aspect-ratio:0.7042853126631592;width:194px;height:auto\" srcset=\"https:\/\/web.infn.it\/infn-kids\/wp-content\/uploads\/2026\/03\/CopertinaOsteriaSapori.png 693w, https:\/\/web.infn.it\/infn-kids\/wp-content\/uploads\/2026\/03\/CopertinaOsteriaSapori-211x300.png 211w\" sizes=\"auto, (max-width: 693px) 100vw, 693px\" \/><\/a><\/figure>\n<\/div>\n\n\n<p class=\"has-medium-font-size\">Questa volta Alice sta pasticciando in cucina&#8230; ma siamo sicuri che sia tutto sotto controllo? Leo sembra abbastanza preoccupato&#8230; ma niente paura! E&#8217; solo l&#8217;inizio di una nuova avventura per scoprire altri minuscoli mattoni della materia.<\/p>\n\n\n\n<div class=\"wp-block-buttons is-layout-flex wp-block-buttons-is-layout-flex\">\n<div class=\"wp-block-button is-style-outline is-style-outline--5\"><a class=\"wp-block-button__link wp-element-button\" href=\"https:\/\/web.infn.it\/infn-kids\/giochi\/leo-e-alice-alla-scoperta-dei-sapori\/\">Leggi e gioca con noi<\/a><\/div>\n<\/div>\n<\/div>\n\n\n\n<div class=\"wp-block-column is-layout-flow wp-block-column-is-layout-flow\">\n<h4 class=\"wp-block-heading has-text-align-center has-text-color has-link-color wp-elements-f9cbf8702e9ecbd1a5e1310603d279f0\" style=\"color:#1c388b\">Leo, Alice e le particelle mancanti<\/h4>\n\n\n<div class=\"wp-block-image\">\n<figure class=\"aligncenter size-full is-resized\"><a href=\"https:\/\/web.infn.it\/infn-kids\/giochi\/leo-alice-e-le-particelle-mancanti\/\"><img loading=\"lazy\" decoding=\"async\" width=\"498\" height=\"708\" src=\"https:\/\/web.infn.it\/infn-kids\/wp-content\/uploads\/2026\/03\/CopertinaCERN_COLORE.png\" alt=\"\" class=\"wp-image-3303\" style=\"aspect-ratio:0.7034095467308463;width:192px;height:auto\" srcset=\"https:\/\/web.infn.it\/infn-kids\/wp-content\/uploads\/2026\/03\/CopertinaCERN_COLORE.png 498w, https:\/\/web.infn.it\/infn-kids\/wp-content\/uploads\/2026\/03\/CopertinaCERN_COLORE-211x300.png 211w\" sizes=\"auto, (max-width: 498px) 100vw, 498px\" \/><\/a><\/figure>\n<\/div>\n\n\n<p class=\"has-medium-font-size\">Zaino in spalla, i nostri due amici sono appena arrivati in uno dei laboratori di fisica pi\u00f9 importanti del mondo dove ritroveranno una loro vecchia conoscenza e continueranno il loro viaggio nell&#8217;incredibile mondo delle particelle! Pronti a scoprire dove si trovano e chi incontreranno questa volta?<\/p>\n\n\n\n<div class=\"wp-block-buttons is-layout-flex wp-block-buttons-is-layout-flex\">\n<div class=\"wp-block-button is-style-outline is-style-outline--6\"><a class=\"wp-block-button__link wp-element-button\" href=\"https:\/\/web.infn.it\/infn-kids\/giochi\/leo-alice-e-le-particelle-mancanti\/\">Leggi e gioca con noi<\/a><\/div>\n<\/div>\n\n\n\n<p class=\"has-medium-font-size\">E questa nuova storia di Leo e Alice \u00e8 speciale perch\u00e9 la trovate anche&#8230; in inglese! Avventura internazionale&#8230; fumetto internazionale!<\/p>\n\n\n\n<div class=\"wp-block-buttons is-layout-flex wp-block-buttons-is-layout-flex\">\n<div class=\"wp-block-button is-style-outline is-style-outline--7\"><a class=\"wp-block-button__link wp-element-button\" href=\"https:\/\/web.infn.it\/infn-kids\/giochi\/leo-alice-and-the-missing-particles\/\">Read and play with us<\/a><\/div>\n<\/div>\n<\/div>\n<\/div>\n\n\n\n<h3 class=\"wp-block-heading\">Leo, Alice e la fisica nella vita di tutti i giorni<\/h3>\n\n\n\n<p class=\"has-medium-font-size\">Nuove avventure di Leo e Alice, sempre in compagnia delle loro amiche particelle!<\/p>\n\n\n\n<div class=\"wp-block-columns is-layout-flex wp-container-core-columns-is-layout-9d6595d7 wp-block-columns-is-layout-flex\">\n<div class=\"wp-block-column is-layout-flow wp-block-column-is-layout-flow\">\n<h4 class=\"wp-block-heading has-text-color has-link-color wp-elements-f5cbf8ed05a4bf8dd6cf440af2cde899\" style=\"color:#1c388b\">Leo, Alice e l&#8217;imprevisto a raggi X<\/h4>\n\n\n<div class=\"wp-block-image\">\n<figure class=\"aligncenter size-large is-resized\"><a href=\"https:\/\/web.infn.it\/infn-kids\/giochi\/leo-alice-e-limprevisto-a-raggi-x-episodio-1\/\"><img loading=\"lazy\" decoding=\"async\" width=\"721\" height=\"1024\" src=\"https:\/\/web.infn.it\/infn-kids\/wp-content\/uploads\/2026\/03\/CopertinaH_Ita-721x1024.png\" alt=\"\" class=\"wp-image-3305\" style=\"aspect-ratio:0.7041156394298334;width:186px;height:auto\" srcset=\"https:\/\/web.infn.it\/infn-kids\/wp-content\/uploads\/2026\/03\/CopertinaH_Ita-721x1024.png 721w, https:\/\/web.infn.it\/infn-kids\/wp-content\/uploads\/2026\/03\/CopertinaH_Ita-1081x1536.png 1081w, https:\/\/web.infn.it\/infn-kids\/wp-content\/uploads\/2026\/03\/CopertinaH_Ita-1442x2048.png 1442w, https:\/\/web.infn.it\/infn-kids\/wp-content\/uploads\/2026\/03\/CopertinaH_Ita-211x300.png 211w, https:\/\/web.infn.it\/infn-kids\/wp-content\/uploads\/2026\/03\/CopertinaH_Ita-768x1091.png 768w, https:\/\/web.infn.it\/infn-kids\/wp-content\/uploads\/2026\/03\/CopertinaH_Ita-scaled.png 1802w\" sizes=\"auto, (max-width: 721px) 100vw, 721px\" \/><\/a><\/figure>\n<\/div>\n\n\n<p class=\"has-medium-font-size\">I nostri due protagonisti incontrano un misterioso personaggio, un nuovo amico, che li aiuter\u00e0 a scoprire le incredibili propriet\u00e0 dei raggi X.<\/p>\n\n\n\n<p><em>Leo, Alice e l&#8217;imprevisto a raggi X \u00e8 in collaborazione con Hamamatsu Italia ed \u00e8 disponibile anche in inglese e giapponese sui canali Hamamatsu.<\/em><\/p>\n\n\n\n<div class=\"wp-block-buttons is-layout-flex wp-block-buttons-is-layout-flex\">\n<div class=\"wp-block-button is-style-outline is-style-outline--8\"><a class=\"wp-block-button__link wp-element-button\" href=\"https:\/\/web.infn.it\/infn-kids\/giochi\/leo-alice-e-limprevisto-a-raggi-x-episodio-1\/\">Leggi e gioca con noi<\/a><\/div>\n<\/div>\n<\/div>\n\n\n\n<div class=\"wp-block-column is-layout-flow wp-block-column-is-layout-flow\"><\/div>\n\n\n\n<div class=\"wp-block-column is-layout-flow wp-block-column-is-layout-flow\"><\/div>\n<\/div>\n\n\n\n<hr class=\"wp-block-separator has-text-color has-alpha-channel-opacity has-background\" style=\"background-color:#1c388b;color:#1c388b\"\/>\n\n\n\n<div class=\"wp-block-columns is-layout-flex wp-container-core-columns-is-layout-9d6595d7 wp-block-columns-is-layout-flex\">\n<div class=\"wp-block-column is-layout-flow wp-block-column-is-layout-flow\">\n<h2 class=\"wp-block-heading\">Giochiamo!<\/h2>\n\n\n\n<h3 class=\"wp-block-heading has-text-color has-link-color wp-elements-77c7aac09e8b4e7f3354cb4dcd889656\" style=\"color:#5d8f13\">Minestrone di particelle<\/h3>\n\n\n\n<p class=\"has-medium-font-size\">Che ne dite di giocare un po&#8217; insieme a Leo e Alice e insieme a tutte le loro amiche particelle? S\u00ec??? Allora, mettiamo un po&#8217; di ordine nel nostro&#8230; minestrone di particelle! E scopriamo anche&#8230; PLaNCK!<\/p>\n\n\n\n<div class=\"wp-block-buttons is-layout-flex wp-block-buttons-is-layout-flex\">\n<div class=\"wp-block-button is-style-outline is-style-outline--9\"><a class=\"wp-block-button__link wp-element-button\" href=\"https:\/\/web.infn.it\/infn-kids\/giochi\/minestrone-di-particelle\/\">Gioca con noi<\/a><\/div>\n<\/div>\n<\/div>\n\n\n\n<div class=\"wp-block-column is-layout-flow wp-block-column-is-layout-flow\">\n<h2 class=\"wp-block-heading\">Lavoretti e scienza<\/h2>\n\n\n\n<h3 class=\"wp-block-heading has-text-color has-link-color wp-elements-6f671eb8bcc49de54b4506e992077ecc\" style=\"color:#e548dd\">Un albero di Natale spaziale!<\/h3>\n\n\n\n<p class=\"has-medium-font-size\">Vi va di scoprire qualche curiosit\u00e0 sui pianeti del nostro sistema solare? E nel frattempo costruire anche degli addobbi spaziali? Seguici sul nostro canale YouTube!<\/p>\n\n\n\n<div class=\"wp-block-buttons is-layout-flex wp-block-buttons-is-layout-flex\">\n<div class=\"wp-block-button is-style-outline is-style-outline--10\"><a class=\"wp-block-button__link wp-element-button\" href=\"https:\/\/web.infn.it\/infn-kids\/2020\/12\/01\/un-albero-di-natale-spaziale\/\">Guarda qui<\/a><\/div>\n<\/div>\n<\/div>\n<\/div>\n\n\n\n<p><\/p>\n","protected":false},"excerpt":{"rendered":"<p>Chi ha detto che la fisica \u00e8 noiosa?Possiamo scoprire come \u00e8 fatta la materia che ci circonda anche giocando! Fumetti, giochi e attivit\u00e0 DIY per scoprire quali sono i mattoncini fondamentali della materia e i processi fisici. I fumetti di Leo&amp;Alice Leo, Alice e la serie del modello standard Leo e Alice sono due ragazzi &hellip; <\/p>\n<p class=\"link-more\"><a href=\"https:\/\/web.infn.it\/infn-kids\/fumetti-e-giochi-con-la-fisica\/\" class=\"more-link\">Continue reading<span class=\"screen-reader-text\"> &#8220;Fumetti e giochi con la fisica&#8221;<\/span><\/a><\/p>\n","protected":false},"author":2,"featured_media":0,"parent":0,"menu_order":0,"comment_status":"closed","ping_status":"closed","template":"","meta":{"footnotes":""},"class_list":["post-3293","page","type-page","status-publish","hentry"],"_links":{"self":[{"href":"https:\/\/web.infn.it\/infn-kids\/wp-json\/wp\/v2\/pages\/3293","targetHints":{"allow":["GET"]}}],"collection":[{"href":"https:\/\/web.infn.it\/infn-kids\/wp-json\/wp\/v2\/pages"}],"about":[{"href":"https:\/\/web.infn.it\/infn-kids\/wp-json\/wp\/v2\/types\/page"}],"author":[{"embeddable":true,"href":"https:\/\/web.infn.it\/infn-kids\/wp-json\/wp\/v2\/users\/2"}],"replies":[{"embeddable":true,"href":"https:\/\/web.infn.it\/infn-kids\/wp-json\/wp\/v2\/comments?post=3293"}],"version-history":[{"count":19,"href":"https:\/\/web.infn.it\/infn-kids\/wp-json\/wp\/v2\/pages\/3293\/revisions"}],"predecessor-version":[{"id":3333,"href":"https:\/\/web.infn.it\/infn-kids\/wp-json\/wp\/v2\/pages\/3293\/revisions\/3333"}],"wp:attachment":[{"href":"https:\/\/web.infn.it\/infn-kids\/wp-json\/wp\/v2\/media?parent=3293"}],"curies":[{"name":"wp","href":"https:\/\/api.w.org\/{rel}","templated":true}]}}