{"id":684,"date":"2020-07-10T11:54:37","date_gmt":"2020-07-10T09:54:37","guid":{"rendered":"https:\/\/web.infn.it\/infn-kids\/?page_id=684"},"modified":"2025-05-28T15:16:23","modified_gmt":"2025-05-28T13:16:23","slug":"la-storia-di-un-bicchiere-dacqua","status":"publish","type":"page","link":"https:\/\/web.infn.it\/infn-kids\/giochi\/la-storia-di-un-bicchiere-dacqua\/","title":{"rendered":"La storia di un bicchiere d&#8217;acqua &#8211; Episodio 1"},"content":{"rendered":"\n<p style=\"font-size:20px\">Scopri insieme a noi quali sono i mattoncini con cui \u00e8 costruita una molecola di acqua, da quello che vediamo ad occhio nudo alle pi\u00f9 piccole particelle della natura che si possono vedere solo con i pi\u00f9 grandi acceleratori mai costruiti.<\/p>\n\n\n\n<h6 class=\"wp-block-heading\">Aiuta i nostri amici <span style=\"color:#1c388b\" class=\"has-inline-color\">Leo<\/span> e <span style=\"color:#1c388b\" class=\"has-inline-color\">Alice<\/span>, scarica la prima puntata della storia, gioca e colora con noi!<\/h6>\n\n\n\n<div class=\"wp-block-buttons is-layout-flex wp-block-buttons-is-layout-flex\">\n<div class=\"wp-block-button is-style-outline is-style-outline--1\"><a class=\"wp-block-button__link wp-element-button\" href=\"https:\/\/web.infn.it\/infn-kids\/wp-content\/uploads\/2020\/07\/ep1_acqua.pdf\" target=\"_blank\" rel=\"noreferrer noopener\">Scarica la puntata della nostra storia in formato pdf<\/a><\/div>\n<\/div>\n\n\n<div class=\"wp-block-image\">\n<figure class=\"aligncenter size-large\"><img loading=\"lazy\" decoding=\"async\" width=\"670\" height=\"1024\" src=\"https:\/\/web.infn.it\/infn-kids\/wp-content\/uploads\/2020\/07\/ep1_tavola1_fumetti-670x1024.png\" alt=\"\" class=\"wp-image-687\" srcset=\"https:\/\/web.infn.it\/infn-kids\/wp-content\/uploads\/2020\/07\/ep1_tavola1_fumetti-670x1024.png 670w, https:\/\/web.infn.it\/infn-kids\/wp-content\/uploads\/2020\/07\/ep1_tavola1_fumetti-1004x1536.png 1004w, https:\/\/web.infn.it\/infn-kids\/wp-content\/uploads\/2020\/07\/ep1_tavola1_fumetti-1339x2048.png 1339w, https:\/\/web.infn.it\/infn-kids\/wp-content\/uploads\/2020\/07\/ep1_tavola1_fumetti-196x300.png 196w, https:\/\/web.infn.it\/infn-kids\/wp-content\/uploads\/2020\/07\/ep1_tavola1_fumetti-768x1175.png 768w, https:\/\/web.infn.it\/infn-kids\/wp-content\/uploads\/2020\/07\/ep1_tavola1_fumetti-scaled.png 1674w\" sizes=\"auto, (max-width: 670px) 100vw, 670px\" \/><\/figure>\n<\/div>\n\n\n<hr class=\"wp-block-separator has-text-color has-css-opacity has-background\" style=\"background-color:#1c388b;color:#1c388b\"\/>\n\n\n<div class=\"wp-block-image\">\n<figure class=\"aligncenter size-large\"><img loading=\"lazy\" decoding=\"async\" width=\"670\" height=\"1024\" src=\"https:\/\/web.infn.it\/infn-kids\/wp-content\/uploads\/2020\/07\/ep1_tavola2-670x1024.png\" alt=\"\" class=\"wp-image-693\" srcset=\"https:\/\/web.infn.it\/infn-kids\/wp-content\/uploads\/2020\/07\/ep1_tavola2-670x1024.png 670w, https:\/\/web.infn.it\/infn-kids\/wp-content\/uploads\/2020\/07\/ep1_tavola2-1004x1536.png 1004w, https:\/\/web.infn.it\/infn-kids\/wp-content\/uploads\/2020\/07\/ep1_tavola2-1339x2048.png 1339w, https:\/\/web.infn.it\/infn-kids\/wp-content\/uploads\/2020\/07\/ep1_tavola2-196x300.png 196w, https:\/\/web.infn.it\/infn-kids\/wp-content\/uploads\/2020\/07\/ep1_tavola2-768x1175.png 768w, https:\/\/web.infn.it\/infn-kids\/wp-content\/uploads\/2020\/07\/ep1_tavola2-scaled.png 1674w\" sizes=\"auto, (max-width: 670px) 100vw, 670px\" \/><\/figure>\n<\/div>\n\n\n<hr class=\"wp-block-separator has-text-color has-css-opacity has-background\" style=\"background-color:#1c388b;color:#1c388b\"\/>\n\n\n<div class=\"wp-block-image\">\n<figure class=\"aligncenter size-large\"><img loading=\"lazy\" decoding=\"async\" width=\"709\" height=\"1024\" src=\"https:\/\/web.infn.it\/infn-kids\/wp-content\/uploads\/2020\/07\/ep1_tavola3-709x1024.png\" alt=\"\" class=\"wp-image-688\" srcset=\"https:\/\/web.infn.it\/infn-kids\/wp-content\/uploads\/2020\/07\/ep1_tavola3-709x1024.png 709w, https:\/\/web.infn.it\/infn-kids\/wp-content\/uploads\/2020\/07\/ep1_tavola3-1063x1536.png 1063w, https:\/\/web.infn.it\/infn-kids\/wp-content\/uploads\/2020\/07\/ep1_tavola3-1418x2048.png 1418w, https:\/\/web.infn.it\/infn-kids\/wp-content\/uploads\/2020\/07\/ep1_tavola3-208x300.png 208w, https:\/\/web.infn.it\/infn-kids\/wp-content\/uploads\/2020\/07\/ep1_tavola3-768x1109.png 768w, https:\/\/web.infn.it\/infn-kids\/wp-content\/uploads\/2020\/07\/ep1_tavola3-scaled.png 1772w\" sizes=\"auto, (max-width: 709px) 100vw, 709px\" \/><\/figure>\n<\/div>\n\n\n<h2 class=\"wp-block-heading\"><span style=\"color:#1c388b\" class=\"has-inline-color\"><a href=\"https:\/\/web.infn.it\/infn-kids\/giochi\/la-storia-di-un-bicchiere-dacqua-episodio-2\/\">Clicca qua per la seconda puntata&#8230;<\/a><\/span><\/h2>\n\n\n\n<p style=\"font-size:20px\">E tu&#8230; come ti immagini molecole e atomi? Mandaci i tuoi disegni colorati e li pubblicheremo sul sito!<\/p>\n\n\n\n<p><\/p>\n","protected":false},"excerpt":{"rendered":"<p>Scopri insieme a noi quali sono i mattoncini con cui \u00e8 costruita una molecola di acqua, da quello che vediamo ad occhio nudo alle pi\u00f9 piccole particelle della natura che si possono vedere solo con i pi\u00f9 grandi acceleratori mai costruiti. Aiuta i nostri amici Leo e Alice, scarica la prima puntata della storia, gioca &hellip; <\/p>\n<p class=\"link-more\"><a href=\"https:\/\/web.infn.it\/infn-kids\/giochi\/la-storia-di-un-bicchiere-dacqua\/\" class=\"more-link\">Continue reading<span class=\"screen-reader-text\"> &#8220;La storia di un bicchiere d&#8217;acqua &#8211; Episodio 1&#8221;<\/span><\/a><\/p>\n","protected":false},"author":2,"featured_media":0,"parent":2672,"menu_order":0,"comment_status":"closed","ping_status":"closed","template":"","meta":{"footnotes":""},"class_list":["post-684","page","type-page","status-publish","hentry"],"_links":{"self":[{"href":"https:\/\/web.infn.it\/infn-kids\/wp-json\/wp\/v2\/pages\/684","targetHints":{"allow":["GET"]}}],"collection":[{"href":"https:\/\/web.infn.it\/infn-kids\/wp-json\/wp\/v2\/pages"}],"about":[{"href":"https:\/\/web.infn.it\/infn-kids\/wp-json\/wp\/v2\/types\/page"}],"author":[{"embeddable":true,"href":"https:\/\/web.infn.it\/infn-kids\/wp-json\/wp\/v2\/users\/2"}],"replies":[{"embeddable":true,"href":"https:\/\/web.infn.it\/infn-kids\/wp-json\/wp\/v2\/comments?post=684"}],"version-history":[{"count":1,"href":"https:\/\/web.infn.it\/infn-kids\/wp-json\/wp\/v2\/pages\/684\/revisions"}],"predecessor-version":[{"id":2881,"href":"https:\/\/web.infn.it\/infn-kids\/wp-json\/wp\/v2\/pages\/684\/revisions\/2881"}],"up":[{"embeddable":true,"href":"https:\/\/web.infn.it\/infn-kids\/wp-json\/wp\/v2\/pages\/2672"}],"wp:attachment":[{"href":"https:\/\/web.infn.it\/infn-kids\/wp-json\/wp\/v2\/media?parent=684"}],"curies":[{"name":"wp","href":"https:\/\/api.w.org\/{rel}","templated":true}]}}