{"id":835,"date":"2020-09-04T14:50:58","date_gmt":"2020-09-04T12:50:58","guid":{"rendered":"https:\/\/web.infn.it\/infn-kids\/?page_id=835"},"modified":"2025-05-28T15:17:53","modified_gmt":"2025-05-28T13:17:53","slug":"la-storia-di-un-bicchiere-dacqua-episodio-3","status":"publish","type":"page","link":"https:\/\/web.infn.it\/infn-kids\/giochi\/la-storia-di-un-bicchiere-dacqua-episodio-3\/","title":{"rendered":"La storia di un bicchiere d&#8217;acqua &#8211; Episodio 3"},"content":{"rendered":"\n<h6 class=\"wp-block-heading\">Leo e Alice sono riusciti a utilizzare il loro speciale raggio ingrandente e hanno scoperto che l&#8217;atomo di ossigeno \u00e8 veramente affascinante, formato da tante piccole particelle al suo interno.  <\/h6>\n\n\n\n<h6 class=\"wp-block-heading\">Quali saranno queste particelle?<\/h6>\n\n\n\n<div class=\"wp-block-buttons is-layout-flex wp-block-buttons-is-layout-flex\">\n<div class=\"wp-block-button is-style-outline is-style-outline--1\"><a class=\"wp-block-button__link wp-element-button\" href=\"https:\/\/web.infn.it\/infn-kids\/wp-content\/uploads\/2020\/09\/ep3_BN.pdf\" target=\"_blank\" rel=\"noreferrer noopener\">Scarica la terza puntata da colorare in formato pdf<\/a><\/div>\n<\/div>\n\n\n<div class=\"wp-block-image\">\n<figure class=\"aligncenter size-large\"><img loading=\"lazy\" decoding=\"async\" width=\"670\" height=\"1024\" src=\"https:\/\/web.infn.it\/infn-kids\/wp-content\/uploads\/2020\/09\/ep3_tavola1_colori-670x1024.png\" alt=\"\" class=\"wp-image-829\" srcset=\"https:\/\/web.infn.it\/infn-kids\/wp-content\/uploads\/2020\/09\/ep3_tavola1_colori-670x1024.png 670w, https:\/\/web.infn.it\/infn-kids\/wp-content\/uploads\/2020\/09\/ep3_tavola1_colori-1004x1536.png 1004w, https:\/\/web.infn.it\/infn-kids\/wp-content\/uploads\/2020\/09\/ep3_tavola1_colori-1339x2048.png 1339w, https:\/\/web.infn.it\/infn-kids\/wp-content\/uploads\/2020\/09\/ep3_tavola1_colori-196x300.png 196w, https:\/\/web.infn.it\/infn-kids\/wp-content\/uploads\/2020\/09\/ep3_tavola1_colori-768x1175.png 768w, https:\/\/web.infn.it\/infn-kids\/wp-content\/uploads\/2020\/09\/ep3_tavola1_colori-scaled.png 1674w\" sizes=\"auto, (max-width: 670px) 100vw, 670px\" \/><\/figure>\n<\/div>\n\n<div class=\"wp-block-image\">\n<figure class=\"aligncenter size-large\"><img loading=\"lazy\" decoding=\"async\" width=\"670\" height=\"1024\" src=\"https:\/\/web.infn.it\/infn-kids\/wp-content\/uploads\/2020\/09\/ep3_tavola2_colori-670x1024.png\" alt=\"\" class=\"wp-image-830\" srcset=\"https:\/\/web.infn.it\/infn-kids\/wp-content\/uploads\/2020\/09\/ep3_tavola2_colori-670x1024.png 670w, https:\/\/web.infn.it\/infn-kids\/wp-content\/uploads\/2020\/09\/ep3_tavola2_colori-1004x1536.png 1004w, https:\/\/web.infn.it\/infn-kids\/wp-content\/uploads\/2020\/09\/ep3_tavola2_colori-1339x2048.png 1339w, https:\/\/web.infn.it\/infn-kids\/wp-content\/uploads\/2020\/09\/ep3_tavola2_colori-196x300.png 196w, https:\/\/web.infn.it\/infn-kids\/wp-content\/uploads\/2020\/09\/ep3_tavola2_colori-768x1175.png 768w, https:\/\/web.infn.it\/infn-kids\/wp-content\/uploads\/2020\/09\/ep3_tavola2_colori-scaled.png 1674w\" sizes=\"auto, (max-width: 670px) 100vw, 670px\" \/><\/figure>\n<\/div>\n\n<div class=\"wp-block-image\">\n<figure class=\"aligncenter size-large\"><img loading=\"lazy\" decoding=\"async\" width=\"670\" height=\"1024\" src=\"https:\/\/web.infn.it\/infn-kids\/wp-content\/uploads\/2020\/09\/ep3_tavola3_colori-670x1024.png\" alt=\"\" class=\"wp-image-831\" srcset=\"https:\/\/web.infn.it\/infn-kids\/wp-content\/uploads\/2020\/09\/ep3_tavola3_colori-670x1024.png 670w, https:\/\/web.infn.it\/infn-kids\/wp-content\/uploads\/2020\/09\/ep3_tavola3_colori-1004x1536.png 1004w, https:\/\/web.infn.it\/infn-kids\/wp-content\/uploads\/2020\/09\/ep3_tavola3_colori-1339x2048.png 1339w, https:\/\/web.infn.it\/infn-kids\/wp-content\/uploads\/2020\/09\/ep3_tavola3_colori-196x300.png 196w, https:\/\/web.infn.it\/infn-kids\/wp-content\/uploads\/2020\/09\/ep3_tavola3_colori-768x1175.png 768w, https:\/\/web.infn.it\/infn-kids\/wp-content\/uploads\/2020\/09\/ep3_tavola3_colori-scaled.png 1674w\" sizes=\"auto, (max-width: 670px) 100vw, 670px\" \/><\/figure>\n<\/div>\n\n<div class=\"wp-block-image\">\n<figure class=\"aligncenter size-large\"><img loading=\"lazy\" decoding=\"async\" width=\"670\" height=\"1024\" src=\"https:\/\/web.infn.it\/infn-kids\/wp-content\/uploads\/2020\/09\/ep3_tavola4_colori-670x1024.png\" alt=\"\" class=\"wp-image-832\" srcset=\"https:\/\/web.infn.it\/infn-kids\/wp-content\/uploads\/2020\/09\/ep3_tavola4_colori-670x1024.png 670w, https:\/\/web.infn.it\/infn-kids\/wp-content\/uploads\/2020\/09\/ep3_tavola4_colori-1004x1536.png 1004w, https:\/\/web.infn.it\/infn-kids\/wp-content\/uploads\/2020\/09\/ep3_tavola4_colori-1339x2048.png 1339w, https:\/\/web.infn.it\/infn-kids\/wp-content\/uploads\/2020\/09\/ep3_tavola4_colori-196x300.png 196w, https:\/\/web.infn.it\/infn-kids\/wp-content\/uploads\/2020\/09\/ep3_tavola4_colori-768x1175.png 768w, https:\/\/web.infn.it\/infn-kids\/wp-content\/uploads\/2020\/09\/ep3_tavola4_colori-scaled.png 1674w\" sizes=\"auto, (max-width: 670px) 100vw, 670px\" \/><\/figure>\n<\/div>\n\n<div class=\"wp-block-image\">\n<figure class=\"aligncenter size-large\"><img loading=\"lazy\" decoding=\"async\" width=\"670\" height=\"1024\" src=\"https:\/\/web.infn.it\/infn-kids\/wp-content\/uploads\/2020\/09\/ep3_tavola5_colori-670x1024.png\" alt=\"\" class=\"wp-image-833\" srcset=\"https:\/\/web.infn.it\/infn-kids\/wp-content\/uploads\/2020\/09\/ep3_tavola5_colori-670x1024.png 670w, https:\/\/web.infn.it\/infn-kids\/wp-content\/uploads\/2020\/09\/ep3_tavola5_colori-1004x1536.png 1004w, https:\/\/web.infn.it\/infn-kids\/wp-content\/uploads\/2020\/09\/ep3_tavola5_colori-1339x2048.png 1339w, https:\/\/web.infn.it\/infn-kids\/wp-content\/uploads\/2020\/09\/ep3_tavola5_colori-196x300.png 196w, https:\/\/web.infn.it\/infn-kids\/wp-content\/uploads\/2020\/09\/ep3_tavola5_colori-768x1175.png 768w, https:\/\/web.infn.it\/infn-kids\/wp-content\/uploads\/2020\/09\/ep3_tavola5_colori-scaled.png 1674w\" sizes=\"auto, (max-width: 670px) 100vw, 670px\" \/><\/figure>\n<\/div>\n\n\n<p style=\"font-size:20px\">Siamo arrivati alla fine della nostra storia: Leo e Alice hanno scoperto che l&#8217;acqua, cos\u00ec come tutta la materia che troviamo intorno a noi, \u00e8 composta da tanti mattoncini, molti dei quali si possono scomporre in mattoni (o particelle) ancora pi\u00f9 piccoli.<\/p>\n\n\n\n<p style=\"font-size:20px\">Tre sono le particelle elementari che hanno scoperto e che ritroviamo in tutti gli atomi di tutti gli elementi e materiali che ci sono intorno: l&#8217;elettrone, il quark up e il quark down. Fanno parte di quello che gli scienziati chiamano modello standard.<\/p>\n\n\n\n<h2 class=\"wp-block-heading\" style=\"font-size:26px\">Ti \u00e8 piaciuta la nostra storia? Come ti immagini molecole, atomi e particelle elementari? Se i tuoi genitori sono d&#8217;accordo, mandaci i tuoi disegni e noi li pubblicheremo sul sito.<\/h2>\n","protected":false},"excerpt":{"rendered":"<p>Leo e Alice sono riusciti a utilizzare il loro speciale raggio ingrandente e hanno scoperto che l&#8217;atomo di ossigeno \u00e8 veramente affascinante, formato da tante piccole particelle al suo interno. Quali saranno queste particelle? Siamo arrivati alla fine della nostra storia: Leo e Alice hanno scoperto che l&#8217;acqua, cos\u00ec come tutta la materia che troviamo &hellip; <\/p>\n<p class=\"link-more\"><a href=\"https:\/\/web.infn.it\/infn-kids\/giochi\/la-storia-di-un-bicchiere-dacqua-episodio-3\/\" class=\"more-link\">Continue reading<span class=\"screen-reader-text\"> &#8220;La storia di un bicchiere d&#8217;acqua &#8211; Episodio 3&#8221;<\/span><\/a><\/p>\n","protected":false},"author":2,"featured_media":0,"parent":2672,"menu_order":0,"comment_status":"closed","ping_status":"closed","template":"","meta":{"footnotes":""},"class_list":["post-835","page","type-page","status-publish","hentry"],"_links":{"self":[{"href":"https:\/\/web.infn.it\/infn-kids\/wp-json\/wp\/v2\/pages\/835","targetHints":{"allow":["GET"]}}],"collection":[{"href":"https:\/\/web.infn.it\/infn-kids\/wp-json\/wp\/v2\/pages"}],"about":[{"href":"https:\/\/web.infn.it\/infn-kids\/wp-json\/wp\/v2\/types\/page"}],"author":[{"embeddable":true,"href":"https:\/\/web.infn.it\/infn-kids\/wp-json\/wp\/v2\/users\/2"}],"replies":[{"embeddable":true,"href":"https:\/\/web.infn.it\/infn-kids\/wp-json\/wp\/v2\/comments?post=835"}],"version-history":[{"count":1,"href":"https:\/\/web.infn.it\/infn-kids\/wp-json\/wp\/v2\/pages\/835\/revisions"}],"predecessor-version":[{"id":2885,"href":"https:\/\/web.infn.it\/infn-kids\/wp-json\/wp\/v2\/pages\/835\/revisions\/2885"}],"up":[{"embeddable":true,"href":"https:\/\/web.infn.it\/infn-kids\/wp-json\/wp\/v2\/pages\/2672"}],"wp:attachment":[{"href":"https:\/\/web.infn.it\/infn-kids\/wp-json\/wp\/v2\/media?parent=835"}],"curies":[{"name":"wp","href":"https:\/\/api.w.org\/{rel}","templated":true}]}}