{"id":194,"date":"2024-10-08T17:04:05","date_gmt":"2024-10-08T15:04:05","guid":{"rendered":"https:\/\/web.infn.it\/jlab12\/?page_id=194"},"modified":"2024-10-09T10:01:31","modified_gmt":"2024-10-09T08:01:31","slug":"ipernuclei","status":"publish","type":"page","link":"https:\/\/web.infn.it\/jlab12\/ipernuclei\/","title":{"rendered":"Ipernuclei"},"content":{"rendered":"\n<p>L\u2019ipernucleo Lambda \u00e8 un sistema barionico a vita lunga (t=10 -10s). &nbsp;La Lambda non \u00e8 soggetta al principio di Pauli e pu\u00f2 penetrare profondamente nel nucleo, permettendo misure della risposta del sistema allo stress imposto su di esso. Propriet\u00e0 sconosciute dell\u2019interazione barionica possono manifestarsi negli ipernuclei, fornendo informazioni sulla base SU(3) di sapore per i sistemi barionici. L\u2019indagine spettroscopica degli ipernuclei Lambda fornisce un mezzo unico per lo studio dell\u2019interazione Lambda-Nucleone, dal momento che gli esperimenti di diffusione diretta Lambda-Nucleone sono difficili da realizzare. Gli ipernuclei Lambda presentano stati descritti comunemente per mezzo dell\u2019accoppiamento di stati profondi del nucleo con la Lambda in uno stato profondo della shell. Questo rende possibili gli studi spettroscopici. La comprensione delle interazioni Barione-Barione \u00e8 fondamentale per capire il nostro mondo e la sua evoluzione. Un\u2019interazione effettiva Lambda-Nucleone pu\u00f2 essere determinate dagli spettri ipernucleari ottenuti da varie reazioni e pu\u00f2 essere usata per discriminare tra differenti potenziali Iperone-Nucelone e Iperone-Iperone. La conoscenza dell\u2019interazione Lambda-Nucelone \u00e8 importante, fornendo un check di vari modelli generalizzati dell\u2019interazione barione-barione. Una conoscenza pi\u00f9 precisa delle interazioni Iperone-Nucleone e Iperone-Iperone pu\u00f2 gettare luce sul ruolo dei quark strani nella dinamica dei sistemi barionici. Si pensa che gli Iperoni appaiono all\u2019interno delle stelle di neutroni a circa 2-3 volte la densit\u00e0 di saturazione nucleare.<\/p>\n\n\n\n<p>Un\u2019informazione quantitativa sulle interazioni Iperone-Nucleone, Iperone-Nucleone-Nucleone e Iperone-Iperone \u00e8 indispensabile per capire le fasi ad alta densit\u00e0 della materia delle stelle di neutroni. Queste fasi possono influenzare drammaticamente sia le propriet\u00e0 di equilibrio che quelle di non equilibrio delle stelle di neutroni. Per la maggior parte dei modelli teorici, la presenza di iperoni fa s\u00ec che la pi\u00f9 grande massa predicibile per una stella di neutroni stabile sia un valore troppo piccolo per essere compatibile con le recenti osservazioni su una stella di neutroni di circa due masse solari. Mentre ci sono indicazioni che questo problema pu\u00f2 essere risolto includendo l\u2019effetto di interazioni Iperone-Nucleone-Nucleone, il fatto potrebbe anche segnalare la presenza, nell\u2019interno del nucleo della stella, &nbsp;di una fase non adronica, ovvero di una materia di quark deconfinati. Una grande mole di dati proviene da due tipi di tecniche spettroscopiche ipernucleari complementari: la spettroscopia basata sulle reazioni (con sonde adroniche) e la spettroscopia gamma. Entrambe queste tecniche hanno limitazioni, dovute sia alla limitata risoluzione in energia e alle piccole ampiezze di spin-flip, sia al fatto che esse danno accesso solo a stati ipernucleari sotto la soglia di emissione nucleonica. \u00c8 ovvio quindi il vantaggio di osservare, per mezzo della spettroscopia (e, e&#8217;K +), strutture pi\u00f9 complete, fornendo contemporaneamente precise energie assolute di legame.<\/p>\n","protected":false},"excerpt":{"rendered":"<p>L\u2019ipernucleo Lambda \u00e8 un sistema barionico a vita lunga (t=10 -10s). &nbsp;La Lambda non \u00e8 soggetta al principio di Pauli e pu\u00f2 penetrare profondamente nel nucleo, permettendo misure della risposta del sistema allo stress imposto su di esso. Propriet\u00e0 sconosciute dell\u2019interazione barionica possono manifestarsi negli ipernuclei, fornendo informazioni sulla base SU(3) di sapore per i [&hellip;]<\/p>\n","protected":false},"author":2,"featured_media":0,"parent":0,"menu_order":0,"comment_status":"closed","ping_status":"closed","template":"page-no-title","meta":{"footnotes":""},"class_list":["post-194","page","type-page","status-publish","hentry"],"_links":{"self":[{"href":"https:\/\/web.infn.it\/jlab12\/wp-json\/wp\/v2\/pages\/194","targetHints":{"allow":["GET"]}}],"collection":[{"href":"https:\/\/web.infn.it\/jlab12\/wp-json\/wp\/v2\/pages"}],"about":[{"href":"https:\/\/web.infn.it\/jlab12\/wp-json\/wp\/v2\/types\/page"}],"author":[{"embeddable":true,"href":"https:\/\/web.infn.it\/jlab12\/wp-json\/wp\/v2\/users\/2"}],"replies":[{"embeddable":true,"href":"https:\/\/web.infn.it\/jlab12\/wp-json\/wp\/v2\/comments?post=194"}],"version-history":[{"count":1,"href":"https:\/\/web.infn.it\/jlab12\/wp-json\/wp\/v2\/pages\/194\/revisions"}],"predecessor-version":[{"id":195,"href":"https:\/\/web.infn.it\/jlab12\/wp-json\/wp\/v2\/pages\/194\/revisions\/195"}],"wp:attachment":[{"href":"https:\/\/web.infn.it\/jlab12\/wp-json\/wp\/v2\/media?parent=194"}],"curies":[{"name":"wp","href":"https:\/\/api.w.org\/{rel}","templated":true}]}}