{"id":196,"date":"2024-10-08T17:04:44","date_gmt":"2024-10-08T15:04:44","guid":{"rendered":"https:\/\/web.infn.it\/jlab12\/?page_id=196"},"modified":"2024-10-09T15:47:32","modified_gmt":"2024-10-09T13:47:32","slug":"parita-sperimentale","status":"publish","type":"page","link":"https:\/\/web.infn.it\/jlab12\/parita-sperimentale\/","title":{"rendered":"Parit\u00e0 sperimentale"},"content":{"rendered":"\n<h2 class=\"wp-block-heading\" id=\"imPgTitle\">Parit\u00e0 Sperimentale<\/h2>\n\n\n\n<p>Le misure di violazione di parit\u00e0 nella diffusione di elettroni (PVES) hanno fornito informazioni di straordinaria importanza sul nucleone e l\u2019interazione elettrodebole. In questo tipo di esperimenti, \u00e8 misurata l\u2019asimmetria violante la parit\u00e0 A pv, ovvero la differenza frazionaria nella sezione d\u2019urto di elettroni di elicit\u00e0 positiva e negativa, dalla quale si ottengono informazioni sulla forza debole e sulla struttura del nucleone. Sfruttando le eccezionali caratteristiche del fascio di elettroni del CEBAF, \u00e8 stato portato avanti a JLab un programma molto interessante di esperimenti PVES. In particolare, gli esperimenti HAPPEX-I, HAPPEX-II and HAPPEX-III nella Hall A e l\u2019esperimento G0 nella Hall C hanno esplorato gli effetti della stranezza intrinseca nel protone mentre l\u2019esperimento PVDIS nella Hall A e l\u2019esperimento Q Weak nella Hall C hanno esplorato gli accoppiamenti elettrodeboli. Negli esperimenti PVES effettuati nella Hall A, gli elettroni diffusi sono stati focalizzati entro rivelatori posti in una coppia di spettrometri ad alta risoluzione (HRS). L\u2019elicit\u00e0 degli elettroni \u00e8 stata tenuta costante per periodi temporali denominati &#8220;finestre&#8221;. L\u2019asimmetria destra-sinistra nella risposta integrata dei rivelatori, normalizzata all\u2019intensit\u00e0 del fascio, \u00e8 stata misurata per gruppi complementari di finestre, ottenendo cos\u00ec un\u2019asimmetria, che, corretta per il rumore generato da fluttuazioni casuali nella posizione e nell\u2019energia del fascio e corretta ulteriormente per effetti di fondo quali la normalizzazione della carica del fascio, la non linearit\u00e0 dei rivelatori etc, &nbsp;ha fornito il valore di A pv.<\/p>\n\n\n\n<p>Gli esperimenti della serie HAPPEX hanno ottenuto in questo modo risultati molto importanti, mostrando che i contributi &#8220;strani&#8221; ai fattori di forma del nucleone sono consistenti con zero e non superano qualche unit\u00e0 percentuale dei fattori di forma del protone. Con l\u2019innalzamento a 12 GeV dell\u2019energia del fascio del CEBAF, entrer\u00e0 in funzione il nuovo spettrometro SOLID e verr\u00e0 portato avanti l\u2019esperimento MOLLER. Con lo spettrometro SOLID verranno effettuate misure di diffusioni di elettroni profondamente inelastiche a diversi valori di x Bj e Q 2, ottenendo informazioni sulla violazione di simmetria di carica, sul contributo dei processi higher twist alla struttura del protone e sulle costanti di accoppiamento elettrodeboli. L\u2019esperimento MOLLER misurer\u00e0 la carica debole dell\u2019elettrone, con una precisione del 2.3%, attraverso la misura dell\u2019asimmetria violante la parit\u00e0 nella diffusione elettrone-elettrone (M\u00f8ller), fornendo una misura molto precisa (al livello dello 0.1%) dell\u2019angolo di mixing sin 2\u03b8W ed esplorando la fisica oltre il Modello Standard con una sensibilit\u00e0 alla scala di massa della nuova fisica fino a 7.5 GeV.<br><\/p>\n","protected":false},"excerpt":{"rendered":"<p>Parit\u00e0 Sperimentale Le misure di violazione di parit\u00e0 nella diffusione di elettroni (PVES) hanno fornito informazioni di straordinaria importanza sul nucleone e l\u2019interazione elettrodebole. In questo tipo di esperimenti, \u00e8 misurata l\u2019asimmetria violante la parit\u00e0 A pv, ovvero la differenza frazionaria nella sezione d\u2019urto di elettroni di elicit\u00e0 positiva e negativa, dalla quale si ottengono [&hellip;]<\/p>\n","protected":false},"author":2,"featured_media":0,"parent":0,"menu_order":0,"comment_status":"closed","ping_status":"closed","template":"page-no-title","meta":{"footnotes":""},"class_list":["post-196","page","type-page","status-publish","hentry"],"_links":{"self":[{"href":"https:\/\/web.infn.it\/jlab12\/wp-json\/wp\/v2\/pages\/196","targetHints":{"allow":["GET"]}}],"collection":[{"href":"https:\/\/web.infn.it\/jlab12\/wp-json\/wp\/v2\/pages"}],"about":[{"href":"https:\/\/web.infn.it\/jlab12\/wp-json\/wp\/v2\/types\/page"}],"author":[{"embeddable":true,"href":"https:\/\/web.infn.it\/jlab12\/wp-json\/wp\/v2\/users\/2"}],"replies":[{"embeddable":true,"href":"https:\/\/web.infn.it\/jlab12\/wp-json\/wp\/v2\/comments?post=196"}],"version-history":[{"count":2,"href":"https:\/\/web.infn.it\/jlab12\/wp-json\/wp\/v2\/pages\/196\/revisions"}],"predecessor-version":[{"id":245,"href":"https:\/\/web.infn.it\/jlab12\/wp-json\/wp\/v2\/pages\/196\/revisions\/245"}],"wp:attachment":[{"href":"https:\/\/web.infn.it\/jlab12\/wp-json\/wp\/v2\/media?parent=196"}],"curies":[{"name":"wp","href":"https:\/\/api.w.org\/{rel}","templated":true}]}}