{"id":280,"date":"2024-10-16T11:28:44","date_gmt":"2024-10-16T09:28:44","guid":{"rendered":"https:\/\/web.infn.it\/jlab12\/?page_id=280"},"modified":"2024-10-16T11:28:44","modified_gmt":"2024-10-16T09:28:44","slug":"frascati","status":"publish","type":"page","link":"https:\/\/web.infn.it\/jlab12\/frascati\/","title":{"rendered":"Frascati"},"content":{"rendered":"\n<h2 class=\"wp-block-heading\" id=\"imPgTitle\">Frascati<\/h2>\n\n\n\n<p>Il gruppo Jlab12 operante presso i Laboratori Nazionali di Frascati (LNF) si occupa dello studio della struttura adronica in termini di nuove funzioni di struttura, che forniscono immagini tomografiche dei quark e dei gluoni all&#8217;interno del nucleone. La misura di queste funzioni di struttura, le GPDs (Generalized Parton Distributions) e le TMDs (Transverse Momentum Dependent parton distributions), \u00e8 una delle maggioni sfide della fisica adronica attuale e rappresenta uno degli obiettivi principali del programma a 12 GeV del Jefferson Lab. Il gruppo \u00e8 responsabile della proposta e della realizzazione di diversi esperimenti (gi\u00e0 approvati o in fase di preparazione) relativi allo studio delle GPDs e delle TMDs previsti per l&#8217;attivit\u00e0 ricerca di CLAS12 (Hall B). Una delle attivit\u00e0 principali del gruppo \u00e8 la progettazione e la realizzazione di un rivelatore RICH (Ring Imaging Cherenkov), che migliorer\u00e0 notevolmente le prestazioni relative all&#8217;identificazione di adroni di CLAS12. Il gruppo \u00e8 composto da 5 ricercatori strutturati e da 4 post-docs, che collaborano attivamente nei diversi progetti. L&#8217;attivit\u00e0 di sviluppo del rivelatore \u00e8 supportata da diversi laboratori e da un efficiente centro di calcolo parte della rete GRID. L&#8217;unit\u00e0 di Frascati lavora in stretta collaborazione con le universit\u00e0 di Roma &#8220;Sapienza&#8221; e &#8220;Tor Vergata&#8221;, e offre in tal modo a studenti e giovani ricercatori interessanti opportunit\u00e0 di lavorare in un ambiente internazionale dove coesistono differenti realt\u00e0 accademiche.<\/p>\n","protected":false},"excerpt":{"rendered":"<p>Frascati Il gruppo Jlab12 operante presso i Laboratori Nazionali di Frascati (LNF) si occupa dello studio della struttura adronica in termini di nuove funzioni di struttura, che forniscono immagini tomografiche dei quark e dei gluoni all&#8217;interno del nucleone. La misura di queste funzioni di struttura, le GPDs (Generalized Parton Distributions) e le TMDs (Transverse Momentum [&hellip;]<\/p>\n","protected":false},"author":2,"featured_media":0,"parent":0,"menu_order":0,"comment_status":"closed","ping_status":"closed","template":"page-no-title","meta":{"footnotes":""},"class_list":["post-280","page","type-page","status-publish","hentry"],"_links":{"self":[{"href":"https:\/\/web.infn.it\/jlab12\/wp-json\/wp\/v2\/pages\/280","targetHints":{"allow":["GET"]}}],"collection":[{"href":"https:\/\/web.infn.it\/jlab12\/wp-json\/wp\/v2\/pages"}],"about":[{"href":"https:\/\/web.infn.it\/jlab12\/wp-json\/wp\/v2\/types\/page"}],"author":[{"embeddable":true,"href":"https:\/\/web.infn.it\/jlab12\/wp-json\/wp\/v2\/users\/2"}],"replies":[{"embeddable":true,"href":"https:\/\/web.infn.it\/jlab12\/wp-json\/wp\/v2\/comments?post=280"}],"version-history":[{"count":1,"href":"https:\/\/web.infn.it\/jlab12\/wp-json\/wp\/v2\/pages\/280\/revisions"}],"predecessor-version":[{"id":281,"href":"https:\/\/web.infn.it\/jlab12\/wp-json\/wp\/v2\/pages\/280\/revisions\/281"}],"wp:attachment":[{"href":"https:\/\/web.infn.it\/jlab12\/wp-json\/wp\/v2\/media?parent=280"}],"curies":[{"name":"wp","href":"https:\/\/api.w.org\/{rel}","templated":true}]}}