{"id":298,"date":"2024-10-16T11:36:22","date_gmt":"2024-10-16T09:36:22","guid":{"rendered":"https:\/\/web.infn.it\/jlab12\/?page_id=298"},"modified":"2024-10-16T11:36:22","modified_gmt":"2024-10-16T09:36:22","slug":"roma-2","status":"publish","type":"page","link":"https:\/\/web.infn.it\/jlab12\/roma-2\/","title":{"rendered":"Roma 2"},"content":{"rendered":"\n<h2 class=\"wp-block-heading\" id=\"imPgTitle\">Roma 2<\/h2>\n\n\n\n<p>La Sezione di Roma Tor Vergata \u00e8 stata costituita nel 1989 presso il Dipartimento di Fisica dell\u2019Universit\u00e0 di Roma Tor Vergata. Vi lavorano circa 170 ricercatori, di cui 40 dipendenti dell\u2019INFN e 130 tra professori, dottoranti ed assegnisti dell\u2019Universit\u00e0. La Sezione \u00e8 coinvolta in numerose attivit\u00e0 di ricerca: alcuni gruppi studiano le propriet\u00e0 delle particelle subnucleari e lavorano presso acceleratori internazionali (Atlas, Kloe, LHCb e Totem), altri gruppi sono dedicati alla fisica delle astro-particelle (Agile, Argo, Auger, Dama\/Libra, Fermi, Lisa Pathfinder, Pamela, Virgo, Rap, Rog, Wizard) altri alla fisica nucleare ed allo studio della struttura interna dei nucleoni (Graal, Jlab12 e Mambo). Nel campo della fisica teorica emerge il coinvolgimento dei fisici nello studio della Teoria delle Stringhe e nelle Teorie di Gauge su Reticolo. Sono inoltre presenti importanti attivit\u00e0 interdisciplinari (Si-Eye) ed in attivit\u00e0 di Ricerca e Sviluppo, specialmente nel campo delle ad attrattori neurali, delle nuove tecniche di accelerazione e di sviluppi di elettronica di alto livello.<\/p>\n","protected":false},"excerpt":{"rendered":"<p>Roma 2 La Sezione di Roma Tor Vergata \u00e8 stata costituita nel 1989 presso il Dipartimento di Fisica dell\u2019Universit\u00e0 di Roma Tor Vergata. Vi lavorano circa 170 ricercatori, di cui 40 dipendenti dell\u2019INFN e 130 tra professori, dottoranti ed assegnisti dell\u2019Universit\u00e0. La Sezione \u00e8 coinvolta in numerose attivit\u00e0 di ricerca: alcuni gruppi studiano le propriet\u00e0 [&hellip;]<\/p>\n","protected":false},"author":2,"featured_media":0,"parent":0,"menu_order":0,"comment_status":"closed","ping_status":"closed","template":"page-no-title","meta":{"footnotes":""},"class_list":["post-298","page","type-page","status-publish","hentry"],"_links":{"self":[{"href":"https:\/\/web.infn.it\/jlab12\/wp-json\/wp\/v2\/pages\/298","targetHints":{"allow":["GET"]}}],"collection":[{"href":"https:\/\/web.infn.it\/jlab12\/wp-json\/wp\/v2\/pages"}],"about":[{"href":"https:\/\/web.infn.it\/jlab12\/wp-json\/wp\/v2\/types\/page"}],"author":[{"embeddable":true,"href":"https:\/\/web.infn.it\/jlab12\/wp-json\/wp\/v2\/users\/2"}],"replies":[{"embeddable":true,"href":"https:\/\/web.infn.it\/jlab12\/wp-json\/wp\/v2\/comments?post=298"}],"version-history":[{"count":1,"href":"https:\/\/web.infn.it\/jlab12\/wp-json\/wp\/v2\/pages\/298\/revisions"}],"predecessor-version":[{"id":299,"href":"https:\/\/web.infn.it\/jlab12\/wp-json\/wp\/v2\/pages\/298\/revisions\/299"}],"wp:attachment":[{"href":"https:\/\/web.infn.it\/jlab12\/wp-json\/wp\/v2\/media?parent=298"}],"curies":[{"name":"wp","href":"https:\/\/api.w.org\/{rel}","templated":true}]}}