{"id":128,"date":"2018-10-04T10:42:15","date_gmt":"2018-10-04T08:42:15","guid":{"rendered":"https:\/\/web.infn.it\/lab2go\/?page_id=128"},"modified":"2020-12-17T13:21:16","modified_gmt":"2020-12-17T12:21:16","slug":"news","status":"publish","type":"page","link":"https:\/\/web.infn.it\/lab2go\/fisica\/news\/","title":{"rendered":"News"},"content":{"rendered":"\n<p><strong>Edizione 2020\/2021: eventi<\/strong><\/p>\n\n\n\n<p><strong>17 dicembre, ore 15.00<\/strong>: evento. telematico. Introduzione alle misure con smartphone. Esperienze di misura di g (pendolo, caduta&nbsp;libera). Questa \u00e8 una riedizione di una esperienza gi\u00e0 fatta lo scorso anno, ma conterr\u00e0 materiale aggiuntivo. A cura di Davide Pinci.<\/p>\n\n\n\n<p><strong>21 dicembre, ore 15.00<\/strong>: evento telematico.  Fotometria. Ci mostrer\u00e0 come fare misure di grandezze fotometriche usando lo&nbsp;smartphone. Questa \u00e8 la prima volta che viene fatta, ma ci sembra un argomento di interesse (anche per chi non sapesse molto o nulla di ottica). A cura di Giulio D\u2019 Agostini.<\/p>\n\n\n\n<p><strong>14 gennaio 2021 ore 15.00<\/strong><br><strong>21 gennaio 2021 ore 15.00<\/strong><br><em>(con possibilit\u00e0 di sessione aggiuntiva per discussione approfondita il 28\/01\/2021 ore 15.00)<\/em><br>Coding e Arduino, speakers Mirco Andreotti e Gianluigi Cibinetto, INFN sezione di FerraraBreve descrizione:Il laboratorio \u00e8 rivolto a studenti e insegnanti di scuola media inferiore e biennio superiore (in particolare a coloro che seguono il progetto Lab2go, che avranno precedenza nella sessione zoom) che vogliano affiancare in maniera semplice e immediata la programmazione ad altre materie; non solo matematica, scienze o tecnologia, ma anche materie umanistiche e artistiche. Il percorso si articola in due\u00a0giornate (pi\u00f9 eventualmente una terzo incontro di approfondimento), la prima giornata dedicata principalmente ad esplorare le potenzialit\u00e0 del linguaggio di programmazione Scratch e la seconda dedicata a\u00a0esperienze di laboratorio con l\u2019utilizzo di schede di tipo Arduino.<\/p>\n\n\n\n<p><\/p>\n","protected":false},"excerpt":{"rendered":"<p>Edizione 2020\/2021: eventi 17 dicembre, ore 15.00: evento. telematico. Introduzione alle misure con smartphone. Esperienze di misura di g (pendolo, caduta&nbsp;libera). Questa \u00e8 una riedizione di una esperienza gi\u00e0 fatta lo scorso anno, ma conterr\u00e0 materiale aggiuntivo. A cura di<\/p>\n","protected":false},"author":2,"featured_media":0,"parent":55,"menu_order":0,"comment_status":"closed","ping_status":"closed","template":"","meta":{"footnotes":""},"class_list":["post-128","page","type-page","status-publish","hentry"],"_links":{"self":[{"href":"https:\/\/web.infn.it\/lab2go\/wp-json\/wp\/v2\/pages\/128","targetHints":{"allow":["GET"]}}],"collection":[{"href":"https:\/\/web.infn.it\/lab2go\/wp-json\/wp\/v2\/pages"}],"about":[{"href":"https:\/\/web.infn.it\/lab2go\/wp-json\/wp\/v2\/types\/page"}],"author":[{"embeddable":true,"href":"https:\/\/web.infn.it\/lab2go\/wp-json\/wp\/v2\/users\/2"}],"replies":[{"embeddable":true,"href":"https:\/\/web.infn.it\/lab2go\/wp-json\/wp\/v2\/comments?post=128"}],"version-history":[{"count":14,"href":"https:\/\/web.infn.it\/lab2go\/wp-json\/wp\/v2\/pages\/128\/revisions"}],"predecessor-version":[{"id":527,"href":"https:\/\/web.infn.it\/lab2go\/wp-json\/wp\/v2\/pages\/128\/revisions\/527"}],"up":[{"embeddable":true,"href":"https:\/\/web.infn.it\/lab2go\/wp-json\/wp\/v2\/pages\/55"}],"wp:attachment":[{"href":"https:\/\/web.infn.it\/lab2go\/wp-json\/wp\/v2\/media?parent=128"}],"curies":[{"name":"wp","href":"https:\/\/api.w.org\/{rel}","templated":true}]}}