{"id":41,"date":"2018-10-03T15:17:16","date_gmt":"2018-10-03T13:17:16","guid":{"rendered":"https:\/\/web.infn.it\/lab2go\/?page_id=41"},"modified":"2021-02-12T07:40:03","modified_gmt":"2021-02-12T06:40:03","slug":"dove-siamo","status":"publish","type":"page","link":"https:\/\/web.infn.it\/lab2go\/dove-siamo\/","title":{"rendered":"Dove siamo"},"content":{"rendered":"<p>L\u2019INFN \u00e8 l\u2019ente pubblico nazionale di ricerca, vigilato dal Ministero dell\u2019Istruzione, dell\u2019Universit\u00e0 e della Ricerca (MIUR), dedicato allo studio dei costituenti fondamentali della materia e delle leggi che li governano. Svolge attivit\u00e0 di ricerca, teorica e sperimentale, nei campi della fisica subnucleare, nucleare e astroparticellare. Le attivit\u00e0 di ricerca dell\u2019INFN si svolgono tutte in un ambito di competizione internazionale e in stretta collaborazione con il mondo universitario italiano, sulla base di consolidati e pluridecennali rapporti.<\/p>\n<p>Con oltre 700 anni di storia, 110mila studenti complessivi, 3.500 docenti e oltre 4.100 impiegati, tecnici e bibliotecari, la Sapienza \u00e8 la prima universit\u00e0 in Europa. La sua missione \u00e8 contribuire allo sviluppo della societ\u00e0 della conoscenza attraverso la ricerca, la formazione di eccellenza e di qualit\u00e0 e la cooperazione internazionale.<\/p>\n<p>La Sezione di Roma dell&#8217;INFN ed il Dipartimento di Fisica di &#8220;Sapienza&#8221; hanno dato vita al Progetto LAB2GO mettendo a disposizione il loro personale e le loro strutture al fine di realizzare, attraverso un progetto di alternanza scuola\/lavoro, un collegamento tra la Scuola Secondaria Superiore e l&#8217;Universit\u00e0 e la Ricerca.<\/p>\n<p><strong>Contatti<\/strong><\/p>\n<p>Per entrare in contatto con i membri del comitato organizzativo di LAB2GO \u00e8 possibile consultare la pagina dei contatti al seguente indirizzo email: <a href=\"https:\/\/lab2go.roma1.infn.it\/doku.php?id=help:contatti\" target=\"_blank\" rel=\"noopener\">https:\/\/lab2go.roma1.infn.it\/doku.php?id=help:contatti<\/a><\/p>\n\n\n<p><\/p>\n","protected":false},"excerpt":{"rendered":"<p>L\u2019INFN \u00e8 l\u2019ente pubblico nazionale di ricerca, vigilato dal Ministero dell\u2019Istruzione, dell\u2019Universit\u00e0 e della Ricerca (MIUR), dedicato allo studio dei costituenti fondamentali della materia e delle leggi che li governano. Svolge attivit\u00e0 di ricerca, teorica e sperimentale, nei campi della<\/p>\n","protected":false},"author":2,"featured_media":0,"parent":0,"menu_order":0,"comment_status":"closed","ping_status":"closed","template":"","meta":{"footnotes":""},"class_list":["post-41","page","type-page","status-publish","hentry"],"_links":{"self":[{"href":"https:\/\/web.infn.it\/lab2go\/wp-json\/wp\/v2\/pages\/41","targetHints":{"allow":["GET"]}}],"collection":[{"href":"https:\/\/web.infn.it\/lab2go\/wp-json\/wp\/v2\/pages"}],"about":[{"href":"https:\/\/web.infn.it\/lab2go\/wp-json\/wp\/v2\/types\/page"}],"author":[{"embeddable":true,"href":"https:\/\/web.infn.it\/lab2go\/wp-json\/wp\/v2\/users\/2"}],"replies":[{"embeddable":true,"href":"https:\/\/web.infn.it\/lab2go\/wp-json\/wp\/v2\/comments?post=41"}],"version-history":[{"count":4,"href":"https:\/\/web.infn.it\/lab2go\/wp-json\/wp\/v2\/pages\/41\/revisions"}],"predecessor-version":[{"id":607,"href":"https:\/\/web.infn.it\/lab2go\/wp-json\/wp\/v2\/pages\/41\/revisions\/607"}],"wp:attachment":[{"href":"https:\/\/web.infn.it\/lab2go\/wp-json\/wp\/v2\/media?parent=41"}],"curies":[{"name":"wp","href":"https:\/\/api.w.org\/{rel}","templated":true}]}}